{"id":11529,"date":"2023-02-25T00:30:40","date_gmt":"2023-02-24T21:30:40","guid":{"rendered":"https:\/\/aslhealth.vl-staging.com\/?page_id=11529"},"modified":"2025-02-02T01:14:10","modified_gmt":"2025-02-01T22:14:10","slug":"dental-implants-2","status":"publish","type":"page","link":"https:\/\/findushealth.com\/de\/procedures\/dental-treatments\/dental-implants-2\/","title":{"rendered":"Dental Implants"},"content":{"rendered":"<div class=\"brz-root__container brz-reset-all brz brz-root__container-page\">\n<section id=\"_wstkyrqlhnojqutkdczeerzjsejaumgtscaw\" class=\"brz-section brz-css-hb80ze\">\n<div class=\"brz-section__content brz-section--boxed brz-css-vnquoj brz-css-pjdpr8\" data-brz-custom-id=\"yuzywenhkjftixccgyhzcacflbrltdmzpitz\">\n<div class=\"brz-bg\">\n<div class=\"brz-bg-color\"><\/div>\n<\/div>\n<div class=\"brz-container brz-css-xb4gl7\">\n<div id=\"\" class=\"brz-css-11bjedr brz-css-y7nrcc brz-wrapper\">\n<div class=\"brz-line brz-line-default brz-css-1e9qvvi brz-css-s4h6gq\" data-brz-custom-id=\"flwgaufczamesgzishfqneiiyugwcliiwlkm\">\n<hr class=\"brz-hr\"><\/div>\n<\/div>\n<div id=\"\" class=\"brz-css-11bjedr brz-css-1ebztfv brz-css-1mspvpo brz-wrapper\">\n<div class=\"brz-spacer brz-css-vu4irc brz-css-18qfrsl\"><\/div>\n<\/div>\n<div class=\"brz-row__container brz-css-1t9chaq brz-css-1wxkvtc\" data-brz-custom-id=\"mvbpyetaiwudyjvojgxbmohnizrhvmzyxmwz\">\n<div class=\"brz-bg\"><\/div>\n<div class=\"brz-row brz-css-19cua0z brz-css-95zfx3\">\n<div class=\"brz-columns brz-css-1i4namo brz-css-5q6mha\" data-brz-custom-id=\"auitdkpdfivwdfhogdfzcpkggwaiherscmxn\">\n<div class=\"brz-bg\"><\/div>\n<div class=\"brz-column__items brz-css-21k87j brz-css-1w88u3u\">\n<div id=\"\" class=\"brz-css-11bjedr brz-wrapper\">\n<div class=\"brz-rich-text brz-rich-text__custom brz-css-zv8iie\" data-brz-custom-id=\"dwahrrsjhuloeuyxwwgzolokfarulgbjnmbp\">\n<div data-brz-translate-text=\"1\">\n<h3 class=\"brz-tp-lg-heading3 brz-text-xs-center brz-css-ryjGJ\" data-uniq-id=\"fpdkn\" data-generated-css=\"brz-css-kdzal\"><span>Zahnimplantate<\/span><\/h3>\n<\/div>\n<\/div>\n<\/div>\n<div id=\"\" class=\"brz-css-11bjedr brz-wrapper\">\n<div class=\"brz-rich-text brz-rich-text__custom brz-css-zv8iie\" data-brz-custom-id=\"oqerbswupksbkfhtlwpvqgdscavtkcvuvryg\">\n<div data-brz-translate-text=\"1\">\n<h4 class=\"brz-tp-lg-heading4 brz-text-xs-center brz-css-zUGbR\" data-generated-css=\"brz-css-yocxr\" data-uniq-id=\"umhfo\"><span>Find  Us Health<\/span><\/h4>\n<\/div>\n<\/div>\n<\/div>\n<\/div>\n<\/div>\n<div class=\"brz-columns brz-css-1i4namo brz-css-14425u2\" data-brz-custom-id=\"tfvmfcdlwddwfzewgpleyddvbpdrnrgjqkzj\">\n<div class=\"brz-bg\"><\/div>\n<div class=\"brz-column__items brz-css-21k87j brz-css-12vnva7\">\n<div class=\"brz-wrapper-clone brz-css-5yoqk6\">\n<div class=\"brz-d-xs-flex brz-flex-xs-wrap brz-css-1erm0vo brz-css-906bil\" data-brz-custom-id=\"\">\n<div class=\"brz-wrapper-clone__item\" id=\"ifdzyykjrskjsgamdialqxyxlykzdxdascfx\">\n<div class=\"brz-icon__container\" data-brz-custom-id=\"ifdzyykjrskjsgamdialqxyxlykzdxdascfx\"><span class=\"brz-icon brz-span brz-css-1pbrr5y brz-css-1ox8s7z\"><\/span><\/div>\n<\/div>\n<\/div>\n<\/div>\n<\/div>\n<\/div>\n<\/div>\n<\/div>\n<\/div>\n<\/div>\n<\/section>\n<section id=\"_qgukkwptrqnbetbnzqjqabgntkidciqqtiwh\" class=\"brz-section brz-css-hb80ze\">\n<div class=\"brz-section__content brz-section--boxed brz-css-vnquoj brz-css-1m97l6h\" data-brz-custom-id=\"fqvrccvatcovgdqwqaouwxwvncqhquuxkthz\">\n<div class=\"brz-bg\">\n<div class=\"brz-bg-color\"><\/div>\n<\/div>\n<div class=\"brz-container brz-css-xb4gl7\">\n<div id=\"whitearea\" class=\"brz-row__container brz-css-1t9chaq brz-css-1lc3cq7\" data-brz-custom-id=\"uraixpbyzlhkhhvdzmmsusehgnzmgsuuajfr\">\n<div class=\"brz-bg\">\n<div class=\"brz-bg-color\"><\/div>\n<\/div>\n<div class=\"brz-row brz-css-19cua0z brz-css-5xnyu5\">\n<div class=\"brz-columns brz-css-1i4namo brz-css-117zsii\" data-brz-custom-id=\"ayfylwjwumqhvbqkzhblbnzcdwhjvemxuqjp\">\n<div class=\"brz-bg\"><\/div>\n<div class=\"brz-column__items brz-css-21k87j brz-css-1vl2ll0\">\n<div id=\"\" class=\"brz-css-11bjedr brz-css-6wpdo1 brz-wrapper\">\n<div class=\"brz-image brz-css-1elm3n8 brz-css-1l2kv4l\" data-brz-custom-id=\"farrhibikszszkgxkawyuigzwlvxrrhsswdb\"><img decoding=\"async\" class=\"brz-img\" src=\"https:\/\/findushealth.com\/de?brizy_media=wp-ddfb1f6dc5f43a0b330bd79a916f69b2.jpg&amp;brizy_crop=iW%3D544%26iH%3D544%26oX%3D0%26oY%3D1%26cW%3D544%26cH%3D543\" alt=\"\" loading=\"lazy\"><\/div>\n<\/div>\n<\/div>\n<\/div>\n<div class=\"brz-columns brz-css-1i4namo brz-css-11r6zm6\" data-brz-custom-id=\"nvfrcnnfhwbcpthzcxctzojwdrwwwfnkohxb\">\n<div class=\"brz-bg\"><\/div>\n<div class=\"brz-column__items brz-css-21k87j brz-css-kmwo41\">\n<div id=\"\" class=\"brz-css-11bjedr brz-css-qsm1nk brz-wrapper\">\n<div class=\"brz-rich-text brz-rich-text__custom brz-css-zv8iie\" data-brz-custom-id=\"fptyfkotidbjzifisvasyjhkfxzwuyxtbhwq\">\n<div data-brz-translate-text=\"1\">\n<p class=\"brz-fw-lg-700 brz-fss-lg-px brz-fs-lg-12 brz-ft-upload brz-ff-ymubgefsxldrywogxtzekrfkmzwinepjvqkm brz-tp-lg-empty brz-lh-lg-1_9 brz-ls-lg-0 brz-css-eZrS8\" data-uniq-id=\"tdbnn\" data-generated-css=\"brz-css-pywtc\"><span class=\"brz-cp-color2\">ZAHNBEHANDLUNGEN<\/span><\/p>\n<\/div>\n<\/div>\n<\/div>\n<div id=\"\" class=\"brz-css-11bjedr brz-css-4k7h brz-wrapper\">\n<div class=\"brz-rich-text brz-rich-text__custom brz-css-zv8iie\" data-brz-custom-id=\"wbqliujmmqpogpsubktvphyxbwiijtzqdevd\">\n<div data-brz-translate-text=\"1\">\n<p class=\"brz-fss-lg-px brz-fw-lg-400 brz-ls-lg-0 brz-lh-lg-1_9 brz-tp-lg-empty brz-ff-ymubgefsxldrywogxtzekrfkmzwinepjvqkm brz-ft-upload brz-fs-lg-20 brz-css-yZKst\" data-uniq-id=\"hiemg\" data-generated-css=\"brz-css-lmnhn\"><strong>Zahnimplantate<\/strong><\/p>\n<\/div>\n<\/div>\n<\/div>\n<div id=\"\" class=\"brz-css-11bjedr brz-wrapper\">\n<div class=\"brz-rich-text brz-rich-text__custom brz-css-zv8iie\" data-brz-custom-id=\"zqqaakqheyldykbijbkmhpnipllfldhydjax\">\n<div data-brz-translate-text=\"1\">\n<p class=\"brz-lh-lg-1_9 brz-ls-lg-0 brz-fw-lg-400 brz-fss-lg-px brz-fs-lg-20 brz-ft-upload brz-ff-enqmzdbzxbgylolsjadsfjxunpbkpfxobhlf brz-tp-lg-empty brz-mb-lg-20 brz-css-cMdAf\" data-uniq-id=\"kyxjy\" data-generated-css=\"brz-css-escjd\"><span>Zahnimplantate sind k\u00fcnstliche Zahnwurzeln, die zu 100 % aus Titan bestehen und in den Kieferknochen eingesetzt werden, um die Funktion und \u00c4sthetik der fehlenden Z\u00e4hne wiederherzustellen.<\/span><\/p>\n<\/div>\n<\/div>\n<\/div>\n<div id=\"\" class=\"brz-css-11bjedr brz-wrapper\">\n<div class=\"brz-rich-text brz-rich-text__custom brz-css-zv8iie\" data-brz-custom-id=\"oitlctxehxhfkpebqncmgwhvtsfzybzfkvmu\">\n<div data-brz-translate-text=\"1\">\n<p class=\"brz-mb-lg-20 brz-tp-lg-empty brz-ff-ymubgefsxldrywogxtzekrfkmzwinepjvqkm brz-ft-upload brz-fs-lg-16 brz-fss-lg-px brz-fw-lg-400 brz-ls-lg-0 brz-lh-lg-1_9 brz-css-wR8S_\" data-uniq-id=\"kwxnp\" data-generated-css=\"brz-css-smarj\"><span>Titan ist ein gewebefreundliches Material und Zahnimplantate aus Titan werden in verschiedenen Verfahren eingesetzt.<\/span><\/p>\n<p class=\"brz-mb-lg-20 brz-tp-lg-empty brz-ff-ymubgefsxldrywogxtzekrfkmzwinepjvqkm brz-ft-upload brz-fs-lg-16 brz-fss-lg-px brz-fw-lg-400 brz-ls-lg-0 brz-lh-lg-1_9 brz-css-llas2\" data-uniq-id=\"dxlax\" data-generated-css=\"brz-css-rgfin\"><span>Nachdem die Zahnimplantate in den Kieferknochen eingesetzt wurden, werden sie zellular gehalten, indem eine spezielle Verbindung mit dem Knochen hergestellt wird. Wenn die Befestigung abgeschlossen ist (1-6 Monate), ist die Prothese, die wir Suprastruktur nennen, bereit f\u00fcr die Pr\u00e4paration. Dieser Schritt ist wie eine Krone oder eine Br\u00fccke<\/span><\/p>\n<\/div>\n<\/div>\n<\/div>\n<\/div>\n<\/div>\n<\/div>\n<\/div>\n<\/div>\n<\/div>\n<\/section>\n<\/div>\n<p>    <!-- version:1738448050 --><\/p>\n","protected":false},"excerpt":{"rendered":"<p>Zahnimplantate Find Us Health ZAHNBEHANDLUNGEN Zahnimplantate Zahnimplantate sind k\u00fcnstliche Zahnwurzeln, die zu 100 % aus Titan bestehen und in den Kieferknochen eingesetzt werden, um die Funktion und \u00c4sthetik der fehlenden Z\u00e4hne wiederherzustellen. Titan ist ein gewebefreundliches Material und Zahnimplantate aus Titan werden in verschiedenen Verfahren eingesetzt. Nachdem die Zahnimplantate in den Kieferknochen eingesetzt wurden, werden [&hellip;]<\/p>\n","protected":false},"author":3,"featured_media":0,"parent":1251,"menu_order":0,"comment_status":"closed","ping_status":"closed","template":"","meta":{"footnotes":""},"class_list":["post-11529","page","type-page","status-publish","hentry"],"blocksy_meta":[],"_links":{"self":[{"href":"https:\/\/findushealth.com\/de\/wp-json\/wp\/v2\/pages\/11529","targetHints":{"allow":["GET"]}}],"collection":[{"href":"https:\/\/findushealth.com\/de\/wp-json\/wp\/v2\/pages"}],"about":[{"href":"https:\/\/findushealth.com\/de\/wp-json\/wp\/v2\/types\/page"}],"author":[{"embeddable":true,"href":"https:\/\/findushealth.com\/de\/wp-json\/wp\/v2\/users\/3"}],"replies":[{"embeddable":true,"href":"https:\/\/findushealth.com\/de\/wp-json\/wp\/v2\/comments?post=11529"}],"version-history":[{"count":0,"href":"https:\/\/findushealth.com\/de\/wp-json\/wp\/v2\/pages\/11529\/revisions"}],"up":[{"embeddable":true,"href":"https:\/\/findushealth.com\/de\/wp-json\/wp\/v2\/pages\/1251"}],"wp:attachment":[{"href":"https:\/\/findushealth.com\/de\/wp-json\/wp\/v2\/media?parent=11529"}],"curies":[{"name":"wp","href":"https:\/\/api.w.org\/{rel}","templated":true}]}}