{"id":11593,"date":"2023-02-25T00:37:32","date_gmt":"2023-02-24T21:37:32","guid":{"rendered":"https:\/\/aslhealth.vl-staging.com\/procedures\/dental-treatments\/e-max-kronen-2\/"},"modified":"2025-02-04T15:14:12","modified_gmt":"2025-02-04T12:14:12","slug":"e-max-kronen-2","status":"publish","type":"page","link":"https:\/\/findushealth.com\/de\/procedures\/dental-treatments\/e-max-kronen-2\/","title":{"rendered":"E max Kronen"},"content":{"rendered":"<div class=\"brz-root__container brz-reset-all brz brz-root__container-page\">\n<section id=\"_pioaxtfodmwrerntsljdcknmgqhztzebwtii\" class=\"brz-section brz-css-1ghl4vs\">\n<div class=\"brz-section__content brz-section--boxed brz-css-1m1w7xp brz-css-190hi51\" data-brz-custom-id=\"myyupprgsglxmzcwkjuuqohoyzaqqfrpghbk\">\n<div class=\"brz-bg\">\n<div class=\"brz-bg-color\"><\/div>\n<\/div>\n<div class=\"brz-container brz-css-1jx8omi\">\n<div id=\"\" class=\"brz-css-1ftsez6 brz-css-148k2ig brz-wrapper\">\n<div class=\"brz-line brz-line-default brz-css-1qki648 brz-css-1fyjqbg\" data-brz-custom-id=\"xxfelwvabjbywjslnnmrvzhhhlfpeyqnyrbl\">\n<hr class=\"brz-hr\"><\/div>\n<\/div>\n<div id=\"\" class=\"brz-css-1ftsez6 brz-css-vekvwh brz-css-1j6o0cs brz-wrapper\">\n<div class=\"brz-spacer brz-css-122otrf brz-css-q96owd\"><\/div>\n<\/div>\n<div class=\"brz-row__container brz-css-1ybgs8i brz-css-wjayrx\" data-brz-custom-id=\"qxwfcbypqofmmvrpyxnonwnqxppgeyueetms\">\n<div class=\"brz-bg\"><\/div>\n<div class=\"brz-row brz-css-13d3f3y brz-css-1cwynw0\">\n<div class=\"brz-columns brz-css-1tq4676 brz-css-1eqy5t2\" data-brz-custom-id=\"mvtgnckdjuzdnqujnnlybhcozscztidhrvni\">\n<div class=\"brz-bg\"><\/div>\n<div class=\"brz-column__items brz-css-b7kri2 brz-css-zf0cel\">\n<div id=\"\" class=\"brz-css-1ftsez6 brz-wrapper\">\n<div class=\"brz-rich-text brz-rich-text__custom brz-css-17i84hr\" data-brz-custom-id=\"ndworocrothyzqcywrdoctsfzefocoyupcfu\">\n<div data-brz-translate-text=\"1\">\n<h3 class=\"brz-text-xs-center brz-tp-lg-heading3 brz-css-hdkUF\" data-generated-css=\"brz-css-jdqkk\" data-uniq-id=\"uipsz\"><strong>E.max Kronen<\/strong><\/h3>\n<\/div>\n<\/div>\n<\/div>\n<div id=\"\" class=\"brz-css-1ftsez6 brz-wrapper\">\n<div class=\"brz-rich-text brz-rich-text__custom brz-css-17i84hr\" data-brz-custom-id=\"hxejgbvidrykzxridwaxmjhzknoqftakjfet\">\n<div data-brz-translate-text=\"1\">\n<h4 class=\"brz-tp-lg-heading4 brz-text-xs-center brz-css-wPDUM\" data-generated-css=\"brz-css-jpfyx\" data-uniq-id=\"nnpyb\"><span>Find Us Health<\/span><\/h4>\n<\/div>\n<\/div>\n<\/div>\n<\/div>\n<\/div>\n<div class=\"brz-columns brz-css-1tq4676 brz-css-1ggcvjh\" data-brz-custom-id=\"ukyjjoizbwoxtubfjlbivplzintlzvhzyuxd\">\n<div class=\"brz-bg\"><\/div>\n<div class=\"brz-column__items brz-css-b7kri2 brz-css-1vq8ymo\">\n<div class=\"brz-wrapper-clone brz-css-q6asxs\">\n<div class=\"brz-d-xs-flex brz-flex-xs-wrap brz-css-nda6wg brz-css-d3f7gl\" data-brz-custom-id=\"\">\n<div class=\"brz-wrapper-clone__item\" id=\"bpzszcvrymmnaxgdonyzkugdozxavhsgxffu\">\n<div class=\"brz-icon__container\" data-brz-custom-id=\"bpzszcvrymmnaxgdonyzkugdozxavhsgxffu\"><span class=\"brz-icon brz-span brz-css-1107xfq brz-css-el6px\"><\/span><\/div>\n<\/div>\n<\/div>\n<\/div>\n<\/div>\n<\/div>\n<\/div>\n<\/div>\n<\/div>\n<\/div>\n<\/section>\n<section id=\"_zdvlcnmephoobfbhzeksvuqymbfoaznwkmte\" class=\"brz-section brz-css-1ghl4vs\">\n<div class=\"brz-section__content brz-section--boxed brz-css-1m1w7xp brz-css-1lw6rb2\" data-brz-custom-id=\"ahcucsoepzxxxgmcqfpqeytjrhvolhxkuvyv\">\n<div class=\"brz-bg\">\n<div class=\"brz-bg-color\"><\/div>\n<\/div>\n<div class=\"brz-container brz-css-1jx8omi\">\n<div id=\"whitearea\" class=\"brz-row__container brz-css-1ybgs8i brz-css-5k53gt\" data-brz-custom-id=\"ycdbvqtdrkveerusgsfenjlvuhsfmdpchtpu\">\n<div class=\"brz-bg\">\n<div class=\"brz-bg-color\"><\/div>\n<\/div>\n<div class=\"brz-row brz-css-13d3f3y brz-css-ske3fu\">\n<div class=\"brz-columns brz-css-1tq4676 brz-css-e3vn45\" data-brz-custom-id=\"qekwvwypsnftfsvswoksdnsgeqbdelaaoivd\">\n<div class=\"brz-bg\"><\/div>\n<div class=\"brz-column__items brz-css-b7kri2 brz-css-8wjems\">\n<div id=\"\" class=\"brz-css-1ftsez6 brz-css-xk6f14 brz-wrapper\">\n<div class=\"brz-image brz-css-lki763 brz-css-1pik3mt\" data-brz-custom-id=\"gwcljecznknbqpmjgxhnklkpghfdhuxdeonw\"><img decoding=\"async\" class=\"brz-img\" src=\"https:\/\/findushealth.com\/de?brizy_media=wp-9c8b30dc126ec1ebb0eb02aa4f33fc60.jpg&amp;brizy_crop=iW%3D544%26iH%3D817%26oX%3D0%26oY%3D218%26cW%3D544%26cH%3D543\" alt=\"\" loading=\"lazy\"><\/div>\n<\/div>\n<\/div>\n<\/div>\n<div class=\"brz-columns brz-css-1tq4676 brz-css-2jutyp\" data-brz-custom-id=\"ykmxzhwvfpdnhirlpuwyozgtrkhozfvdzdhy\">\n<div class=\"brz-bg\"><\/div>\n<div class=\"brz-column__items brz-css-b7kri2 brz-css-11072zl\">\n<div id=\"\" class=\"brz-css-1ftsez6 brz-css-ivw2jp brz-wrapper\">\n<div class=\"brz-rich-text brz-rich-text__custom brz-css-17i84hr\" data-brz-custom-id=\"yskulthansaelhqkiyrmgjqjytswtsfqfbtb\">\n<div data-brz-translate-text=\"1\">\n<p class=\"brz-ls-lg-0 brz-lh-lg-1_9 brz-tp-lg-empty brz-ff-ymubgefsxldrywogxtzekrfkmzwinepjvqkm brz-ft-upload brz-fs-lg-12 brz-fss-lg-px brz-fw-lg-700 brz-css-wylFb\" data-generated-css=\"brz-css-tbfev\" data-uniq-id=\"kfrbj\"><span class=\"brz-cp-color7\">ZAHNBEHANDLUNGEN<\/span><\/p>\n<\/div>\n<\/div>\n<\/div>\n<div id=\"\" class=\"brz-css-1ftsez6 brz-css-4gb2fr brz-wrapper\">\n<div class=\"brz-rich-text brz-rich-text__custom brz-css-17i84hr\" data-brz-custom-id=\"tkvvvwagmrwytkehhqlrdqhfqmxrpiyuqrom\">\n<div data-brz-translate-text=\"1\">\n<p class=\"brz-fss-lg-px brz-fw-lg-400 brz-ls-lg-0 brz-lh-lg-1_9 brz-tp-lg-empty brz-ff-ymubgefsxldrywogxtzekrfkmzwinepjvqkm brz-ft-upload brz-fs-lg-20 brz-css-gIw4T\" data-uniq-id=\"pxjtc\" data-generated-css=\"brz-css-yixui\"><strong>E.max Kronen<\/strong><\/p>\n<\/div>\n<\/div>\n<\/div>\n<div id=\"\" class=\"brz-css-1ftsez6 brz-wrapper\">\n<div class=\"brz-rich-text brz-rich-text__custom brz-css-17i84hr\" data-brz-custom-id=\"nbnvvgbvwrcgweotplohhsazeknfuuvgvdbk\">\n<div data-brz-translate-text=\"1\">\n<p class=\"brz-mb-lg-20 brz-tp-lg-empty brz-ff-enqmzdbzxbgylolsjadsfjxunpbkpfxobhlf brz-ft-upload brz-fs-lg-20 brz-fss-lg-px brz-fw-lg-400 brz-ls-lg-0 brz-lh-lg-1_9 brz-css-tRDlR\" data-generated-css=\"brz-css-mfoqj\" data-uniq-id=\"ujyng\"><span>Diese Veneers werden aus hochfestem Porzellan gefertigt und f\u00fcr jeden Patienten individuell angefertigt.<\/span><\/p>\n<\/div>\n<\/div>\n<\/div>\n<div id=\"\" class=\"brz-css-1ftsez6 brz-wrapper\">\n<div class=\"brz-rich-text brz-rich-text__custom brz-css-17i84hr\" data-brz-custom-id=\"fhredylgarjysrtpropqwbjoykxmvkjrnjgb\">\n<div data-brz-translate-text=\"1\">\n<p class=\"brz-mb-lg-20 brz-tp-lg-empty brz-ff-ymubgefsxldrywogxtzekrfkmzwinepjvqkm brz-ft-upload brz-fs-lg-16 brz-fss-lg-px brz-fw-lg-400 brz-ls-lg-0 brz-lh-lg-1_9 brz-css-jiQnT\" data-uniq-id=\"qulxo\" data-generated-css=\"brz-css-peedv\"><span>Emax-Veneers sind d\u00fcnn geschichtet und mit der Vorderfl\u00e4che des Zahns verbunden. Dies verbessert sowohl die Funktion als auch das Aussehen der Z\u00e4hne. Es k\u00f6nnen auch weitere \u00e4sthetische Probleme gel\u00f6st werden.<\/span><\/p>\n<p class=\"brz-ls-lg-0 brz-fw-lg-400 brz-fss-lg-px brz-fs-lg-16 brz-ft-upload brz-tp-lg-empty brz-mb-lg-20 brz-lh-lg-1_9 brz-ff-ymubgefsxldrywogxtzekrfkmzwinepjvqkm brz-css-jknX_\" data-uniq-id=\"qryfk\" data-generated-css=\"brz-css-btddd\"><span class=\"brz-cp-color2\">Hier sind einige davon:<\/span><\/p>\n<ol>\n<li class=\"brz-lh-lg-1 brz-ls-lg-0 brz-fw-lg-400 brz-fss-lg-px brz-fs-lg-16 brz-ft-upload brz-ff-enqmzdbzxbgylolsjadsfjxunpbkpfxobhlf brz-tp-lg-empty brz-text-lg-left brz-mb-lg-20 brz-css-djBG5\" data-uniq-id=\"pazyw\" data-generated-css=\"brz-css-seqzh\"><span>Unregelm\u00e4\u00dfige Zahnform<\/span><\/li>\n<li class=\"brz-lh-lg-1 brz-ls-lg-0 brz-fw-lg-400 brz-fss-lg-px brz-fs-lg-16 brz-ft-upload brz-ff-enqmzdbzxbgylolsjadsfjxunpbkpfxobhlf brz-tp-lg-empty brz-text-lg-left brz-mb-lg-20 brz-css-aJP5L\" data-uniq-id=\"vlvdl\" data-generated-css=\"brz-css-bhiob\"><span>Pigmentierung oder Defekt in der Farbe des Zahnschmelzes<\/span><\/li>\n<li class=\"brz-lh-lg-1 brz-ls-lg-0 brz-fw-lg-400 brz-fss-lg-px brz-fs-lg-16 brz-ft-upload brz-ff-enqmzdbzxbgylolsjadsfjxunpbkpfxobhlf brz-tp-lg-empty brz-text-lg-left brz-mb-lg-20 brz-css-nAQSe\" data-uniq-id=\"pfvns\" data-generated-css=\"brz-css-lngdh\"><span>Risse an den Z\u00e4hnen<\/span><\/li>\n<li class=\"brz-lh-lg-1 brz-ls-lg-0 brz-fw-lg-400 brz-fss-lg-px brz-fs-lg-16 brz-ft-upload brz-ff-enqmzdbzxbgylolsjadsfjxunpbkpfxobhlf brz-tp-lg-empty brz-text-lg-left brz-mb-lg-20 brz-css-rnegh\" data-uniq-id=\"ujgzy\" data-generated-css=\"brz-css-vxsmi\"><span>Zahnl\u00fccken<\/span><\/li>\n<li class=\"brz-lh-lg-1 brz-ls-lg-0 brz-fw-lg-400 brz-fss-lg-px brz-fs-lg-16 brz-ft-upload brz-ff-enqmzdbzxbgylolsjadsfjxunpbkpfxobhlf brz-tp-lg-empty brz-text-lg-left brz-mb-lg-20 brz-css-td5JJ\" data-uniq-id=\"gabta\" data-generated-css=\"brz-css-uzskd\"><span>Veraltete und verf\u00e4rbte F\u00fcllungen<\/span><\/li>\n<li class=\"brz-lh-lg-1 brz-ls-lg-0 brz-fw-lg-400 brz-fss-lg-px brz-fs-lg-16 brz-ft-upload brz-ff-enqmzdbzxbgylolsjadsfjxunpbkpfxobhlf brz-tp-lg-empty brz-text-lg-left brz-mb-lg-20 brz-css-yRnjl\" data-uniq-id=\"kcdar\" data-generated-css=\"brz-css-wlgvz\"><span>Empfindlicher Zahnschmelz<\/span><\/li>\n<\/ol>\n<\/div>\n<\/div>\n<\/div>\n<\/div>\n<\/div>\n<\/div>\n<\/div>\n<\/div>\n<\/div>\n<\/section>\n<\/div>\n<p>    <!-- version:1738671252 --><\/p>\n","protected":false},"excerpt":{"rendered":"<p>E.max Kronen Find Us Health ZAHNBEHANDLUNGEN E.max Kronen Diese Veneers werden aus hochfestem Porzellan gefertigt und f\u00fcr jeden Patienten individuell angefertigt. Emax-Veneers sind d\u00fcnn geschichtet und mit der Vorderfl\u00e4che des Zahns verbunden. Dies verbessert sowohl die Funktion als auch das Aussehen der Z\u00e4hne. Es k\u00f6nnen auch weitere \u00e4sthetische Probleme gel\u00f6st werden. Hier sind einige davon: [&hellip;]<\/p>\n","protected":false},"author":3,"featured_media":0,"parent":1251,"menu_order":0,"comment_status":"closed","ping_status":"closed","template":"","meta":{"footnotes":""},"class_list":["post-11593","page","type-page","status-publish","hentry"],"blocksy_meta":[],"_links":{"self":[{"href":"https:\/\/findushealth.com\/de\/wp-json\/wp\/v2\/pages\/11593","targetHints":{"allow":["GET"]}}],"collection":[{"href":"https:\/\/findushealth.com\/de\/wp-json\/wp\/v2\/pages"}],"about":[{"href":"https:\/\/findushealth.com\/de\/wp-json\/wp\/v2\/types\/page"}],"author":[{"embeddable":true,"href":"https:\/\/findushealth.com\/de\/wp-json\/wp\/v2\/users\/3"}],"replies":[{"embeddable":true,"href":"https:\/\/findushealth.com\/de\/wp-json\/wp\/v2\/comments?post=11593"}],"version-history":[{"count":0,"href":"https:\/\/findushealth.com\/de\/wp-json\/wp\/v2\/pages\/11593\/revisions"}],"up":[{"embeddable":true,"href":"https:\/\/findushealth.com\/de\/wp-json\/wp\/v2\/pages\/1251"}],"wp:attachment":[{"href":"https:\/\/findushealth.com\/de\/wp-json\/wp\/v2\/media?parent=11593"}],"curies":[{"name":"wp","href":"https:\/\/api.w.org\/{rel}","templated":true}]}}