{"id":11637,"date":"2023-02-25T00:38:59","date_gmt":"2023-02-24T21:38:59","guid":{"rendered":"https:\/\/aslhealth.vl-staging.com\/procedures\/dental-treatments\/zirconium-crowns-2\/"},"modified":"2025-02-01T08:40:43","modified_gmt":"2025-02-01T05:40:43","slug":"zirconium-crowns-2","status":"publish","type":"page","link":"https:\/\/findushealth.com\/de\/procedures\/dental-treatments\/zirconium-crowns-2\/","title":{"rendered":"Zirconium Crowns"},"content":{"rendered":"<div class=\"brz-root__container brz-reset-all brz brz-root__container-page\">\n<section id=\"_syadqlvomdhtafvaevenlzqwhecfvoabwsdj\" class=\"brz-section brz-css-v3ja9t\">\n<div class=\"brz-section__content brz-section--boxed brz-css-1j74vbr brz-css-lpvjcw\" data-brz-custom-id=\"cnakhkqzqfsmpjgttodizlorihphicjybfrx\">\n<div class=\"brz-bg\">\n<div class=\"brz-bg-color\"><\/div>\n<\/div>\n<div class=\"brz-container brz-css-11c0yho\">\n<div id=\"\" class=\"brz-css-uwk3gm brz-css-p7vx9t brz-wrapper\">\n<div class=\"brz-line brz-line-default brz-css-cgldlg brz-css-slw7wh\" data-brz-custom-id=\"qlifltpzjmanrvfbmygxuvhjhmfmpaagruca\">\n<hr class=\"brz-hr\"><\/div>\n<\/div>\n<div id=\"\" class=\"brz-css-uwk3gm brz-css-1p0mak4 brz-css-1ht6t28 brz-wrapper\">\n<div class=\"brz-spacer brz-css-m0ukra brz-css-5an3m1\"><\/div>\n<\/div>\n<div class=\"brz-row__container brz-css-k4e8nw brz-css-xsdjzh\" data-brz-custom-id=\"npokdkbioqypwgzaihjyafpjiryygadydxbk\">\n<div class=\"brz-bg\"><\/div>\n<div class=\"brz-row brz-css-fdu0aq brz-css-1ip932q\">\n<div class=\"brz-columns brz-css-159tzft brz-css-mf50v0\" data-brz-custom-id=\"xdqovzxnrghqwicszavqevonrawzyxaakngf\">\n<div class=\"brz-bg\"><\/div>\n<div class=\"brz-column__items brz-css-36r3zj brz-css-1c8ek9e\">\n<div id=\"\" class=\"brz-css-uwk3gm brz-wrapper\">\n<div class=\"brz-rich-text brz-rich-text__custom brz-css-1yznhs2\" data-brz-custom-id=\"japoekvetnlymfehfdvlxicuznpxagvcfbgp\">\n<div data-brz-translate-text=\"1\">\n<h3 class=\"brz-tp-lg-heading3 brz-text-xs-center brz-css-hmbN9\" data-uniq-id=\"jdzqz\" data-generated-css=\"brz-css-mnvtt\"><strong class=\"brz-cp-color2\">Zirkoniumkronen<\/strong><\/h3>\n<\/div>\n<\/div>\n<\/div>\n<div id=\"\" class=\"brz-css-uwk3gm brz-wrapper\">\n<div class=\"brz-rich-text brz-rich-text__custom brz-css-1yznhs2\" data-brz-custom-id=\"sbtkdgmcszycjbpkzbfplxwcruowwjgropty\">\n<div data-brz-translate-text=\"1\">\n<h4 class=\"brz-tp-lg-heading4 brz-text-xs-center brz-css-whcPv\" data-generated-css=\"brz-css-dboya\" data-uniq-id=\"bolrr\"><span>Find Us Health<\/span><\/h4>\n<\/div>\n<\/div>\n<\/div>\n<\/div>\n<\/div>\n<div class=\"brz-columns brz-css-159tzft brz-css-4nx2v6\" data-brz-custom-id=\"wtgnfgoxesqryvfhnjcmgcsdgduuifzssgmq\">\n<div class=\"brz-bg\"><\/div>\n<div class=\"brz-column__items brz-css-36r3zj brz-css-13akto7\">\n<div class=\"brz-wrapper-clone brz-css-t10ikm\">\n<div class=\"brz-d-xs-flex brz-flex-xs-wrap brz-css-fhuwc4 brz-css-1v25c3s\" data-brz-custom-id=\"\">\n<div class=\"brz-wrapper-clone__item\" id=\"fjbrtelzzwfwwmeuuxnmnfrupdnmikeiuyes\">\n<div class=\"brz-icon__container\" data-brz-custom-id=\"fjbrtelzzwfwwmeuuxnmnfrupdnmikeiuyes\"><span class=\"brz-icon brz-span brz-css-8yk3m4 brz-css-9o6x9j\"><\/span><\/div>\n<\/div>\n<\/div>\n<\/div>\n<\/div>\n<\/div>\n<\/div>\n<\/div>\n<\/div>\n<\/div>\n<\/section>\n<section id=\"_jfasfautmpffgiuyvouiovwltiheexiqyvgc\" class=\"brz-section brz-css-v3ja9t\">\n<div class=\"brz-section__content brz-section--boxed brz-css-1j74vbr brz-css-1h4bpp4\" data-brz-custom-id=\"czvqnevblrzguqeedomtwdqecihyomleqpql\">\n<div class=\"brz-bg\">\n<div class=\"brz-bg-color\"><\/div>\n<\/div>\n<div class=\"brz-container brz-css-11c0yho\">\n<div id=\"whitearea\" class=\"brz-row__container brz-css-k4e8nw brz-css-1th9z2e\" data-brz-custom-id=\"corqqzdiggsplqcrvywjdoyvpjzljewyhiwz\">\n<div class=\"brz-bg\">\n<div class=\"brz-bg-color\"><\/div>\n<\/div>\n<div class=\"brz-row brz-css-fdu0aq brz-css-37spuk\">\n<div class=\"brz-columns brz-css-159tzft brz-css-1addq5g\" data-brz-custom-id=\"fgciprescovemclyqrrrrhcemokrvvycpmts\">\n<div class=\"brz-bg\"><\/div>\n<div class=\"brz-column__items brz-css-36r3zj brz-css-rtdt66\">\n<div id=\"\" class=\"brz-css-uwk3gm brz-css-1bubuys brz-wrapper\">\n<div class=\"brz-image brz-css-g2tw2j brz-css-1cp1at9\" data-brz-custom-id=\"ewgdkdvpsibkhdionzesqoqzxrhtsnsbrexu\"><img decoding=\"async\" class=\"brz-img\" src=\"https:\/\/findushealth.com\/de?brizy_media=wp-9271efb5ae5e9f687df692334c5efbe9.jpg&amp;brizy_crop=iW%3D675%26iH%3D450%26oX%3D0%26oY%3D0%26cW%3D544%26cH%3D450\" alt=\"\" loading=\"lazy\"><\/div>\n<\/div>\n<\/div>\n<\/div>\n<div class=\"brz-columns brz-css-159tzft brz-css-1bkdsdj\" data-brz-custom-id=\"hmhqtlezphmhqekejxfmgqrxtnppcwzsmqvj\">\n<div class=\"brz-bg\"><\/div>\n<div class=\"brz-column__items brz-css-36r3zj brz-css-1kt19ku\">\n<div id=\"\" class=\"brz-css-uwk3gm brz-wrapper\">\n<div class=\"brz-rich-text brz-rich-text__custom brz-css-1yznhs2\" data-brz-custom-id=\"buizshighogpfjwwbzmddyysgtlxpptjlept\">\n<div data-brz-translate-text=\"1\">\n<p data-generated-css=\"brz-css-gnwil\" data-uniq-id=\"huxwc\" class=\"brz-tp-lg-empty brz-ff-enqmzdbzxbgylolsjadsfjxunpbkpfxobhlf brz-ft-upload brz-fs-lg-12 brz-fss-lg-px brz-fw-lg-400 brz-ls-lg-0 brz-lh-lg-1_9 brz-css-y7ljB\"><strong class=\"brz-cp-color7\">ZAHNBEHANDLUNGEN<\/strong><\/p>\n<\/div>\n<\/div>\n<\/div>\n<div id=\"\" class=\"brz-css-uwk3gm brz-css-1h5xovr brz-wrapper\">\n<div class=\"brz-rich-text brz-rich-text__custom brz-css-1yznhs2\" data-brz-custom-id=\"qukskgeuvswbtoexcyzjzpaaygogrgfnkafm\">\n<div data-brz-translate-text=\"1\">\n<p class=\"brz-fs-lg-20 brz-ft-upload brz-ff-ymubgefsxldrywogxtzekrfkmzwinepjvqkm brz-tp-lg-empty brz-lh-lg-1_9 brz-ls-lg-0 brz-fw-lg-400 brz-fss-lg-px brz-css-hSdtN\" data-generated-css=\"brz-css-fdufw\" data-uniq-id=\"qgdit\"><strong class=\"brz-cp-color2\">Zirkoniumkronen<\/strong><\/p>\n<\/div>\n<\/div>\n<\/div>\n<div id=\"\" class=\"brz-css-uwk3gm brz-wrapper\">\n<div class=\"brz-rich-text brz-rich-text__custom brz-css-1yznhs2\" data-brz-custom-id=\"kpkpaatgqfrvjruqhnqiceqooamudsjnbqyp\">\n<div data-brz-translate-text=\"1\">\n<p class=\"brz-mb-lg-20 brz-tp-lg-empty brz-ff-enqmzdbzxbgylolsjadsfjxunpbkpfxobhlf brz-ft-upload brz-fs-lg-20 brz-fss-lg-px brz-fw-lg-400 brz-ls-lg-0 brz-lh-lg-1_9 brz-css-kbfIR\" data-generated-css=\"brz-css-ezcqa\" data-uniq-id=\"cmnev\"><span>Zirkonium ist sehr \u00e4sthetisch und sehr langlebig. Mit Hilfe von Zirkonkronen erzielen wir sehr \u00e4sthetische und dauerhafte L\u00f6sungen, die kaum von nat\u00fcrlichen Z\u00e4hnen zu unterscheiden sind.<\/span><\/p>\n<\/div>\n<\/div>\n<\/div>\n<div id=\"\" class=\"brz-css-uwk3gm brz-wrapper\">\n<div class=\"brz-rich-text brz-rich-text__custom brz-css-1yznhs2\" data-brz-custom-id=\"hnousnakderbfmbzryfyisadnvvfdibogyti\">\n<div data-brz-translate-text=\"1\">\n<p class=\"brz-mb-lg-20 brz-tp-lg-empty brz-ff-ymubgefsxldrywogxtzekrfkmzwinepjvqkm brz-ft-upload brz-fs-lg-16 brz-fss-lg-px brz-fw-lg-400 brz-ls-lg-0 brz-lh-lg-1_9 brz-css-yGqFp\" data-uniq-id=\"sjxwf\" data-generated-css=\"brz-css-hmeop\"><span class=\"brz-cp-color2\">Im Gegensatz zu F\u00fcllungen und Komposit Materialien weisen Zirkonium Kronen keine Verf\u00e4rbungen auf. Die Keramikbasis l\u00e4sst Licht durchscheinen, was zu einem nat\u00fcrlichen und \u00e4sthetischen Aussehen f\u00fchrt.<\/span><\/p>\n<p class=\"brz-mb-lg-20 brz-tp-lg-empty brz-ff-ymubgefsxldrywogxtzekrfkmzwinepjvqkm brz-ft-upload brz-fs-lg-16 brz-fss-lg-px brz-fw-lg-400 brz-ls-lg-0 brz-lh-lg-1_9 brz-css-gCMV4\" data-uniq-id=\"jdfdd\" data-generated-css=\"brz-css-bxbma\"><span class=\"brz-cp-color2\">Zirkonium hat biologische und antiallergische Eigenschaften. Daher kann es auch bei Metallallergikern eingesetzt werden.<\/span><\/p>\n<p class=\"brz-mb-lg-20 brz-tp-lg-empty brz-ff-ymubgefsxldrywogxtzekrfkmzwinepjvqkm brz-ft-upload brz-fs-lg-16 brz-fss-lg-px brz-fw-lg-400 brz-ls-lg-0 brz-lh-lg-1_9 brz-css-iH2ya\" data-uniq-id=\"npmyv\" data-generated-css=\"brz-css-voqtf\"><span>Behandlungsdauer 4 \u2013 7 Tage<\/span><\/p>\n<\/div>\n<\/div>\n<\/div>\n<\/div>\n<\/div>\n<\/div>\n<\/div>\n<\/div>\n<\/div>\n<\/section>\n<\/div>\n<p>    <!-- version:1738388443 --><\/p>\n","protected":false},"excerpt":{"rendered":"<p>Zirkoniumkronen Find Us Health ZAHNBEHANDLUNGEN Zirkoniumkronen Zirkonium ist sehr \u00e4sthetisch und sehr langlebig. Mit Hilfe von Zirkonkronen erzielen wir sehr \u00e4sthetische und dauerhafte L\u00f6sungen, die kaum von nat\u00fcrlichen Z\u00e4hnen zu unterscheiden sind. Im Gegensatz zu F\u00fcllungen und Komposit Materialien weisen Zirkonium Kronen keine Verf\u00e4rbungen auf. Die Keramikbasis l\u00e4sst Licht durchscheinen, was zu einem nat\u00fcrlichen und [&hellip;]<\/p>\n","protected":false},"author":3,"featured_media":0,"parent":1251,"menu_order":0,"comment_status":"closed","ping_status":"closed","template":"","meta":{"footnotes":""},"class_list":["post-11637","page","type-page","status-publish","hentry"],"blocksy_meta":[],"_links":{"self":[{"href":"https:\/\/findushealth.com\/de\/wp-json\/wp\/v2\/pages\/11637","targetHints":{"allow":["GET"]}}],"collection":[{"href":"https:\/\/findushealth.com\/de\/wp-json\/wp\/v2\/pages"}],"about":[{"href":"https:\/\/findushealth.com\/de\/wp-json\/wp\/v2\/types\/page"}],"author":[{"embeddable":true,"href":"https:\/\/findushealth.com\/de\/wp-json\/wp\/v2\/users\/3"}],"replies":[{"embeddable":true,"href":"https:\/\/findushealth.com\/de\/wp-json\/wp\/v2\/comments?post=11637"}],"version-history":[{"count":0,"href":"https:\/\/findushealth.com\/de\/wp-json\/wp\/v2\/pages\/11637\/revisions"}],"up":[{"embeddable":true,"href":"https:\/\/findushealth.com\/de\/wp-json\/wp\/v2\/pages\/1251"}],"wp:attachment":[{"href":"https:\/\/findushealth.com\/de\/wp-json\/wp\/v2\/media?parent=11637"}],"curies":[{"name":"wp","href":"https:\/\/api.w.org\/{rel}","templated":true}]}}