{"id":12000,"date":"2023-02-05T16:54:47","date_gmt":"2023-02-05T13:54:47","guid":{"rendered":"https:\/\/findushealth.com\/about\/hotels-transport\/"},"modified":"2025-02-03T20:45:10","modified_gmt":"2025-02-03T17:45:10","slug":"hotels-transport","status":"publish","type":"page","link":"https:\/\/findushealth.com\/de\/about\/hotels-transport\/","title":{"rendered":"Hotels &amp; Transport"},"content":{"rendered":"<div class=\"brz-root__container brz-reset-all brz brz-root__container-page\">\n<section id=\"_srpurlybjfmyakjuxphjrudvqgsedhworqfz\" class=\"brz-section brz-css-12491zm\">\n<div class=\"brz-section__content brz-section--boxed brz-css-qvw9do brz-css-1jusnhr\" data-brz-custom-id=\"otywrsuxwnkzfvnkdlvueqnhoyxabvlpfjmq\">\n<div class=\"brz-bg\">\n<div class=\"brz-bg-color\"><\/div>\n<\/div>\n<div class=\"brz-container brz-css-crokxk\">\n<div id=\"\" class=\"brz-css-c3w555 brz-css-11fcltw brz-wrapper\">\n<div class=\"brz-line brz-line-default brz-css-3jz17l brz-css-1kdildu\" data-brz-custom-id=\"iwuqowfsfagxzxzrwbiosehgzmgotgepdihy\">\n<hr class=\"brz-hr\"><\/div>\n<\/div>\n<div id=\"\" class=\"brz-css-c3w555 brz-css-px4x5k brz-css-13xwlbz brz-wrapper\">\n<div class=\"brz-spacer brz-css-19jig3x brz-css-6h3bbi\"><\/div>\n<\/div>\n<div class=\"brz-row__container brz-css-1lykxn brz-css-qftztd\" data-brz-custom-id=\"rfxawpttpgmgvhmevmondenpnjgckrjlwpzd\">\n<div class=\"brz-bg\"><\/div>\n<div class=\"brz-row brz-css-13gu8w9 brz-css-1dlbs2\">\n<div class=\"brz-columns brz-css-16lv0m0 brz-css-mli6wr\" data-brz-custom-id=\"wpyvwcoprsyqhbtdlcmyhtueklcyufttxxet\">\n<div class=\"brz-bg\"><\/div>\n<div class=\"brz-column__items brz-css-qthn4w brz-css-1bmwwcg\">\n<div id=\"\" class=\"brz-css-c3w555 brz-wrapper\">\n<div class=\"brz-rich-text brz-rich-text__custom brz-css-1ht1k7o\" data-brz-custom-id=\"tatblmxuzbmjofuvtpokddyddgqxsuqmncji\">\n<div data-brz-translate-text=\"1\">\n<h2 class=\"brz-tp-lg-heading2 brz-css-ofUIx\" data-uniq-id=\"wtbtk\" data-generated-css=\"brz-css-httds\"><span>HOTELS&amp;TRANSFER<\/span><\/h2>\n<\/div>\n<\/div>\n<\/div>\n<div id=\"\" class=\"brz-css-c3w555 brz-wrapper\">\n<div class=\"brz-rich-text brz-rich-text__custom brz-css-1ht1k7o\" data-brz-custom-id=\"bgwnexsgxzxemyfavpjzjyfqcbztjveyuflg\">\n<div data-brz-translate-text=\"1\">\n<h4 class=\"brz-tp-lg-heading4 brz-css-kvdkk\" data-generated-css=\"brz-css-caxah\" data-uniq-id=\"opbuq\"><span>Find Us Health<\/span><\/h4>\n<\/div>\n<\/div>\n<\/div>\n<\/div>\n<\/div>\n<div class=\"brz-columns brz-css-16lv0m0 brz-css-trpjm0\" data-brz-custom-id=\"etstlpvpuwmwkfwtfuglebvlvbhtgsjrcpqj\">\n<div class=\"brz-bg\"><\/div>\n<div class=\"brz-column__items brz-css-qthn4w brz-css-1k62iop\">\n<div class=\"brz-wrapper-clone brz-css-543hgd\">\n<div class=\"brz-d-xs-flex brz-flex-xs-wrap brz-css-m35uq0 brz-css-15yki4o\" data-brz-custom-id=\"\">\n<div class=\"brz-wrapper-clone__item\" id=\"pmrlrtkvpukhbkjqzgqlcctxskvoqkfxgtes\">\n<div class=\"brz-icon__container\" data-brz-custom-id=\"pmrlrtkvpukhbkjqzgqlcctxskvoqkfxgtes\"><span class=\"brz-icon brz-span brz-css-1ib2881 brz-css-d2zsr0\"><\/span><\/div>\n<\/div>\n<\/div>\n<\/div>\n<\/div>\n<\/div>\n<\/div>\n<\/div>\n<\/div>\n<\/div>\n<\/section>\n<section id=\"_pdogrlqpetwdmeufggqlnfzzytrfupsybhot\" class=\"brz-section brz-css-12491zm\">\n<div class=\"brz-section__content brz-section--boxed brz-css-qvw9do\" data-brz-custom-id=\"qdczzkdespeyevjipkghazkutywnirpyhucu\">\n<div class=\"brz-container brz-css-crokxk\">\n<div id=\"\" class=\"brz-css-c3w555 brz-wrapper\">\n<div class=\"brz-rich-text brz-rich-text__custom brz-css-1ht1k7o\" data-brz-custom-id=\"nmovatsdzfdojvzhblbzduzyzztpgdvbypej\">\n<div data-brz-translate-text=\"1\">\n<h3 class=\"brz-text-lg-center brz-tp-lg-heading3 ql-align-center brz-css-iCCy5\" data-generated-css=\"brz-css-czgvz\" data-uniq-id=\"yoixt\"><strong class=\"brz-cp-color7\">Unsere Hotels<\/strong><\/h3>\n<\/div>\n<\/div>\n<\/div>\n<div class=\"brz-row__container brz-css-1lykxn\" data-brz-custom-id=\"sntjtdklqpdhopotsvuqtiqywpkejfurscqt\">\n<div class=\"brz-bg\"><\/div>\n<div class=\"brz-row brz-css-13gu8w9\">\n<div class=\"brz-columns brz-css-16lv0m0 brz-css-rm359m\" data-brz-custom-id=\"josrujaydkdkaqrzgjxhexhpzafhplzodyiy\">\n<div class=\"brz-bg\"><\/div>\n<div class=\"brz-column__items brz-css-qthn4w\"><\/div>\n<\/div>\n<div class=\"brz-columns brz-css-16lv0m0 brz-css-wi12b4\" data-brz-custom-id=\"sayizzlgvyzybsfkkwsjivnzrrngdtzpcqfz\">\n<div class=\"brz-bg\"><\/div>\n<div class=\"brz-column__items brz-css-qthn4w brz-css-vbxoll\">\n<div id=\"\" class=\"brz-css-c3w555 brz-wrapper\">\n<div class=\"brz-image brz-css-2tvdjs brz-css-1e28f8t\" data-brz-custom-id=\"nlezimkgrskfebfekxzldubrqvzvnzdifwyt\"><img decoding=\"async\" class=\"brz-img\" src=\"https:\/\/findushealth.com\/de?brizy_media=wp-e4f9c3020ffc37224ee4b09cbd4886b8.jpg&amp;brizy_crop=original\" alt=\"\" loading=\"lazy\"><\/div>\n<\/div>\n<div id=\"\" class=\"brz-css-c3w555 brz-wrapper\">\n<div class=\"brz-rich-text brz-rich-text__custom brz-css-1ht1k7o\" data-brz-custom-id=\"aagzeputwwivuokkeeugpuwqtxyhmqudvbce\">\n<div data-brz-translate-text=\"1\">\n<h3 class=\"ql-align-center brz-tp-lg-heading3 brz-text-lg-center brz-css-d9Xl_\" data-uniq-id=\"puoqa\" data-generated-css=\"brz-css-wdenq\"><strong class=\"brz-cp-color7\" style=\"background-color: initial\">Best Western Khan Hotel<\/strong><\/h3>\n<\/div>\n<\/div>\n<\/div>\n<div id=\"\" class=\"brz-css-c3w555 brz-wrapper\">\n<div class=\"brz-rich-text brz-rich-text__custom brz-css-1ht1k7o\" data-brz-custom-id=\"eowrkepndbrxrgrxtvmvsreyigdvlnrzxcwb\">\n<div data-brz-translate-text=\"1\">\n<p class=\"brz-text-lg-center brz-tp-lg-paragraph brz-css-xYK0A\" data-uniq-id=\"etmad\" data-generated-css=\"brz-css-bieay\"><span class=\"brz-cp-color7\">ALLES INKLUSIVE &#8211; 5 STERNE<\/span><\/p>\n<\/div>\n<\/div>\n<\/div>\n<div id=\"\" class=\"brz-css-c3w555 brz-wrapper\">\n<div class=\"brz-rich-text brz-rich-text__custom brz-css-1ht1k7o\" data-brz-custom-id=\"ztudsfqkxzwdynladclbgyzbgjrrkpoeecwa\">\n<div data-brz-translate-text=\"1\">\n<p class=\"brz-text-lg-center brz-tp-lg-paragraph brz-css-aj_XZ\" data-generated-css=\"brz-css-nuxvw\" data-uniq-id=\"fvntb\"><span class=\"brz-cp-color7\">F\u00fcr diejenigen, die im Zentrum der Stadt sein wollen, unser Prinzip mit unbegrenzten Service ohne Kompromisse bei der Qualit\u00e4t. Wir werden die L\u00f6sung f\u00fcr alle Ihre Bed\u00fcrfnisse und Erwartungen an die Zufriedenheit der G\u00e4ste zu finden, k\u00f6nnen Sie sicher sein.<\/span><\/p>\n<\/div>\n<\/div>\n<\/div>\n<div class=\"brz-wrapper-clone brz-css-543hgd\">\n<div class=\"brz-d-xs-flex brz-flex-xs-wrap brz-css-m35uq0\" data-brz-custom-id=\"\">\n<div class=\"brz-wrapper-clone__item\" id=\"iwjzzsfnrciufkiyjrwfkrecpxmoaqwgsdzi\"><a class=\"brz-a brz-btn brz-css-1re3ulr brz-css-uqew9r brz-css-1frtf35\" href=\"https:\/\/www.khanhotel.com\/tr\" target=\"_self\" rel=\"noopener\" data-brz-link-type=\"external\" data-brz-custom-id=\"iwjzzsfnrciufkiyjrwfkrecpxmoaqwgsdzi\"><span data-brz-translate-text=\"1\" class=\"brz-span brz-text__editor\">Mehr sehen<\/span><\/a><\/div>\n<\/div>\n<\/div>\n<\/div>\n<\/div>\n<div class=\"brz-columns brz-css-16lv0m0 brz-css-1k8bvey\" data-brz-custom-id=\"lldigdnhwrhtikxzniioluogbqjuxlocjazo\">\n<div class=\"brz-bg\"><\/div>\n<div class=\"brz-column__items brz-css-qthn4w brz-css-1q7ndd0\">\n<div id=\"\" class=\"brz-css-c3w555 brz-wrapper\">\n<div class=\"brz-image brz-css-zhbcqj brz-css-4ar51r\" data-brz-custom-id=\"pnqrgzvbgeuhqjpbakbfpxgzjnvvpwqupumt\"><img decoding=\"async\" class=\"brz-img\" src=\"https:\/\/findushealth.com\/de?brizy_media=wp-cc140c7e89198ebb2032d1ec52f86c88.jpg&amp;brizy_crop=original\" alt=\"\" loading=\"lazy\"><\/div>\n<\/div>\n<div id=\"\" class=\"brz-css-c3w555 brz-wrapper\">\n<div class=\"brz-rich-text brz-rich-text__custom brz-css-1ht1k7o\" data-brz-custom-id=\"wsxhkusnbvlfzskqgjjkoqiicokqgduqmujs\">\n<div data-brz-translate-text=\"1\">\n<h3 class=\"ql-align-center brz-tp-lg-heading3 brz-text-lg-center brz-css-jZgZs\" data-uniq-id=\"mcyxg\" data-generated-css=\"brz-css-vcnno\"><strong class=\"brz-cp-color7\" style=\"background-color: initial\">Bilem Hotel<\/strong><\/h3>\n<\/div>\n<\/div>\n<\/div>\n<div id=\"\" class=\"brz-css-c3w555 brz-wrapper\">\n<div class=\"brz-rich-text brz-rich-text__custom brz-css-1ht1k7o\" data-brz-custom-id=\"kvtnhzkxpuykmvewveelmhbjfjrhhmwtzrcq\">\n<div data-brz-translate-text=\"1\">\n<p class=\"brz-text-lg-center brz-tp-lg-paragraph brz-css-vfYpQ\" data-uniq-id=\"hhjuz\" data-generated-css=\"brz-css-ayewq\"><span class=\"brz-cp-color7\">ALL INCLUSIVE &#8211; 5 STERNE<\/span><\/p>\n<\/div>\n<\/div>\n<\/div>\n<div id=\"\" class=\"brz-css-c3w555 brz-wrapper\">\n<div class=\"brz-rich-text brz-rich-text__custom brz-css-1ht1k7o\" data-brz-custom-id=\"kcuwgxjvzobxvtzxoqeocubbkyivlmllwezq\">\n<div data-brz-translate-text=\"1\">\n<p class=\"brz-tp-lg-paragraph brz-text-lg-center brz-css-feu2R\" data-uniq-id=\"ubjvw\" data-generated-css=\"brz-css-yutqp\"><span class=\"brz-cp-color7\">Genie\u00dfen Sie den Komfort und die Ruhe im Bilem Hotel, das mit seiner zentralen Lage und der einzigartigen Aussicht, die bei klarem Wetter sogar Olympos zu Ihnen bringt, ein unvergessliches Erlebnis f\u00fcr seine G\u00e4ste bietet.<\/span><\/p>\n<\/div>\n<\/div>\n<\/div>\n<div class=\"brz-wrapper-clone brz-css-543hgd\">\n<div class=\"brz-d-xs-flex brz-flex-xs-wrap brz-css-m35uq0\" data-brz-custom-id=\"\">\n<div class=\"brz-wrapper-clone__item\" id=\"kkjonugcbaxlurztaztqrmwxflgvusgjcszf\"><a class=\"brz-a brz-btn brz-css-1re3ulr brz-css-uqew9r brz-css-ry05tr\" href=\"https:\/\/www.bilemotel.com\/\" target=\"_self\" rel=\"noopener\" data-brz-link-type=\"external\" data-brz-custom-id=\"kkjonugcbaxlurztaztqrmwxflgvusgjcszf\"><span data-brz-translate-text=\"1\" class=\"brz-span brz-text__editor\">Mehr sehen<\/span><\/a><\/div>\n<\/div>\n<\/div>\n<\/div>\n<\/div>\n<div class=\"brz-columns brz-css-16lv0m0 brz-css-mnau4g\" data-brz-custom-id=\"nxdjnxpqwurcjhhzbjoddpkhrwttfcmvpfow\">\n<div class=\"brz-bg\"><\/div>\n<div class=\"brz-column__items brz-css-qthn4w\"><\/div>\n<\/div>\n<\/div>\n<\/div>\n<div id=\"\" class=\"brz-css-c3w555 brz-wrapper\">\n<div class=\"brz-line brz-line-default brz-css-3jz17l brz-css-97cb5s\" data-brz-custom-id=\"uybgtitkvtcedmjbhetresihowgekbvlstjb\">\n<hr class=\"brz-hr\"><\/div>\n<\/div>\n<div id=\"\" class=\"brz-css-c3w555 brz-wrapper\">\n<div class=\"brz-rich-text brz-rich-text__custom brz-css-1ht1k7o\" data-brz-custom-id=\"hlrwfowfpdsyngvoynxtpkintifscevrwyiu\">\n<div data-brz-translate-text=\"1\">\n<h3 class=\"brz-text-lg-center brz-tp-lg-heading3 ql-align-center brz-css-bb66r\" data-generated-css=\"brz-css-wmqlq\" data-uniq-id=\"rfjvx\"><span class=\"brz-cp-color7\">Unser Transport<\/span><\/h3>\n<\/div>\n<\/div>\n<\/div>\n<div class=\"brz-row__container brz-css-1lykxn\" data-brz-custom-id=\"daiwyqqegprjrlqhtbogmskzdixidstdaenl\">\n<div class=\"brz-bg\"><\/div>\n<div class=\"brz-row brz-css-13gu8w9\">\n<div class=\"brz-columns brz-css-16lv0m0 brz-css-1s3mhw6\" data-brz-custom-id=\"cfnvuhwxgfqpkstabmjtoswdtwpiefbxmbsw\">\n<div class=\"brz-bg\"><\/div>\n<div class=\"brz-column__items brz-css-qthn4w\"><\/div>\n<\/div>\n<div class=\"brz-columns brz-css-16lv0m0 brz-css-26pje5\" data-brz-custom-id=\"zglcxfpjkvqrfppjokwjqncpjetgvluoloav\">\n<div class=\"brz-bg\"><\/div>\n<div class=\"brz-column__items brz-css-qthn4w\">\n<div id=\"\" class=\"brz-css-c3w555 brz-wrapper\">\n<div class=\"brz-image brz-css-ub7a1c brz-css-1ymrb6c\" data-brz-custom-id=\"cmajiftyucwxeycwndasldpsoyflxrwtjunt\"><img decoding=\"async\" class=\"brz-img\" src=\"https:\/\/findushealth.com\/de?brizy_media=wp-2be1f833b481e0a7c135c2b268536a9a.jpeg&amp;brizy_crop=original\" alt=\"\" loading=\"lazy\"><\/div>\n<\/div>\n<div id=\"\" class=\"brz-css-c3w555 brz-wrapper\">\n<div class=\"brz-rich-text brz-rich-text__custom brz-css-1ht1k7o\" data-brz-custom-id=\"eenctolisnbiqsgiubgjotoflrsenkttgfft\">\n<div data-brz-translate-text=\"1\">\n<h3 class=\"brz-text-lg-center brz-tp-lg-heading3 ql-align-center brz-css-iCuW0\" data-generated-css=\"brz-css-nhwbi\" data-uniq-id=\"mwacp\"><strong class=\"brz-cp-color7\" style=\"background-color: initial\">Alles f\u00fcr Ihren Komfort<\/strong><\/h3>\n<\/div>\n<\/div>\n<\/div>\n<div id=\"\" class=\"brz-css-c3w555 brz-wrapper\">\n<div class=\"brz-rich-text brz-rich-text__custom brz-css-1ht1k7o\" data-brz-custom-id=\"qvcopkmcuzlaftceqrbajwlzzmhsupvyxaoq\">\n<div data-brz-translate-text=\"1\">\n<p class=\"brz-tp-lg-paragraph brz-text-lg-center brz-css-hu2Vg\" data-generated-css=\"brz-css-vdxyd\" data-uniq-id=\"mjzzk\"><span class=\"brz-cp-color7\">9 VIP-VANS &#8211; PROFESSIONELLES PERSONAL<\/span><\/p>\n<\/div>\n<\/div>\n<\/div>\n<div id=\"\" class=\"brz-css-c3w555 brz-wrapper\">\n<div class=\"brz-rich-text brz-rich-text__custom brz-css-1ht1k7o\" data-brz-custom-id=\"hisukkxjnypsljvkycnkmqnfioshdxsadvyg\">\n<div data-brz-translate-text=\"1\">\n<p class=\"brz-text-lg-center brz-tp-lg-paragraph brz-css-nxyOI\" data-uniq-id=\"bbutt\" data-generated-css=\"brz-css-wqnxa\"><span class=\"brz-cp-color7\">Damit sich unsere G\u00e4ste w\u00e4hrend ihrer Behandlung wohlf\u00fchlen, bieten wir ihnen auf allen Reisen in der T\u00fcrkei einen Service mit unserem professionellen Team und modernsten VIP-Fahrzeugen.<\/span><\/p>\n<\/div>\n<\/div>\n<\/div>\n<div class=\"brz-wrapper-clone brz-css-543hgd\">\n<div class=\"brz-d-xs-flex brz-flex-xs-wrap brz-css-m35uq0\" data-brz-custom-id=\"\">\n<div class=\"brz-wrapper-clone__item\" id=\"ukadblkevzhznyijkyocxufqrjbmqnhjzrpp\"><a class=\"brz-a brz-btn brz-css-1re3ulr brz-css-uqew9r brz-css-1wx8hf5\" href=\"\" target=\"_self\" rel=\"noopener\" data-brz-link-type=\"external\" data-brz-custom-id=\"ukadblkevzhznyijkyocxufqrjbmqnhjzrpp\"><span data-brz-translate-text=\"1\" class=\"brz-span brz-text__editor\">Mehr sehen<\/span><\/a><\/div>\n<\/div>\n<\/div>\n<\/div>\n<\/div>\n<div class=\"brz-columns brz-css-16lv0m0 brz-css-6yzoky\" data-brz-custom-id=\"miakjzluupkepizehtplwtuinckbqetkmyhb\">\n<div class=\"brz-bg\"><\/div>\n<div class=\"brz-column__items brz-css-qthn4w\"><\/div>\n<\/div>\n<\/div>\n<\/div>\n<\/div>\n<\/div>\n<\/section>\n<\/div>\n<p>    <!-- version:1738604710 --><\/p>\n","protected":false},"excerpt":{"rendered":"<p>HOTELS&amp;TRANSFER Find Us Health Unsere Hotels Best Western Khan Hotel ALLES INKLUSIVE &#8211; 5 STERNE F\u00fcr diejenigen, die im Zentrum der Stadt sein wollen, unser Prinzip mit unbegrenzten Service ohne Kompromisse bei der Qualit\u00e4t. Wir werden die L\u00f6sung f\u00fcr alle Ihre Bed\u00fcrfnisse und Erwartungen an die Zufriedenheit der G\u00e4ste zu finden, k\u00f6nnen Sie sicher sein. [&hellip;]<\/p>\n","protected":false},"author":3,"featured_media":0,"parent":99,"menu_order":0,"comment_status":"closed","ping_status":"closed","template":"","meta":{"footnotes":""},"class_list":["post-12000","page","type-page","status-publish","hentry"],"blocksy_meta":{"styles_descriptor":{"styles":{"desktop":"","tablet":"","mobile":""},"google_fonts":[],"version":6}},"_links":{"self":[{"href":"https:\/\/findushealth.com\/de\/wp-json\/wp\/v2\/pages\/12000","targetHints":{"allow":["GET"]}}],"collection":[{"href":"https:\/\/findushealth.com\/de\/wp-json\/wp\/v2\/pages"}],"about":[{"href":"https:\/\/findushealth.com\/de\/wp-json\/wp\/v2\/types\/page"}],"author":[{"embeddable":true,"href":"https:\/\/findushealth.com\/de\/wp-json\/wp\/v2\/users\/3"}],"replies":[{"embeddable":true,"href":"https:\/\/findushealth.com\/de\/wp-json\/wp\/v2\/comments?post=12000"}],"version-history":[{"count":0,"href":"https:\/\/findushealth.com\/de\/wp-json\/wp\/v2\/pages\/12000\/revisions"}],"up":[{"embeddable":true,"href":"https:\/\/findushealth.com\/de\/wp-json\/wp\/v2\/pages\/99"}],"wp:attachment":[{"href":"https:\/\/findushealth.com\/de\/wp-json\/wp\/v2\/media?parent=12000"}],"curies":[{"name":"wp","href":"https:\/\/api.w.org\/{rel}","templated":true}]}}