{"id":12006,"date":"2023-02-05T16:51:18","date_gmt":"2023-02-05T13:51:18","guid":{"rendered":"https:\/\/findushealth.com\/about\/who-we-are\/"},"modified":"2025-02-03T13:18:16","modified_gmt":"2025-02-03T10:18:16","slug":"who-we-are","status":"publish","type":"page","link":"https:\/\/findushealth.com\/de\/about\/who-we-are\/","title":{"rendered":"Who We Are"},"content":{"rendered":"<div class=\"brz-root__container brz-reset-all brz brz-root__container-page\">\n<section id=\"_kfbsmkdxrhyrbeyyudbxuezjtsjafuovyroo\" class=\"brz-section brz-css-qqufsq\">\n<div class=\"brz-section__content brz-section--boxed brz-css-iwhlga brz-css-fnbbo3\" data-brz-custom-id=\"gdmgjruknmbnivsjutbnxgyjlmuaoaycigff\">\n<div class=\"brz-bg\">\n<div class=\"brz-bg-color\"><\/div>\n<\/div>\n<div class=\"brz-container brz-css-1om6y9k\">\n<div id=\"\" class=\"brz-css-q3j9nl brz-css-1b4b6hz brz-wrapper\">\n<div class=\"brz-line brz-line-default brz-css-18rlq0j brz-css-1c23n2r\" data-brz-custom-id=\"emtscqomfrizsxnzvsjfpqoujfsydnsuvdbc\">\n<hr class=\"brz-hr\"><\/div>\n<\/div>\n<div id=\"\" class=\"brz-css-q3j9nl brz-css-4hgaav brz-css-g8p3yt brz-wrapper\">\n<div class=\"brz-spacer brz-css-ethd1e brz-css-b8bi6p\"><\/div>\n<\/div>\n<div class=\"brz-row__container brz-css-gad3t5 brz-css-f68a1w\" data-brz-custom-id=\"avbfnhmihwqzxgoarhfqjupfcirywkcctowt\">\n<div class=\"brz-bg\"><\/div>\n<div class=\"brz-row brz-css-1e05pyk brz-css-8qnxph\">\n<div class=\"brz-columns brz-css-wxqp9j brz-css-1u7u66d\" data-brz-custom-id=\"oasvqczsgffdtnrorowijgljbwcdniuwkmkj\">\n<div class=\"brz-bg\"><\/div>\n<div class=\"brz-column__items brz-css-16f2un1 brz-css-useina\">\n<div id=\"\" class=\"brz-css-q3j9nl brz-wrapper\">\n<div class=\"brz-rich-text brz-rich-text__custom brz-css-safofj\" data-brz-custom-id=\"yhfbmpsqrafppflxavexqkpgmhtoqisiejym\">\n<div data-brz-translate-text=\"1\">\n<h2 class=\"brz-tp-lg-heading2 brz-css-qX1_X\" data-uniq-id=\"gbcbx\" data-generated-css=\"brz-css-krzjn\"><span>WER WIR SIND SEITE<\/span><\/h2>\n<\/div>\n<\/div>\n<\/div>\n<div id=\"\" class=\"brz-css-q3j9nl brz-wrapper\">\n<div class=\"brz-rich-text brz-rich-text__custom brz-css-safofj\" data-brz-custom-id=\"wwmhrmtmhzggdlahaqneatcmoxjaxdfjdxtj\">\n<div data-brz-translate-text=\"1\">\n<h4 class=\"brz-tp-lg-heading4 brz-css-r6fNn\" data-uniq-id=\"yffyr\" data-generated-css=\"brz-css-ppqsx\"><strong>Find Us Health Center<\/strong><\/h4>\n<\/div>\n<\/div>\n<\/div>\n<\/div>\n<\/div>\n<div class=\"brz-columns brz-css-wxqp9j brz-css-1q9kljy\" data-brz-custom-id=\"ttonggkcxkkdouebrbwewnpghevzhvsormpu\">\n<div class=\"brz-bg\"><\/div>\n<div class=\"brz-column__items brz-css-16f2un1 brz-css-11uqk7y\">\n<div class=\"brz-wrapper-clone brz-css-17l56s3\">\n<div class=\"brz-d-xs-flex brz-flex-xs-wrap brz-css-sg8mve brz-css-14e1xpy\" data-brz-custom-id=\"\">\n<div class=\"brz-wrapper-clone__item\" id=\"nvagvchrwtldfnfcvhcundqdqkgzpmjfrtju\">\n<div class=\"brz-icon__container\" data-brz-custom-id=\"nvagvchrwtldfnfcvhcundqdqkgzpmjfrtju\"><span class=\"brz-icon brz-span brz-css-ewlqc7 brz-css-1sfp6vm\"><\/span><\/div>\n<\/div>\n<\/div>\n<\/div>\n<\/div>\n<\/div>\n<\/div>\n<\/div>\n<\/div>\n<\/div>\n<\/section>\n<section id=\"_lgmtkivxnzpnnywzipwtttmlzdyiqjytuech\" class=\"brz-section brz-css-qqufsq\">\n<div class=\"brz-section__content brz-section--boxed brz-css-iwhlga brz-css-1o316uu\" data-brz-custom-id=\"xmlnydxjqyphwsqrisszwwzbmrihawqdndhg\">\n<div class=\"brz-bg\">\n<div class=\"brz-bg-color\"><\/div>\n<\/div>\n<div class=\"brz-container brz-css-1om6y9k\">\n<div class=\"brz-row__container brz-css-gad3t5\" data-brz-custom-id=\"vedzxigvmgqlxkrrmmmkbycdfpiolaeoxjra\">\n<div class=\"brz-bg\"><\/div>\n<div class=\"brz-row brz-css-1e05pyk\">\n<div class=\"brz-columns brz-css-wxqp9j brz-css-eko5du\" data-brz-custom-id=\"hqakblnvldifavnbeqrpwxmagdymttmkxqlb\">\n<div class=\"brz-bg\"><\/div>\n<div class=\"brz-column__items brz-css-16f2un1\">\n<div id=\"\" class=\"brz-css-q3j9nl brz-wrapper\">\n<div class=\"brz-rich-text brz-rich-text__custom brz-css-safofj\" data-brz-custom-id=\"kxhkcwdzwyysyxjbrcbokcvocqqvfchxzbxf\">\n<div data-brz-translate-text=\"1\">\n<p class=\"brz-tp-lg-paragraph brz-text-lg-justify brz-css-zFo7g\" data-generated-css=\"brz-css-hqmiv\" data-uniq-id=\"yhpov\"><span class=\"brz-cp-color7\">Als Experten f\u00fcr medizinische und kosmetische Verfahren bieten wir ein umfassendes Spektrum an Behandlungen an, die unseren Patienten helfen, die gew\u00fcnschten Ergebnisse zu erzielen. Unsere hochmodernen Krankenh\u00e4user in Antalya, T\u00fcrkei, sind mit der neuesten Technologie ausgestattet und verf\u00fcgen \u00fcber hochqualifiziertes medizinisches Fachpersonal.Neben zahn\u00e4rztlichen Leistungen bieten wir auch Haartransplantationen, gyn\u00e4kologische Behandlungen, plastische Chirurgie, Magenband- und Magenbypass-Operationen an.Unser Ziel ist es, unseren Patienten w\u00e4hrend ihres Aufenthaltes bei uns ein H\u00f6chstma\u00df an Betreuung und Komfort zu bieten. <\/span><\/p>\n<p class=\"brz-tp-lg-paragraph brz-text-lg-justify brz-css-gip81\" data-generated-css=\"brz-css-hqmiv\" data-uniq-id=\"yhpov\"><span class=\"brz-cp-color7\"> <\/span><\/p>\n<p class=\"brz-tp-lg-paragraph brz-text-lg-justify brz-css-fm4Qo\" data-generated-css=\"brz-css-pebta\" data-uniq-id=\"zubch\"><span class=\"brz-cp-color7\">Um eine stressfreie Erfahrung zu gew\u00e4hrleisten, k\u00fcmmern wir uns um die gesamte Logistik, einschlie\u00dflich Bodentransfers, Dolmetscherdienste und komfortable Unterbringung. Unser Ziel ist es, unseren gesch\u00e4tzten Patienten eine vollst\u00e4ndige und nahtlose Erfahrung zu bieten, von Anfang bis Ende.<\/span><\/p>\n<\/div>\n<\/div>\n<\/div>\n<div id=\"\" class=\"brz-css-q3j9nl brz-wrapper\">\n<div class=\"brz-line brz-line-default brz-css-18rlq0j brz-css-ebcukk\" data-brz-custom-id=\"sxzbctnyhtklmwcrenkdflshxvpyxzibxmbp\">\n<hr class=\"brz-hr\"><\/div>\n<\/div>\n<\/div>\n<\/div>\n<\/div>\n<\/div>\n<\/div>\n<\/div>\n<\/section>\n<section id=\"_rhimqpzhyhubcacafwsihuotmgnmephkvkip\" class=\"brz-section brz-css-qqufsq\">\n<div class=\"brz-section__content brz-section--boxed brz-css-iwhlga\" data-brz-custom-id=\"bivdxudlcrbkpvjnlplgvzkbleiubqpopgqh\">\n<div class=\"brz-container brz-css-1om6y9k\">\n<div class=\"brz-row__container brz-css-gad3t5 brz-css-1l4gvyy\" data-brz-custom-id=\"qzjlbyeggvkfjwwayqolznuscranfjelcorw\">\n<div class=\"brz-bg\"><\/div>\n<div class=\"brz-row brz-css-1e05pyk\">\n<div class=\"brz-columns brz-css-wxqp9j brz-css-1cp3mg9\" data-brz-custom-id=\"ikvikpsqrmdxezrqurjyvybbfdsvmcemxnhg\">\n<div class=\"brz-bg\"><\/div>\n<div class=\"brz-column__items brz-css-16f2un1 brz-css-ffsb4p\">\n<div id=\"\" class=\"brz-css-q3j9nl brz-wrapper\">\n<div class=\"brz-rich-text brz-rich-text__custom brz-css-safofj\" data-brz-custom-id=\"nwxcntiwoyeqgegstbusmvvakvpuwyukktgx\">\n<div data-brz-translate-text=\"1\">\n<p class=\"brz-tp-lg-paragraph brz-css-vDJ2k\" data-generated-css=\"brz-css-mreku\" data-uniq-id=\"djczm\"><strong class=\"brz-cp-color7\">Unser Leitbild<\/strong><\/p>\n<p class=\"brz-tp-lg-paragraph brz-css-awueZ\" data-generated-css=\"brz-css-zwfse\" data-uniq-id=\"fdgtf\"><span class=\"brz-cp-color7\">Wir glauben daran, Hoffnung zu wecken und zum allgemeinen Wohlbefinden der Menschen beizutragen, denen wir helfen. Unser engagiertes Team aus medizinischen Fachkr\u00e4ften strebt nach einer au\u00dfergew\u00f6hnlichen Versorgung, die von der Leidenschaft angetrieben wird, die Gesundheit und das Gl\u00fcck unserer Patienten zu verbessern. Durch unser Engagement f\u00fcr Integration und Innovation wollen wir einen positiven Einfluss auf das Leben der Menschen haben, denen wir dienen.<\/span><\/p>\n<\/div>\n<\/div>\n<\/div>\n<\/div>\n<\/div>\n<div class=\"brz-columns brz-css-wxqp9j brz-css-1qja1hm\" data-brz-custom-id=\"kvnwsvtklbvwmjvovxduifsrxgmuwhrvaygz\">\n<div class=\"brz-bg\"><\/div>\n<div class=\"brz-column__items brz-css-16f2un1\">\n<div id=\"\" class=\"brz-css-q3j9nl brz-wrapper\">\n<div class=\"brz-image brz-css-kn56ko brz-css-1rwl55m\" data-brz-custom-id=\"ehajrqqasrbmisqyetxcbgagjzymyrofrhkz\"><img decoding=\"async\" class=\"brz-img\" src=\"https:\/\/findushealth.com\/de?brizy_media=wp-43262696e1641fcd0c05b82ef2b1c914.jpg&amp;brizy_crop=iW%3D488%26iH%3D325%26oX%3D0%26oY%3D0%26cW%3D488%26cH%3D313\" alt=\"\" loading=\"lazy\"><\/div>\n<\/div>\n<\/div>\n<\/div>\n<\/div>\n<\/div>\n<\/div>\n<\/div>\n<\/section>\n<section id=\"_kywunazksfyshboddnkbsbnfxotutfeuwjbo\" class=\"brz-section brz-css-qqufsq\">\n<div class=\"brz-section__content brz-section--boxed brz-css-iwhlga\" data-brz-custom-id=\"oejqktpwmhthgdshfssnnwcjxbdlufrevpfd\">\n<div class=\"brz-container brz-css-1om6y9k\">\n<div class=\"brz-row__container brz-css-gad3t5\" data-brz-custom-id=\"bcxqtxknhhxhydvfafttxruzitsqixzwntbc\">\n<div class=\"brz-bg\"><\/div>\n<div class=\"brz-row brz-css-1e05pyk\">\n<div class=\"brz-columns brz-css-wxqp9j brz-css-1h1bca8\" data-brz-custom-id=\"pzggiuzwhkrvqgfaxzkrrdiwroukjcpgprjp\">\n<div class=\"brz-bg\"><\/div>\n<div class=\"brz-column__items brz-css-16f2un1\">\n<div id=\"\" class=\"brz-css-q3j9nl brz-wrapper\">\n<div class=\"brz-image brz-css-1j3gf87 brz-css-1191qlz\" data-brz-custom-id=\"bqxbejhtcxxmgtmebntntwdaswdvaazamfiw\"><img decoding=\"async\" class=\"brz-img\" src=\"https:\/\/findushealth.com\/de?brizy_media=wp-c99315b15299f3d4a9285c02997d6458.jpg&amp;brizy_crop=original\" alt=\"\" loading=\"lazy\"><\/div>\n<\/div>\n<\/div>\n<\/div>\n<div class=\"brz-columns brz-css-wxqp9j brz-css-uy6izr\" data-brz-custom-id=\"xkkkkvlhfthadjihtdjeqrrripzdnoewoawu\">\n<div class=\"brz-bg\"><\/div>\n<div class=\"brz-column__items brz-css-16f2un1 brz-css-uapf40\">\n<div id=\"\" class=\"brz-css-q3j9nl brz-wrapper\">\n<div class=\"brz-rich-text brz-rich-text__custom brz-css-safofj\" data-brz-custom-id=\"cynuiefosgstmngtvqchuvsdcfgwrcjprxck\">\n<div data-brz-translate-text=\"1\">\n<p class=\"brz-tp-lg-paragraph brz-css-ik_BL\" data-generated-css=\"brz-css-yrrvh\" data-uniq-id=\"haqrw\"><strong class=\"brz-cp-color7\">Unser Auftrag<\/strong><\/p>\n<p class=\"brz-tp-lg-paragraph brz-css-l3mz2\" data-generated-css=\"brz-css-azulj\" data-uniq-id=\"bxidh\"><span class=\"brz-cp-color7\">Unser Ziel ist es, einer gr\u00f6\u00dferen Zahl von Menschen unabh\u00e4ngig von ihrer finanziellen Situation eine zug\u00e4ngliche und hochwertige Gesundheitsversorgung zu bieten. Indem wir die Vorteile des Medizintourismus nutzen, wollen wir Menschen im In- und Ausland unsere au\u00dfergew\u00f6hnlichen Leistungen zug\u00e4nglich machen. <\/span><\/p>\n<p class=\"brz-tp-lg-paragraph brz-css-mS66o\" data-generated-css=\"brz-css-azulj\" data-uniq-id=\"bxidh\"><span class=\"brz-cp-color7\">Wir sind der Meinung, dass jeder Mensch Zugang zu erstklassiger medizinischer Versorgung verdient, und unser Ziel ist es, dies zu verwirklichen. Durch unser Engagement f\u00fcr Erschwinglichkeit und Qualit\u00e4t stellen wir sicher, dass unsere Patienten die bestm\u00f6gliche Versorgung erhalten, ohne das Budget zu sprengen. Indem wir unsere Reichweite \u00fcber die Landesgrenzen hinaus ausdehnen, setzen wir uns daf\u00fcr ein, das Leben und die Gesundheit so vieler Menschen wie m\u00f6glich zu verbessern. <\/span><\/p>\n<\/div>\n<\/div>\n<\/div>\n<\/div>\n<\/div>\n<\/div>\n<\/div>\n<\/div>\n<\/div>\n<\/section>\n<section id=\"_ywbcbqtpmjpithhjgocowrmvefxjajcdeaaf\" class=\"brz-section brz-css-qqufsq\">\n<div class=\"brz-section__content brz-section--boxed brz-css-iwhlga\" data-brz-custom-id=\"figxengilrjgjxljrfqwdjglnngvjmrmigjh\">\n<div class=\"brz-container brz-css-1om6y9k\">\n<div class=\"brz-row__container brz-css-gad3t5 brz-css-1bisw5m\" data-brz-custom-id=\"odkhdioyqzglhgjuasbeyilkawbaqmpjpknp\">\n<div class=\"brz-bg\"><\/div>\n<div class=\"brz-row brz-css-1e05pyk\">\n<div class=\"brz-columns brz-css-wxqp9j brz-css-qlv200\" data-brz-custom-id=\"nsoydgxlbbajanoenysnninnmqnyfuegibig\">\n<div class=\"brz-bg\"><\/div>\n<div class=\"brz-column__items brz-css-16f2un1 brz-css-ad2ba0\">\n<div id=\"\" class=\"brz-css-q3j9nl brz-wrapper\">\n<div class=\"brz-rich-text brz-rich-text__custom brz-css-safofj\" data-brz-custom-id=\"aewvilckfcraohyizbtnmqwygtqabqmnhmsp\">\n<div data-brz-translate-text=\"1\">\n<p class=\"brz-tp-lg-paragraph brz-css-hBg9r\" data-generated-css=\"brz-css-lgjkn\" data-uniq-id=\"sbyys\"><strong class=\"brz-cp-color7\">Unsere Abteilungen<\/strong><\/p>\n<p class=\"brz-tp-lg-paragraph brz-css-dZwPv\" data-generated-css=\"brz-css-avzsb\" data-uniq-id=\"pbnxg\"><span class=\"brz-cp-color7\">Find Us Health Center Travel hat es sich zur Aufgabe gemacht, Ihre Lebensqualit\u00e4t durch unser umfassendes Angebot an medizinischen Behandlungen und Dienstleistungen zu verbessern. Unser Angebot umfasst die Bereiche Mund- und Zahnheilkunde, Adipositaschirurgie, \u00e4sthetische und plastische Chirurgie, gyn\u00e4kologische Chirurgie und Haartransplantation und soll Ihnen von Anfang bis Ende ein angenehmes und stressfreies Erlebnis bieten. Wir legen gro\u00dfen Wert auf Ehrlichkeit, Transparenz und Privatsph\u00e4re, um sicherzustellen, dass unsere G\u00e4ste w\u00e4hrend ihrer gesamten Reise die bestm\u00f6gliche Betreuung und Unterst\u00fctzung erhalten. Unser Engagement f\u00fcr Qualit\u00e4t und Erschwinglichkeit hebt uns von anderen Anbietern ab, da wir uns bem\u00fchen, den h\u00f6chsten Standard an medizinischer Behandlung mit gro\u00dfer Gastfreundschaft zu verbinden. Unser Ziel ist es, Ihnen dabei zu helfen, fundierte Entscheidungen zu treffen, und Ihnen eine sichere und unterst\u00fctzende Umgebung w\u00e4hrend Ihrer medizinischen Reise zu bieten. Wir bei Find Us Health sind der Meinung, dass jeder Mensch Zugang zu einer hervorragenden medizinischen Versorgung verdient, und wir sind hier, um dies zu verwirklichen.<\/span><\/p>\n<\/div>\n<\/div>\n<\/div>\n<\/div>\n<\/div>\n<div class=\"brz-columns brz-css-wxqp9j brz-css-yeria9\" data-brz-custom-id=\"kqqvjbodlqxlqtvxhtontlctzlxcavlpabvr\">\n<div class=\"brz-bg\"><\/div>\n<div class=\"brz-column__items brz-css-16f2un1\">\n<div id=\"\" class=\"brz-css-q3j9nl brz-wrapper\">\n<div class=\"brz-image brz-css-ggzg6t brz-css-1xdn23o\" data-brz-custom-id=\"mbymeigzuyrtryznbwqzxfztklcjlabndkwd\"><img decoding=\"async\" class=\"brz-img\" src=\"https:\/\/findushealth.com\/de?brizy_media=wp-683ad6583ed8fc806018a8a452b15307.jpg&amp;brizy_crop=original\" alt=\"\" loading=\"lazy\"><\/div>\n<\/div>\n<\/div>\n<\/div>\n<\/div>\n<\/div>\n<\/div>\n<\/div>\n<\/section>\n<\/div>\n<p>    <!-- version:1738577896 --><\/p>\n","protected":false},"excerpt":{"rendered":"<p>WER WIR SIND SEITE Find Us Health Center Als Experten f\u00fcr medizinische und kosmetische Verfahren bieten wir ein umfassendes Spektrum an Behandlungen an, die unseren Patienten helfen, die gew\u00fcnschten Ergebnisse zu erzielen. Unsere hochmodernen Krankenh\u00e4user in Antalya, T\u00fcrkei, sind mit der neuesten Technologie ausgestattet und verf\u00fcgen \u00fcber hochqualifiziertes medizinisches Fachpersonal.Neben zahn\u00e4rztlichen Leistungen bieten wir auch [&hellip;]<\/p>\n","protected":false},"author":3,"featured_media":0,"parent":99,"menu_order":0,"comment_status":"closed","ping_status":"closed","template":"","meta":{"footnotes":""},"class_list":["post-12006","page","type-page","status-publish","hentry"],"blocksy_meta":{"styles_descriptor":{"styles":{"desktop":"","tablet":"","mobile":""},"google_fonts":[],"version":6}},"_links":{"self":[{"href":"https:\/\/findushealth.com\/de\/wp-json\/wp\/v2\/pages\/12006","targetHints":{"allow":["GET"]}}],"collection":[{"href":"https:\/\/findushealth.com\/de\/wp-json\/wp\/v2\/pages"}],"about":[{"href":"https:\/\/findushealth.com\/de\/wp-json\/wp\/v2\/types\/page"}],"author":[{"embeddable":true,"href":"https:\/\/findushealth.com\/de\/wp-json\/wp\/v2\/users\/3"}],"replies":[{"embeddable":true,"href":"https:\/\/findushealth.com\/de\/wp-json\/wp\/v2\/comments?post=12006"}],"version-history":[{"count":0,"href":"https:\/\/findushealth.com\/de\/wp-json\/wp\/v2\/pages\/12006\/revisions"}],"up":[{"embeddable":true,"href":"https:\/\/findushealth.com\/de\/wp-json\/wp\/v2\/pages\/99"}],"wp:attachment":[{"href":"https:\/\/findushealth.com\/de\/wp-json\/wp\/v2\/media?parent=12006"}],"curies":[{"name":"wp","href":"https:\/\/api.w.org\/{rel}","templated":true}]}}