{"id":12015,"date":"2023-02-19T17:29:24","date_gmt":"2023-02-19T14:29:24","guid":{"rendered":"https:\/\/findushealth.com\/procedures\/gynaecological-surgery\/"},"modified":"2025-01-30T12:31:24","modified_gmt":"2025-01-30T09:31:24","slug":"gynaecological-surgery","status":"publish","type":"page","link":"https:\/\/findushealth.com\/de\/procedures\/gynaecological-surgery\/","title":{"rendered":"Gynaecological Surgery"},"content":{"rendered":"<div class=\"brz-root__container brz-reset-all brz brz-root__container-page\">\n<section id=\"_eavspnkhqithkmjjbhklxtvxqlsyebowkhle\" class=\"brz-section brz-css-264v5v\">\n<div class=\"brz-section__content brz-section--boxed brz-css-15but87 brz-css-1h11i44\" data-brz-custom-id=\"rpwzxqtnutonoyxxmjjeagnhkladyvkotzof\">\n<div class=\"brz-bg\">\n<div class=\"brz-bg-color\"><\/div>\n<\/div>\n<div class=\"brz-container brz-css-1l8iage\">\n<div id=\"\" class=\"brz-css-14fpx18 brz-css-aurxk9 brz-wrapper\">\n<div class=\"brz-line brz-line-default brz-css-lrznn7 brz-css-2veet2\" data-brz-custom-id=\"ydzrpytcdeywoflicfrgkerbfxdmeychlgwn\">\n<hr class=\"brz-hr\"><\/div>\n<\/div>\n<div id=\"\" class=\"brz-css-14fpx18 brz-css-18l5jsy brz-css-1ag0ejb brz-wrapper\">\n<div class=\"brz-spacer brz-css-1kxhe5a brz-css-13smor3\"><\/div>\n<\/div>\n<div class=\"brz-row__container brz-css-1kubis9 brz-css-b0mxmt\" data-brz-custom-id=\"awbxfejbsuzbfccjkulsimxrierujaulivyj\">\n<div class=\"brz-bg\"><\/div>\n<div class=\"brz-row brz-css-piwcq0 brz-css-1s2bfcu\">\n<div class=\"brz-columns brz-css-iivuwz brz-css-vud7bk\" data-brz-custom-id=\"iobpxzgnbsgbwyaokivubguezirmxehupezw\">\n<div class=\"brz-bg\"><\/div>\n<div class=\"brz-column__items brz-css-jdr7kc brz-css-50b2nj\">\n<div id=\"\" class=\"brz-css-14fpx18 brz-wrapper\">\n<div class=\"brz-rich-text brz-rich-text__custom brz-css-v7vvqq\" data-brz-custom-id=\"czfnqtpnipeflclplkipafnorwiyxmzekhsu\">\n<div data-brz-translate-text=\"1\">\n<h3 class=\"brz-tp-lg-heading3 brz-css-dy2ct\" data-uniq-id=\"vtryc\" data-generated-css=\"brz-css-rqaqf\"><strong>Gyn\u00e4kologische Chirurgie<\/strong><\/h3>\n<\/div>\n<\/div>\n<\/div>\n<div id=\"\" class=\"brz-css-14fpx18 brz-wrapper\">\n<div class=\"brz-rich-text brz-rich-text__custom brz-css-v7vvqq\" data-brz-custom-id=\"psgfkiwusoqnykfupdyovcztdihvecbkoack\">\n<div data-brz-translate-text=\"1\">\n<h4 class=\"brz-tp-lg-heading4 brz-css-vVSl6\" data-uniq-id=\"ycoih\" data-generated-css=\"brz-css-hbuia\"><strong>Find Us Health Center<\/strong><\/h4>\n<\/div>\n<\/div>\n<\/div>\n<\/div>\n<\/div>\n<div class=\"brz-columns brz-css-iivuwz brz-css-i724sh\" data-brz-custom-id=\"nzabkdgydezmhleramzehoxyxwsmsjrqtcfn\">\n<div class=\"brz-bg\"><\/div>\n<div class=\"brz-column__items brz-css-jdr7kc brz-css-1pcezc0\">\n<div class=\"brz-wrapper-clone brz-css-umdhkv\">\n<div class=\"brz-d-xs-flex brz-flex-xs-wrap brz-css-p0mpwr brz-css-1xzd48q\" data-brz-custom-id=\"\">\n<div class=\"brz-wrapper-clone__item\" id=\"trxnienbhktvygozqrrwaphuoxzyusgaeczm\">\n<div class=\"brz-icon__container\" data-brz-custom-id=\"trxnienbhktvygozqrrwaphuoxzyusgaeczm\"><span class=\"brz-icon brz-span brz-css-1361bqc brz-css-1byv57h\"><\/span><\/div>\n<\/div>\n<\/div>\n<\/div>\n<\/div>\n<\/div>\n<\/div>\n<\/div>\n<\/div>\n<\/div>\n<\/section>\n<section id=\"_sryfihbijiuaoowaoioytvnmqgmmxxdglyxe\" class=\"brz-section brz-css-264v5v\">\n<div class=\"brz-section__content brz-section--boxed brz-css-15but87\" data-brz-custom-id=\"duvwxgsssjwducuumjvozcnclurbimfousre\">\n<div class=\"brz-container brz-css-1l8iage\">\n<div id=\"\" class=\"brz-css-14fpx18 brz-wrapper\">\n<div class=\"brz-rich-text brz-rich-text__custom brz-css-v7vvqq\" data-brz-custom-id=\"hakbbksiwluxoxcbeofsvknpabjhcayflrxh\">\n<div data-brz-translate-text=\"1\">\n<p class=\"brz-tp-lg-paragraph brz-css-vA38r\" data-uniq-id=\"cvugj\" data-generated-css=\"brz-css-mlaxu\">Der weibliche K\u00f6rper macht im Laufe seines Lebens viele Ver\u00e4nderungen durch, und es ist wichtig, sich in jeder Phase um ihn zu k\u00fcmmern. Die gyn\u00e4kologische Chirurgie umfasst alle chirurgischen Eingriffe am weiblichen Fortpflanzungssystem, einschlie\u00dflich der Geb\u00e4rmutter, der Eierst\u00f6cke, des Geb\u00e4rmutterhalses, der Eileiter, der Vagina und der Vulva. Es kann verschiedene Gr\u00fcnde geben, warum eine Frau eine gyn\u00e4kologische Operation ben\u00f6tigt, darunter die Behandlung von Erkrankungen wie Endometriose, Myomen, Eierstockzysten, Krebs, Beckenschmerzen, Beckenentz\u00fcndungen, Geb\u00e4rmuttervorfall oder abnorme Blutungen. Der Gyn\u00e4kologe ist ein wichtiger Teil der Gesundheitsf\u00fcrsorge einer Frau und dient als Arzt, Betreuer und Berater. Wenn Sie Ihre Gesundheit und Ihr allgemeines Wohlbefinden erhalten wollen, sollten Sie den Besuch bei einem Gyn\u00e4kologen nicht vernachl\u00e4ssigen. Unser Expertenteam von Gyn\u00e4kologen ist bestrebt, allen unseren Patienten die bestm\u00f6gliche Betreuung und Beratung zukommen zu lassen. Sie k\u00f6nnen sich mit allen Fragen zu gyn\u00e4kologischen Eingriffen und Behandlungen an uns wenden.<\/p>\n<\/div>\n<\/div>\n<\/div>\n<div id=\"\" class=\"brz-css-14fpx18 brz-wrapper\">\n<div class=\"brz-line brz-line-default brz-css-lrznn7 brz-css-1e4x0bs\" data-brz-custom-id=\"qwcxpukdatmnahcvcptvlonngwhirsnwgcur\">\n<hr class=\"brz-hr\"><\/div>\n<\/div>\n<div id=\"\" class=\"brz-css-14fpx18 brz-wrapper\">\n<div class=\"brz-rich-text brz-rich-text__custom brz-css-v7vvqq\" data-brz-custom-id=\"cificdawgfgxxbtsncpkhdjnqqrgaoxneqkn\">\n<div data-brz-translate-text=\"1\">\n<p class=\"brz-tp-lg-paragraph brz-css-kCp2L\" data-generated-css=\"brz-css-bafys\" data-uniq-id=\"jhctw\"><strong class=\"brz-cp-color7\">Unsere Leistungen in der Abteilung f\u00fcr gyn\u00e4kologische Chirurgie<\/strong><\/p>\n<\/div>\n<\/div>\n<\/div>\n<div class=\"brz-row__container brz-css-1kubis9\" data-brz-custom-id=\"yldazfufoefpmvecbzfdtmlhgjvdqpcegtvc\">\n<div class=\"brz-bg\"><\/div>\n<div class=\"brz-row brz-css-piwcq0\">\n<div class=\"brz-columns brz-css-iivuwz brz-css-strcgv\" data-brz-custom-id=\"nyapcxbqggtwdynuroixgkqxklgbptrtabda\">\n<div class=\"brz-bg\"><\/div>\n<div class=\"brz-column__items brz-css-jdr7kc brz-css-xhzigt\">\n<div id=\"\" class=\"brz-css-14fpx18 brz-wrapper\">\n<div class=\"brz-rich-text brz-rich-text__custom brz-css-v7vvqq\" data-brz-custom-id=\"vzxdfugplzighlxqkdmzxyscdcejtiynoqcq\">\n<div data-brz-translate-text=\"1\">\n<p class=\"brz-tp-lg-paragraph brz-css-fxnE9\" data-uniq-id=\"gzkvz\" data-generated-css=\"brz-css-njuzn\"><strong class=\"brz-cp-color7\">Gyn\u00e4kologische Chirurgie<\/strong><\/p>\n<p class=\"brz-tp-lg-paragraph brz-css-wvbMQ\" data-uniq-id=\"vjdhv\" data-generated-css=\"brz-css-eohuz\"><span class=\"brz-cp-color7\">Das Fachgebiet der Gyn\u00e4kologie befasst sich mit der Pflege des weiblichen Fortpflanzungssystems, und unser Team von Fach\u00e4rzten f\u00fcr Gyn\u00e4kologie ist bestrebt, unseren Patientinnen die bestm\u00f6gliche Versorgung zu bieten. Unsere Gyn\u00e4kologen setzen minimalinvasive Techniken ein und haben Zugang zu erstklassigen diagnostischen Einrichtungen. Sie sind bestrebt, alle Erkrankungen und St\u00f6rungen des weiblichen Genitaltrakts und der Fortpflanzungsorgane einf\u00fchlsam und komfortabel zu diagnostizieren und zu behandeln.<\/span><\/p>\n<\/div>\n<\/div>\n<\/div>\n<\/div>\n<\/div>\n<div class=\"brz-columns brz-css-iivuwz brz-css-1ik2l65\" data-brz-custom-id=\"thqbtnoyweiroyarpnvvaqpxnexjzegsdoqi\">\n<div class=\"brz-bg\"><\/div>\n<div class=\"brz-column__items brz-css-jdr7kc\">\n<div id=\"\" class=\"brz-css-14fpx18 brz-wrapper\">\n<div class=\"brz-image brz-css-1lp92cm brz-css-1g7plry\" data-brz-custom-id=\"pbxknpdqeahtgolsxltsvjhlaueaejdiqkwl\"><img decoding=\"async\" class=\"brz-img\" src=\"https:\/\/findushealth.com\/de?brizy_media=wp-09fd55d27b02e5c22cbdcbbaa38e024e.jpg&amp;brizy_crop=original\" alt=\"\" loading=\"lazy\"><\/div>\n<\/div>\n<\/div>\n<\/div>\n<\/div>\n<\/div>\n<div id=\"\" class=\"brz-css-14fpx18 brz-wrapper\">\n<div class=\"brz-line brz-line-default brz-css-lrznn7 brz-css-16tem9q\" data-brz-custom-id=\"imtggbdchbrxyacenbmxwnqtgpdvlonzktow\">\n<hr class=\"brz-hr\"><\/div>\n<\/div>\n<div class=\"brz-row__container brz-css-1kubis9\" data-brz-custom-id=\"opvlgzcuklwdmdcyxoijdlpmaitfvomeuwxw\">\n<div class=\"brz-bg\"><\/div>\n<div class=\"brz-row brz-css-piwcq0\">\n<div class=\"brz-columns brz-css-iivuwz brz-css-18ei8ui\" data-brz-custom-id=\"dlvaiitclokvdirfgajjazhrbbxfzdoakryh\">\n<div class=\"brz-bg\"><\/div>\n<div class=\"brz-column__items brz-css-jdr7kc\">\n<div id=\"\" class=\"brz-css-14fpx18 brz-wrapper\">\n<div class=\"brz-image brz-css-1ndtbux brz-css-am74ma\" data-brz-custom-id=\"gdqiqkvyyiwgrmcaubggrmkwhzwkkpsdnlbx\"><img decoding=\"async\" class=\"brz-img\" src=\"https:\/\/findushealth.com\/de?brizy_media=wp-6b338bab677cb1dbf2ad4d4c57fd0f8e.jpg&amp;brizy_crop=original\" alt=\"\" loading=\"lazy\"><\/div>\n<\/div>\n<\/div>\n<\/div>\n<div class=\"brz-columns brz-css-iivuwz brz-css-gdxb6n\" data-brz-custom-id=\"cexirkzdychkzbqlzmrvpcpefecisqclutdq\">\n<div class=\"brz-bg\"><\/div>\n<div class=\"brz-column__items brz-css-jdr7kc\">\n<div id=\"\" class=\"brz-css-14fpx18 brz-css-1gr5o6o brz-wrapper\">\n<div class=\"brz-rich-text brz-rich-text__custom brz-css-v7vvqq\" data-brz-custom-id=\"lpgqqaizdqbibneoyhwyeqpstmzuvxugrtka\">\n<div data-brz-translate-text=\"1\">\n<p class=\"brz-tp-lg-paragraph brz-css-oIABf\" data-uniq-id=\"kavsl\" data-generated-css=\"brz-css-jymql\"><strong class=\"brz-cp-color7\">K\u00fcnstliche Fortpflanzungstechnologie (ART)<\/strong><\/p>\n<p class=\"brz-tp-lg-paragraph brz-css-tCEHa\" data-uniq-id=\"dkbyb\" data-generated-css=\"brz-css-xbloc\"><span class=\"brz-cp-color7\">Die assistierte Reproduktionstechnologie (ART), auch bekannt als k\u00fcnstliche Reproduktionstechnologie, ist ein Spezialgebiet der Gyn\u00e4kologie, das sich mit Fruchtbarkeitsbehandlungen f\u00fcr Paare befasst, die Schwierigkeiten haben, ein Kind zu zeugen. Bei ART-Verfahren werden sowohl Eizellen als auch Spermien behandelt, um die Chancen der Befruchtung zu erh\u00f6hen. Die h\u00e4ufigste Form der ART ist die In-vitro-Fertilisation (IVF), die als die wirksamste Methode gilt. Bevor man sich einer ART-Behandlung unterzieht, sollte man einen Fruchtbarkeitsspezialisten konsultieren, der einem hilft, die verschiedenen M\u00f6glichkeiten und die damit verbundenen potenziellen Risiken zu verstehen. Obwohl die ART Paaren nachweislich zu einer Schwangerschaft verhilft, ist es wichtig, sich \u00fcber m\u00f6gliche Komplikationen wie eine Mehrlingsschwangerschaft im Klaren zu sein, die durch eine Begrenzung der Anzahl der in die Geb\u00e4rmutter eingepflanzten Embryonen verringert werden kann.<\/span><\/p>\n<\/div>\n<\/div>\n<\/div>\n<\/div>\n<\/div>\n<\/div>\n<\/div>\n<div id=\"\" class=\"brz-css-14fpx18 brz-wrapper\">\n<div class=\"brz-line brz-line-default brz-css-lrznn7 brz-css-1p4yuzu\" data-brz-custom-id=\"druyzunmohyyzcjokxphttuxtalqzzomnhle\">\n<hr class=\"brz-hr\"><\/div>\n<\/div>\n<div class=\"brz-row__container brz-css-1kubis9\" data-brz-custom-id=\"ywqabnhwlatfrhrcctpibcmbrmnewqqytwld\">\n<div class=\"brz-bg\"><\/div>\n<div class=\"brz-row brz-css-piwcq0\">\n<div class=\"brz-columns brz-css-iivuwz brz-css-wsp01t\" data-brz-custom-id=\"oormibqxplobkkwvjvbwbigjmvactvozusqg\">\n<div class=\"brz-bg\"><\/div>\n<div class=\"brz-column__items brz-css-jdr7kc brz-css-19d76qr\">\n<div id=\"\" class=\"brz-css-14fpx18 brz-wrapper\">\n<div class=\"brz-rich-text brz-rich-text__custom brz-css-v7vvqq\" data-brz-custom-id=\"qghschxwwjwgamppcwrocjhebiylwgnkuzjb\">\n<div data-brz-translate-text=\"1\">\n<p class=\"brz-tp-lg-paragraph brz-css-lnFyh\" data-uniq-id=\"cqyzm\" data-generated-css=\"brz-css-otrfw\"><strong class=\"brz-cp-color7\">\u00c4sthetische Operationen im Genitalbereich (Labioplastik, Sistorektosel)<\/strong><\/p>\n<p class=\"brz-tp-lg-paragraph brz-css-pC9TX\" data-uniq-id=\"fsjdy\" data-generated-css=\"brz-css-ulqls\"><span class=\"brz-cp-color7\">Die \u00e4sthetische Genitalchirurgie ist ein wachsender Trend in der kosmetischen Chirurgie, genau wie viele andere plastische Operationen. Diese Art der Chirurgie umfasst verschiedene Verfahren, die darauf abzielen, das Aussehen der weiblichen Genitalien zu verbessern. Zwei der beliebtesten Eingriffe sind die Schamlippenverkleinerung (Labiaplastik) und die Straffung der Scheide (Vaginoplastik). Die Schamlippenplastik ist ein kosmetischer Eingriff, bei dem die Gr\u00f6\u00dfe und Form der inneren Schamlippen und\/oder der \u00e4u\u00dferen Schamlippen ver\u00e4ndert wird. Die Vaginoplastik hingegen ist ein rekonstruktiver Eingriff, der darauf abzielt, die Vagina zu reparieren oder zu konstruieren. Damit k\u00f6nnen verschiedene Erkrankungen behandelt werden, z. B. vaginale Traumata nach einer Geburt oder Komplikationen bei Beckenbodenst\u00f6rungen. Wenn Sie Fragen zur \u00e4sthetischen Genitalchirurgie haben, k\u00f6nnen Sie sich gerne an unser Expertenteam wenden.<\/span><\/p>\n<\/div>\n<\/div>\n<\/div>\n<\/div>\n<\/div>\n<div class=\"brz-columns brz-css-iivuwz brz-css-13pvxxc\" data-brz-custom-id=\"kkdqjeprxejuoetfeoidbrxednqqgqumyiut\">\n<div class=\"brz-bg\"><\/div>\n<div class=\"brz-column__items brz-css-jdr7kc\">\n<div id=\"\" class=\"brz-css-14fpx18 brz-wrapper\">\n<div class=\"brz-image brz-css-odarbs brz-css-1wqia7r\" data-brz-custom-id=\"xbkfbcgvfvsojnwetyepkwpabkwhysmmkeux\"><img decoding=\"async\" class=\"brz-img\" src=\"https:\/\/findushealth.com\/de?brizy_media=wp-b6eab1ed0c1895de7d6f6e69248e6cbe.jpg&amp;brizy_crop=original\" alt=\"\" loading=\"lazy\"><\/div>\n<\/div>\n<\/div>\n<\/div>\n<\/div>\n<\/div>\n<\/div>\n<\/div>\n<\/section>\n<\/div>\n<p>    <!-- version:1738229484 --><\/p>\n","protected":false},"excerpt":{"rendered":"<p>Gyn\u00e4kologische Chirurgie Find Us Health Center Der weibliche K\u00f6rper macht im Laufe seines Lebens viele Ver\u00e4nderungen durch, und es ist wichtig, sich in jeder Phase um ihn zu k\u00fcmmern. Die gyn\u00e4kologische Chirurgie umfasst alle chirurgischen Eingriffe am weiblichen Fortpflanzungssystem, einschlie\u00dflich der Geb\u00e4rmutter, der Eierst\u00f6cke, des Geb\u00e4rmutterhalses, der Eileiter, der Vagina und der Vulva. Es kann [&hellip;]<\/p>\n","protected":false},"author":3,"featured_media":0,"parent":1117,"menu_order":0,"comment_status":"closed","ping_status":"closed","template":"","meta":{"footnotes":""},"class_list":["post-12015","page","type-page","status-publish","hentry"],"blocksy_meta":{"styles_descriptor":{"styles":{"desktop":"","tablet":"","mobile":""},"google_fonts":[],"version":6}},"_links":{"self":[{"href":"https:\/\/findushealth.com\/de\/wp-json\/wp\/v2\/pages\/12015","targetHints":{"allow":["GET"]}}],"collection":[{"href":"https:\/\/findushealth.com\/de\/wp-json\/wp\/v2\/pages"}],"about":[{"href":"https:\/\/findushealth.com\/de\/wp-json\/wp\/v2\/types\/page"}],"author":[{"embeddable":true,"href":"https:\/\/findushealth.com\/de\/wp-json\/wp\/v2\/users\/3"}],"replies":[{"embeddable":true,"href":"https:\/\/findushealth.com\/de\/wp-json\/wp\/v2\/comments?post=12015"}],"version-history":[{"count":0,"href":"https:\/\/findushealth.com\/de\/wp-json\/wp\/v2\/pages\/12015\/revisions"}],"up":[{"embeddable":true,"href":"https:\/\/findushealth.com\/de\/wp-json\/wp\/v2\/pages\/1117"}],"wp:attachment":[{"href":"https:\/\/findushealth.com\/de\/wp-json\/wp\/v2\/media?parent=12015"}],"curies":[{"name":"wp","href":"https:\/\/api.w.org\/{rel}","templated":true}]}}