{"id":12019,"date":"2023-02-19T16:40:46","date_gmt":"2023-02-19T13:40:46","guid":{"rendered":"https:\/\/findushealth.com\/procedures\/obesity-treatments\/"},"modified":"2025-02-02T01:20:48","modified_gmt":"2025-02-01T22:20:48","slug":"obesity-treatments","status":"publish","type":"page","link":"https:\/\/findushealth.com\/de\/procedures\/obesity-treatments\/","title":{"rendered":"Obesity Treatments"},"content":{"rendered":"<div class=\"brz-root__container brz-reset-all brz brz-root__container-page\">\n<section id=\"_aabozbzoxuzegntdrdffmzxunapgabpxixpm\" class=\"brz-section brz-css-1ffck0x\">\n<div class=\"brz-section__content brz-section--boxed brz-css-462r9a brz-css-1adqo3l\" data-brz-custom-id=\"kigjiymrunjkqyeolympqxmymfwryskchwzs\">\n<div class=\"brz-bg\">\n<div class=\"brz-bg-color\"><\/div>\n<\/div>\n<div class=\"brz-container brz-css-1cdr57a\">\n<div id=\"\" class=\"brz-css-121irno brz-css-t8jubm brz-wrapper\">\n<div class=\"brz-line brz-line-default brz-css-zl5ca2 brz-css-1b2jrfz\" data-brz-custom-id=\"tglqazioivieogmglqvphogapmuqvykfwwim\">\n<hr class=\"brz-hr\"><\/div>\n<\/div>\n<div id=\"\" class=\"brz-css-121irno brz-css-1rpfth7 brz-css-g5jnan brz-wrapper\">\n<div class=\"brz-spacer brz-css-19wwoae brz-css-15j1g4f\"><\/div>\n<\/div>\n<div class=\"brz-row__container brz-css-1oq659k brz-css-1qg06zj\" data-brz-custom-id=\"fmmiapcnqdhdtrtiilsnnlpzavlbeuvhbrhm\">\n<div class=\"brz-bg\"><\/div>\n<div class=\"brz-row brz-css-1etqvjg brz-css-bf3p92\">\n<div class=\"brz-columns brz-css-o0qar7 brz-css-1sp9nee\" data-brz-custom-id=\"tyqbpuyppeeddppuiwamyikrwojubomsjdpz\">\n<div class=\"brz-bg\"><\/div>\n<div class=\"brz-column__items brz-css-35ti9o brz-css-13oaccf\">\n<div id=\"\" class=\"brz-css-121irno brz-wrapper\">\n<div class=\"brz-rich-text brz-rich-text__custom brz-css-69jxau\" data-brz-custom-id=\"oevuzyvuarpkakzaxqsiynxeyfexgxlgrnvz\">\n<div data-brz-translate-text=\"1\">\n<h2 class=\"brz-tp-lg-heading2 brz-css-fCWd9\" data-generated-css=\"brz-css-fqgsy\" data-uniq-id=\"fpigd\">Adipositas-Behandlungen<\/h2>\n<\/div>\n<\/div>\n<\/div>\n<div id=\"\" class=\"brz-css-121irno brz-wrapper\">\n<div class=\"brz-rich-text brz-rich-text__custom brz-css-69jxau\" data-brz-custom-id=\"ulmcwyrhqihkqoecpwknsqafkrlnlzyorawq\">\n<div data-brz-translate-text=\"1\">\n<h4 class=\"brz-tp-lg-heading4 brz-css-zGZ9k\" data-uniq-id=\"hrbcs\" data-generated-css=\"brz-css-idbom\"><strong>Find Us Health Center<\/strong><\/h4>\n<\/div>\n<\/div>\n<\/div>\n<\/div>\n<\/div>\n<div class=\"brz-columns brz-css-o0qar7 brz-css-2juxk9\" data-brz-custom-id=\"genxdalpknessiaglndrtwjtlwsfnpgtqdxv\">\n<div class=\"brz-bg\"><\/div>\n<div class=\"brz-column__items brz-css-35ti9o brz-css-7ts6tt\">\n<div class=\"brz-wrapper-clone brz-css-1xd5my3\">\n<div class=\"brz-d-xs-flex brz-flex-xs-wrap brz-css-1kozca5 brz-css-1be3wru\" data-brz-custom-id=\"\">\n<div class=\"brz-wrapper-clone__item\" id=\"litdyfmxvyaxsdrwfmewpgacxbfpwzbqweqh\">\n<div class=\"brz-icon__container\" data-brz-custom-id=\"litdyfmxvyaxsdrwfmewpgacxbfpwzbqweqh\"><span class=\"brz-icon brz-span brz-css-lj2rtq brz-css-7zk3pf\"><\/span><\/div>\n<\/div>\n<\/div>\n<\/div>\n<\/div>\n<\/div>\n<\/div>\n<\/div>\n<\/div>\n<\/div>\n<\/section>\n<section id=\"_erowtfogvxizhnyafpztgiqkopapuujggdaw\" class=\"brz-section brz-css-1ffck0x\">\n<div class=\"brz-section__content brz-section--boxed brz-css-462r9a\" data-brz-custom-id=\"itugunncvrddopltrpegsgbxgehulzqsvylr\">\n<div class=\"brz-container brz-css-1cdr57a\">\n<div id=\"\" class=\"brz-css-121irno brz-wrapper\">\n<div class=\"brz-rich-text brz-rich-text__custom brz-css-69jxau\" data-brz-custom-id=\"bcqyocydmrteyaaqvoreurzjbfdnfwffouue\">\n<div data-brz-translate-text=\"1\">\n<p class=\"brz-tp-lg-paragraph brz-css-j9NH6\" data-uniq-id=\"xkafc\" data-generated-css=\"brz-css-pyswj\">Die Adipositaschirurgie kann eine hochwirksame L\u00f6sung f\u00fcr Menschen sein, die mit Fettleibigkeit und damit verbundenen Gesundheitsproblemen zu k\u00e4mpfen haben. Sie kann zu einer deutlichen Gewichtsabnahme beitragen und Probleme wie Typ-2-Diabetes, Schlafapnoe und Bluthochdruck l\u00f6sen. Es stehen verschiedene chirurgische Optionen zur Verf\u00fcgung, darunter der Magenballon, Sleeve-Gastrektomie und Magenbypass, die jeweils einen eigenen Ansatz zur Gewichtsabnahme bieten. Es ist wichtig, dass Sie sich vor einer Adipositaschirurgie einer umfassenden Untersuchung durch ein medizinisches Expertenteam unterziehen, um sicherzustellen, dass Sie das richtige Verfahren f\u00fcr Ihre Bed\u00fcrfnisse erhalten. Wenn Sie Fragen oder Bedenken bez\u00fcglich einer Operation zur Gewichtsreduktion haben, steht Ihnen unser Expertenteam gerne zur Verf\u00fcgung. Kontaktieren Sie uns f\u00fcr weitere Informationen.<\/p>\n<\/div>\n<\/div>\n<\/div>\n<div id=\"\" class=\"brz-css-121irno brz-wrapper\">\n<div class=\"brz-line brz-line-default brz-css-zl5ca2 brz-css-1siu96f\" data-brz-custom-id=\"beajdtuqkkevfrczziswxvbwyqkjoethrdoh\">\n<hr class=\"brz-hr\"><\/div>\n<\/div>\n<div id=\"\" class=\"brz-css-121irno brz-wrapper\">\n<div class=\"brz-rich-text brz-rich-text__custom brz-css-69jxau\" data-brz-custom-id=\"nuxpkrhbhpzskjohqdlpbfreboyfspibeuxf\">\n<div data-brz-translate-text=\"1\">\n<h3 class=\"brz-tp-lg-heading3 brz-css-w5pP0\" data-uniq-id=\"lrkok\" data-generated-css=\"brz-css-pbpax\"><strong class=\"brz-cp-color7\">Unsere Leistungen im Bereich Adipositaschirurgie<\/strong><\/h3>\n<\/div>\n<\/div>\n<\/div>\n<div class=\"brz-row__container brz-css-1oq659k\" data-brz-custom-id=\"ipzplgekmalyabgtetmmgohovixacvoinaqo\">\n<div class=\"brz-bg\"><\/div>\n<div class=\"brz-row brz-css-1etqvjg brz-css-u1ac0t\">\n<div class=\"brz-columns brz-css-o0qar7 brz-css-s5f5mh\" data-brz-custom-id=\"ybcxlvgcgdrzitgempgnhfbfkfrkrumvblly\">\n<div class=\"brz-bg\"><\/div>\n<div class=\"brz-column__items brz-css-35ti9o brz-css-fv5kml\">\n<div id=\"\" class=\"brz-css-121irno brz-wrapper\">\n<div class=\"brz-rich-text brz-rich-text__custom brz-css-69jxau\" data-brz-custom-id=\"ldnjkfqdidbqsflwoeflkznbmsfeexsqcjlb\">\n<div data-brz-translate-text=\"1\">\n<p class=\"brz-tp-lg-paragraph brz-css-nOoP0\" data-uniq-id=\"kkttx\" data-generated-css=\"brz-css-ilbqp\"><strong class=\"brz-cp-color7\">Endoskopischer Magenballon<\/strong><\/p>\n<p class=\"brz-tp-lg-paragraph brz-css-u0IbW\" data-uniq-id=\"gskrm\" data-generated-css=\"brz-css-liqoo\"><span class=\"brz-cp-color7\">Der Magenballon ist eine nicht-chirurgische L\u00f6sung f\u00fcr alle, die die in kurzer Zeit Gewicht verlieren wollen und bereit sind, nach der Entfernung des Ballons ein gesundes Ern\u00e4hrungsprogramm beizubehalten. Bei dieser innovativen Methode wird ein Magenballon in den Magen eingef\u00fchrt, um die Gewichtsabnahme zu f\u00f6rdern. Der Ballon nimmt Platz im Magen ein, wodurch Sie sich schneller satt f\u00fchlen und weniger essen. Diese Methode hat sich als \u00e4u\u00dferst wirksam erwiesen, und viele Patienten konnten eine deutliche Gewichtsabnahme verzeichnen. Der Prozess wird sorgf\u00e4ltig \u00fcberwacht und von unseren erfahrenen und sachkundigen Mitarbeitern unterst\u00fctzt,die sich der pers\u00f6nlichen Betreuung widmen, um Sie beim Erreichen Ihrer Abnehmziele zu unterst\u00fctzen.<\/span><\/p>\n<\/div>\n<\/div>\n<\/div>\n<\/div>\n<\/div>\n<div class=\"brz-columns brz-css-o0qar7 brz-css-l8kp8u\" data-brz-custom-id=\"jnafgkfmytbyoxwflshjybmwgbdnkgfggpuu\">\n<div class=\"brz-bg\"><\/div>\n<div class=\"brz-column__items brz-css-35ti9o\">\n<div id=\"\" class=\"brz-css-121irno brz-wrapper\">\n<div class=\"brz-image brz-css-yl865e brz-css-a7krae\" data-brz-custom-id=\"kncfuvzkiuqescbzhpzjkcmmaepzjubolygc\"><img decoding=\"async\" class=\"brz-img\" src=\"https:\/\/findushealth.com\/de?brizy_media=wp-954d5a9df80a3191653602e5f399a38e.jpg&amp;brizy_crop=original\" alt=\"\" loading=\"lazy\"><\/div>\n<\/div>\n<\/div>\n<\/div>\n<\/div>\n<\/div>\n<div id=\"\" class=\"brz-css-121irno brz-wrapper\">\n<div class=\"brz-line brz-line-default brz-css-zl5ca2 brz-css-kmvekf\" data-brz-custom-id=\"yjzfceoldedzogsqzlceihuusbakdbiysvri\">\n<hr class=\"brz-hr\"><\/div>\n<\/div>\n<div class=\"brz-row__container brz-css-1oq659k\" data-brz-custom-id=\"sururdcagcxjabadpyhtfcdwyczfcawrpujt\">\n<div class=\"brz-bg\"><\/div>\n<div class=\"brz-row brz-css-1etqvjg brz-css-1hppx53\">\n<div class=\"brz-columns brz-css-o0qar7 brz-css-1n9ouqi\" data-brz-custom-id=\"azdyrwiaqvnozbdhqdrhoorzgxibbuoqswoz\">\n<div class=\"brz-bg\"><\/div>\n<div class=\"brz-column__items brz-css-35ti9o\">\n<div id=\"\" class=\"brz-css-121irno brz-wrapper\">\n<div class=\"brz-image brz-css-7gxc9s brz-css-1frqhll\" data-brz-custom-id=\"xpxctampfeosddjtyhroalllupjvqqfcuzjd\"><img decoding=\"async\" class=\"brz-img\" src=\"https:\/\/findushealth.com\/de?brizy_media=wp-3b3576c1fa3df8719af896e6ee823499.jpg&amp;brizy_crop=original\" alt=\"\" loading=\"lazy\"><\/div>\n<\/div>\n<\/div>\n<\/div>\n<div class=\"brz-columns brz-css-o0qar7 brz-css-ex995f\" data-brz-custom-id=\"rmjcishodkdtmdconiytgilbgokxapgfgnfb\">\n<div class=\"brz-bg\"><\/div>\n<div class=\"brz-column__items brz-css-35ti9o brz-css-1d65k5j\">\n<div id=\"\" class=\"brz-css-121irno brz-wrapper\">\n<div class=\"brz-rich-text brz-rich-text__custom brz-css-69jxau\" data-brz-custom-id=\"pclretuorcrjcrlwodpdzfvayvglszpuewal\">\n<div data-brz-translate-text=\"1\">\n<p class=\"brz-tp-lg-paragraph brz-css-j0RPC\" data-generated-css=\"brz-css-kbqhm\" data-uniq-id=\"ilcsj\"><strong class=\"brz-cp-color7\">H\u00fclsengastrektomie (Magenh\u00fclse)<\/strong><\/p>\n<p class=\"brz-tp-lg-paragraph brz-css-fglUo\" data-generated-css=\"brz-css-qcpqx\" data-uniq-id=\"utduy\"><span class=\"brz-cp-color7\">Das Gastric Sleeve-Verfahren ist eine \u00e4u\u00dferst wirksame Option f\u00fcr Menschen, die eine langfristige Gewichtsabnahme anstreben. Durch die Entfernung eines Teils des Magens wird die Aufnahmekapazit\u00e4t f\u00fcr Nahrung stark reduziert, was zu einer erheblichen Gewichtsabnahme f\u00fchrt. Dieses Verfahren ist ideal f\u00fcr Personen mit einem BMI \u00fcber 35, die in der Vergangenheit Schwierigkeiten hatten, ihr Gewicht zu halten. Die Magenmanschette wird in einem chirurgischen Verfahren durchgef\u00fchrt, bei dem der Magen der L\u00e4nge nach geklammert und der \u00fcbersch\u00fcssige Teil entfernt wird, so dass ein langer schlauch- oder h\u00fclsenf\u00f6rmiger Magen entsteht. Trotz der drastischen Formver\u00e4nderung funktioniert der Magen immer noch normal, allerdings mit einer deutlich verringerten Kapazit\u00e4t f\u00fcr die Nahrungsaufnahme. Unser professionelles Team ist bestrebt, Sie individuell zu betreuen und zu unterst\u00fctzen, damit Sie Ihre Ziele bei der Gewichtsabnahme mit einer Magenmanschette erreichen k\u00f6nnen.<\/span><\/p>\n<\/div>\n<\/div>\n<\/div>\n<\/div>\n<\/div>\n<\/div>\n<\/div>\n<div id=\"\" class=\"brz-css-121irno brz-wrapper\">\n<div class=\"brz-line brz-line-default brz-css-zl5ca2 brz-css-16vfwjh\" data-brz-custom-id=\"fupossqifwnwqizdpqhfxejsogbtcfhczzri\">\n<hr class=\"brz-hr\"><\/div>\n<\/div>\n<div class=\"brz-row__container brz-css-1oq659k\" data-brz-custom-id=\"juhbzxlrjoiuanmexedywdlyamghlvjjrpck\">\n<div class=\"brz-bg\"><\/div>\n<div class=\"brz-row brz-css-1etqvjg brz-css-8pyt87\">\n<div class=\"brz-columns brz-css-o0qar7\" data-brz-custom-id=\"prvukhfmdmwallwxmskgsvhnpcbwnthqvxdu\">\n<div class=\"brz-bg\"><\/div>\n<div class=\"brz-column__items brz-css-35ti9o brz-css-1ffgu56\">\n<div id=\"\" class=\"brz-css-121irno brz-css-17jzw20 brz-wrapper\">\n<div class=\"brz-rich-text brz-rich-text__custom brz-css-69jxau\" data-brz-custom-id=\"zekqcnjzaoorocyhtrmyhqmwohuihazuncdv\">\n<div data-brz-translate-text=\"1\">\n<p class=\"brz-tp-lg-paragraph brz-css-ivJKt\" data-uniq-id=\"conub\" data-generated-css=\"brz-css-amqgf\"><strong class=\"brz-cp-color7\">Adipositaschirurgie: Revisionschirurgie<\/strong><\/p>\n<p class=\"brz-tp-lg-paragraph brz-css-niWLb\" data-uniq-id=\"iezxs\" data-generated-css=\"brz-css-qqshg\"><span class=\"brz-cp-color7\">Die Revisionschirurgie zur Gewichtsreduktion ist eine chirurgische Option f\u00fcr Personen, die sich einem fr\u00fcheren Verfahren zur Gewichtsreduktion unterzogen haben, aber nicht die gew\u00fcnschten Ergebnisse erzielt haben oder bei denen Komplikationen aufgetreten sind. Die Operation wird in der Regel laparoskopisch durchgef\u00fchrt, obwohl eine offene Operation notwendig sein kann, wenn die vorherige Adipositaschirurgie zu einer starken Narbenbildung gef\u00fchrt hat. Da die Zahl der Eingriffe zur Gewichtsreduktion weiter steigt, gibt es eine wachsende Zahl von Personen, die sich f\u00fcr eine Revisionsoperation entscheiden. Die Auswahl an Korrektureingriffen kann f\u00fcr Personen, die schon einmal operiert wurden, eingeschr\u00e4nkt sein, ist aber dennoch eine \u00dcberlegung wert. Bei Find Us Health setzen wir uns daf\u00fcr ein, dass Menschen ihre Ziele bei der Gewichtsabnahme erreichen und ihre Gesundheit und ihr Selbstvertrauen wiedererlangen. Unser Team aus erfahrenen Chirurgen und medizinischem Fachpersonal arbeitet eng mit jedem Patienten zusammen, um seine individuellen Bed\u00fcrfnisse und Ziele zu verstehen und einen ma\u00dfgeschneiderten Behandlungsplan zu entwickeln, der ihm hilft, die gew\u00fcnschten Ergebnisse zu erzielen. Erfahren Sie mehr \u00fcber Revisionsoperationen zur Gewichtsreduktion und andere damit verbundene Verfahren.<\/span><\/p>\n<\/div>\n<\/div>\n<\/div>\n<\/div>\n<\/div>\n<div class=\"brz-columns brz-css-o0qar7\" data-brz-custom-id=\"espqjdmqdjpxvxicjfuefsqjdfgsibmlsdri\">\n<div class=\"brz-bg\"><\/div>\n<div class=\"brz-column__items brz-css-35ti9o\">\n<div id=\"\" class=\"brz-css-121irno brz-wrapper\">\n<div class=\"brz-image brz-css-1tfxlzi brz-css-1t41qod\" data-brz-custom-id=\"xuaczqrrfxpnlvhgnzrudqahltofzwjjuwsy\"><img decoding=\"async\" class=\"brz-img\" src=\"https:\/\/findushealth.com\/de?brizy_media=wp-8256a12d471180288cf934e2c9ac5e9f.jpg&amp;brizy_crop=original\" alt=\"\" loading=\"lazy\"><\/div>\n<\/div>\n<\/div>\n<\/div>\n<\/div>\n<\/div>\n<\/div>\n<\/div>\n<\/section>\n<\/div>\n<p>    <!-- version:1738448448 --><\/p>\n","protected":false},"excerpt":{"rendered":"<p>Adipositas-Behandlungen Find Us Health Center Die Adipositaschirurgie kann eine hochwirksame L\u00f6sung f\u00fcr Menschen sein, die mit Fettleibigkeit und damit verbundenen Gesundheitsproblemen zu k\u00e4mpfen haben. Sie kann zu einer deutlichen Gewichtsabnahme beitragen und Probleme wie Typ-2-Diabetes, Schlafapnoe und Bluthochdruck l\u00f6sen. Es stehen verschiedene chirurgische Optionen zur Verf\u00fcgung, darunter der Magenballon, Sleeve-Gastrektomie und Magenbypass, die jeweils einen [&hellip;]<\/p>\n","protected":false},"author":3,"featured_media":0,"parent":1117,"menu_order":0,"comment_status":"closed","ping_status":"closed","template":"","meta":{"footnotes":""},"class_list":["post-12019","page","type-page","status-publish","hentry"],"blocksy_meta":{"styles_descriptor":{"styles":{"desktop":"","tablet":"","mobile":""},"google_fonts":[],"version":6}},"_links":{"self":[{"href":"https:\/\/findushealth.com\/de\/wp-json\/wp\/v2\/pages\/12019","targetHints":{"allow":["GET"]}}],"collection":[{"href":"https:\/\/findushealth.com\/de\/wp-json\/wp\/v2\/pages"}],"about":[{"href":"https:\/\/findushealth.com\/de\/wp-json\/wp\/v2\/types\/page"}],"author":[{"embeddable":true,"href":"https:\/\/findushealth.com\/de\/wp-json\/wp\/v2\/users\/3"}],"replies":[{"embeddable":true,"href":"https:\/\/findushealth.com\/de\/wp-json\/wp\/v2\/comments?post=12019"}],"version-history":[{"count":0,"href":"https:\/\/findushealth.com\/de\/wp-json\/wp\/v2\/pages\/12019\/revisions"}],"up":[{"embeddable":true,"href":"https:\/\/findushealth.com\/de\/wp-json\/wp\/v2\/pages\/1117"}],"wp:attachment":[{"href":"https:\/\/findushealth.com\/de\/wp-json\/wp\/v2\/media?parent=12019"}],"curies":[{"name":"wp","href":"https:\/\/api.w.org\/{rel}","templated":true}]}}