{"id":12021,"date":"2023-02-27T23:29:47","date_gmt":"2023-02-27T20:29:47","guid":{"rendered":"https:\/\/findushealth.com\/procedures\/ortopedia\/"},"modified":"2025-02-04T22:48:47","modified_gmt":"2025-02-04T19:48:47","slug":"ortopedia","status":"publish","type":"page","link":"https:\/\/findushealth.com\/de\/procedures\/ortopedia\/","title":{"rendered":"Ortopedia"},"content":{"rendered":"<div class=\"brz-root__container brz-reset-all brz brz-root__container-page\">\n<section id=\"_howasmozwwqttvhsrxtateciuqlcnplorili\" class=\"brz-section brz-css-qaccdw\">\n<div class=\"brz-section__content brz-section--boxed brz-css-9cgz59 brz-css-1tuu6r3\" data-brz-custom-id=\"zabvijiwowekwnyuvgbweaynxevhpelcarna\">\n<div class=\"brz-bg\">\n<div class=\"brz-bg-color\"><\/div>\n<\/div>\n<div class=\"brz-container brz-css-lcnm2x\">\n<div id=\"\" class=\"brz-css-18f6l76 brz-css-1pa1hhx brz-wrapper\">\n<div class=\"brz-line brz-line-default brz-css-9pt5vt brz-css-mzw1k1\" data-brz-custom-id=\"nwrxdlngffzevgtnmscvydakjyhtppxxthvd\">\n<hr class=\"brz-hr\"><\/div>\n<\/div>\n<div id=\"\" class=\"brz-css-18f6l76 brz-css-1ucw5po brz-css-1v9bvge brz-wrapper\">\n<div class=\"brz-spacer brz-css-1uqudmt brz-css-1ev1fg5\"><\/div>\n<\/div>\n<div class=\"brz-row__container brz-css-rivxzt brz-css-11vvfzo\" data-brz-custom-id=\"fccazzssjxndhnayrvpmsquzlwhsdogllydt\">\n<div class=\"brz-bg\"><\/div>\n<div class=\"brz-row brz-css-cbh68x brz-css-1wzwvui\">\n<div class=\"brz-columns brz-css-sa2vnh brz-css-mr4m8b\" data-brz-custom-id=\"cfbraqyjiyocewjelrzpjqitongccadfcbeg\">\n<div class=\"brz-bg\"><\/div>\n<div class=\"brz-column__items brz-css-ni62c8 brz-css-cbmybi\">\n<div id=\"\" class=\"brz-css-18f6l76 brz-wrapper\">\n<div class=\"brz-rich-text brz-rich-text__custom brz-css-19zvuth\" data-brz-custom-id=\"pdsojaxmqjxeflusovxbjlsikcenxftsazdi\">\n<div data-brz-translate-text=\"1\">\n<h3 class=\"brz-tp-lg-heading3 brz-css-tCYGj\" data-uniq-id=\"qwhhn\" data-generated-css=\"brz-css-sfszw\"><strong class=\"brz-cp-color2\">Ortopedia<\/strong><\/h3>\n<\/div>\n<\/div>\n<\/div>\n<div id=\"\" class=\"brz-css-18f6l76 brz-wrapper\">\n<div class=\"brz-rich-text brz-rich-text__custom brz-css-19zvuth\" data-brz-custom-id=\"lbklvsvptrohbuepotytbeufhahrunrrxrjm\">\n<div data-brz-translate-text=\"1\">\n<h4 class=\"brz-tp-lg-heading4 brz-css-cRpFD\" data-generated-css=\"brz-css-sdavx\" data-uniq-id=\"krqde\"><span>Find Us Health Center<\/span><\/h4>\n<\/div>\n<\/div>\n<\/div>\n<\/div>\n<\/div>\n<div class=\"brz-columns brz-css-sa2vnh brz-css-1p5qyi7\" data-brz-custom-id=\"qzpwtkieaoothzidiykgixkrsxghrftevlac\">\n<div class=\"brz-bg\"><\/div>\n<div class=\"brz-column__items brz-css-ni62c8 brz-css-c00j5k\">\n<div class=\"brz-wrapper-clone brz-css-urpm5b\">\n<div class=\"brz-d-xs-flex brz-flex-xs-wrap brz-css-bx1dvx brz-css-1g2hoq6\" data-brz-custom-id=\"\">\n<div class=\"brz-wrapper-clone__item\" id=\"rajrfpagksnlitmihapjrzpvqtlhloxkzuze\">\n<div class=\"brz-icon__container\" data-brz-custom-id=\"rajrfpagksnlitmihapjrzpvqtlhloxkzuze\"><span class=\"brz-icon brz-span brz-css-1a1dwxc brz-css-1a8nh2s\"><\/span><\/div>\n<\/div>\n<\/div>\n<\/div>\n<\/div>\n<\/div>\n<\/div>\n<\/div>\n<div id=\"\" class=\"brz-css-18f6l76 brz-wrapper\">\n<div class=\"brz-rich-text brz-rich-text__custom brz-css-19zvuth\" data-brz-custom-id=\"klkgcgnwxffgnvvhbkhlqjjzsjatqaednimm\">\n<div data-brz-translate-text=\"1\">\n<p class=\"brz-tp-lg-paragraph brz-css-akid2\" data-uniq-id=\"ougeu\" data-generated-css=\"brz-css-cnubn\"><span>KONTAKTIEREN SIE UNSOrtapedia : Ein umfassender Leitfaden zur orthop\u00e4dischen Versorgung<\/span><\/p>\n<\/div>\n<\/div>\n<\/div>\n<div id=\"\" class=\"brz-css-18f6l76 brz-wrapper\">\n<div class=\"brz-rich-text brz-rich-text__custom brz-css-19zvuth\" data-brz-custom-id=\"gmyjtgduqafbwuirsfbulwkozjsvywdllxce\">\n<div data-brz-translate-text=\"1\">\n<p class=\"brz-tp-lg-paragraph brz-css-e6cin\" data-uniq-id=\"mralg\" data-generated-css=\"brz-css-fipfd\"><span>Mit zunehmendem Alter werden unsere Knochen und Gelenke anf\u00e4lliger f\u00fcr Abnutzung und Verschlei\u00df, was zu einer Vielzahl orthop\u00e4discher Probleme f\u00fchrt. Egal, ob Sie mit einer Sportverletzung oder chronischen Gelenkschmerzen zu k\u00e4mpfen haben, die orthop\u00e4dische Versorgung kann Ihnen helfen, Ihre Lebensqualit\u00e4t zu verbessern. In diesem Artikel geben wir Ihnen einen Einblick in die Welt der orthop\u00e4dischen Versorgung und die von Ortapedia angebotenen Leistungen.<\/span><\/p>\n<\/div>\n<\/div>\n<\/div>\n<\/div>\n<\/div>\n<\/section>\n<section id=\"_wqupqufhujlxxjisvwzojajcnndbsbryjzdy\" class=\"brz-section brz-css-qaccdw\">\n<div class=\"brz-section__content brz-section--boxed brz-css-9cgz59 brz-css-1kdle0j\" data-brz-custom-id=\"fhwhynlokdassbdrckuepzgtrkmrgjgyozvi\">\n<div class=\"brz-bg\">\n<div class=\"brz-bg-color\"><\/div>\n<\/div>\n<div class=\"brz-container brz-css-lcnm2x\">\n<div id=\"\" class=\"brz-css-18f6l76 brz-wrapper\">\n<div class=\"brz-rich-text brz-rich-text__custom brz-css-19zvuth\" data-brz-custom-id=\"rgwosadlogfkhygmcjvevmkcmtwldksqthoe\">\n<div data-brz-translate-text=\"1\">\n<p class=\"brz-tp-lg-paragraph brz-css-vIdBQ\" data-uniq-id=\"jvzhk\" data-generated-css=\"brz-css-epxkk\"><strong class=\"brz-cp-color7\">Unsere Dienstleistungen in der Abteilung Ortapedia<\/strong><\/p>\n<\/div>\n<\/div>\n<\/div>\n<div class=\"brz-row__container brz-css-rivxzt\" data-brz-custom-id=\"qokfvwbbbhligagwfafuihviqjeubzwhjueb\">\n<div class=\"brz-bg\"><\/div>\n<div class=\"brz-row brz-css-cbh68x brz-css-1wzwvui\">\n<div class=\"brz-columns brz-css-sa2vnh\" data-brz-custom-id=\"ratlrgifurnwifwadiayimnhizbjkundljes\">\n<div class=\"brz-bg\"><\/div>\n<div class=\"brz-column__items brz-css-ni62c8 brz-css-jnfi8c\">\n<div id=\"\" class=\"brz-css-18f6l76 brz-wrapper\">\n<div class=\"brz-rich-text brz-rich-text__custom brz-css-19zvuth\" data-brz-custom-id=\"galnhhooirjgdpahmpqpdmdyhlzxzclgefno\">\n<div data-brz-translate-text=\"1\">\n<p class=\"brz-ft-upload brz-fs-lg-16 brz-fss-lg-px brz-fw-lg-400 brz-ls-lg-0 brz-lh-lg-1_9 brz-tp-lg-empty brz-ff-enqmzdbzxbgylolsjadsfjxunpbkpfxobhlf brz-css-alFGq\" data-generated-css=\"brz-css-ovuoi\" data-uniq-id=\"mfdnf\"><strong class=\"brz-cp-color2\">Was ist Ortapedia?<\/strong><\/p>\n<p class=\"brz-tp-lg-paragraph brz-css-qwYAS\" data-generated-css=\"brz-css-mnhmb\" data-uniq-id=\"llown\">Ortapedia ist ein umfassender orthop\u00e4discher Pflegedienst der Patienten mit Erkrankungen des Bewegungsapparates die eine Reihe von Dienstleistungen anbietet. Das Ziel von Ortapedia ist den Patienten mit orthop\u00e4dischen Problemen, die von kleineren Verletzungen bis hin zu komplexen Operationen reichen, eine individuelle Betreuung zu bieten. Orthop\u00e4dische Dienstleistungen von Ortapedia bietet eine breite Palette von orthop\u00e4dischen Dienstleistungen an, um den Patienten zu optimaler Gesundheit und Wohlbefinden zu verhelfen. Zu den von Ortapedia angebotenen Leistungen geh\u00f6ren unter anderem:<\/p>\n<\/div>\n<\/div>\n<\/div>\n<div id=\"\" class=\"brz-css-18f6l76 brz-wrapper\">\n<div class=\"brz-accordion brz-css-1dcvko3 brz-css-rbewt7\" data-brz-duration=\"300\" data-brz-custom-id=\"xpyupwymdbrvybbcayceirgixrvaqdeelfqf\">\n<div class=\"brz-accordion__item brz-accordion__item--active\">\n<div class=\"brz-accordion__nav\" data-brz-collapsible=\"on\"><span data-brz-translate-text=\"1\" class=\"brz-accordion__nav-title brz-span brz-text__editor\">Diagnose und Behandlung von orthop\u00e4dischen Erkrankungen<\/span><\/div>\n<div class=\"brz-accordion__content brz-d-xs-flex brz-flex-xs-column\">\n<div class=\"brz-accordion__item-content brz-d-xs-flex brz-flex-xs-column\">\n<div id=\"\" class=\"brz-css-18f6l76 brz-wrapper\">\n<div class=\"brz-rich-text brz-rich-text__custom brz-css-19zvuth\" data-brz-custom-id=\"diiifcxkplkpvhxkobdkjwyhkypdvojofvay\">\n<div data-brz-translate-text=\"1\">\n<p class=\"brz-lh-lg-1_9 brz-ls-lg-0 brz-fw-lg-400 brz-fss-lg-px brz-fs-lg-16 brz-ft-upload brz-ff-mruflzjvtzjxcnwqyqqtvvgobqvnixkyfskc brz-tp-lg-empty brz-css-sPNpo\" data-uniq-id=\"zynbj\" data-generated-css=\"brz-css-gnpri\"><span class=\"brz-cp-color2\">Bei Ortapedia diagnostiziert und behandelt ein Team erfahrener Orthop\u00e4den verschiedene orthop\u00e4dische Erkrankungen wie Arthrose, Frakturen und Verrenkungen. Sie verwenden fortschrittliche Diagnoseinstrumente und bildgebende Verfahren, um eine genaue Diagnose zu stellen und einen individuellen Behandlungsplan f\u00fcr jeden Patienten zu entwickeln.<\/span><\/p>\n<\/div>\n<\/div>\n<\/div>\n<\/div>\n<\/div>\n<\/div>\n<div class=\"brz-accordion__item\">\n<div class=\"brz-accordion__nav\" data-brz-collapsible=\"on\"><span data-brz-translate-text=\"1\" class=\"brz-accordion__nav-title brz-span brz-text__editor\">Sportmedizin<\/span><\/div>\n<div class=\"brz-accordion__content brz-d-xs-flex brz-flex-xs-column\">\n<div class=\"brz-accordion__item-content brz-d-xs-flex brz-flex-xs-column\">\n<div id=\"\" class=\"brz-css-18f6l76 brz-wrapper\">\n<div class=\"brz-rich-text brz-rich-text__custom brz-css-19zvuth\" data-brz-custom-id=\"knmrwwnddvuubxkdnlxgbmjadvtsnjfysfzb\">\n<div data-brz-translate-text=\"1\">\n<p class=\"brz-tp-lg-paragraph brz-css-b4UTw\" data-uniq-id=\"wawis\" data-generated-css=\"brz-css-rtdvt\"><span class=\"brz-cp-color2\">Ortapedia ist auch auf Sportmedizin spezialisiert und bietet Behandlungen f\u00fcr sportbedingte Verletzungen wie Kreuzbandrisse, Risse der Rotatorenmanschette und Tennisarm an. Ziel ist es, den Patienten zu helfen, sich von ihren Verletzungen zu erholen und so schnell wie m\u00f6glich zu ihren Lieblingssportarten zur\u00fcckzukehren.<\/span><\/p>\n<\/div>\n<\/div>\n<\/div>\n<\/div>\n<\/div>\n<\/div>\n<div class=\"brz-accordion__item\">\n<div class=\"brz-accordion__nav\" data-brz-collapsible=\"on\"><span data-brz-translate-text=\"1\" class=\"brz-accordion__nav-title brz-span brz-text__editor\">Chirurgie zum Gelenkersatz<\/span><\/div>\n<div class=\"brz-accordion__content brz-d-xs-flex brz-flex-xs-column\">\n<div class=\"brz-accordion__item-content brz-d-xs-flex brz-flex-xs-column\">\n<div id=\"\" class=\"brz-css-18f6l76 brz-wrapper\">\n<div class=\"brz-rich-text brz-rich-text__custom brz-css-19zvuth\" data-brz-custom-id=\"retnxmygwkyswwuxcdwkjqeoiunwxnxmcjcq\">\n<div data-brz-translate-text=\"1\">\n<p class=\"brz-tp-lg-paragraph brz-css-cdHy6\" data-generated-css=\"brz-css-owxuc\" data-uniq-id=\"bybkb\"><span class=\"brz-cp-color2\">F\u00fcr Patienten, die unter chronischen Gelenkschmerzen leiden, kann eine Gelenkersatzoperation eine wirksame L\u00f6sung sein. Ortapedia bietet Gelenkersatzoperationen f\u00fcr Knie, H\u00fcften und Schultern an, bei denen die neuesten chirurgischen Techniken und Technologien zum Einsatz kommen.<\/span><\/p>\n<\/div>\n<\/div>\n<\/div>\n<\/div>\n<\/div>\n<\/div>\n<div class=\"brz-accordion__item\">\n<div class=\"brz-accordion__nav\" data-brz-collapsible=\"on\"><span data-brz-translate-text=\"1\" class=\"brz-accordion__nav-title brz-span brz-text__editor\">Physikalische Therapie und Rehabilitation<\/span><\/div>\n<div class=\"brz-accordion__content brz-d-xs-flex brz-flex-xs-column\">\n<div class=\"brz-accordion__item-content brz-d-xs-flex brz-flex-xs-column\">\n<div id=\"\" class=\"brz-css-18f6l76 brz-wrapper\">\n<div class=\"brz-rich-text brz-rich-text__custom brz-css-19zvuth\" data-brz-custom-id=\"lfbhhvqxtkpqiyxvojevrmmqaqowgmotaybf\">\n<div data-brz-translate-text=\"1\">\n<p class=\"brz-tp-lg-paragraph brz-css-weJDw\" data-uniq-id=\"iyjmm\" data-generated-css=\"brz-css-rdpkz\"><span class=\"brz-cp-color2\">Um den Patienten zu helfen, ihre Kraft und Mobilit\u00e4t nach einer Verletzung oder Operation wiederzuerlangen, bietet Ortapedia physikalische Therapie- und Rehabilitationsleistungen an. Diese Leistungen sollen den Patienten helfen, sich zu erholen und zu ihren normalen t\u00e4glichen Aktivit\u00e4ten zur\u00fcckzukehren.<\/span><\/p>\n<\/div>\n<\/div>\n<\/div>\n<\/div>\n<\/div>\n<\/div>\n<div class=\"brz-accordion__item\">\n<div class=\"brz-accordion__nav\" data-brz-collapsible=\"on\"><span data-brz-translate-text=\"1\" class=\"brz-accordion__nav-title brz-span brz-text__editor\">Wirbels\u00e4ulenbehandlung<\/span><\/div>\n<div class=\"brz-accordion__content brz-d-xs-flex brz-flex-xs-column\">\n<div class=\"brz-accordion__item-content brz-d-xs-flex brz-flex-xs-column\">\n<div id=\"\" class=\"brz-css-18f6l76 brz-wrapper\">\n<div class=\"brz-rich-text brz-rich-text__custom brz-css-19zvuth\" data-brz-custom-id=\"qghhrbrwqyrqdueedehbkbrtoyymekmwbdms\">\n<div data-brz-translate-text=\"1\">\n<p class=\"brz-tp-lg-paragraph brz-css-lnYdA\" data-generated-css=\"brz-css-xwnwn\" data-uniq-id=\"uklni\"><span class=\"brz-cp-color2\">Ortapedia ist auch auf die Wirbels\u00e4ulenbehandlung spezialisiert und bietet Diagnose und Behandlung f\u00fcr verschiedene Wirbels\u00e4ulenerkrankungen wie Bandscheibenvorf\u00e4lle, Spinalkanalstenose und Skoliose. Ziel ist es, die Patienten bei der Bew\u00e4ltigung ihrer Wirbels\u00e4ulenprobleme zu unterst\u00fctzen und ihre Lebensqualit\u00e4t zu verbessern.<\/span><\/p>\n<\/div>\n<\/div>\n<\/div>\n<\/div>\n<\/div>\n<\/div>\n<\/div>\n<\/div>\n<\/div>\n<\/div>\n<div class=\"brz-columns brz-css-sa2vnh\" data-brz-custom-id=\"pxruhsepqocszgoodfmyagmfwclpivecpbyy\">\n<div class=\"brz-bg\"><\/div>\n<div class=\"brz-column__items brz-css-ni62c8\">\n<div id=\"\" class=\"brz-css-18f6l76 brz-wrapper\">\n<div class=\"brz-image brz-css-lqnyt5 brz-css-6eebgl\" data-brz-custom-id=\"uvcdtzcpvpjkkxwchyjweuuzzziyoyhpqwcc\"><img decoding=\"async\" class=\"brz-img\" src=\"https:\/\/findushealth.com\/de?brizy_media=wp-434eaf2f17e5d61fae31f24acd792b2c.jpg&amp;brizy_crop=original\" alt=\"\" loading=\"lazy\"><\/div>\n<\/div>\n<\/div>\n<\/div>\n<\/div>\n<\/div>\n<div id=\"\" class=\"brz-css-18f6l76 brz-wrapper\">\n<div class=\"brz-line brz-line-default brz-css-9pt5vt brz-css-1b8pzy\" data-brz-custom-id=\"bhivbozxtgdqwsdfexbqmqdgspcvckcpacaz\">\n<hr class=\"brz-hr\"><\/div>\n<\/div>\n<\/div>\n<\/div>\n<\/section>\n<section id=\"_reufgimznwnjhmtbdepdhmojkgedxaizqrmy\" class=\"brz-section brz-css-qaccdw\">\n<div class=\"brz-section__content brz-section--boxed brz-css-9cgz59 brz-css-1qvkwjr\" data-brz-custom-id=\"kiqrpnpvkrtxafuovsarywsruwghouppuxvy\">\n<div class=\"brz-bg\">\n<div class=\"brz-bg-color\"><\/div>\n<\/div>\n<div class=\"brz-container brz-css-lcnm2x\">\n<div class=\"brz-row__container brz-css-rivxzt\" data-brz-custom-id=\"mkcjtralpyaipvmdruelycyhwqshlxnonhms\">\n<div class=\"brz-bg\"><\/div>\n<div class=\"brz-row brz-css-cbh68x brz-css-1wzwvui\">\n<div class=\"brz-columns brz-css-sa2vnh\" data-brz-custom-id=\"ftamkolhyzjzenvsfswqpahrawcjwujygrdn\">\n<div class=\"brz-bg\"><\/div>\n<div class=\"brz-column__items brz-css-ni62c8\">\n<div id=\"\" class=\"brz-css-18f6l76 brz-wrapper\">\n<div class=\"brz-image brz-css-54wh44 brz-css-79dxy5\" data-brz-custom-id=\"rnljighzvqzcpqkdktpcgyatmxuzycqntcwm\"><img decoding=\"async\" class=\"brz-img\" src=\"https:\/\/findushealth.com\/de?brizy_media=wp-198bfc56d15ac7f8d87cbb417a04f598.jpg&amp;brizy_crop=original\" alt=\"\" loading=\"lazy\"><\/div>\n<\/div>\n<\/div>\n<\/div>\n<div class=\"brz-columns brz-css-sa2vnh\" data-brz-custom-id=\"evtewcikowvvjglmeflqvjrbrfcylypwwjac\">\n<div class=\"brz-bg\"><\/div>\n<div class=\"brz-column__items brz-css-ni62c8 brz-css-1r3a81\">\n<div id=\"\" class=\"brz-css-18f6l76 brz-wrapper\">\n<div class=\"brz-rich-text brz-rich-text__custom brz-css-19zvuth\" data-brz-custom-id=\"vzzoslepykeizjcuxxohveajamjetvpdvblg\">\n<div data-brz-translate-text=\"1\">\n<p class=\"brz-tp-lg-paragraph brz-css-qSOra\" data-generated-css=\"brz-css-yrhux\" data-uniq-id=\"vkqfg\"><strong class=\"brz-cp-color7\">Warum Ortapedia f\u00fcr Ihre orthop\u00e4dische Versorgung w\u00e4hlen?<\/strong><\/p>\n<p class=\"brz-tp-lg-paragraph brz-css-sos3X\" data-generated-css=\"brz-css-cxrff\" data-uniq-id=\"nmott\">Ortapedia ist bestrebt, Patienten aller Altersgruppen eine pers\u00f6nliche, einf\u00fchlsame und hochwertige orthop\u00e4dische Versorgung zu bieten. Hier sind einige Gr\u00fcnde, warum Sie Ortapedia f\u00fcr Ihre orthop\u00e4dische Versorgung w\u00e4hlen sollten:<\/p>\n<\/div>\n<\/div>\n<\/div>\n<div id=\"\" class=\"brz-css-18f6l76 brz-wrapper\">\n<div class=\"brz-accordion brz-css-1dcvko3 brz-css-1vyk7oh\" data-brz-duration=\"300\" data-brz-custom-id=\"kmovrguwrrcnxjtxrucjzrkhoslsqixkonum\">\n<div class=\"brz-accordion__item brz-accordion__item--active\">\n<div class=\"brz-accordion__nav\" data-brz-collapsible=\"on\"><span data-brz-translate-text=\"1\" class=\"brz-accordion__nav-title brz-span brz-text__editor\">Erfahrene Orthop\u00e4diespezialisten<br \/>\n<\/span><\/div>\n<div class=\"brz-accordion__content brz-d-xs-flex brz-flex-xs-column\">\n<div class=\"brz-accordion__item-content brz-d-xs-flex brz-flex-xs-column\">\n<div id=\"\" class=\"brz-css-18f6l76 brz-wrapper\">\n<div class=\"brz-rich-text brz-rich-text__custom brz-css-19zvuth\" data-brz-custom-id=\"ysvprlavpclwcfmwfgzqbvbujvzdbvwcqhpi\">\n<div data-brz-translate-text=\"1\">\n<p class=\"brz-tp-lg-paragraph brz-css-aHvli\" data-uniq-id=\"ojldg\" data-generated-css=\"brz-css-umfcj\"><span class=\"brz-cp-color2\">Ortapedia verf\u00fcgt \u00fcber ein Team von erfahrenen Orthop\u00e4den, die in den neuesten Techniken und Technologien geschult sind. Sie sind bestrebt, jedem Patienten die bestm\u00f6gliche Behandlung zukommen zu lassen.<\/span><\/p>\n<\/div>\n<\/div>\n<\/div>\n<\/div>\n<\/div>\n<\/div>\n<div class=\"brz-accordion__item\">\n<div class=\"brz-accordion__nav\" data-brz-collapsible=\"on\"><span data-brz-translate-text=\"1\" class=\"brz-accordion__nav-title brz-span brz-text__editor\">Hochmoderne Einrichtungen<\/span><\/div>\n<div class=\"brz-accordion__content brz-d-xs-flex brz-flex-xs-column\">\n<div class=\"brz-accordion__item-content brz-d-xs-flex brz-flex-xs-column\">\n<div id=\"\" class=\"brz-css-18f6l76 brz-wrapper\">\n<div class=\"brz-rich-text brz-rich-text__custom brz-css-19zvuth\" data-brz-custom-id=\"hvstpmfhmsunibuaokfdxchiuoawbjoczbko\">\n<div data-brz-translate-text=\"1\">\n<p class=\"brz-text-lg-justify brz-tp-lg-paragraph brz-css-u7xjN\" data-uniq-id=\"jtorv\" data-generated-css=\"brz-css-urkxf\"><span class=\"brz-cp-color2\">Ortapedia verf\u00fcgt \u00fcber hochmoderne Einrichtungen, die mit den neuesten Diagnoseinstrumenten und bildgebenden Verfahren ausgestattet sind. Dies erm\u00f6glicht eine genaue Diagnose und wirksame Behandlung orthop\u00e4discher Erkrankungen.<\/span><\/p>\n<\/div>\n<\/div>\n<\/div>\n<\/div>\n<\/div>\n<\/div>\n<div class=\"brz-accordion__item\">\n<div class=\"brz-accordion__nav\" data-brz-collapsible=\"on\"><span data-brz-translate-text=\"1\" class=\"brz-accordion__nav-title brz-span brz-text__editor\">Umfassende Versorgung<\/span><\/div>\n<div class=\"brz-accordion__content brz-d-xs-flex brz-flex-xs-column\">\n<div class=\"brz-accordion__item-content brz-d-xs-flex brz-flex-xs-column\">\n<div id=\"\" class=\"brz-css-18f6l76 brz-wrapper\">\n<div class=\"brz-rich-text brz-rich-text__custom brz-css-19zvuth\" data-brz-custom-id=\"pybfcemuanfueciaelkxnzpboponpqxnefrp\">\n<div data-brz-translate-text=\"1\">\n<p class=\"brz-tp-lg-paragraph brz-css-qZtkz\" data-generated-css=\"brz-css-kyfiy\" data-uniq-id=\"xjgam\"><span class=\"brz-cp-color2\">Ortapedia bietet eine umfassende Versorgung f\u00fcr alle Arten von orthop\u00e4dischen Erkrankungen, von kleineren Verletzungen bis hin zu komplexen Operationen. Das bedeutet, dass die Patienten die gesamte ben\u00f6tigte Behandlung an einem Ort erhalten k\u00f6nnen.<\/span><\/p>\n<\/div>\n<\/div>\n<\/div>\n<\/div>\n<\/div>\n<\/div>\n<div class=\"brz-accordion__item\">\n<div class=\"brz-accordion__nav\" data-brz-collapsible=\"on\"><span data-brz-translate-text=\"1\" class=\"brz-accordion__nav-title brz-span brz-text__editor\">Pers\u00f6nliche Behandlung<br \/>\n<\/span><\/div>\n<div class=\"brz-accordion__content brz-d-xs-flex brz-flex-xs-column\">\n<div class=\"brz-accordion__item-content brz-d-xs-flex brz-flex-xs-column\">\n<div id=\"\" class=\"brz-css-18f6l76 brz-wrapper\">\n<div class=\"brz-rich-text brz-rich-text__custom brz-css-19zvuth\" data-brz-custom-id=\"lrnqwwsfmxzngnzaxkzusxixmpaumutniznd\">\n<div data-brz-translate-text=\"1\">\n<p class=\"brz-tp-lg-paragraph brz-css-ehiwc\" data-generated-css=\"brz-css-knqui\" data-uniq-id=\"dyqqa\"><span class=\"brz-cp-color2\">Ortapedia entwickelt f\u00fcr jeden Patienten einen pers\u00f6nlichen Behandlungsplan, der seine individuellen Bed\u00fcrfnisse und Ziele ber\u00fccksichtigt. Dadurch wird sichergestellt, dass die Patienten die bestm\u00f6gliche Behandlung erhalten und optimale gesundheitliche Ergebnisse erzielen.<\/span><\/p>\n<\/div>\n<\/div>\n<\/div>\n<\/div>\n<\/div>\n<\/div>\n<\/div>\n<\/div>\n<\/div>\n<\/div>\n<\/div>\n<\/div>\n<div id=\"\" class=\"brz-css-18f6l76 brz-wrapper\">\n<div class=\"brz-line brz-line-default brz-css-9pt5vt brz-css-5oxkxr\" data-brz-custom-id=\"undwalmudjvveihezftqfrbiwfwchhlfxhrd\">\n<hr class=\"brz-hr\"><\/div>\n<\/div>\n<div class=\"brz-row__container brz-css-rivxzt\" data-brz-custom-id=\"flxypmusooopfyzajagoedevxbkzpzbvzyle\">\n<div class=\"brz-bg\"><\/div>\n<div class=\"brz-row brz-css-cbh68x brz-css-1wzwvui\">\n<div class=\"brz-columns brz-css-sa2vnh brz-css-mg3ipy\" data-brz-custom-id=\"rfhwsrdtazrgyvzzdcwnorzkgcthigglywry\">\n<div class=\"brz-bg\"><\/div>\n<div class=\"brz-column__items brz-css-ni62c8\">\n<div id=\"\" class=\"brz-css-18f6l76 brz-wrapper\">\n<div class=\"brz-rich-text brz-rich-text__custom brz-css-19zvuth\" data-brz-custom-id=\"lidminfazbfkuxxngvnhgqofucwspmjunihf\">\n<div data-brz-translate-text=\"1\">\n<p class=\"brz-tp-lg-paragraph brz-css-v8irg\" data-generated-css=\"brz-css-zthpn\" data-uniq-id=\"fvypp\"><strong class=\"brz-cp-color2\">Schlussfolgerung<\/strong><\/p>\n<\/div>\n<\/div>\n<\/div>\n<div id=\"\" class=\"brz-css-18f6l76 brz-css-wwmyqp brz-wrapper\">\n<div class=\"brz-rich-text brz-rich-text__custom brz-css-19zvuth\" data-brz-custom-id=\"ltquhrxsybdrkuknxngzfzuvputztsvqzxpa\">\n<div data-brz-translate-text=\"1\">\n<p class=\"brz-tp-lg-paragraph brz-css-vk_Qb\" data-uniq-id=\"eidkz\" data-generated-css=\"brz-css-qidoq\"><span class=\"brz-cp-color7\">Die orthop\u00e4dische Versorgung ist f\u00fcr jeden, der an Erkrankungen des Bewegungsapparates leidet, unerl\u00e4sslich. Ortapedia bietet eine Reihe von orthop\u00e4dischen Leistungen an, von der Diagnose und Behandlung orthop\u00e4discher Erkrankungen bis hin zu Physiotherapie und Rehabilitation.<\/span><\/p>\n<\/div>\n<\/div>\n<\/div>\n<\/div>\n<\/div>\n<div class=\"brz-columns brz-css-sa2vnh brz-css-3k7tt8\" data-brz-custom-id=\"tnzfqkfiwxfmivdfluvgyuamiyivwhurhnay\">\n<div class=\"brz-bg\"><\/div>\n<div class=\"brz-column__items brz-css-ni62c8\">\n<div id=\"\" class=\"brz-css-18f6l76 brz-wrapper\">\n<div class=\"brz-image brz-css-kt9qlv brz-css-1jx0shy\" data-brz-custom-id=\"oxjhnhleafmadsrksfltizfoztbbdhiayfrg\"><img decoding=\"async\" class=\"brz-img\" src=\"https:\/\/findushealth.com\/de?brizy_media=wp-3130ded2c87b7243c7f448bba1548d06.jpg&amp;brizy_crop=original\" alt=\"\" loading=\"lazy\"><\/div>\n<\/div>\n<\/div>\n<\/div>\n<\/div>\n<\/div>\n<\/div>\n<\/div>\n<\/section>\n<\/div>\n<p>    <!-- version:1738698527 --><\/p>\n","protected":false},"excerpt":{"rendered":"<p>Ortopedia Find Us Health Center KONTAKTIEREN SIE UNSOrtapedia : Ein umfassender Leitfaden zur orthop\u00e4dischen Versorgung Mit zunehmendem Alter werden unsere Knochen und Gelenke anf\u00e4lliger f\u00fcr Abnutzung und Verschlei\u00df, was zu einer Vielzahl orthop\u00e4discher Probleme f\u00fchrt. Egal, ob Sie mit einer Sportverletzung oder chronischen Gelenkschmerzen zu k\u00e4mpfen haben, die orthop\u00e4dische Versorgung kann Ihnen helfen, Ihre Lebensqualit\u00e4t [&hellip;]<\/p>\n","protected":false},"author":1,"featured_media":0,"parent":1117,"menu_order":0,"comment_status":"closed","ping_status":"closed","template":"","meta":{"footnotes":""},"class_list":["post-12021","page","type-page","status-publish","hentry"],"blocksy_meta":[],"_links":{"self":[{"href":"https:\/\/findushealth.com\/de\/wp-json\/wp\/v2\/pages\/12021","targetHints":{"allow":["GET"]}}],"collection":[{"href":"https:\/\/findushealth.com\/de\/wp-json\/wp\/v2\/pages"}],"about":[{"href":"https:\/\/findushealth.com\/de\/wp-json\/wp\/v2\/types\/page"}],"author":[{"embeddable":true,"href":"https:\/\/findushealth.com\/de\/wp-json\/wp\/v2\/users\/1"}],"replies":[{"embeddable":true,"href":"https:\/\/findushealth.com\/de\/wp-json\/wp\/v2\/comments?post=12021"}],"version-history":[{"count":0,"href":"https:\/\/findushealth.com\/de\/wp-json\/wp\/v2\/pages\/12021\/revisions"}],"up":[{"embeddable":true,"href":"https:\/\/findushealth.com\/de\/wp-json\/wp\/v2\/pages\/1117"}],"wp:attachment":[{"href":"https:\/\/findushealth.com\/de\/wp-json\/wp\/v2\/media?parent=12021"}],"curies":[{"name":"wp","href":"https:\/\/api.w.org\/{rel}","templated":true}]}}