{"id":1251,"date":"2022-08-28T20:52:06","date_gmt":"2022-08-28T17:52:06","guid":{"rendered":"https:\/\/drmakclinic.com\/?page_id=1251"},"modified":"2025-02-02T01:07:07","modified_gmt":"2025-02-01T22:07:07","slug":"dental-treatments","status":"publish","type":"page","link":"https:\/\/findushealth.com\/de\/procedures\/dental-treatments\/","title":{"rendered":"Dental Treatments"},"content":{"rendered":"<div class=\"brz-root__container brz-reset-all brz brz-root__container-page\">\n<section id=\"_qathtdiihxpfzcymtkuubjxwtzgwodozmyuq\" class=\"brz-section brz-css-1mt2tfq\">\n<div class=\"brz-section__content brz-section--boxed brz-css-1utfhjs brz-css-bga90m\" data-brz-custom-id=\"znptkxlaigmymkvkkodbzooaffgvoyuzspeb\">\n<div class=\"brz-bg\">\n<div class=\"brz-bg-color\"><\/div>\n<\/div>\n<div class=\"brz-container brz-css-11wtv8\">\n<div id=\"\" class=\"brz-css-gdxpt0 brz-css-glzc98 brz-wrapper\">\n<div class=\"brz-line brz-line-default brz-css-1qrti2a brz-css-6dlpv1\" data-brz-custom-id=\"qirxeljxfxlxvamshkvohraqueyknvqnkfcm\">\n<hr class=\"brz-hr\"><\/div>\n<\/div>\n<div id=\"\" class=\"brz-css-gdxpt0 brz-css-x729hq brz-css-1tzxs47 brz-wrapper\">\n<div class=\"brz-spacer brz-css-o64oga brz-css-1hvfjfc\"><\/div>\n<\/div>\n<div class=\"brz-row__container brz-css-1sz1m1e brz-css-11am60i\" data-brz-custom-id=\"euoszbygdtnymiwmnqfvoppeollncqfznfmc\">\n<div class=\"brz-bg\"><\/div>\n<div class=\"brz-row brz-css-tediy1 brz-css-5j5syx\">\n<div class=\"brz-columns brz-css-188r5n7 brz-css-10mc1uo\" data-brz-custom-id=\"vlolfevgsfhczoaeqixgqpxbzicpbjjbunju\">\n<div class=\"brz-bg\"><\/div>\n<div class=\"brz-column__items brz-css-116nx9j brz-css-o5ahfj\">\n<div id=\"\" class=\"brz-css-gdxpt0 brz-wrapper\">\n<div class=\"brz-rich-text brz-rich-text__custom brz-css-1ylfgbr\" data-brz-custom-id=\"eticqmanhjnejmwvhkylynrwnuxwttidofip\">\n<div data-brz-translate-text=\"1\">\n<h3 class=\"brz-tp-lg-heading3 brz-text-xs-center brz-css-loIWL\" data-uniq-id=\"dybwn\" data-generated-css=\"brz-css-ncduv\"><span>Dental Treatments<\/span><\/h3>\n<\/div>\n<\/div>\n<\/div>\n<div id=\"\" class=\"brz-css-gdxpt0 brz-wrapper\">\n<div class=\"brz-rich-text brz-rich-text__custom brz-css-1ylfgbr\" data-brz-custom-id=\"dprlijthothbrmnqcvwwxabakygytnlquwki\">\n<div data-brz-translate-text=\"1\">\n<h4 class=\"brz-tp-lg-heading4 brz-text-xs-center brz-css-adgnb\" data-generated-css=\"brz-css-xvhwm\" data-uniq-id=\"yytnc\"><span>Find Us Health<\/span><\/h4>\n<\/div>\n<\/div>\n<\/div>\n<\/div>\n<\/div>\n<div class=\"brz-columns brz-css-188r5n7 brz-css-106ycgc\" data-brz-custom-id=\"mrdielsjyyzohhuuvfxnuwjmermhduindoio\">\n<div class=\"brz-bg\"><\/div>\n<div class=\"brz-column__items brz-css-116nx9j brz-css-1rqgu40\">\n<div class=\"brz-wrapper-clone brz-css-1pkb2ic\">\n<div class=\"brz-d-xs-flex brz-flex-xs-wrap brz-css-zt6tgj brz-css-1qyftvy\" data-brz-custom-id=\"\">\n<div class=\"brz-wrapper-clone__item\" id=\"nhlgxcdrkzqkqvnvfxpkokdqnandzyayspeq\">\n<div class=\"brz-icon__container\" data-brz-custom-id=\"nhlgxcdrkzqkqvnvfxpkokdqnandzyayspeq\"><span class=\"brz-icon brz-span brz-css-26uo25 brz-css-2x36dq\"><\/span><\/div>\n<\/div>\n<\/div>\n<\/div>\n<\/div>\n<\/div>\n<\/div>\n<\/div>\n<\/div>\n<\/div>\n<\/section>\n<section id=\"_ovybndxaqhhtzcdiuxzahiimrdwpqxdrvvmg\" class=\"brz-section brz-css-1mt2tfq\">\n<div class=\"brz-section__content brz-section--boxed brz-css-1utfhjs brz-css-1kww5s0\" data-brz-custom-id=\"keymtonkeittlnbmxsfvqlkwwakkunmmrtlx\">\n<div class=\"brz-bg\">\n<div class=\"brz-bg-color\"><\/div>\n<\/div>\n<div class=\"brz-container brz-css-11wtv8\">\n<div class=\"brz-row__container brz-css-1sz1m1e\" data-brz-custom-id=\"shcjeqehvqoblsfedpsufiwnmltorbjzvcnz\">\n<div class=\"brz-bg\"><\/div>\n<div class=\"brz-row brz-css-tediy1 brz-css-5j5syx\">\n<div class=\"brz-columns brz-css-188r5n7 brz-css-4uo8jo\" data-brz-custom-id=\"qczoafvgjbmpnylvqbkicgmbupyiwfnozvwi\">\n<div class=\"brz-bg\"><\/div>\n<div class=\"brz-column__items brz-css-116nx9j brz-css-vbyogy\">\n<div id=\"\" class=\"brz-css-gdxpt0 brz-css-1djgjgj brz-wrapper\">\n<div class=\"brz-rich-text brz-rich-text__custom brz-css-1ylfgbr\" data-brz-custom-id=\"nygziamvbehvfwdvzskhpqbhchigadywbpri\">\n<div data-brz-translate-text=\"1\">\n<p class=\"brz-text-lg-center brz-fw-lg-400 brz-fss-lg-px brz-fs-lg-14 brz-ft-upload brz-ff-wezyasbxuqgubgesyrpopjmxdwuuvjhpghzy brz-tp-lg-empty brz-lh-lg-1_5 brz-ls-lg-1_1 brz-css-ye7ZY\" data-uniq-id=\"qrlcv\" data-generated-css=\"brz-css-zyjdq\"><span>Find Us HEALTH SERVICES<\/span><\/p>\n<\/div>\n<\/div>\n<\/div>\n<div id=\"\" class=\"brz-css-gdxpt0 brz-css-c7mxh9 brz-wrapper\">\n<div class=\"brz-rich-text brz-rich-text__custom brz-css-1ylfgbr\" data-brz-custom-id=\"rxjpqbdkkgcpdngsbsivlrfvrouvktnakshr\">\n<div data-brz-translate-text=\"1\">\n<p class=\"brz-text-lg-center brz-tp-lg-empty brz-lh-lg-1_3 brz-ls-lg-m_1_5 brz-fw-lg-600 brz-fss-lg-px brz-fs-lg-32 brz-ft-upload brz-ff-xhmjbvrqbkqlffzvfmiyjgkwowqvkjfotwxd brz-css-jUmOQ\" data-uniq-id=\"ovyge\" data-generated-css=\"brz-css-mpero\"><span>W\u00e4hlen Sie Ihr zahn\u00e4rztliches Verfahren<\/span><\/p>\n<\/div>\n<\/div>\n<\/div>\n<\/div>\n<\/div>\n<\/div>\n<\/div>\n<div id=\"\" class=\"brz-css-gdxpt0 brz-css-x729hq brz-wrapper\">\n<div class=\"brz-spacer brz-css-o64oga brz-css-1jezrdl\"><\/div>\n<\/div>\n<div class=\"brz-row__container brz-css-1sz1m1e\" data-brz-custom-id=\"vleydjcuwnhwsnhsghhdasdlyksledryinof\">\n<div class=\"brz-bg\"><\/div>\n<div class=\"brz-row brz-css-tediy1 brz-css-1dazz4u\">\n<div class=\"brz-columns brz-css-188r5n7 brz-css-8yeabh\" data-brz-custom-id=\"bfodjjqnvnrwdgbvlkdbqdnhmpwvsnpycelz\">\n<div class=\"brz-bg\"><\/div>\n<div class=\"brz-column__items brz-css-116nx9j brz-css-c4wfl1\">\n<div id=\"\" class=\"brz-css-gdxpt0 brz-css-4489nk brz-wrapper\">\n<div class=\"brz-image brz-css-1etts4e brz-css-dz1k3y\" data-brz-custom-id=\"kkezkyymmxuauvsrowaevsehwpvsryjfbvzt\"><img decoding=\"async\" class=\"brz-img\" src=\"https:\/\/findushealth.com\/de?brizy_media=wp-ddfb1f6dc5f43a0b330bd79a916f69b2.jpg&amp;brizy_crop=iW%3D365%26iH%3D365%26oX%3D0%26oY%3D0%26cW%3D365%26cH%3D365\" alt=\"\" loading=\"lazy\"><\/div>\n<\/div>\n<div id=\"\" class=\"brz-css-gdxpt0 brz-css-4jh79u brz-wrapper\">\n<div class=\"brz-rich-text brz-rich-text__custom brz-css-1ylfgbr\" data-brz-custom-id=\"hokyoctmztpaxaccquhecmcjjosmmqdykulz\">\n<div data-brz-translate-text=\"1\">\n<p class=\"brz-text-lg-center brz-ff-xhmjbvrqbkqlffzvfmiyjgkwowqvkjfotwxd brz-ft-upload brz-fs-lg-32 brz-fss-lg-px brz-fw-lg-600 brz-ls-lg-m_1_5 brz-lh-lg-1_3 brz-tp-lg-empty brz-css-kvpfM\" data-generated-css=\"brz-css-lrqsc\" data-uniq-id=\"hjtae\"><span>Zahnimplantate<\/span><\/p>\n<\/div>\n<\/div>\n<\/div>\n<\/div>\n<p><a class=\"brz-a brz-container-link\" href=\"\/procedures\/dental-treatments\/dental-implants\/\" target=\"_self\" rel=\"noopener\" data-brz-link-type=\"external\"><\/a><\/div>\n<div class=\"brz-columns brz-css-188r5n7 brz-css-1hfa0qb\" data-brz-custom-id=\"ydaqwbhtbkadgtzwerusahtplmjvkppbgusi\">\n<div class=\"brz-bg\"><\/div>\n<div class=\"brz-column__items brz-css-116nx9j brz-css-17ycb44\">\n<div id=\"\" class=\"brz-css-gdxpt0 brz-css-1rovvhw brz-wrapper\">\n<div class=\"brz-image brz-css-1weoljy brz-css-1jcgvnj\" data-brz-custom-id=\"jhqpbvzphgxtbgrknxvselmkuwanbqcmwbpr\"><img decoding=\"async\" class=\"brz-img\" src=\"https:\/\/findushealth.com\/de?brizy_media=wp-9c8b30dc126ec1ebb0eb02aa4f33fc60.jpg&amp;brizy_crop=iW%3D360%26iH%3D540%26oX%3D0%26oY%3D101%26cW%3D360%26cH%3D360\" alt=\"\" loading=\"lazy\"><\/div>\n<\/div>\n<div id=\"\" class=\"brz-css-gdxpt0 brz-css-1y7bv71 brz-wrapper\">\n<div class=\"brz-rich-text brz-rich-text__custom brz-css-1ylfgbr\" data-brz-custom-id=\"oatypszbqbmjtpkfwvsqtfjhxsfgvoocibkc\">\n<div data-brz-translate-text=\"1\">\n<p class=\"brz-ff-xhmjbvrqbkqlffzvfmiyjgkwowqvkjfotwxd brz-ft-upload brz-fs-lg-32 brz-fss-lg-px brz-fw-lg-600 brz-ls-lg-m_1_5 brz-lh-lg-1_3 brz-tp-lg-empty brz-text-lg-center brz-css-y_tba\" data-generated-css=\"brz-css-pgtuq\" data-uniq-id=\"atnkh\"><span>Emax Kronen<\/span><\/p>\n<\/div>\n<\/div>\n<\/div>\n<\/div>\n<p><a class=\"brz-a brz-container-link\" href=\"\/procedures\/dental-treatments\/e-max-kronen\/\" target=\"_self\" rel=\"noopener\" data-brz-link-type=\"external\"><\/a><\/div>\n<div class=\"brz-columns brz-css-188r5n7 brz-css-1kzkr8\" data-brz-custom-id=\"binzfuyniccmgeebnnmodypfxdgntebenhwy\">\n<div class=\"brz-bg\"><\/div>\n<div class=\"brz-column__items brz-css-116nx9j brz-css-4l8u5n\">\n<div id=\"\" class=\"brz-css-gdxpt0 brz-css-t0hivg brz-wrapper\">\n<div class=\"brz-image brz-css-1jwhs1u brz-css-17cwojl\" data-brz-custom-id=\"fnyirbjanklinqacxuaajmxcuogdvtmxftii\"><a class=\"brz-a\" href=\"\/procedures\/dental-treatments\/zirconium-crowns\/\" target=\"_self\" rel=\"noopener\" data-brz-link-type=\"external\"><img decoding=\"async\" class=\"brz-img\" src=\"https:\/\/findushealth.com\/de?brizy_media=wp-9271efb5ae5e9f687df692334c5efbe9.jpg&amp;brizy_crop=iW%3D530%26iH%3D353%26oX%3D0%26oY%3D0%26cW%3D366%26cH%3D353\" alt=\"\" loading=\"lazy\"><\/a><\/div>\n<\/div>\n<div id=\"\" class=\"brz-css-gdxpt0 brz-css-zwwd0u brz-wrapper\">\n<div class=\"brz-rich-text brz-rich-text__custom brz-css-1ylfgbr\" data-brz-custom-id=\"igfggysrttnpcqckfifkalcbbkinjxnmxpwp\">\n<div data-brz-translate-text=\"1\">\n<p class=\"brz-text-lg-center brz-tp-lg-empty brz-lh-lg-1_3 brz-ls-lg-m_1_5 brz-fw-lg-600 brz-fss-lg-px brz-fs-lg-32 brz-ft-upload brz-ff-xhmjbvrqbkqlffzvfmiyjgkwowqvkjfotwxd brz-css-c2WWU\" data-uniq-id=\"ilcaf\" data-generated-css=\"brz-css-sbiwa\"><span>Zirkonkronen<\/span><\/p>\n<\/div>\n<\/div>\n<\/div>\n<\/div>\n<\/div>\n<\/div>\n<\/div>\n<\/div>\n<\/div>\n<\/section>\n<section id=\"_ydvwzdhbznimyspmnoylayniclnfrbgwspmg\" class=\"brz-section brz-css-1mt2tfq\">\n<div class=\"brz-section__content brz-section--boxed brz-css-1utfhjs brz-css-11y551r\" data-brz-custom-id=\"xubhvubmpemcvieptuxcfbalximwviquptmx\">\n<div class=\"brz-container brz-css-11wtv8 brz-css-xhlgqy\">\n<div id=\"\" class=\"brz-css-gdxpt0 brz-wrapper\">\n<div class=\"brz-rich-text brz-rich-text__custom brz-css-1ylfgbr\" data-brz-custom-id=\"nrgyqfxnvmoowwtnfxiedzuparwbwgsrllcu\">\n<div data-brz-translate-text=\"1\">\n<h3 class=\"brz-text-lg-center brz-tp-lg-heading3 brz-css-fS26T\" data-generated-css=\"brz-css-tucms\" data-uniq-id=\"nbmte\"><strong class=\"brz-cp-color7\">Zahn\u00e4rztliche Leistungen in einer voll ausgestatteten Gesundheitseinrichtung<\/strong><\/h3>\n<\/div>\n<\/div>\n<\/div>\n<div id=\"\" class=\"brz-css-gdxpt0 brz-wrapper\">\n<div class=\"brz-rich-text brz-rich-text__custom brz-css-1ylfgbr\" data-brz-custom-id=\"tpdggfmaaerarrmgsbtkqugpxzowaxmmepzk\">\n<div data-brz-translate-text=\"1\">\n<p class=\"brz-text-lg-center brz-tp-lg-paragraph brz-css-u42Gk\" data-generated-css=\"brz-css-fxzgi\" data-uniq-id=\"udbmu\">Die Bedeutung der Mundgesundheit kann nicht genug betont werden, da sie eine entscheidende Rolle f\u00fcr die allgemeine Gesundheit und das Wohlbefinden spielt. Wenn Sie Ihre Zahngesundheit vernachl\u00e4ssigen, kann dies zu einer Vielzahl schwerwiegender Gesundheitsprobleme f\u00fchren, darunter Karies, Zahnfleischerkrankungen, Herzerkrankungen, Krebs und Diabetes. Deshalb ist es wichtig, voll ausgestattete Gesundheitseinrichtungen, Krankenh\u00e4user und erfahrene Zahn\u00e4rzte aufzusuchen, um sicherzustellen, dass Ihre Zahngesundheit richtig gew\u00e4hrleistet ist. Vorbei sind die Zeiten, in denen die einzige L\u00f6sung f\u00fcr fehlende Z\u00e4hne eine prothetische Behandlung war. Diese Methoden f\u00fchrten oft zu weiteren Problemen, wie z. B. einer verminderten Festigkeit der Z\u00e4hne und Beschwerden im zahnlosen Mund. Mit dem Aufkommen der Implantologie ist es nun jedoch m\u00f6glich, Zahnm\u00e4ngel und v\u00f6llige Zahnlosigkeit ohne diese Probleme zu behandeln. Bei Fragen oder Anfragen z\u00f6gern Sie bitte nicht, uns bei Asl zu kontaktieren. Wir sind hier, um Ihnen dabei zu helfen, Ihre Zahngesundheit zu erhalten und Ihre Lebensqualit\u00e4t zu verbessern.<\/p>\n<\/div>\n<\/div>\n<\/div>\n<\/div>\n<\/div>\n<\/section>\n<\/div>\n<p>    <!-- version:1738447627 --><\/p>\n","protected":false},"excerpt":{"rendered":"<p>Dental Treatments Find Us Health Find Us HEALTH SERVICES W\u00e4hlen Sie Ihr zahn\u00e4rztliches Verfahren Zahnimplantate Emax Kronen Zirkonkronen Zahn\u00e4rztliche Leistungen in einer voll ausgestatteten Gesundheitseinrichtung Die Bedeutung der Mundgesundheit kann nicht genug betont werden, da sie eine entscheidende Rolle f\u00fcr die allgemeine Gesundheit und das Wohlbefinden spielt. Wenn Sie Ihre Zahngesundheit vernachl\u00e4ssigen, kann dies zu [&hellip;]<\/p>\n","protected":false},"author":1,"featured_media":0,"parent":1117,"menu_order":0,"comment_status":"closed","ping_status":"closed","template":"","meta":{"footnotes":""},"class_list":["post-1251","page","type-page","status-publish","hentry"],"blocksy_meta":{"styles_descriptor":{"styles":{"desktop":"","tablet":"","mobile":""},"google_fonts":[],"version":6}},"_links":{"self":[{"href":"https:\/\/findushealth.com\/de\/wp-json\/wp\/v2\/pages\/1251","targetHints":{"allow":["GET"]}}],"collection":[{"href":"https:\/\/findushealth.com\/de\/wp-json\/wp\/v2\/pages"}],"about":[{"href":"https:\/\/findushealth.com\/de\/wp-json\/wp\/v2\/types\/page"}],"author":[{"embeddable":true,"href":"https:\/\/findushealth.com\/de\/wp-json\/wp\/v2\/users\/1"}],"replies":[{"embeddable":true,"href":"https:\/\/findushealth.com\/de\/wp-json\/wp\/v2\/comments?post=1251"}],"version-history":[{"count":0,"href":"https:\/\/findushealth.com\/de\/wp-json\/wp\/v2\/pages\/1251\/revisions"}],"up":[{"embeddable":true,"href":"https:\/\/findushealth.com\/de\/wp-json\/wp\/v2\/pages\/1117"}],"wp:attachment":[{"href":"https:\/\/findushealth.com\/de\/wp-json\/wp\/v2\/media?parent=1251"}],"curies":[{"name":"wp","href":"https:\/\/api.w.org\/{rel}","templated":true}]}}