{"id":1275,"date":"2022-08-28T20:53:21","date_gmt":"2022-08-28T17:53:21","guid":{"rendered":"https:\/\/drmakclinic.com\/?page_id=1275"},"modified":"2025-02-03T09:27:50","modified_gmt":"2025-02-03T06:27:50","slug":"hair-transplants","status":"publish","type":"page","link":"https:\/\/findushealth.com\/de\/procedures\/hair-transplants\/","title":{"rendered":"Hair Transplants"},"content":{"rendered":"<div class=\"brz-root__container brz-reset-all brz brz-root__container-page\">\n<section id=\"_zbdypptfjmcfovhipemhsmtncnedrhrlhevb\" class=\"brz-section brz-css-1i5pci8\">\n<div class=\"brz-section__content brz-section--boxed brz-css-1ectli4 brz-css-1ou2pfw\" data-brz-custom-id=\"wuzuaonjjebcrbelshqvtkcvvmsadgrksqbc\">\n<div class=\"brz-bg\">\n<div class=\"brz-bg-color\"><\/div>\n<\/div>\n<div class=\"brz-container brz-css-h7unyz\">\n<div id=\"\" class=\"brz-css-w57ajd brz-css-1uvkxi0 brz-wrapper\">\n<div class=\"brz-line brz-line-default brz-css-g38hlb brz-css-1pe0fnt\" data-brz-custom-id=\"hfiejgeabsnfzjfpuksscksffblmsttksjzt\">\n<hr class=\"brz-hr\"><\/div>\n<\/div>\n<div id=\"\" class=\"brz-css-w57ajd brz-css-2f3uff brz-css-28ej97 brz-wrapper\">\n<div class=\"brz-spacer brz-css-ozzbzm brz-css-1r2ccot\"><\/div>\n<\/div>\n<div class=\"brz-row__container brz-css-1ogj0yn brz-css-uc53yi\" data-brz-custom-id=\"ypicmnxtbozjgzegatdvcmauovaeyrzslzmk\">\n<div class=\"brz-bg\"><\/div>\n<div class=\"brz-row brz-css-fg3e0d brz-css-1yzj5f3\">\n<div class=\"brz-columns brz-css-jzh5bv brz-css-12ga9c6\" data-brz-custom-id=\"qrxancyqxjiquzntjfsihwqfamewhyjfjypn\">\n<div class=\"brz-bg\"><\/div>\n<div class=\"brz-column__items brz-css-e6yniq brz-css-1vn42ii\">\n<div id=\"\" class=\"brz-css-w57ajd brz-wrapper\">\n<div class=\"brz-rich-text brz-rich-text__custom brz-css-1xyrmss\" data-brz-custom-id=\"jvkijimzoncoyntgbzgpumdsqwvkdpdkbkdi\">\n<div data-brz-translate-text=\"1\">\n<h3 class=\"brz-tp-lg-heading3 brz-css-n34Rj\" data-generated-css=\"brz-css-ssbxf\" data-uniq-id=\"zrate\"><strong>Haartransplantation<\/strong><\/h3>\n<\/div>\n<\/div>\n<\/div>\n<div id=\"\" class=\"brz-css-w57ajd brz-wrapper\">\n<div class=\"brz-rich-text brz-rich-text__custom brz-css-1xyrmss\" data-brz-custom-id=\"liwxgybkoboifdqfsnxztpajmhtyglxckxho\">\n<div data-brz-translate-text=\"1\">\n<h4 class=\"brz-tp-lg-heading4 brz-css-xl5G2\" data-uniq-id=\"wyuoq\" data-generated-css=\"brz-css-ifalz\"><strong>Find Us Health Center<\/strong><\/h4>\n<\/div>\n<\/div>\n<\/div>\n<\/div>\n<\/div>\n<div class=\"brz-columns brz-css-jzh5bv brz-css-1dey6ln\" data-brz-custom-id=\"kxyrucmzhkbqxkcvblmbmpgeaisrfgmaplpv\">\n<div class=\"brz-bg\"><\/div>\n<div class=\"brz-column__items brz-css-e6yniq brz-css-2dn0eo\">\n<div class=\"brz-wrapper-clone brz-css-1vowgx8\">\n<div class=\"brz-d-xs-flex brz-flex-xs-wrap brz-css-1anmvcc brz-css-htnl2m\" data-brz-custom-id=\"\">\n<div class=\"brz-wrapper-clone__item\" id=\"ydnzvayjmfyonymnuvlnjdyvuxoigjhdhxan\">\n<div class=\"brz-icon__container\" data-brz-custom-id=\"ydnzvayjmfyonymnuvlnjdyvuxoigjhdhxan\"><span class=\"brz-icon brz-span brz-css-fubulo brz-css-1pm1zyt\"><\/span><\/div>\n<\/div>\n<\/div>\n<\/div>\n<\/div>\n<\/div>\n<\/div>\n<\/div>\n<\/div>\n<\/div>\n<\/section>\n<section id=\"_gkgeycvojffnsvlcbzomvhbzpysophjgnhpf\" class=\"brz-section brz-css-1i5pci8\">\n<div class=\"brz-section__content brz-section--boxed brz-css-1ectli4\" data-brz-custom-id=\"hioabvztcbgtqsfcycwbhbugdzxqqgbtykrk\">\n<div class=\"brz-container brz-css-h7unyz\">\n<div id=\"\" class=\"brz-css-w57ajd brz-wrapper\">\n<div class=\"brz-rich-text brz-rich-text__custom brz-css-1xyrmss\" data-brz-custom-id=\"wmoweswprzutooljuqaszsabfiynymqtllpf\">\n<div data-brz-translate-text=\"1\">\n<p class=\"brz-tp-lg-paragraph brz-css-kNJiv\" data-uniq-id=\"chcup\" data-generated-css=\"brz-css-jxhpp\">Haarausfall ist ein weit verbreitetes Problem, das bereits in jungen Jahren auftreten kann. W\u00e4hrend Haarausfall h\u00e4ufig bei M\u00e4nnern ab 20 auftritt, kann er aufgrund genetischer oder hormoneller Ursachen oder zugrunde liegender gesundheitlicher Probleme auch bei Frauen auftreten. Der erste Schritt f\u00fcr jeden, der unter Haarausfall leidet, ist eine medizinische Untersuchung, um die Ursache seiner Erkrankung festzustellen. Werden gesundheitliche Probleme wie N\u00e4hrstoffmangel oder hormonelle Ungleichgewichte festgestellt, sollten diese behandelt werden, bevor eine Haartransplantation in Betracht gezogen wird. Eine Haartransplantation kann in Betracht gezogen werden, wenn der Haarausfall nach der Anwendung anderer Behandlungen anh\u00e4lt oder wenn kahle Stellen vorhanden sind, die auf andere Weise nicht behandelt werden k\u00f6nnen.<\/p>\n<p class=\"brz-tp-lg-paragraph brz-css-yK5Zj\" data-uniq-id=\"vcnwu\" data-generated-css=\"brz-css-bszwu\"><\/p>\n<p class=\"brz-tp-lg-paragraph brz-css-qnsaJ\" data-uniq-id=\"onktt\" data-generated-css=\"brz-css-bfptn\">Plastische Chirurgie ist eine weitere Option, die Einzelpersonen in Betracht ziehen k\u00f6nnen, wenn sie ihr Aussehen verbessern m\u00f6chten. Es ist wichtig zu bedenken, dass eine Haartransplantation in der Regel nur Personen \u00fcber 22 Jahren empfohlen wird, die unter Haarausfall leiden. Wenn Sie weitere Fragen haben oder mehr \u00fcber Haartransplantation erfahren m\u00f6chten.<\/p>\n<\/div>\n<\/div>\n<\/div>\n<div id=\"\" class=\"brz-css-w57ajd brz-wrapper\">\n<div class=\"brz-line brz-line-default brz-css-g38hlb brz-css-vkqbd6\" data-brz-custom-id=\"incnrfnuubwxomxnwyfklagyonyvfjkrtiwc\">\n<hr class=\"brz-hr\"><\/div>\n<\/div>\n<div class=\"brz-row__container brz-css-1ogj0yn\" data-brz-custom-id=\"hsqvfhlcjnckotxhfwkocglbfxowvcrwbnrk\">\n<div class=\"brz-bg\"><\/div>\n<div class=\"brz-row brz-css-fg3e0d brz-css-18wcwmx\">\n<div class=\"brz-columns brz-css-jzh5bv brz-css-1ja6d3q\" data-brz-custom-id=\"ipjpuqcniroxgyujjrwbsnscwjgtnpyebixk\">\n<div class=\"brz-bg\"><\/div>\n<div class=\"brz-column__items brz-css-e6yniq\">\n<div id=\"\" class=\"brz-css-w57ajd brz-wrapper\">\n<div class=\"brz-image brz-css-1n04dz3 brz-css-1ehhwhm\" data-brz-custom-id=\"zmazxsighutrwezhpitpdwfyxdvtkqxzdqcx\"><img decoding=\"async\" class=\"brz-img\" src=\"https:\/\/findushealth.com\/de?brizy_media=wp-098920e5b01b6ec08a01c9df4c494054.jpg&amp;brizy_crop=iW%3D534%26iH%3D800%26oX%3D0%26oY%3D200%26cW%3D534%26cH%3D400\" alt=\"\" loading=\"lazy\"><\/div>\n<\/div>\n<\/div>\n<\/div>\n<div class=\"brz-columns brz-css-jzh5bv brz-css-10buhmt\" data-brz-custom-id=\"uyamdsmbmbzvhfzxmqmbmyjozdtzprjtvkrd\">\n<div class=\"brz-bg\"><\/div>\n<div class=\"brz-column__items brz-css-e6yniq brz-css-1ypf0se\">\n<div id=\"\" class=\"brz-css-w57ajd brz-wrapper\">\n<div class=\"brz-rich-text brz-rich-text__custom brz-css-1xyrmss\" data-brz-custom-id=\"yvfmstujbhczdznpoduafmealtwbmeztksfr\">\n<div data-brz-translate-text=\"1\">\n<p data-uniq-id=\"hhfph\" data-generated-css=\"brz-css-apsai\" class=\"brz-tp-lg-empty brz-ff-enqmzdbzxbgylolsjadsfjxunpbkpfxobhlf brz-ft-upload brz-fs-lg-16 brz-fss-lg-px brz-fw-lg-400 brz-ls-lg-0 brz-lh-lg-1_9 brz-css-thb9W\"><strong class=\"brz-cp-color2\" style=\"opacity: 1\">DHI-Haartransplantationen<\/strong><\/p>\n<p class=\"brz-tp-lg-paragraph brz-css-x1F_8\" data-uniq-id=\"xgeej\" data-generated-css=\"brz-css-vbguh\"><span style=\"opacity: 1\" class=\"brz-cp-color2\">Die DHI-Haartransplantation ist eine der am besten erforschten und beliebtesten Transplantationsmethoden bei potenziellen Patienten, die sich heute einer Haartransplantation unterziehen m\u00f6chten. Die mit der Mikro-FUE-Haarverpflanzungstechnik aus dem Spenderbereich entnommenen Grafts k\u00f6nnen ohne klassische Mikroinzision und Kanal\u00f6ffnung direkt in den Transplantationsbereich verpflanzt werden. Die DHI-Haartransplantation ist heute eine der bevorzugten Methoden in der Haartransplantation. Die Haartransplantation kann bei dieser Technik in zwei Hauptphasen unterteilt werden: Entnahme (Harvesting) und Implantation. Bei dieser Technik, die auch als &#8222;Stifttechnik&#8220; bezeichnet wird, werden spezielle Stifte mit besonders feinen Spitzen verwendet, um das Transplantat direkt auf die Haut zu \u00fcbertragen, indem die Grafts(St\u00fcck Haut oder Gewebe) einzeln hineingesteckt und angedr\u00fcckt werden. Bei dieser Operation, die ebenfalls unter \u00f6rtlicher Bet\u00e4ubung durchgef\u00fchrt wird, m\u00fcssen mehr Personen im Team arbeiten als bei anderen Haartransplantationstechniken. Andernfalls dauert das Verfahren l\u00e4nger. Kliniken, die \u00fcber ein gro\u00dfes, auf DHI spezialisiertes Team verf\u00fcgen ist begrenzt. Bei der DHI-Methode k\u00f6nnen Haare ohne Schnitte verpflanzt werden, was einen deutlichen Vorteil f\u00fcr diejenigen bietet, die sich aufgrund ihres Berufs, ihres sozialen Status und aus anderen Gr\u00fcnden Sorgen um das Aussehen nach der Haartransplantation machen. <\/span><\/p>\n<\/div>\n<\/div>\n<\/div>\n<\/div>\n<\/div>\n<\/div>\n<\/div>\n<div id=\"\" class=\"brz-css-w57ajd brz-wrapper\">\n<div class=\"brz-line brz-line-default brz-css-g38hlb brz-css-1a6y4nj\" data-brz-custom-id=\"uvtqypcqzdqluguuimapvvgeiqrasjxuhgvf\">\n<hr class=\"brz-hr\"><\/div>\n<\/div>\n<div class=\"brz-row__container brz-css-1ogj0yn\" data-brz-custom-id=\"igihibwbcanobmrlwczwwqpblltvholwoikv\">\n<div class=\"brz-bg\"><\/div>\n<div class=\"brz-row brz-css-fg3e0d brz-css-mxozhf\">\n<div class=\"brz-columns brz-css-jzh5bv brz-css-8e9yql\" data-brz-custom-id=\"gkpzasrtokkxdytziaqhfvpxsymekgbdxrnf\">\n<div class=\"brz-bg\"><\/div>\n<div class=\"brz-column__items brz-css-e6yniq brz-css-gxen2r\">\n<div id=\"\" class=\"brz-css-w57ajd brz-wrapper\">\n<div class=\"brz-rich-text brz-rich-text__custom brz-css-1xyrmss\" data-brz-custom-id=\"cktesgzjjgqvymsnvrragenvdgpfoaessxjq\">\n<div data-brz-translate-text=\"1\">\n<p data-uniq-id=\"cxwaa\" data-generated-css=\"brz-css-azfyx\" class=\"brz-tp-lg-empty brz-ff-enqmzdbzxbgylolsjadsfjxunpbkpfxobhlf brz-ft-upload brz-fs-lg-16 brz-fss-lg-px brz-fw-lg-400 brz-ls-lg-0 brz-lh-lg-1_9 brz-css-dyzx4\"><strong style=\"opacity: 1\">BARTHAARTRANSPLANTATION<\/strong><\/p>\n<p class=\"brz-tp-lg-paragraph brz-css-jo1Kj\" data-uniq-id=\"bifsh\" data-generated-css=\"brz-css-fzztt\"><span class=\"brz-cp-color2\" style=\"opacity: 1\">Die Barttransplantation ist eine zuverl\u00e4ssige und wirksame L\u00f6sung f\u00fcr diejenigen, die Probleme mit dem Wachstum der Gesichtsbehaarung haben oder einen l\u00fcckenhaften Bart tragen. Bei dem Verfahren werden Haarfollikel aus einem Bereich der Kopfhaut in das Gesicht verpflanzt, was zu einem volleren und besser definierten Bart f\u00fchrt. Das transplantierte Haar ist Ihr eigenes Haar, das hei\u00dft, es w\u00e4chst genauso wie Ihr nat\u00fcrliches Barthaar. Der Eingriff und die Genesung sind in der Regel schnell und wenig schmerzhaft, und das Ergebnis ist lang anhaltend und sieht nat\u00fcrlich aus. Wenn Sie eine Barttransplantation in Erw\u00e4gung ziehen, sollten Sie sich unbedingt von einem qualifizierten Spezialisten f\u00fcr Haarwiederherstellung beraten lassen, um festzustellen, ob dies die richtige L\u00f6sung f\u00fcr Sie ist.<\/span><\/p>\n<\/div>\n<\/div>\n<\/div>\n<\/div>\n<\/div>\n<div class=\"brz-columns brz-css-jzh5bv brz-css-t67oc2\" data-brz-custom-id=\"yezlzrhnktsiqrpzniquuizvspaxhrmyrkbc\">\n<div class=\"brz-bg\"><\/div>\n<div class=\"brz-column__items brz-css-e6yniq\">\n<div id=\"\" class=\"brz-css-w57ajd brz-wrapper\">\n<div class=\"brz-image brz-css-1dfw1m9 brz-css-14em4ol\" data-brz-custom-id=\"bgdsbuseqtzdsyghjwxlrfdymkjlaehkqcau\"><img decoding=\"async\" class=\"brz-img\" src=\"https:\/\/findushealth.com\/de?brizy_media=wp-3dd5a98958a66d4c929a4c9884a1a4f1.jpg&amp;brizy_crop=original\" alt=\"\" loading=\"lazy\"><\/div>\n<\/div>\n<\/div>\n<\/div>\n<\/div>\n<\/div>\n<\/div>\n<\/div>\n<\/section>\n<\/div>\n<p>    <!-- version:1738564070 --><\/p>\n","protected":false},"excerpt":{"rendered":"<p>Haartransplantation Find Us Health Center Haarausfall ist ein weit verbreitetes Problem, das bereits in jungen Jahren auftreten kann. W\u00e4hrend Haarausfall h\u00e4ufig bei M\u00e4nnern ab 20 auftritt, kann er aufgrund genetischer oder hormoneller Ursachen oder zugrunde liegender gesundheitlicher Probleme auch bei Frauen auftreten. Der erste Schritt f\u00fcr jeden, der unter Haarausfall leidet, ist eine medizinische Untersuchung, [&hellip;]<\/p>\n","protected":false},"author":1,"featured_media":0,"parent":1117,"menu_order":0,"comment_status":"closed","ping_status":"closed","template":"","meta":{"footnotes":""},"class_list":["post-1275","page","type-page","status-publish","hentry"],"blocksy_meta":{"styles_descriptor":{"styles":{"desktop":"","tablet":"","mobile":""},"google_fonts":[],"version":6}},"_links":{"self":[{"href":"https:\/\/findushealth.com\/de\/wp-json\/wp\/v2\/pages\/1275","targetHints":{"allow":["GET"]}}],"collection":[{"href":"https:\/\/findushealth.com\/de\/wp-json\/wp\/v2\/pages"}],"about":[{"href":"https:\/\/findushealth.com\/de\/wp-json\/wp\/v2\/types\/page"}],"author":[{"embeddable":true,"href":"https:\/\/findushealth.com\/de\/wp-json\/wp\/v2\/users\/1"}],"replies":[{"embeddable":true,"href":"https:\/\/findushealth.com\/de\/wp-json\/wp\/v2\/comments?post=1275"}],"version-history":[{"count":0,"href":"https:\/\/findushealth.com\/de\/wp-json\/wp\/v2\/pages\/1275\/revisions"}],"up":[{"embeddable":true,"href":"https:\/\/findushealth.com\/de\/wp-json\/wp\/v2\/pages\/1117"}],"wp:attachment":[{"href":"https:\/\/findushealth.com\/de\/wp-json\/wp\/v2\/media?parent=1275"}],"curies":[{"name":"wp","href":"https:\/\/api.w.org\/{rel}","templated":true}]}}