{"id":104,"date":"2022-08-28T20:39:39","date_gmt":"2022-08-28T17:39:39","guid":{"rendered":"https:\/\/drmakclinic.com\/contact\/"},"modified":"2025-01-30T12:31:46","modified_gmt":"2025-01-30T09:31:46","slug":"contact","status":"publish","type":"page","link":"https:\/\/findushealth.com\/es\/contact\/","title":{"rendered":"Contact"},"content":{"rendered":"<div class=\"brz-root__container brz-reset-all brz brz-root__container-page\">\n<section id=\"_hzhlfillrjnodjtwzfmloprisgoillvncdez\" class=\"brz-section brz-css-1dsp041\">\n<div class=\"brz-section__content brz-section--boxed brz-css-t4e4lb brz-css-hle0mw\" data-brz-custom-id=\"pycnoxjoustlxohybdtnelycrcrstxghocrm\">\n<div class=\"brz-bg\">\n<div class=\"brz-bg-color\"><\/div>\n<\/div>\n<div class=\"brz-container brz-css-1qay07q\">\n<div class=\"brz-row__container brz-css-r4c7b1\" data-brz-custom-id=\"xpmyshbzopuwdaesqakhrmtaxtarehwlzxow\">\n<div class=\"brz-bg\"><\/div>\n<div class=\"brz-row brz-css-fgkpjs brz-css-oku5gt\">\n<div class=\"brz-columns brz-css-1m9k4dj brz-css-1l4fqii\" data-brz-custom-id=\"cjaywnootyahvhaqgcnqodcqcrlmutrwbyoq\">\n<div class=\"brz-bg\"><\/div>\n<div class=\"brz-column__items brz-css-1zecxw\">\n<div id=\"\" class=\"brz-css-16ksszk brz-wrapper\">\n<div class=\"brz-rich-text brz-rich-text__custom brz-css-lsf93b\" data-brz-custom-id=\"nbctettcqtdswnpctalbxhjsfvuyxmpxebat\">\n<div data-brz-translate-text=\"1\">\n<h1 class=\"brz-text-lg-left brz-tp-lg-heading1 brz-css-yQKw6\" data-generated-css=\"brz-css-rzveo\" data-uniq-id=\"lpgjw\"><span>\u00a1Hola!<\/span><\/h1>\n<h1 class=\"brz-text-lg-left brz-tp-lg-heading1 brz-css-fviln\" data-generated-css=\"brz-css-tkssf\" data-uniq-id=\"fgcct\"><span>\u00bfUna pregunta? Estaremos encantados de responderte.<\/span><\/h1>\n<h1 class=\"brz-text-lg-left brz-tp-lg-heading1 brz-css-hLSJV\" data-generated-css=\"brz-css-mhzfc\" data-uniq-id=\"gjkab\"><span>\u00bfUna idea? \u00a1Comp\u00e1rtelo con nosotros! <\/span><\/h1>\n<\/div>\n<\/div>\n<\/div>\n<\/div>\n<\/div>\n<\/div>\n<\/div>\n<div class=\"brz-row__container brz-css-r4c7b1\" data-brz-custom-id=\"qqhrnsdzvapjzimipugcluncfrsnwaqbhfvj\">\n<div class=\"brz-bg\"><\/div>\n<div class=\"brz-row brz-css-fgkpjs\">\n<div class=\"brz-columns brz-css-1m9k4dj brz-css-162te4q\" data-brz-custom-id=\"fxujaglxouixwlberoplxdbzpzjxiefqjoie\">\n<div class=\"brz-bg\">\n<div class=\"brz-bg-color\"><\/div>\n<\/div>\n<div class=\"brz-column__items brz-css-1zecxw brz-css-sxwva4\">\n<div id=\"\" class=\"brz-css-16ksszk brz-css-o35o7j brz-wrapper\">\n<div data-brz-form-version=\"2\" class=\"brz-forms2 brz-css-pu2b37 brz-css-1rtv8uf\" data-brz-custom-id=\"qmrtydbwfimdcswmribbkfypmnwqwfucyytv\">\n<div data-brz-translate-text=\"1\" class=\"brz-forms2__item brz-css-5uk3m4 brz-css-v7fm2j brz-css-15jwavd\"><\/div>\n<div data-brz-translate-text=\"1\" class=\"brz-forms2__item brz-css-5uk3m4 brz-css-v7fm2j brz-css-15jwavd\"><\/div>\n<div data-brz-translate-text=\"1\" class=\"brz-forms2__item brz-css-5uk3m4 brz-css-v7fm2j brz-css-15jwavd brz-css-al8voj\"><textarea id=\"mbyJuyhD3m9q_\" name=\"dgrquzedfwnikycbgtjoafzaxbipthfievkd\" data-brz-type=\"Paragraph\" data-brz-label=\"MENSAJE\" data-brz-placeholder=\"MENSAJE\" class=\"brz-textarea brz-forms2__field brz-forms2__field-paragraph\"><\/textarea><\/div>\n<div class=\"brz-forms2 brz-forms2__item brz-forms2__item-button\" data-brz-custom-id=\"qmrtydbwfimdcswmribbkfypmnwqwfucyytv\"><button class=\"brz-btn brz-btn-submit brz-css-1pxrjw7 brz-css-kc7tcz\" data-brz-custom-id=\"lwzasyofclswscyrhgpoqxhahwwnwatsfiij\"><span data-brz-translate-text=\"1\" class=\"brz-span brz-text__editor\">CONT\u00c1CTENOS<\/span><\/button><\/div>\n<div class=\"brz-g-recaptcha\" data-sitekey=\"\" data-size=\"invisible\" data-callback=\"brzFormV2Captcha\"><\/div>\n<\/div>\n<\/div>\n<\/div>\n<\/div>\n<div class=\"brz-columns brz-css-1m9k4dj\" data-brz-custom-id=\"srccekburcvmslzvxyeqdcipijjvbkkxtokf\">\n<div class=\"brz-column__items brz-css-1zecxw brz-css-ukxy6h\">\n<div class=\"brz-row__container brz-css-r4c7b1\" data-brz-custom-id=\"nlhvrnuxsmqeshrkvbtobyzohdvpzpjfemet\">\n<div class=\"brz-bg\"><\/div>\n<div class=\"brz-row brz-row--inner brz-css-fgkpjs\">\n<div class=\"brz-columns brz-css-1m9k4dj brz-css-jyfzj5\" data-brz-custom-id=\"khtjcilfgubaogudsgxwsjbyiysbdsqzjasj\">\n<div class=\"brz-bg\"><\/div>\n<div class=\"brz-column__items brz-css-1zecxw\">\n<div id=\"\" class=\"brz-css-16ksszk brz-wrapper\">\n<div class=\"brz-rich-text brz-rich-text__custom brz-css-lsf93b\" data-brz-custom-id=\"jkutxipxtcdxzbughjmmeqlydunqciruurcg\">\n<div data-brz-translate-text=\"1\">\n<p class=\"brz-text-xs-center brz-tp-lg-empty brz-ff-mruflzjvtzjxcnwqyqqtvvgobqvnixkyfskc brz-ft-upload brz-fs-lg-23 brz-fss-lg-px brz-fw-lg-400 brz-ls-lg-0 brz-lh-lg-1_9 brz-css-d2Ptc\" data-uniq-id=\"fokjm\" data-generated-css=\"brz-css-uofdk\"><em>Correo electr\u00f3nico<\/em><\/p>\n<p class=\"brz-text-xs-center brz-lh-lg-1_9 brz-ls-lg-0 brz-fw-lg-400 brz-fss-lg-px brz-fs-lg-16 brz-ft-upload brz-ff-mruflzjvtzjxcnwqyqqtvvgobqvnixkyfskc brz-tp-lg-empty brz-css-fPrmT\" data-uniq-id=\"xqjzb\" data-generated-css=\"brz-css-wksdz\"><span class=\"brz-cp-color2\">info@drmakclinic.com<\/span><\/p>\n<\/div>\n<\/div>\n<\/div>\n<\/div>\n<\/div>\n<\/div>\n<\/div>\n<div class=\"brz-row__container brz-css-r4c7b1\" data-brz-custom-id=\"pcirudfrhyrssaiqmcwhwqxzegfrpmxfgwtj\">\n<div class=\"brz-bg\"><\/div>\n<div class=\"brz-row brz-row--inner brz-css-fgkpjs\">\n<div class=\"brz-columns brz-css-1m9k4dj brz-css-ig4xls\" data-brz-custom-id=\"bpjnwobddqayobsakrjwjayjodxbxgkwdxhk\">\n<div class=\"brz-bg\"><\/div>\n<div class=\"brz-column__items brz-css-1zecxw\">\n<div id=\"\" class=\"brz-css-16ksszk brz-css-1802s1l brz-wrapper\">\n<div class=\"brz-rich-text brz-rich-text__custom brz-css-lsf93b\" data-brz-custom-id=\"almozwkblgzihbwazmgfjimtmlydirotwbaz\">\n<div data-brz-translate-text=\"1\">\n<p class=\"brz-text-xs-center brz-tp-lg-empty brz-ff-mruflzjvtzjxcnwqyqqtvvgobqvnixkyfskc brz-ft-upload brz-fs-lg-23 brz-fss-lg-px brz-fw-lg-400 brz-ls-lg-0 brz-lh-lg-1_9 brz-mt-lg-0 brz-css-oHDHV\" data-uniq-id=\"hcvtm\" data-generated-css=\"brz-css-jzska\"><em>N\u00famero de tel\u00e9fono<\/em><\/p>\n<p class=\"brz-text-xs-center brz-lh-lg-1_9 brz-ls-lg-0 brz-fw-lg-400 brz-fss-lg-px brz-fs-lg-16 brz-ft-upload brz-ff-mruflzjvtzjxcnwqyqqtvvgobqvnixkyfskc brz-tp-lg-empty brz-mt-lg-0 brz-css-mnqfP\" data-uniq-id=\"vbqwc\" data-generated-css=\"brz-css-opjbo\"><span class=\"brz-cp-color2\">+90 532 296 11 36<\/span><\/p>\n<\/div>\n<\/div>\n<\/div>\n<\/div>\n<\/div>\n<\/div>\n<\/div>\n<div class=\"brz-row__container brz-css-r4c7b1\" data-brz-custom-id=\"tlibbxryrehrcwezzocxmuajjxnzqyfmhgxb\">\n<div class=\"brz-bg\"><\/div>\n<div class=\"brz-row brz-row--inner brz-css-fgkpjs\">\n<div class=\"brz-columns brz-css-1m9k4dj brz-css-2mykid\" data-brz-custom-id=\"ztsxxeetwtyaobdhmtnugfkomdhpgtdjtaaz\">\n<div class=\"brz-bg\"><\/div>\n<div class=\"brz-column__items brz-css-1zecxw\">\n<div id=\"\" class=\"brz-css-16ksszk brz-css-1pnq9p8 brz-wrapper\">\n<div class=\"brz-rich-text brz-rich-text__custom brz-css-lsf93b\" data-brz-custom-id=\"uhqyjozmbzkriehupvelgjcjqepxuodstauc\">\n<div data-brz-translate-text=\"1\">\n<p class=\"brz-text-xs-center brz-mt-lg-0 brz-lh-lg-1_9 brz-ls-lg-0 brz-fw-lg-400 brz-fss-lg-px brz-fs-lg-23 brz-ft-upload brz-ff-mruflzjvtzjxcnwqyqqtvvgobqvnixkyfskc brz-tp-lg-empty brz-css-q4iPH\" data-generated-css=\"brz-css-etwqi\" data-uniq-id=\"vnuqk\"><em>DIRECCI\u00d3N:<\/em><\/p>\n<p class=\"brz-text-xs-center brz-tp-lg-empty brz-ff-mruflzjvtzjxcnwqyqqtvvgobqvnixkyfskc brz-ft-upload brz-fs-lg-16 brz-fss-lg-px brz-fw-lg-400 brz-ls-lg-0 brz-lh-lg-1_9 brz-text-lg-justify brz-mb-lg-0 brz-mt-lg-0 brz-css-rDItw\" data-generated-css=\"brz-css-xdbsp\" data-uniq-id=\"djhqc\">Tevfik I\u015f\u0131k Cd. Ye\u015filbah\u00e7e Mh. \u00c7i\u00e7ek Sitesi Bloque A 2\/4 07100<\/p>\n<p class=\"brz-text-xs-center brz-tp-lg-empty brz-ff-mruflzjvtzjxcnwqyqqtvvgobqvnixkyfskc brz-ft-upload brz-fs-lg-16 brz-fss-lg-px brz-fw-lg-400 brz-ls-lg-0 brz-lh-lg-1_9 brz-text-lg-justify brz-mb-lg-0 brz-mt-lg-0 brz-css-rr55b\" data-generated-css=\"brz-css-xdbsp\" data-uniq-id=\"djhqc\">Antalya, Turqu\u00eda<\/p>\n<\/div>\n<\/div>\n<\/div>\n<\/div>\n<\/div>\n<\/div>\n<\/div>\n<div id=\"\" class=\"brz-css-16ksszk brz-wrapper\">\n<div class=\"brz-line brz-line-text brz-css-1qcsotr brz-css-vae4jd\" data-brz-custom-id=\"rtqvjknlctbwovqcxpucntjsryqeyadhlilu\"><span class=\"brz-line-container\"><span data-brz-translate-text=\"1\" class=\"brz-line-content brz-span brz-text__editor\">Redes sociales<\/span><\/span><\/div>\n<\/div>\n<div class=\"brz-row__container brz-css-r4c7b1 brz-css-1kjgykk\" data-brz-custom-id=\"kujjtasyxibssnanovlpwhdoszhcknpfhxqp\">\n<div class=\"brz-bg\"><\/div>\n<div class=\"brz-row brz-row--inner brz-css-fgkpjs\">\n<div class=\"brz-columns brz-css-1m9k4dj brz-css-167jvd0\" data-brz-custom-id=\"qilhhytlshtwbemhcxgpzpqudbduffpdkfcx\">\n<div class=\"brz-bg\"><\/div>\n<div class=\"brz-column__items brz-css-1zecxw brz-css-1cxn0de\">\n<div class=\"brz-wrapper-clone brz-css-1of7dz4\">\n<div class=\"brz-d-xs-flex brz-flex-xs-wrap brz-css-1ou8dyq\" data-brz-custom-id=\"\">\n<div class=\"brz-wrapper-clone__item\" id=\"chnjjgirjxfpeiimsmifdmjbbjgadlbbukgb\">\n<div class=\"brz-icon__container\" data-brz-custom-id=\"chnjjgirjxfpeiimsmifdmjbbjgadlbbukgb\"><span class=\"brz-icon brz-span brz-css-1w5lfcm brz-css-1xpls4a\"><\/span><\/div>\n<\/div>\n<div class=\"brz-wrapper-clone__item\" id=\"ssakejlprdrzvyncmyuaeokrwegheiinavcr\">\n<div class=\"brz-icon__container\" data-brz-custom-id=\"ssakejlprdrzvyncmyuaeokrwegheiinavcr\"><span class=\"brz-icon brz-span brz-css-1w5lfcm brz-css-5y72gc\"><\/span><\/div>\n<\/div>\n<div class=\"brz-wrapper-clone__item\" id=\"mlrutdfuqeqqbmdkxcayhugpboizjdvdozhi\">\n<div class=\"brz-icon__container\" data-brz-custom-id=\"mlrutdfuqeqqbmdkxcayhugpboizjdvdozhi\"><span class=\"brz-icon brz-span brz-css-1w5lfcm brz-css-swc0le\"><\/span><\/div>\n<\/div>\n<\/div>\n<\/div>\n<\/div>\n<\/div>\n<\/div>\n<\/div>\n<\/div>\n<\/div>\n<\/div>\n<\/div>\n<div class=\"brz-row__container brz-css-r4c7b1\" data-brz-custom-id=\"sgzgoxeiqkhwwnewyemogbwodnbhsvdxcqvq\">\n<div class=\"brz-bg\"><\/div>\n<div class=\"brz-row brz-css-fgkpjs brz-css-1r215ov\">\n<div class=\"brz-columns brz-css-1m9k4dj brz-css-1fk09e0\" data-brz-custom-id=\"voyiukrpertxmzyupxbdiugemmnbiksxozlx\">\n<div class=\"brz-bg\"><\/div>\n<div class=\"brz-column__items brz-css-1zecxw\">\n<div id=\"\" class=\"brz-css-16ksszk brz-wrapper\">\n<div class=\"brz-map brz-map_styles brz-css-1ni9b3 brz-css-1l6sx0v\" data-brz-custom-id=\"xlpqgrdboygmndxcekullgvyqegcygnnqavf\">\n<div class=\"brz-ui-ed-map-content\"><\/div>\n<\/div>\n<\/div>\n<\/div>\n<\/div>\n<\/div>\n<\/div>\n<\/div>\n<\/div>\n<\/section>\n<\/div>\n<p>    <!-- version:1738229506 --><\/p>\n","protected":false},"excerpt":{"rendered":"<p>\u00a1Hola! \u00bfUna pregunta? Estaremos encantados de responderte. \u00bfUna idea? \u00a1Comp\u00e1rtelo con nosotros! CONT\u00c1CTENOS Correo electr\u00f3nico info@drmakclinic.com N\u00famero de tel\u00e9fono +90 532 296 11 36 DIRECCI\u00d3N: Tevfik I\u015f\u0131k Cd. Ye\u015filbah\u00e7e Mh. \u00c7i\u00e7ek Sitesi Bloque A 2\/4 07100 Antalya, Turqu\u00eda Redes sociales<\/p>\n","protected":false},"author":1,"featured_media":0,"parent":0,"menu_order":0,"comment_status":"closed","ping_status":"closed","template":"","meta":{"footnotes":""},"class_list":["post-104","page","type-page","status-publish","hentry"],"blocksy_meta":{"styles_descriptor":{"styles":{"desktop":"","tablet":"","mobile":""},"google_fonts":[],"version":6}},"_links":{"self":[{"href":"https:\/\/findushealth.com\/es\/wp-json\/wp\/v2\/pages\/104","targetHints":{"allow":["GET"]}}],"collection":[{"href":"https:\/\/findushealth.com\/es\/wp-json\/wp\/v2\/pages"}],"about":[{"href":"https:\/\/findushealth.com\/es\/wp-json\/wp\/v2\/types\/page"}],"author":[{"embeddable":true,"href":"https:\/\/findushealth.com\/es\/wp-json\/wp\/v2\/users\/1"}],"replies":[{"embeddable":true,"href":"https:\/\/findushealth.com\/es\/wp-json\/wp\/v2\/comments?post=104"}],"version-history":[{"count":0,"href":"https:\/\/findushealth.com\/es\/wp-json\/wp\/v2\/pages\/104\/revisions"}],"wp:attachment":[{"href":"https:\/\/findushealth.com\/es\/wp-json\/wp\/v2\/media?parent=104"}],"curies":[{"name":"wp","href":"https:\/\/api.w.org\/{rel}","templated":true}]}}