{"id":11547,"date":"2023-02-25T00:30:40","date_gmt":"2023-02-24T21:30:40","guid":{"rendered":"https:\/\/aslhealth.vl-staging.com\/procedures\/dental-treatments\/dental-implants-2\/"},"modified":"2025-01-30T18:17:33","modified_gmt":"2025-01-30T15:17:33","slug":"dental-implants","status":"publish","type":"page","link":"https:\/\/findushealth.com\/es\/procedures\/dental-treatments\/dental-implants\/","title":{"rendered":"Dental Implants"},"content":{"rendered":"<div class=\"brz-root__container brz-reset-all brz brz-root__container-page\">\n<section id=\"_wstkyrqlhnojqutkdczeerzjsejaumgtscaw\" class=\"brz-section brz-css-hb80ze\">\n<div class=\"brz-section__content brz-section--boxed brz-css-vnquoj brz-css-pjdpr8\" data-brz-custom-id=\"yuzywenhkjftixccgyhzcacflbrltdmzpitz\">\n<div class=\"brz-bg\">\n<div class=\"brz-bg-color\"><\/div>\n<\/div>\n<div class=\"brz-container brz-css-xb4gl7\">\n<div id=\"\" class=\"brz-css-11bjedr brz-css-y7nrcc brz-wrapper\">\n<div class=\"brz-line brz-line-default brz-css-1e9qvvi brz-css-s4h6gq\" data-brz-custom-id=\"flwgaufczamesgzishfqneiiyugwcliiwlkm\">\n<hr class=\"brz-hr\"><\/div>\n<\/div>\n<div id=\"\" class=\"brz-css-11bjedr brz-css-1ebztfv brz-css-1mspvpo brz-wrapper\">\n<div class=\"brz-spacer brz-css-vu4irc brz-css-18qfrsl\"><\/div>\n<\/div>\n<div class=\"brz-row__container brz-css-1t9chaq brz-css-1wxkvtc\" data-brz-custom-id=\"mvbpyetaiwudyjvojgxbmohnizrhvmzyxmwz\">\n<div class=\"brz-bg\"><\/div>\n<div class=\"brz-row brz-css-19cua0z brz-css-95zfx3\">\n<div class=\"brz-columns brz-css-1i4namo brz-css-5q6mha\" data-brz-custom-id=\"auitdkpdfivwdfhogdfzcpkggwaiherscmxn\">\n<div class=\"brz-bg\"><\/div>\n<div class=\"brz-column__items brz-css-21k87j brz-css-1w88u3u\">\n<div id=\"\" class=\"brz-css-11bjedr brz-wrapper\">\n<div class=\"brz-rich-text brz-rich-text__custom brz-css-zv8iie\" data-brz-custom-id=\"dwahrrsjhuloeuyxwwgzolokfarulgbjnmbp\">\n<div data-brz-translate-text=\"1\">\n<h3 class=\"brz-text-xs-center brz-tp-lg-heading3 brz-css-yiomk\" data-generated-css=\"brz-css-nedoh\" data-uniq-id=\"pznpn\"><strong>Implantes  dentales<\/strong><\/h3>\n<\/div>\n<\/div>\n<\/div>\n<div id=\"\" class=\"brz-css-11bjedr brz-wrapper\">\n<div class=\"brz-rich-text brz-rich-text__custom brz-css-zv8iie\" data-brz-custom-id=\"oqerbswupksbkfhtlwpvqgdscavtkcvuvryg\">\n<div data-brz-translate-text=\"1\">\n<h4 class=\"brz-text-xs-center brz-tp-lg-heading4 brz-css-cH_g3\" data-uniq-id=\"rnzle\" data-generated-css=\"brz-css-neopu\"><strong class=\"brz-cp-color8\">Find Us Health Center<\/strong><\/h4>\n<\/div>\n<\/div>\n<\/div>\n<\/div>\n<\/div>\n<div class=\"brz-columns brz-css-1i4namo brz-css-14425u2\" data-brz-custom-id=\"tfvmfcdlwddwfzewgpleyddvbpdrnrgjqkzj\">\n<div class=\"brz-bg\"><\/div>\n<div class=\"brz-column__items brz-css-21k87j brz-css-12vnva7\">\n<div class=\"brz-wrapper-clone brz-css-5yoqk6\">\n<div class=\"brz-d-xs-flex brz-flex-xs-wrap brz-css-1erm0vo brz-css-906bil\" data-brz-custom-id=\"\">\n<div class=\"brz-wrapper-clone__item\" id=\"ifdzyykjrskjsgamdialqxyxlykzdxdascfx\">\n<div class=\"brz-icon__container\" data-brz-custom-id=\"ifdzyykjrskjsgamdialqxyxlykzdxdascfx\"><span class=\"brz-icon brz-span brz-css-1pbrr5y brz-css-1ox8s7z\"><\/span><\/div>\n<\/div>\n<\/div>\n<\/div>\n<\/div>\n<\/div>\n<\/div>\n<\/div>\n<\/div>\n<\/div>\n<\/section>\n<section id=\"_qgukkwptrqnbetbnzqjqabgntkidciqqtiwh\" class=\"brz-section brz-css-hb80ze\">\n<div class=\"brz-section__content brz-section--boxed brz-css-vnquoj brz-css-1m97l6h\" data-brz-custom-id=\"fqvrccvatcovgdqwqaouwxwvncqhquuxkthz\">\n<div class=\"brz-bg\">\n<div class=\"brz-bg-color\"><\/div>\n<\/div>\n<div class=\"brz-container brz-css-xb4gl7\">\n<div id=\"whitearea\" class=\"brz-row__container brz-css-1t9chaq brz-css-1lc3cq7\" data-brz-custom-id=\"uraixpbyzlhkhhvdzmmsusehgnzmgsuuajfr\">\n<div class=\"brz-bg\">\n<div class=\"brz-bg-color\"><\/div>\n<\/div>\n<div class=\"brz-row brz-css-19cua0z brz-css-5xnyu5\">\n<div class=\"brz-columns brz-css-1i4namo brz-css-117zsii\" data-brz-custom-id=\"ayfylwjwumqhvbqkzhblbnzcdwhjvemxuqjp\">\n<div class=\"brz-bg\"><\/div>\n<div class=\"brz-column__items brz-css-21k87j brz-css-1vl2ll0\">\n<div id=\"\" class=\"brz-css-11bjedr brz-css-6wpdo1 brz-wrapper\">\n<div class=\"brz-image brz-css-1elm3n8 brz-css-1l2kv4l\" data-brz-custom-id=\"farrhibikszszkgxkawyuigzwlvxrrhsswdb\"><img decoding=\"async\" class=\"brz-img\" src=\"https:\/\/findushealth.com\/es?brizy_media=wp-ddfb1f6dc5f43a0b330bd79a916f69b2.jpg&amp;brizy_crop=iW%3D544%26iH%3D544%26oX%3D0%26oY%3D1%26cW%3D544%26cH%3D543\" alt=\"\" loading=\"lazy\"><\/div>\n<\/div>\n<\/div>\n<\/div>\n<div class=\"brz-columns brz-css-1i4namo brz-css-11r6zm6\" data-brz-custom-id=\"nvfrcnnfhwbcpthzcxctzojwdrwwwfnkohxb\">\n<div class=\"brz-bg\"><\/div>\n<div class=\"brz-column__items brz-css-21k87j brz-css-kmwo41\">\n<div id=\"\" class=\"brz-css-11bjedr brz-css-qsm1nk brz-wrapper\">\n<div class=\"brz-rich-text brz-rich-text__custom brz-css-zv8iie\" data-brz-custom-id=\"fptyfkotidbjzifisvasyjhkfxzwuyxtbhwq\">\n<div data-brz-translate-text=\"1\">\n<p class=\"brz-fw-lg-700 brz-fss-lg-px brz-fs-lg-12 brz-ft-upload brz-ff-ymubgefsxldrywogxtzekrfkmzwinepjvqkm brz-tp-lg-empty brz-lh-lg-1_9 brz-ls-lg-0 brz-css-errIU\" data-uniq-id=\"ugdbh\" data-generated-css=\"brz-css-yhmox\"><span class=\"brz-cp-color7\">DENTAL TREATMENTS<\/span><\/p>\n<\/div>\n<\/div>\n<\/div>\n<div id=\"\" class=\"brz-css-11bjedr brz-css-4k7h brz-wrapper\">\n<div class=\"brz-rich-text brz-rich-text__custom brz-css-zv8iie\" data-brz-custom-id=\"wbqliujmmqpogpsubktvphyxbwiijtzqdevd\">\n<div data-brz-translate-text=\"1\">\n<p class=\"brz-fss-lg-px brz-fw-lg-400 brz-ls-lg-0 brz-lh-lg-1_9 brz-tp-lg-empty brz-ff-ymubgefsxldrywogxtzekrfkmzwinepjvqkm brz-ft-upload brz-fs-lg-20 brz-css-mZKQv\" data-uniq-id=\"sjfax\" data-generated-css=\"brz-css-jzkms\"><strong>Implantes dentales<\/strong><\/p>\n<\/div>\n<\/div>\n<\/div>\n<div id=\"\" class=\"brz-css-11bjedr brz-wrapper\">\n<div class=\"brz-rich-text brz-rich-text__custom brz-css-zv8iie\" data-brz-custom-id=\"zqqaakqheyldykbijbkmhpnipllfldhydjax\">\n<div data-brz-translate-text=\"1\">\n<p class=\"brz-lh-lg-1_9 brz-ls-lg-0 brz-fw-lg-400 brz-fss-lg-px brz-fs-lg-20 brz-ft-upload brz-ff-enqmzdbzxbgylolsjadsfjxunpbkpfxobhlf brz-tp-lg-empty brz-mb-lg-20 brz-css-mAUEi\" data-uniq-id=\"bbpun\" data-generated-css=\"brz-css-hodho\">Los implantes dentales son ra\u00edces dentales artificiales hechas 100% de titanio y se colocan en el hueso de la mand\u00edbula para restaurar la funci\u00f3n y la est\u00e9tica de los dientes perdidos por los pacientes.<\/p>\n<\/div>\n<\/div>\n<\/div>\n<div id=\"\" class=\"brz-css-11bjedr brz-wrapper\">\n<div class=\"brz-rich-text brz-rich-text__custom brz-css-zv8iie\" data-brz-custom-id=\"oitlctxehxhfkpebqncmgwhvtsfzybzfkvmu\">\n<div data-brz-translate-text=\"1\">\n<p class=\"brz-mb-lg-20 brz-tp-lg-empty brz-ff-ymubgefsxldrywogxtzekrfkmzwinepjvqkm brz-ft-upload brz-fs-lg-16 brz-fss-lg-px brz-fw-lg-400 brz-ls-lg-0 brz-lh-lg-1_9 brz-css-ebvAc\" data-uniq-id=\"nwtvm\" data-generated-css=\"brz-css-zwsim\">El titanio es un material muy compatible con los tejidos y los implantes dentales de titanio se someten a varios procedimientos, como la rugosidad, el recubrimiento con diferentes materiales, para la uni\u00f3n de las c\u00e9lulas al hueso de la mand\u00edbula.<\/p>\n<p class=\"brz-mb-lg-20 brz-tp-lg-empty brz-ff-ymubgefsxldrywogxtzekrfkmzwinepjvqkm brz-ft-upload brz-fs-lg-16 brz-fss-lg-px brz-fw-lg-400 brz-ls-lg-0 brz-lh-lg-1_9 brz-css-zOoj3\" data-uniq-id=\"bkumx\" data-generated-css=\"brz-css-jpgpu\">Cuando que los implantes dentales se colocan en la mand\u00edbula, se mantienen unidos como c\u00e9lulas, creando un v\u00ednculo especial con el hueso. Cuando se completa la fijaci\u00f3n (1 a 6 meses), la pr\u00f3tesis dental que llamamos superestructura est\u00e1 lista para su preparaci\u00f3n. Este paso es similar a hacer un crono o un puente (com\u00fanmente llamado bridge) en un corte normal.<\/p>\n<\/div>\n<\/div>\n<\/div>\n<\/div>\n<\/div>\n<\/div>\n<\/div>\n<\/div>\n<\/div>\n<\/section>\n<\/div>\n<p>    <!-- version:1738250253 --><\/p>\n","protected":false},"excerpt":{"rendered":"<p>Implantes dentales Find Us Health Center DENTAL TREATMENTS Implantes dentales Los implantes dentales son ra\u00edces dentales artificiales hechas 100% de titanio y se colocan en el hueso de la mand\u00edbula para restaurar la funci\u00f3n y la est\u00e9tica de los dientes perdidos por los pacientes. El titanio es un material muy compatible con los tejidos y [&hellip;]<\/p>\n","protected":false},"author":3,"featured_media":0,"parent":1254,"menu_order":0,"comment_status":"closed","ping_status":"closed","template":"","meta":{"footnotes":""},"class_list":["post-11547","page","type-page","status-publish","hentry"],"blocksy_meta":[],"_links":{"self":[{"href":"https:\/\/findushealth.com\/es\/wp-json\/wp\/v2\/pages\/11547","targetHints":{"allow":["GET"]}}],"collection":[{"href":"https:\/\/findushealth.com\/es\/wp-json\/wp\/v2\/pages"}],"about":[{"href":"https:\/\/findushealth.com\/es\/wp-json\/wp\/v2\/types\/page"}],"author":[{"embeddable":true,"href":"https:\/\/findushealth.com\/es\/wp-json\/wp\/v2\/users\/3"}],"replies":[{"embeddable":true,"href":"https:\/\/findushealth.com\/es\/wp-json\/wp\/v2\/comments?post=11547"}],"version-history":[{"count":0,"href":"https:\/\/findushealth.com\/es\/wp-json\/wp\/v2\/pages\/11547\/revisions"}],"up":[{"embeddable":true,"href":"https:\/\/findushealth.com\/es\/wp-json\/wp\/v2\/pages\/1254"}],"wp:attachment":[{"href":"https:\/\/findushealth.com\/es\/wp-json\/wp\/v2\/media?parent=11547"}],"curies":[{"name":"wp","href":"https:\/\/api.w.org\/{rel}","templated":true}]}}