{"id":11674,"date":"2023-02-25T00:38:59","date_gmt":"2023-02-24T21:38:59","guid":{"rendered":"https:\/\/aslhealth.vl-staging.com\/procedures\/dental-treatments\/zirconium-crowns-2\/"},"modified":"2025-02-02T01:19:25","modified_gmt":"2025-02-01T22:19:25","slug":"zirconium-crowns-2","status":"publish","type":"page","link":"https:\/\/findushealth.com\/es\/procedures\/dental-treatments\/zirconium-crowns-2\/","title":{"rendered":"Zirconium Crowns"},"content":{"rendered":"<div class=\"brz-root__container brz-reset-all brz brz-root__container-page\">\n<section id=\"_syadqlvomdhtafvaevenlzqwhecfvoabwsdj\" class=\"brz-section brz-css-v3ja9t\">\n<div class=\"brz-section__content brz-section--boxed brz-css-1j74vbr brz-css-lpvjcw\" data-brz-custom-id=\"cnakhkqzqfsmpjgttodizlorihphicjybfrx\">\n<div class=\"brz-bg\">\n<div class=\"brz-bg-color\"><\/div>\n<\/div>\n<div class=\"brz-container brz-css-11c0yho\">\n<div id=\"\" class=\"brz-css-uwk3gm brz-css-p7vx9t brz-wrapper\">\n<div class=\"brz-line brz-line-default brz-css-cgldlg brz-css-slw7wh\" data-brz-custom-id=\"qlifltpzjmanrvfbmygxuvhjhmfmpaagruca\">\n<hr class=\"brz-hr\"><\/div>\n<\/div>\n<div id=\"\" class=\"brz-css-uwk3gm brz-css-1p0mak4 brz-css-1ht6t28 brz-wrapper\">\n<div class=\"brz-spacer brz-css-m0ukra brz-css-5an3m1\"><\/div>\n<\/div>\n<div class=\"brz-row__container brz-css-k4e8nw brz-css-xsdjzh\" data-brz-custom-id=\"npokdkbioqypwgzaihjyafpjiryygadydxbk\">\n<div class=\"brz-bg\"><\/div>\n<div class=\"brz-row brz-css-fdu0aq brz-css-1ip932q\">\n<div class=\"brz-columns brz-css-159tzft brz-css-mf50v0\" data-brz-custom-id=\"xdqovzxnrghqwicszavqevonrawzyxaakngf\">\n<div class=\"brz-bg\"><\/div>\n<div class=\"brz-column__items brz-css-36r3zj brz-css-1c8ek9e\">\n<div id=\"\" class=\"brz-css-uwk3gm brz-wrapper\">\n<div class=\"brz-rich-text brz-rich-text__custom brz-css-1yznhs2\" data-brz-custom-id=\"japoekvetnlymfehfdvlxicuznpxagvcfbgp\">\n<div data-brz-translate-text=\"1\">\n<h3 class=\"brz-tp-lg-heading3 brz-text-xs-center ql-align-justify brz-css-zLBUS\" data-uniq-id=\"zbwit\" data-generated-css=\"brz-css-gczdq\"><strong>Coronas de circonio \u2013 Zirconium<\/strong><\/h3>\n<\/div>\n<\/div>\n<\/div>\n<div id=\"\" class=\"brz-css-uwk3gm brz-wrapper\">\n<div class=\"brz-rich-text brz-rich-text__custom brz-css-1yznhs2\" data-brz-custom-id=\"sbtkdgmcszycjbpkzbfplxwcruowwjgropty\">\n<div data-brz-translate-text=\"1\">\n<h4 class=\"brz-tp-lg-heading4 brz-text-xs-center brz-css-zH0bN\" data-generated-css=\"brz-css-oqqpi\" data-uniq-id=\"iomwm\"><span>Find Us  Healht<\/span><\/h4>\n<\/div>\n<\/div>\n<\/div>\n<\/div>\n<\/div>\n<div class=\"brz-columns brz-css-159tzft brz-css-4nx2v6\" data-brz-custom-id=\"wtgnfgoxesqryvfhnjcmgcsdgduuifzssgmq\">\n<div class=\"brz-bg\"><\/div>\n<div class=\"brz-column__items brz-css-36r3zj brz-css-13akto7\">\n<div class=\"brz-wrapper-clone brz-css-t10ikm\">\n<div class=\"brz-d-xs-flex brz-flex-xs-wrap brz-css-fhuwc4 brz-css-1v25c3s\" data-brz-custom-id=\"\">\n<div class=\"brz-wrapper-clone__item\" id=\"fjbrtelzzwfwwmeuuxnmnfrupdnmikeiuyes\">\n<div class=\"brz-icon__container\" data-brz-custom-id=\"fjbrtelzzwfwwmeuuxnmnfrupdnmikeiuyes\"><span class=\"brz-icon brz-span brz-css-8yk3m4 brz-css-9o6x9j\"><\/span><\/div>\n<\/div>\n<\/div>\n<\/div>\n<\/div>\n<\/div>\n<\/div>\n<\/div>\n<\/div>\n<\/div>\n<\/section>\n<section id=\"_jfasfautmpffgiuyvouiovwltiheexiqyvgc\" class=\"brz-section brz-css-v3ja9t\">\n<div class=\"brz-section__content brz-section--boxed brz-css-1j74vbr brz-css-1h4bpp4\" data-brz-custom-id=\"czvqnevblrzguqeedomtwdqecihyomleqpql\">\n<div class=\"brz-bg\">\n<div class=\"brz-bg-color\"><\/div>\n<\/div>\n<div class=\"brz-container brz-css-11c0yho\">\n<div id=\"whitearea\" class=\"brz-row__container brz-css-k4e8nw brz-css-1th9z2e\" data-brz-custom-id=\"corqqzdiggsplqcrvywjdoyvpjzljewyhiwz\">\n<div class=\"brz-bg\">\n<div class=\"brz-bg-color\"><\/div>\n<\/div>\n<div class=\"brz-row brz-css-fdu0aq brz-css-37spuk\">\n<div class=\"brz-columns brz-css-159tzft brz-css-1addq5g\" data-brz-custom-id=\"fgciprescovemclyqrrrrhcemokrvvycpmts\">\n<div class=\"brz-bg\"><\/div>\n<div class=\"brz-column__items brz-css-36r3zj brz-css-rtdt66\">\n<div id=\"\" class=\"brz-css-uwk3gm brz-css-1bubuys brz-wrapper\">\n<div class=\"brz-image brz-css-g2tw2j brz-css-1cp1at9\" data-brz-custom-id=\"ewgdkdvpsibkhdionzesqoqzxrhtsnsbrexu\"><img decoding=\"async\" class=\"brz-img\" src=\"https:\/\/findushealth.com\/es?brizy_media=wp-9271efb5ae5e9f687df692334c5efbe9.jpg&amp;brizy_crop=iW%3D675%26iH%3D450%26oX%3D0%26oY%3D0%26cW%3D544%26cH%3D450\" alt=\"\" loading=\"lazy\"><\/div>\n<\/div>\n<\/div>\n<\/div>\n<div class=\"brz-columns brz-css-159tzft brz-css-1bkdsdj\" data-brz-custom-id=\"hmhqtlezphmhqekejxfmgqrxtnppcwzsmqvj\">\n<div class=\"brz-bg\"><\/div>\n<div class=\"brz-column__items brz-css-36r3zj brz-css-1kt19ku\">\n<div id=\"\" class=\"brz-css-uwk3gm brz-css-1ktbv1e brz-wrapper\">\n<div class=\"brz-rich-text brz-rich-text__custom brz-css-1yznhs2\" data-brz-custom-id=\"cnhgomrhpktivhlkapdppgitktyleiimitxc\">\n<div data-brz-translate-text=\"1\">\n<p class=\"brz-ls-lg-0 brz-lh-lg-1_9 brz-tp-lg-empty brz-ff-ymubgefsxldrywogxtzekrfkmzwinepjvqkm brz-ft-upload brz-fs-lg-12 brz-fss-lg-px brz-fw-lg-700 brz-css-in8qn\" data-generated-css=\"brz-css-dydmg\" data-uniq-id=\"klhay\"><span class=\"brz-cp-color7\">TRATAMIENTOS DENTALES<\/span><\/p>\n<\/div>\n<\/div>\n<\/div>\n<div id=\"\" class=\"brz-css-uwk3gm brz-css-1h5xovr brz-wrapper\">\n<div class=\"brz-rich-text brz-rich-text__custom brz-css-1yznhs2\" data-brz-custom-id=\"qukskgeuvswbtoexcyzjzpaaygogrgfnkafm\">\n<div data-brz-translate-text=\"1\">\n<p class=\"brz-fs-lg-20 brz-ft-upload brz-ff-ymubgefsxldrywogxtzekrfkmzwinepjvqkm brz-tp-lg-empty brz-lh-lg-1_9 brz-ls-lg-0 brz-fw-lg-400 brz-fss-lg-px ql-align-justify brz-css-ggmeU\" data-generated-css=\"brz-css-jyiuy\" data-uniq-id=\"yevzl\"><strong>Coronas de circonio \u2013 Zirconium<\/strong><\/p>\n<\/div>\n<\/div>\n<\/div>\n<div id=\"\" class=\"brz-css-uwk3gm brz-wrapper\">\n<div class=\"brz-rich-text brz-rich-text__custom brz-css-1yznhs2\" data-brz-custom-id=\"kpkpaatgqfrvjruqhnqiceqooamudsjnbqyp\">\n<div data-brz-translate-text=\"1\">\n<p class=\"brz-mb-lg-20 brz-tp-lg-empty brz-ff-enqmzdbzxbgylolsjadsfjxunpbkpfxobhlf brz-ft-upload brz-fs-lg-20 brz-fss-lg-px brz-fw-lg-400 brz-ls-lg-0 brz-lh-lg-1_9 brz-css-ljxPl\" data-generated-css=\"brz-css-gwbrw\" data-uniq-id=\"suokr\"><span>El circonio es muy est\u00e9tico y muy duradero. Con la ayuda de las coronas de&nbsp;circonio conseguimos soluciones muy est\u00e9ticas,&nbsp;persistentes&nbsp;y es&nbsp;dif\u00edcil diferenciarles&nbsp;de los dientes naturales<\/span><\/p>\n<\/div>\n<\/div>\n<\/div>\n<div id=\"\" class=\"brz-css-uwk3gm brz-wrapper\">\n<div class=\"brz-rich-text brz-rich-text__custom brz-css-1yznhs2\" data-brz-custom-id=\"hnousnakderbfmbzryfyisadnvvfdibogyti\">\n<div data-brz-translate-text=\"1\">\n<p class=\"brz-mb-lg-20 brz-tp-lg-empty brz-ff-ymubgefsxldrywogxtzekrfkmzwinepjvqkm brz-ft-upload brz-fs-lg-16 brz-fss-lg-px brz-fw-lg-400 brz-ls-lg-0 brz-lh-lg-1_9 brz-css-mb_tn\" data-uniq-id=\"bcdwe\" data-generated-css=\"brz-css-snasg\"><span class=\"brz-cp-color2\">A&nbsp;la gran&nbsp;diferencia de los empastes y los materiales compuestos, las coronas de&nbsp;circonio no&nbsp;se manchan.&nbsp;La base de cer\u00e1mica permite que la luz brille, lo que da como resultado un aspecto&nbsp;muy&nbsp;natural y est\u00e9tico.<\/span><\/p>\n<p class=\"brz-mb-lg-20 brz-tp-lg-empty brz-ff-ymubgefsxldrywogxtzekrfkmzwinepjvqkm brz-ft-upload brz-fs-lg-16 brz-fss-lg-px brz-fw-lg-400 brz-ls-lg-0 brz-lh-lg-1_9 brz-css-ln6hD\" data-uniq-id=\"hiuhu\" data-generated-css=\"brz-css-avdsf\"><span class=\"brz-cp-color2\">El circonio ten\u00eda caracter\u00edsticas biol\u00f3gicas y anti-alerg\u00e9nicas. Por lo tanto, tambi\u00e9n se puede utilizar para pacientes al\u00e9rgicos al metal<\/span><\/p>\n<ul>\n<li class=\"brz-mb-lg-20 brz-tp-lg-empty brz-ff-ymubgefsxldrywogxtzekrfkmzwinepjvqkm brz-ft-upload brz-fs-lg-16 brz-fss-lg-px brz-fw-lg-400 brz-ls-lg-0 brz-lh-lg-1_9 brz-css-if3m8\" data-uniq-id=\"prpza\" data-generated-css=\"brz-css-tiwmh\"><span>Treatment duration 4 \u2013 7 days<\/span><\/li>\n<li class=\"brz-mb-lg-20 brz-tp-lg-empty brz-ff-ymubgefsxldrywogxtzekrfkmzwinepjvqkm brz-ft-upload brz-fs-lg-16 brz-fss-lg-px brz-fw-lg-400 brz-ls-lg-0 brz-lh-lg-1_9 brz-bcp-color2 brz-css-tfbL4\" data-uniq-id=\"tyfay\" data-generated-css=\"brz-css-sdhxg\"><span class=\"brz-cp-color2\">Sufre de p\u00e9rdida&nbsp;o ca\u00edda&nbsp;extrema de diente<\/span><\/li>\n<li class=\"brz-mb-lg-20 brz-tp-lg-empty brz-ff-ymubgefsxldrywogxtzekrfkmzwinepjvqkm brz-ft-upload brz-fs-lg-16 brz-fss-lg-px brz-fw-lg-400 brz-ls-lg-0 brz-lh-lg-1_9 brz-css-wHV_N\" data-uniq-id=\"uupft\" data-generated-css=\"brz-css-fqmoi\"><span>Quiere hacerse un puente dental<\/span><\/li>\n<li class=\"brz-mb-lg-20 brz-tp-lg-empty brz-ff-ymubgefsxldrywogxtzekrfkmzwinepjvqkm brz-ft-upload brz-fs-lg-16 brz-fss-lg-px brz-fw-lg-400 brz-ls-lg-0 brz-lh-lg-1_9 brz-bcp-color2 brz-css-uaec3\" data-uniq-id=\"nsljs\" data-generated-css=\"brz-css-pqmtg\"><span class=\"brz-cp-color2\">Tiene problemas con sus dientes frontale<\/span><\/li>\n<li class=\"brz-mb-lg-20 brz-tp-lg-empty brz-ff-ymubgefsxldrywogxtzekrfkmzwinepjvqkm brz-ft-upload brz-fs-lg-16 brz-fss-lg-px brz-fw-lg-400 brz-ls-lg-0 brz-lh-lg-1_9 brz-bcp-color2 brz-css-p7Pyu\" data-uniq-id=\"zujbe\" data-generated-css=\"brz-css-vuubs\"><span class=\"brz-cp-color2\">Buscan la mejor soluci\u00f3n est\u00e9tica posibl<\/span><\/li>\n<li class=\"brz-mb-lg-20 brz-tp-lg-empty brz-ff-ymubgefsxldrywogxtzekrfkmzwinepjvqkm brz-ft-upload brz-fs-lg-16 brz-fss-lg-px brz-fw-lg-400 brz-ls-lg-0 brz-lh-lg-1_9 brz-bcp-color2 brz-css-qmeRB\" data-uniq-id=\"hgxlm\" data-generated-css=\"brz-css-lihfc\"><span class=\"brz-cp-color2\">Tiene alergia&nbsp;al meta<\/span><\/li>\n<\/ul>\n<\/div>\n<\/div>\n<\/div>\n<\/div>\n<\/div>\n<\/div>\n<\/div>\n<\/div>\n<\/div>\n<\/section>\n<\/div>\n<p>    <!-- version:1738448365 --><\/p>\n","protected":false},"excerpt":{"rendered":"<p>Coronas de circonio \u2013 Zirconium Find Us Healht TRATAMIENTOS DENTALES Coronas de circonio \u2013 Zirconium El circonio es muy est\u00e9tico y muy duradero. Con la ayuda de las coronas de&nbsp;circonio conseguimos soluciones muy est\u00e9ticas,&nbsp;persistentes&nbsp;y es&nbsp;dif\u00edcil diferenciarles&nbsp;de los dientes naturales A&nbsp;la gran&nbsp;diferencia de los empastes y los materiales compuestos, las coronas de&nbsp;circonio no&nbsp;se manchan.&nbsp;La base de [&hellip;]<\/p>\n","protected":false},"author":3,"featured_media":0,"parent":1254,"menu_order":0,"comment_status":"closed","ping_status":"closed","template":"","meta":{"footnotes":""},"class_list":["post-11674","page","type-page","status-publish","hentry"],"blocksy_meta":[],"_links":{"self":[{"href":"https:\/\/findushealth.com\/es\/wp-json\/wp\/v2\/pages\/11674","targetHints":{"allow":["GET"]}}],"collection":[{"href":"https:\/\/findushealth.com\/es\/wp-json\/wp\/v2\/pages"}],"about":[{"href":"https:\/\/findushealth.com\/es\/wp-json\/wp\/v2\/types\/page"}],"author":[{"embeddable":true,"href":"https:\/\/findushealth.com\/es\/wp-json\/wp\/v2\/users\/3"}],"replies":[{"embeddable":true,"href":"https:\/\/findushealth.com\/es\/wp-json\/wp\/v2\/comments?post=11674"}],"version-history":[{"count":0,"href":"https:\/\/findushealth.com\/es\/wp-json\/wp\/v2\/pages\/11674\/revisions"}],"up":[{"embeddable":true,"href":"https:\/\/findushealth.com\/es\/wp-json\/wp\/v2\/pages\/1254"}],"wp:attachment":[{"href":"https:\/\/findushealth.com\/es\/wp-json\/wp\/v2\/media?parent=11674"}],"curies":[{"name":"wp","href":"https:\/\/api.w.org\/{rel}","templated":true}]}}