{"id":12053,"date":"2023-02-05T16:54:47","date_gmt":"2023-02-05T13:54:47","guid":{"rendered":"https:\/\/findushealth.com\/about\/hotels-transport\/"},"modified":"2025-02-02T06:31:24","modified_gmt":"2025-02-02T03:31:24","slug":"hotels-transport","status":"publish","type":"page","link":"https:\/\/findushealth.com\/es\/about\/hotels-transport\/","title":{"rendered":"Hotels &amp; Transport"},"content":{"rendered":"<div class=\"brz-root__container brz-reset-all brz brz-root__container-page\">\n<section id=\"_srpurlybjfmyakjuxphjrudvqgsedhworqfz\" class=\"brz-section brz-css-12491zm\">\n<div class=\"brz-section__content brz-section--boxed brz-css-qvw9do brz-css-1jusnhr\" data-brz-custom-id=\"otywrsuxwnkzfvnkdlvueqnhoyxabvlpfjmq\">\n<div class=\"brz-bg\">\n<div class=\"brz-bg-color\"><\/div>\n<\/div>\n<div class=\"brz-container brz-css-crokxk\">\n<div id=\"\" class=\"brz-css-c3w555 brz-css-11fcltw brz-wrapper\">\n<div class=\"brz-line brz-line-default brz-css-3jz17l brz-css-1kdildu\" data-brz-custom-id=\"iwuqowfsfagxzxzrwbiosehgzmgotgepdihy\">\n<hr class=\"brz-hr\"><\/div>\n<\/div>\n<div id=\"\" class=\"brz-css-c3w555 brz-css-px4x5k brz-css-13xwlbz brz-wrapper\">\n<div class=\"brz-spacer brz-css-19jig3x brz-css-6h3bbi\"><\/div>\n<\/div>\n<div class=\"brz-row__container brz-css-1lykxn brz-css-qftztd\" data-brz-custom-id=\"rfxawpttpgmgvhmevmondenpnjgckrjlwpzd\">\n<div class=\"brz-bg\"><\/div>\n<div class=\"brz-row brz-css-13gu8w9 brz-css-1dlbs2\">\n<div class=\"brz-columns brz-css-16lv0m0 brz-css-mli6wr\" data-brz-custom-id=\"wpyvwcoprsyqhbtdlcmyhtueklcyufttxxet\">\n<div class=\"brz-bg\"><\/div>\n<div class=\"brz-column__items brz-css-qthn4w brz-css-1bmwwcg\">\n<div id=\"\" class=\"brz-css-c3w555 brz-wrapper\">\n<div class=\"brz-rich-text brz-rich-text__custom brz-css-1ht1k7o\" data-brz-custom-id=\"tatblmxuzbmjofuvtpokddyddgqxsuqmncji\">\n<div data-brz-translate-text=\"1\">\n<h2 class=\"brz-tp-lg-heading2 brz-css-pl0ac\" data-uniq-id=\"barxt\" data-generated-css=\"brz-css-nivab\"><span>HOTELES Y TRANSPORTES<\/span><\/h2>\n<\/div>\n<\/div>\n<\/div>\n<div id=\"\" class=\"brz-css-c3w555 brz-wrapper\">\n<div class=\"brz-rich-text brz-rich-text__custom brz-css-1ht1k7o\" data-brz-custom-id=\"bgwnexsgxzxemyfavpjzjyfqcbztjveyuflg\">\n<div data-brz-translate-text=\"1\">\n<h4 class=\"brz-tp-lg-heading4 brz-css-idN5K\" data-generated-css=\"brz-css-caxah\" data-uniq-id=\"opbuq\"><span>Find Us Health<\/span><\/h4>\n<\/div>\n<\/div>\n<\/div>\n<\/div>\n<\/div>\n<div class=\"brz-columns brz-css-16lv0m0 brz-css-trpjm0\" data-brz-custom-id=\"etstlpvpuwmwkfwtfuglebvlvbhtgsjrcpqj\">\n<div class=\"brz-bg\"><\/div>\n<div class=\"brz-column__items brz-css-qthn4w brz-css-1k62iop\">\n<div class=\"brz-wrapper-clone brz-css-543hgd\">\n<div class=\"brz-d-xs-flex brz-flex-xs-wrap brz-css-m35uq0 brz-css-15yki4o\" data-brz-custom-id=\"\">\n<div class=\"brz-wrapper-clone__item\" id=\"pmrlrtkvpukhbkjqzgqlcctxskvoqkfxgtes\">\n<div class=\"brz-icon__container\" data-brz-custom-id=\"pmrlrtkvpukhbkjqzgqlcctxskvoqkfxgtes\"><span class=\"brz-icon brz-span brz-css-1ib2881 brz-css-d2zsr0\"><\/span><\/div>\n<\/div>\n<\/div>\n<\/div>\n<\/div>\n<\/div>\n<\/div>\n<\/div>\n<\/div>\n<\/div>\n<\/section>\n<section id=\"_pdogrlqpetwdmeufggqlnfzzytrfupsybhot\" class=\"brz-section brz-css-12491zm\">\n<div class=\"brz-section__content brz-section--boxed brz-css-qvw9do\" data-brz-custom-id=\"qdczzkdespeyevjipkghazkutywnirpyhucu\">\n<div class=\"brz-container brz-css-crokxk\">\n<div id=\"\" class=\"brz-css-c3w555 brz-wrapper\">\n<div class=\"brz-rich-text brz-rich-text__custom brz-css-1ht1k7o\" data-brz-custom-id=\"nmovatsdzfdojvzhblbzduzyzztpgdvbypej\">\n<div data-brz-translate-text=\"1\">\n<h3 class=\"brz-text-lg-center brz-tp-lg-heading3 ql-align-center brz-css-dQ1Dz\" data-generated-css=\"brz-css-ceyvv\" data-uniq-id=\"kipaf\"><strong class=\"brz-cp-color7\">Nuestros hoteles<\/strong><\/h3>\n<\/div>\n<\/div>\n<\/div>\n<div class=\"brz-row__container brz-css-1lykxn\" data-brz-custom-id=\"sntjtdklqpdhopotsvuqtiqywpkejfurscqt\">\n<div class=\"brz-bg\"><\/div>\n<div class=\"brz-row brz-css-13gu8w9\">\n<div class=\"brz-columns brz-css-16lv0m0 brz-css-rm359m\" data-brz-custom-id=\"josrujaydkdkaqrzgjxhexhpzafhplzodyiy\">\n<div class=\"brz-bg\"><\/div>\n<div class=\"brz-column__items brz-css-qthn4w\"><\/div>\n<\/div>\n<div class=\"brz-columns brz-css-16lv0m0 brz-css-wi12b4\" data-brz-custom-id=\"sayizzlgvyzybsfkkwsjivnzrrngdtzpcqfz\">\n<div class=\"brz-bg\"><\/div>\n<div class=\"brz-column__items brz-css-qthn4w brz-css-vbxoll\">\n<div id=\"\" class=\"brz-css-c3w555 brz-wrapper\">\n<div class=\"brz-image brz-css-2tvdjs brz-css-1e28f8t\" data-brz-custom-id=\"nlezimkgrskfebfekxzldubrqvzvnzdifwyt\"><img decoding=\"async\" class=\"brz-img\" src=\"https:\/\/findushealth.com\/es?brizy_media=wp-e4f9c3020ffc37224ee4b09cbd4886b8.jpg&amp;brizy_crop=original\" alt=\"\" loading=\"lazy\"><\/div>\n<\/div>\n<div id=\"\" class=\"brz-css-c3w555 brz-wrapper\">\n<div class=\"brz-rich-text brz-rich-text__custom brz-css-1ht1k7o\" data-brz-custom-id=\"aagzeputwwivuokkeeugpuwqtxyhmqudvbce\">\n<div data-brz-translate-text=\"1\">\n<h3 class=\"brz-text-lg-center brz-tp-lg-heading3 ql-align-center brz-css-eQY3T\" data-generated-css=\"brz-css-recyk\" data-uniq-id=\"jsyuu\"><strong class=\"brz-cp-color7\" style=\"background-color: initial\">Hotel  Best Western Khan<\/strong><\/h3>\n<\/div>\n<\/div>\n<\/div>\n<div id=\"\" class=\"brz-css-c3w555 brz-wrapper\">\n<div class=\"brz-rich-text brz-rich-text__custom brz-css-1ht1k7o\" data-brz-custom-id=\"eowrkepndbrxrgrxtvmvsreyigdvlnrzxcwb\">\n<div data-brz-translate-text=\"1\">\n<p class=\"brz-text-lg-center brz-tp-lg-paragraph brz-css-npfDD\" data-uniq-id=\"wqsyi\" data-generated-css=\"brz-css-lgvup\"><span class=\"brz-cp-color7\">TODO INCLUIDO \u2022 5 ESTRELLAS<\/span><\/p>\n<\/div>\n<\/div>\n<\/div>\n<div id=\"\" class=\"brz-css-c3w555 brz-wrapper\">\n<div class=\"brz-rich-text brz-rich-text__custom brz-css-1ht1k7o\" data-brz-custom-id=\"ztudsfqkxzwdynladclbgyzbgjrrkpoeecwa\">\n<div data-brz-translate-text=\"1\">\n<p class=\"brz-text-lg-center brz-tp-lg-paragraph brz-css-vQuYo\" data-generated-css=\"brz-css-sritb\" data-uniq-id=\"aambu\"><span class=\"brz-cp-color7\">Adecuado para aquellos que quieren estar en el centro de la ciudad. Servicio ilimitado sin compromiso a la calidad. Siempre encontramos la soluci\u00f3n a todas sus necesidades y expectativas para su satisfacci\u00f3n. Este seguro.<\/span><\/p>\n<\/div>\n<\/div>\n<\/div>\n<div class=\"brz-wrapper-clone brz-css-543hgd\">\n<div class=\"brz-d-xs-flex brz-flex-xs-wrap brz-css-m35uq0\" data-brz-custom-id=\"\">\n<div class=\"brz-wrapper-clone__item\" id=\"iwjzzsfnrciufkiyjrwfkrecpxmoaqwgsdzi\"><a class=\"brz-a brz-btn brz-css-1re3ulr brz-css-uqew9r brz-css-1frtf35\" href=\"https:\/\/www.khanhotel.com\/tr\" target=\"_self\" rel=\"noopener\" data-brz-link-type=\"external\" data-brz-custom-id=\"iwjzzsfnrciufkiyjrwfkrecpxmoaqwgsdzi\"><span data-brz-translate-text=\"1\" class=\"brz-span brz-text__editor\">Ver m\u00e1s<\/span><\/a><\/div>\n<\/div>\n<\/div>\n<\/div>\n<\/div>\n<div class=\"brz-columns brz-css-16lv0m0 brz-css-1k8bvey\" data-brz-custom-id=\"lldigdnhwrhtikxzniioluogbqjuxlocjazo\">\n<div class=\"brz-bg\"><\/div>\n<div class=\"brz-column__items brz-css-qthn4w brz-css-1q7ndd0\">\n<div id=\"\" class=\"brz-css-c3w555 brz-wrapper\">\n<div class=\"brz-image brz-css-zhbcqj brz-css-4ar51r\" data-brz-custom-id=\"pnqrgzvbgeuhqjpbakbfpxgzjnvvpwqupumt\"><img decoding=\"async\" class=\"brz-img\" src=\"https:\/\/findushealth.com\/es?brizy_media=wp-cc140c7e89198ebb2032d1ec52f86c88.jpg&amp;brizy_crop=original\" alt=\"\" loading=\"lazy\"><\/div>\n<\/div>\n<div id=\"\" class=\"brz-css-c3w555 brz-wrapper\">\n<div class=\"brz-rich-text brz-rich-text__custom brz-css-1ht1k7o\" data-brz-custom-id=\"wsxhkusnbvlfzskqgjjkoqiicokqgduqmujs\">\n<div data-brz-translate-text=\"1\">\n<h3 class=\"brz-text-lg-center brz-tp-lg-heading3 ql-align-center brz-css-umTFO\" data-generated-css=\"brz-css-guymo\" data-uniq-id=\"bjhec\"><strong class=\"brz-cp-color7\" style=\"background-color: initial\">Hotel Bil\u00e9m<\/strong><\/h3>\n<\/div>\n<\/div>\n<\/div>\n<div id=\"\" class=\"brz-css-c3w555 brz-wrapper\">\n<div class=\"brz-rich-text brz-rich-text__custom brz-css-1ht1k7o\" data-brz-custom-id=\"kvtnhzkxpuykmvewveelmhbjfjrhhmwtzrcq\">\n<div data-brz-translate-text=\"1\">\n<p class=\"brz-text-lg-center brz-tp-lg-paragraph brz-css-lAC4s\" data-uniq-id=\"uaatl\" data-generated-css=\"brz-css-bwvlg\"><span class=\"brz-cp-color7\">TODO INCLUIDO \u2022 5 ESTRELLAS<\/span><\/p>\n<\/div>\n<\/div>\n<\/div>\n<div id=\"\" class=\"brz-css-c3w555 brz-wrapper\">\n<div class=\"brz-rich-text brz-rich-text__custom brz-css-1ht1k7o\" data-brz-custom-id=\"kcuwgxjvzobxvtzxoqeocubbkyivlmllwezq\">\n<div data-brz-translate-text=\"1\">\n<p class=\"brz-tp-lg-paragraph brz-text-lg-center brz-css-j2LRe\" data-uniq-id=\"bjews\" data-generated-css=\"brz-css-gqqdm\"><span class=\"brz-cp-color7\">Apreciar\u00e1 la comodidad y la tranquilidad del Hotel Bilem, que ofrece una experiencia inolvidable a sus clientes gracias a su ubicaci\u00f3n central y su vista \u00fanica que incluye un vista sobre Olympos en un d\u00eda despejado.<\/span><\/p>\n<\/div>\n<\/div>\n<\/div>\n<div class=\"brz-wrapper-clone brz-css-543hgd\">\n<div class=\"brz-d-xs-flex brz-flex-xs-wrap brz-css-m35uq0\" data-brz-custom-id=\"\">\n<div class=\"brz-wrapper-clone__item\" id=\"kkjonugcbaxlurztaztqrmwxflgvusgjcszf\"><a class=\"brz-a brz-btn brz-css-1re3ulr brz-css-uqew9r brz-css-ry05tr\" href=\"https:\/\/www.bilemotel.com\/\" target=\"_self\" rel=\"noopener\" data-brz-link-type=\"external\" data-brz-custom-id=\"kkjonugcbaxlurztaztqrmwxflgvusgjcszf\"><span data-brz-translate-text=\"1\" class=\"brz-span brz-text__editor\">Ver m\u00e1s<\/span><\/a><\/div>\n<\/div>\n<\/div>\n<\/div>\n<\/div>\n<div class=\"brz-columns brz-css-16lv0m0 brz-css-mnau4g\" data-brz-custom-id=\"nxdjnxpqwurcjhhzbjoddpkhrwttfcmvpfow\">\n<div class=\"brz-bg\"><\/div>\n<div class=\"brz-column__items brz-css-qthn4w\"><\/div>\n<\/div>\n<\/div>\n<\/div>\n<div id=\"\" class=\"brz-css-c3w555 brz-wrapper\">\n<div class=\"brz-line brz-line-default brz-css-3jz17l brz-css-97cb5s\" data-brz-custom-id=\"uybgtitkvtcedmjbhetresihowgekbvlstjb\">\n<hr class=\"brz-hr\"><\/div>\n<\/div>\n<div id=\"\" class=\"brz-css-c3w555 brz-wrapper\">\n<div class=\"brz-rich-text brz-rich-text__custom brz-css-1ht1k7o\" data-brz-custom-id=\"hlrwfowfpdsyngvoynxtpkintifscevrwyiu\">\n<div data-brz-translate-text=\"1\">\n<h3 class=\"brz-text-lg-center brz-tp-lg-heading3 ql-align-center brz-css-crhpN\" data-generated-css=\"brz-css-idxsz\" data-uniq-id=\"tqqjr\"><span class=\"brz-cp-color7\">Nuestros transportes<\/span><\/h3>\n<\/div>\n<\/div>\n<\/div>\n<div class=\"brz-row__container brz-css-1lykxn\" data-brz-custom-id=\"daiwyqqegprjrlqhtbogmskzdixidstdaenl\">\n<div class=\"brz-bg\"><\/div>\n<div class=\"brz-row brz-css-13gu8w9\">\n<div class=\"brz-columns brz-css-16lv0m0 brz-css-1s3mhw6\" data-brz-custom-id=\"cfnvuhwxgfqpkstabmjtoswdtwpiefbxmbsw\">\n<div class=\"brz-bg\"><\/div>\n<div class=\"brz-column__items brz-css-qthn4w\"><\/div>\n<\/div>\n<div class=\"brz-columns brz-css-16lv0m0 brz-css-26pje5\" data-brz-custom-id=\"zglcxfpjkvqrfppjokwjqncpjetgvluoloav\">\n<div class=\"brz-bg\"><\/div>\n<div class=\"brz-column__items brz-css-qthn4w\">\n<div id=\"\" class=\"brz-css-c3w555 brz-wrapper\">\n<div class=\"brz-image brz-css-ub7a1c brz-css-1ymrb6c\" data-brz-custom-id=\"cmajiftyucwxeycwndasldpsoyflxrwtjunt\"><img decoding=\"async\" class=\"brz-img\" src=\"https:\/\/findushealth.com\/es?brizy_media=wp-2be1f833b481e0a7c135c2b268536a9a.jpeg&amp;brizy_crop=original\" alt=\"\" loading=\"lazy\"><\/div>\n<\/div>\n<div id=\"\" class=\"brz-css-c3w555 brz-wrapper\">\n<div class=\"brz-rich-text brz-rich-text__custom brz-css-1ht1k7o\" data-brz-custom-id=\"eenctolisnbiqsgiubgjotoflrsenkttgfft\">\n<div data-brz-translate-text=\"1\">\n<h3 class=\"brz-text-lg-center brz-tp-lg-heading3 ql-align-center brz-css-jcGcT\" data-generated-css=\"brz-css-krxvh\" data-uniq-id=\"fvzdk\"><strong class=\"brz-cp-color7\" style=\"background-color: initial\">Todo para tu comodidad<\/strong><\/h3>\n<\/div>\n<\/div>\n<\/div>\n<div id=\"\" class=\"brz-css-c3w555 brz-wrapper\">\n<div class=\"brz-rich-text brz-rich-text__custom brz-css-1ht1k7o\" data-brz-custom-id=\"qvcopkmcuzlaftceqrbajwlzzmhsupvyxaoq\">\n<div data-brz-translate-text=\"1\">\n<p class=\"brz-tp-lg-paragraph brz-text-lg-center brz-css-jw07A\" data-generated-css=\"brz-css-ziytg\" data-uniq-id=\"vahev\"><span class=\"brz-cp-color7\">9 FURGONETA VIP \u2022 CON PERSONAL PROFESIONAL<\/span><\/p>\n<\/div>\n<\/div>\n<\/div>\n<div id=\"\" class=\"brz-css-c3w555 brz-wrapper\">\n<div class=\"brz-rich-text brz-rich-text__custom brz-css-1ht1k7o\" data-brz-custom-id=\"hisukkxjnypsljvkycnkmqnfioshdxsadvyg\">\n<div data-brz-translate-text=\"1\">\n<p class=\"brz-text-lg-center brz-tp-lg-paragraph brz-css-u9Fos\" data-uniq-id=\"hevae\" data-generated-css=\"brz-css-sgifn\"><span class=\"brz-cp-color7\">Para que nuestros clientes se sientan m\u00e1s c\u00f3modos durante su tratamiento, brindamos servicio con nuestro equipo profesional y veh\u00edculos VIP de \u00faltima generaci\u00f3n en todos sus viajes a Turqu\u00eda.<\/span><\/p>\n<\/div>\n<\/div>\n<\/div>\n<div class=\"brz-wrapper-clone brz-css-543hgd\">\n<div class=\"brz-d-xs-flex brz-flex-xs-wrap brz-css-m35uq0\" data-brz-custom-id=\"\">\n<div class=\"brz-wrapper-clone__item\" id=\"ukadblkevzhznyijkyocxufqrjbmqnhjzrpp\"><a class=\"brz-a brz-btn brz-css-1re3ulr brz-css-uqew9r brz-css-1wx8hf5\" href=\"\" target=\"_self\" rel=\"noopener\" data-brz-link-type=\"external\" data-brz-custom-id=\"ukadblkevzhznyijkyocxufqrjbmqnhjzrpp\"><span data-brz-translate-text=\"1\" class=\"brz-span brz-text__editor\">Ver m\u00e1s<\/span><\/a><\/div>\n<\/div>\n<\/div>\n<\/div>\n<\/div>\n<div class=\"brz-columns brz-css-16lv0m0 brz-css-6yzoky\" data-brz-custom-id=\"miakjzluupkepizehtplwtuinckbqetkmyhb\">\n<div class=\"brz-bg\"><\/div>\n<div class=\"brz-column__items brz-css-qthn4w\"><\/div>\n<\/div>\n<\/div>\n<\/div>\n<\/div>\n<\/div>\n<\/section>\n<\/div>\n<p>    <!-- version:1738467084 --><\/p>\n","protected":false},"excerpt":{"rendered":"<p>HOTELES Y TRANSPORTES Find Us Health Nuestros hoteles Hotel Best Western Khan TODO INCLUIDO \u2022 5 ESTRELLAS Adecuado para aquellos que quieren estar en el centro de la ciudad. Servicio ilimitado sin compromiso a la calidad. Siempre encontramos la soluci\u00f3n a todas sus necesidades y expectativas para su satisfacci\u00f3n. Este seguro. Ver m\u00e1s Hotel Bil\u00e9m [&hellip;]<\/p>\n","protected":false},"author":3,"featured_media":0,"parent":96,"menu_order":0,"comment_status":"closed","ping_status":"closed","template":"","meta":{"footnotes":""},"class_list":["post-12053","page","type-page","status-publish","hentry"],"blocksy_meta":{"styles_descriptor":{"styles":{"desktop":"","tablet":"","mobile":""},"google_fonts":[],"version":6}},"_links":{"self":[{"href":"https:\/\/findushealth.com\/es\/wp-json\/wp\/v2\/pages\/12053","targetHints":{"allow":["GET"]}}],"collection":[{"href":"https:\/\/findushealth.com\/es\/wp-json\/wp\/v2\/pages"}],"about":[{"href":"https:\/\/findushealth.com\/es\/wp-json\/wp\/v2\/types\/page"}],"author":[{"embeddable":true,"href":"https:\/\/findushealth.com\/es\/wp-json\/wp\/v2\/users\/3"}],"replies":[{"embeddable":true,"href":"https:\/\/findushealth.com\/es\/wp-json\/wp\/v2\/comments?post=12053"}],"version-history":[{"count":0,"href":"https:\/\/findushealth.com\/es\/wp-json\/wp\/v2\/pages\/12053\/revisions"}],"up":[{"embeddable":true,"href":"https:\/\/findushealth.com\/es\/wp-json\/wp\/v2\/pages\/96"}],"wp:attachment":[{"href":"https:\/\/findushealth.com\/es\/wp-json\/wp\/v2\/media?parent=12053"}],"curies":[{"name":"wp","href":"https:\/\/api.w.org\/{rel}","templated":true}]}}