{"id":12057,"date":"2023-02-05T16:54:01","date_gmt":"2023-02-05T13:54:01","guid":{"rendered":"https:\/\/findushealth.com\/about\/our-team\/"},"modified":"2025-02-03T07:55:46","modified_gmt":"2025-02-03T04:55:46","slug":"our-team","status":"publish","type":"page","link":"https:\/\/findushealth.com\/es\/about\/our-team\/","title":{"rendered":"Our Team"},"content":{"rendered":"<div class=\"brz-root__container brz-reset-all brz brz-root__container-page\">\n<section id=\"_gsvgpavrghzelgcoslbxalsmjpxourrpjhsu\" class=\"brz-section brz-css-1c1hrtm\">\n<div class=\"brz-section__content brz-section--boxed brz-css-refpkc brz-css-1c6otbj\" data-brz-custom-id=\"kexibxcxgmhegblxjfvhfzuqctpqbvdaivnf\">\n<div class=\"brz-bg\">\n<div class=\"brz-bg-color\"><\/div>\n<\/div>\n<div class=\"brz-container brz-css-2n1p9\">\n<div id=\"\" class=\"brz-css-174xlqf brz-css-1x41vtb brz-wrapper\">\n<div class=\"brz-line brz-line-default brz-css-1lk8xfc brz-css-19dk6os\" data-brz-custom-id=\"kocynhyviwjubhdsnsmbicpgslwedzfrgnfz\">\n<hr class=\"brz-hr\"><\/div>\n<\/div>\n<div id=\"\" class=\"brz-css-174xlqf brz-css-3jwxsv brz-css-1t33i3a brz-wrapper\">\n<div class=\"brz-spacer brz-css-75ul67 brz-css-5yf74m\"><\/div>\n<\/div>\n<div class=\"brz-row__container brz-css-12to7d5 brz-css-m9hb67\" data-brz-custom-id=\"dazqhvfhtxictgchcbktpwmunazzjwzfqawd\">\n<div class=\"brz-bg\"><\/div>\n<div class=\"brz-row brz-css-khxjq3 brz-css-1qfny94\">\n<div class=\"brz-columns brz-css-d5wf3a brz-css-bqvhz5\" data-brz-custom-id=\"qeyrezxpcsyjgnnplfvfgimulbgquzjaqzuf\">\n<div class=\"brz-bg\"><\/div>\n<div class=\"brz-column__items brz-css-ginw1e brz-css-ojj4xt\">\n<div id=\"\" class=\"brz-css-174xlqf brz-wrapper\">\n<div class=\"brz-rich-text brz-rich-text__custom brz-css-124da2c\" data-brz-custom-id=\"ynnuoehelfitjggcbbzlaydnyneffpxyhiqw\">\n<div data-brz-translate-text=\"1\">\n<h2 class=\"brz-tp-lg-heading2 brz-css-i34ph\" data-generated-css=\"brz-css-vfffa\" data-uniq-id=\"ihwao\"><span>EL EQUIPO<\/span><\/h2>\n<\/div>\n<\/div>\n<\/div>\n<div id=\"\" class=\"brz-css-174xlqf brz-wrapper\">\n<div class=\"brz-rich-text brz-rich-text__custom brz-css-124da2c\" data-brz-custom-id=\"dkxgkuculvdekhuzisowboherlucszwmxdmu\">\n<div data-brz-translate-text=\"1\">\n<h4 class=\"brz-tp-lg-heading4 brz-css-nm2VK\" data-generated-css=\"brz-css-cjvpl\" data-uniq-id=\"hrxyp\"><span>Find Us Health Center<\/span><\/h4>\n<\/div>\n<\/div>\n<\/div>\n<\/div>\n<\/div>\n<div class=\"brz-columns brz-css-d5wf3a brz-css-l44o54\" data-brz-custom-id=\"ctdcjczphlgdaqbccwiwbgevuvpztzymprzu\">\n<div class=\"brz-bg\"><\/div>\n<div class=\"brz-column__items brz-css-ginw1e brz-css-72nde9\">\n<div class=\"brz-wrapper-clone brz-css-bix92a\">\n<div class=\"brz-d-xs-flex brz-flex-xs-wrap brz-css-qg6ivv brz-css-d1tkvt\" data-brz-custom-id=\"\">\n<div class=\"brz-wrapper-clone__item\" id=\"rvhnbbblzciafybokapupsugqxoaelopbmps\">\n<div class=\"brz-icon__container\" data-brz-custom-id=\"rvhnbbblzciafybokapupsugqxoaelopbmps\"><span class=\"brz-icon brz-span brz-css-1p3h5tg brz-css-px9ihc\"><\/span><\/div>\n<\/div>\n<\/div>\n<\/div>\n<\/div>\n<\/div>\n<\/div>\n<\/div>\n<\/div>\n<\/div>\n<\/section>\n<section id=\"_cmxpyiuhkijptpweardmmmumvgatinuqawrs\" class=\"brz-section brz-css-1c1hrtm\">\n<div class=\"brz-section__content brz-section--boxed brz-css-refpkc\" data-brz-custom-id=\"hwdykdmyxyuvlbtobcquobdtqtgrnqrhepjx\">\n<div class=\"brz-container brz-css-2n1p9\">\n<div class=\"brz-row__container brz-css-12to7d5\" data-brz-custom-id=\"hinxlxiaxykypgrxlblqqiumzhpzjmtwmrgz\">\n<div class=\"brz-bg\"><\/div>\n<div class=\"brz-row brz-css-khxjq3\">\n<div class=\"brz-columns brz-css-d5wf3a brz-css-1mrk0nv\" data-brz-custom-id=\"jiyokxpkenbsbspmtnkztlhjliguxwfzafdt\">\n<div class=\"brz-bg\"><\/div>\n<div class=\"brz-column__items brz-css-ginw1e\">\n<div id=\"\" class=\"brz-css-174xlqf brz-wrapper\">\n<div class=\"brz-rich-text brz-rich-text__custom brz-css-124da2c\" data-brz-custom-id=\"rebpjzxoxqkumbgbrplrizbymxkarerdokuo\">\n<div data-brz-translate-text=\"1\">\n<h1 class=\"brz-tp-lg-heading1 brz-text-lg-center brz-mt-lg-0 brz-mb-lg-0 brz-css-v0xZ9\" data-uniq-id=\"mcgkg\" data-generated-css=\"brz-css-guwwk\"><span class=\"brz-cp-color7\">TEAM<\/span><\/h1>\n<\/div>\n<\/div>\n<\/div>\n<\/div>\n<\/div>\n<\/div>\n<\/div>\n<div class=\"brz-row__container brz-css-12to7d5\" data-brz-custom-id=\"fbcgsnktgyojjkpxmsnqqmazmhidbvtzuoce\">\n<div class=\"brz-bg\"><\/div>\n<div class=\"brz-row brz-css-khxjq3\">\n<div class=\"brz-columns brz-css-d5wf3a brz-css-1mrouq8\" data-brz-custom-id=\"ukejebwgmbnimegvuiglkkzwfnvdgjncteic\">\n<div class=\"brz-bg\"><\/div>\n<div class=\"brz-column__items brz-css-ginw1e\">\n<div class=\"brz-row__container brz-css-12to7d5\" data-brz-custom-id=\"cmlwnkvsypfrpjffftrfaqnybpbsxrbwdtri\">\n<div class=\"brz-bg\"><\/div>\n<div class=\"brz-row brz-row--inner brz-css-khxjq3 brz-css-1qfny94\">\n<div class=\"brz-columns brz-css-d5wf3a brz-css-6rjbqz\" data-brz-custom-id=\"bjolqbyymqqjydqfqhnypdsqotoztgmluecu\">\n<div class=\"brz-bg\"><\/div>\n<div class=\"brz-column__items brz-css-ginw1e\"><\/div>\n<\/div>\n<div class=\"brz-columns brz-css-d5wf3a brz-css-n0f7gz\" data-brz-custom-id=\"sceslhwcsbmjjikvjhnnmxnczbpocrmoikhr\">\n<div class=\"brz-bg\"><\/div>\n<div class=\"brz-column__items brz-css-ginw1e\">\n<div id=\"\" class=\"brz-css-174xlqf brz-wrapper\">\n<div class=\"brz-image brz-css-9k0ufn brz-css-1hb67lo\" data-brz-custom-id=\"gvkqpdfbrylixawqonshgrjirnamhbrmfxxd\">\n<div class=\"brz-picture brz-d-block brz-p-relative brz-css-k9ixwt\">\n<div class=\"brz-shortcode__placeholder\"><\/div>\n<\/div>\n<\/div>\n<\/div>\n<div id=\"\" class=\"brz-css-174xlqf brz-wrapper\">\n<div class=\"brz-rich-text brz-rich-text__custom brz-css-124da2c\" data-brz-custom-id=\"pcpupmahssshjhccvvbzsbztlfpdmnbgoegb\">\n<div data-brz-translate-text=\"1\">\n<p class=\"brz-tp-lg-paragraph brz-text-lg-center brz-css-qlUAw\" data-uniq-id=\"dwgmd\" data-generated-css=\"brz-css-nyfud\">Dr. Mehmet Arif Karag\u00f6z<\/p>\n<\/div>\n<\/div>\n<\/div>\n<div id=\"\" class=\"brz-css-174xlqf brz-wrapper\">\n<div class=\"brz-rich-text brz-rich-text__custom brz-css-124da2c\" data-brz-custom-id=\"yxqynnvmqigdvzgpfpeqckrrwxnvtudkjzsc\">\n<div data-brz-translate-text=\"1\">\n<p class=\"brz-mt-lg-0 brz-mb-lg-0 brz-tp-lg-paragraph brz-text-lg-center brz-css-xBZU8\" data-uniq-id=\"zjchj\" data-generated-css=\"brz-css-ggbcb\"><span class=\"brz-cp-color2\">Plastic Surgeon<\/span><\/p>\n<\/div>\n<\/div>\n<\/div>\n<\/div>\n<\/div>\n<div class=\"brz-columns brz-css-d5wf3a brz-css-1hg31co\" data-brz-custom-id=\"hsnqfmsbpabanmcrfhgbqrsuxluxnsohkitk\">\n<div class=\"brz-bg\"><\/div>\n<div class=\"brz-column__items brz-css-ginw1e\">\n<div id=\"\" class=\"brz-css-174xlqf brz-wrapper\">\n<div class=\"brz-image brz-css-xdidab brz-css-rtppxy\" data-brz-custom-id=\"jucsynkiqdeurxtonxxutxqvozdueijzkvwy\">\n<div class=\"brz-picture brz-d-block brz-p-relative brz-css-e5b5o3\">\n<div class=\"brz-shortcode__placeholder\"><\/div>\n<\/div>\n<\/div>\n<\/div>\n<div id=\"\" class=\"brz-css-174xlqf brz-wrapper\">\n<div class=\"brz-rich-text brz-rich-text__custom brz-css-124da2c\" data-brz-custom-id=\"yekkemnnslbkpxmbsxphaqrqnywsgtnvfyry\">\n<div data-brz-translate-text=\"1\">\n<p class=\"brz-tp-lg-paragraph brz-text-lg-center brz-css-l3NvB\" data-uniq-id=\"hmfxn\" data-generated-css=\"brz-css-xmpai\">Dr. Celal \u00c7ercil<\/p>\n<\/div>\n<\/div>\n<\/div>\n<div id=\"\" class=\"brz-css-174xlqf brz-wrapper\">\n<div class=\"brz-rich-text brz-rich-text__custom brz-css-124da2c\" data-brz-custom-id=\"fytluogfarvzqzmfjfvdaktbowemnguezhqk\">\n<div data-brz-translate-text=\"1\">\n<p class=\"brz-mt-lg-0 brz-mb-lg-0 brz-tp-lg-paragraph brz-text-lg-center brz-css-odXky\" data-uniq-id=\"tkcvl\" data-generated-css=\"brz-css-tqtay\"><span class=\"brz-cp-color2\">Bariatric Surgeon<\/span><\/p>\n<\/div>\n<\/div>\n<\/div>\n<\/div>\n<\/div>\n<div class=\"brz-columns brz-css-d5wf3a brz-css-18w4c5i\" data-brz-custom-id=\"vetlmhavpcwdtwxkqxhwovchekxkpnwiacdw\">\n<div class=\"brz-bg\"><\/div>\n<div class=\"brz-column__items brz-css-ginw1e\">\n<div id=\"\" class=\"brz-css-174xlqf brz-css-3jwxsv brz-wrapper\">\n<div class=\"brz-spacer brz-css-75ul67\"><\/div>\n<\/div>\n<\/div>\n<\/div>\n<\/div>\n<\/div>\n<\/div>\n<\/div>\n<\/div>\n<\/div>\n<div class=\"brz-row__container brz-css-12to7d5\" data-brz-custom-id=\"aangkniicktdclftugxndwtttupslzydyrsv\">\n<div class=\"brz-bg\"><\/div>\n<div class=\"brz-row brz-css-khxjq3\">\n<div class=\"brz-columns brz-css-d5wf3a brz-css-cbme5o\" data-brz-custom-id=\"yuadsitpjpfqejhjpejbyrbqezhjgfmuhunw\">\n<div class=\"brz-bg\"><\/div>\n<div class=\"brz-column__items brz-css-ginw1e\">\n<div class=\"brz-row__container brz-css-12to7d5\" data-brz-custom-id=\"yyvfcjidlpvunurfhiiqcjpejuyenabgpnrg\">\n<div class=\"brz-bg\"><\/div>\n<div class=\"brz-row brz-row--inner brz-css-khxjq3 brz-css-1qfny94\">\n<div class=\"brz-columns brz-css-d5wf3a brz-css-1cqvvr0\" data-brz-custom-id=\"mugmzxdhltlftuczqmcsdcmecooykmzmmjfc\">\n<div class=\"brz-bg\"><\/div>\n<div class=\"brz-column__items brz-css-ginw1e\">\n<div id=\"\" class=\"brz-css-174xlqf brz-wrapper\">\n<div class=\"brz-image brz-css-1v00mpp brz-css-9f7dy8\" data-brz-custom-id=\"rzgqddlhilnyyatjgmbfuilgukjubvgwuhrr\">\n<div class=\"brz-picture brz-d-block brz-p-relative brz-css-p62jgz\">\n<div class=\"brz-shortcode__placeholder\"><\/div>\n<\/div>\n<\/div>\n<\/div>\n<div id=\"\" class=\"brz-css-174xlqf brz-wrapper\">\n<div class=\"brz-rich-text brz-rich-text__custom brz-css-124da2c\" data-brz-custom-id=\"rkwqiajhaidumuticsqxbqpnbszcydolohnk\">\n<div data-brz-translate-text=\"1\">\n<p class=\"brz-tp-lg-paragraph brz-text-lg-center brz-css-rydkH\" data-uniq-id=\"cjqef\" data-generated-css=\"brz-css-jyepj\">As\u0131m Ayd\u0131n<\/p>\n<\/div>\n<\/div>\n<\/div>\n<div id=\"\" class=\"brz-css-174xlqf brz-wrapper\">\n<div class=\"brz-rich-text brz-rich-text__custom brz-css-124da2c\" data-brz-custom-id=\"ecpsoonsmttpsbszkvxwdukvcpkwlmeoclgt\">\n<div data-brz-translate-text=\"1\">\n<p data-generated-css=\"brz-css-vboyq\" data-uniq-id=\"yzvai\" class=\"brz-tp-lg-paragraph brz-mb-lg-0 brz-mt-lg-0 brz-text-lg-center brz-css-q5ohO\"><span class=\"brz-cp-color2\">Reconstructive Plastic Surgeon<\/span><\/p>\n<\/div>\n<\/div>\n<\/div>\n<\/div>\n<\/div>\n<div class=\"brz-columns brz-css-d5wf3a brz-css-ek10lq\" data-brz-custom-id=\"fmhbcwvndfovoaheszfhvtxkadjvtxfhsusx\">\n<div class=\"brz-bg\"><\/div>\n<div class=\"brz-column__items brz-css-ginw1e\">\n<div id=\"\" class=\"brz-css-174xlqf brz-wrapper\">\n<div class=\"brz-image brz-css-w7u4ux brz-css-8fjhzj\" data-brz-custom-id=\"rebyydwfrzfredfeonsooxkakvvomudqqxfc\">\n<div class=\"brz-picture brz-d-block brz-p-relative brz-css-124esqd\">\n<div class=\"brz-shortcode__placeholder\"><\/div>\n<\/div>\n<\/div>\n<\/div>\n<div id=\"\" class=\"brz-css-174xlqf brz-wrapper\">\n<div class=\"brz-rich-text brz-rich-text__custom brz-css-124da2c\" data-brz-custom-id=\"axmodormefcoxdwhmycpqapnttnssovyjqkn\">\n<div data-brz-translate-text=\"1\">\n<p class=\"brz-text-lg-center brz-tp-lg-paragraph brz-css-m0MPK\" data-generated-css=\"brz-css-ximrl\" data-uniq-id=\"ukrnx\">??????<\/p>\n<\/div>\n<\/div>\n<\/div>\n<div id=\"\" class=\"brz-css-174xlqf brz-wrapper\">\n<div class=\"brz-rich-text brz-rich-text__custom brz-css-124da2c\" data-brz-custom-id=\"jiewmajlwelptnfiucoiwrsspsuawnaporrz\">\n<div data-brz-translate-text=\"1\">\n<p class=\"brz-text-lg-center brz-tp-lg-paragraph brz-mb-lg-0 brz-mt-lg-0 brz-css-fuR9o\" data-generated-css=\"brz-css-oxrut\" data-uniq-id=\"wduzg\"><span class=\"brz-cp-color2\">Ortopedist<\/span><\/p>\n<\/div>\n<\/div>\n<\/div>\n<\/div>\n<\/div>\n<div class=\"brz-columns brz-css-d5wf3a brz-css-44nzgg\" data-brz-custom-id=\"anyrtglerhojlnruxltkiielelmkfltijzek\">\n<div class=\"brz-bg\"><\/div>\n<div class=\"brz-column__items brz-css-ginw1e\">\n<div id=\"\" class=\"brz-css-174xlqf brz-wrapper\">\n<div class=\"brz-image brz-css-2l2yzt brz-css-ajg2zb\" data-brz-custom-id=\"dwjpdrdtphbbenaynwvmpozcoovobplikmdk\">\n<div class=\"brz-picture brz-d-block brz-p-relative brz-css-16ebc6t\">\n<div class=\"brz-shortcode__placeholder\"><\/div>\n<\/div>\n<\/div>\n<\/div>\n<div id=\"\" class=\"brz-css-174xlqf brz-wrapper\">\n<div class=\"brz-rich-text brz-rich-text__custom brz-css-124da2c\" data-brz-custom-id=\"wenezcxbxizvwjwqnllqkmeedhpgbotngkcm\">\n<div data-brz-translate-text=\"1\">\n<p class=\"brz-text-lg-center brz-tp-lg-paragraph brz-css-dMnR3\" data-generated-css=\"brz-css-sxexj\" data-uniq-id=\"mblby\">Halil ??<\/p>\n<\/div>\n<\/div>\n<\/div>\n<div id=\"\" class=\"brz-css-174xlqf brz-wrapper\">\n<div class=\"brz-rich-text brz-rich-text__custom brz-css-124da2c\" data-brz-custom-id=\"hszjntrvelwpbozbfunxfdvjybvpjgyiflbd\">\n<div data-brz-translate-text=\"1\">\n<p class=\"brz-text-lg-center brz-tp-lg-paragraph brz-mb-lg-0 brz-mt-lg-0 brz-css-rLPPk\" data-generated-css=\"brz-css-lodjb\" data-uniq-id=\"pvhek\"><span class=\"brz-cp-color2\">Obstetrics and Gynecology<\/span><\/p>\n<\/div>\n<\/div>\n<\/div>\n<\/div>\n<\/div>\n<\/div>\n<\/div>\n<\/div>\n<\/div>\n<\/div>\n<\/div>\n<div class=\"brz-row__container brz-css-12to7d5\" data-brz-custom-id=\"dcsydvvjxkssafdgkwkvyqmoxkmewbiulemo\">\n<div class=\"brz-bg\"><\/div>\n<div class=\"brz-row brz-css-khxjq3 brz-css-10iffjy\">\n<div class=\"brz-columns brz-css-d5wf3a\" data-brz-custom-id=\"osqqvatrkcuuwpqgsajhejqfcloymvahwaab\">\n<div class=\"brz-bg\"><\/div>\n<div class=\"brz-column__items brz-css-ginw1e\">\n<div id=\"\" class=\"brz-css-174xlqf brz-wrapper\">\n<div class=\"brz-rich-text brz-rich-text__custom brz-css-124da2c\" data-brz-custom-id=\"gxmfzpjryyrckmkcupfyywudmjslyfmzvezm\">\n<div data-brz-translate-text=\"1\">\n<p class=\"brz-tp-lg-paragraph brz-css-bO0qn\" data-uniq-id=\"yngrb\" data-generated-css=\"brz-css-bxyix\"><span class=\"brz-cp-color7\">Hemos recorrido un largo camino para llegar a donde estamos hoy y nos enorgullecemos de brindarles a nuestros clientes soluciones profesionales y eficientes. Nuestro equipo est\u00e1 comprometido a brindar el m\u00e1s alto nivel de servicio y a garantizar que cada interacci\u00f3n con nosotros sea una experiencia totalmente positiva.<\/span><\/p>\n<\/div>\n<\/div>\n<\/div>\n<\/div>\n<\/div>\n<div class=\"brz-columns brz-css-d5wf3a brz-css-zgbxoh\" data-brz-custom-id=\"wajbybcvbjufmezawlzkckyhyaktsyotgwxc\">\n<div class=\"brz-bg\"><\/div>\n<div class=\"brz-column__items brz-css-ginw1e\">\n<div id=\"\" class=\"brz-css-174xlqf brz-css-1kciy8 brz-wrapper\">\n<div class=\"brz-image brz-css-1plv023 brz-css-1yxrs94\" data-brz-custom-id=\"zthiquhvgbzxvqenzwxejhzebcfyzztkhgwv\">\n<div class=\"brz-picture brz-d-block brz-p-relative brz-css-okul1m\">\n<div class=\"brz-shortcode__placeholder\"><\/div>\n<\/div>\n<\/div>\n<\/div>\n<\/div>\n<\/div>\n<\/div>\n<\/div>\n<div class=\"brz-row__container brz-css-12to7d5\" data-brz-custom-id=\"kakzvsxaycvfgeultboktudxxeusstknvznz\">\n<div class=\"brz-bg\"><\/div>\n<div class=\"brz-row brz-css-khxjq3 brz-css-1x4szu\">\n<div class=\"brz-columns brz-css-d5wf3a brz-css-1ef058i\" data-brz-custom-id=\"wrjipvrqloutltfatqahgoolvpxzmkilqtfe\">\n<div class=\"brz-bg\"><\/div>\n<div class=\"brz-column__items brz-css-ginw1e\">\n<div id=\"\" class=\"brz-css-174xlqf brz-css-wv1d7e brz-wrapper\">\n<div class=\"brz-image brz-css-1exbne9 brz-css-1lech8v\" data-brz-custom-id=\"gcbtojngkzsoupheoklsiygdwpqbcjcejggd\">\n<div class=\"brz-picture brz-d-block brz-p-relative brz-css-1s5k4hk\">\n<div class=\"brz-shortcode__placeholder\"><\/div>\n<\/div>\n<\/div>\n<\/div>\n<\/div>\n<\/div>\n<div class=\"brz-columns brz-css-d5wf3a\" data-brz-custom-id=\"vugxdnxeshvqhxvipgzurxucemqvmzpsibju\">\n<div class=\"brz-bg\"><\/div>\n<div class=\"brz-column__items brz-css-ginw1e\">\n<div id=\"\" class=\"brz-css-174xlqf brz-wrapper\">\n<div class=\"brz-rich-text brz-rich-text__custom brz-css-124da2c\" data-brz-custom-id=\"yflbidisgysdrsqguqvavzuccufcsrxcfcph\">\n<div data-brz-translate-text=\"1\">\n<p class=\"brz-tp-lg-paragraph brz-css-ciUeB\" data-uniq-id=\"mvhwi\" data-generated-css=\"brz-css-olmdg\"><span class=\"brz-cp-color7\">Nuestro equipo altamente cualificada para ayudarle en tu bienestar personal est\u00e1 motivado por la pasi\u00f3n de ayudar a los dem\u00e1s y est\u00e1 comprometido a brindarle los mejores resultados posibles. Ya sea que est\u00e9 buscando tratamiento m\u00e9dico, soluciones de belleza o ambos, estamos aqu\u00ed para ayudarles.<\/span><\/p>\n<\/div>\n<\/div>\n<\/div>\n<\/div>\n<\/div>\n<\/div>\n<\/div>\n<div class=\"brz-row__container brz-css-12to7d5\" data-brz-custom-id=\"enjxvgcqxavtwigdeaeehhpfqyaohfnhntlu\">\n<div class=\"brz-bg\"><\/div>\n<div class=\"brz-row brz-css-khxjq3\">\n<div class=\"brz-columns brz-css-d5wf3a\" data-brz-custom-id=\"kdldvvagxtkniadghhdokidroueuszwpnobn\">\n<div class=\"brz-bg\"><\/div>\n<div class=\"brz-column__items brz-css-ginw1e\">\n<div id=\"\" class=\"brz-css-174xlqf brz-wrapper\">\n<div class=\"brz-rich-text brz-rich-text__custom brz-css-124da2c\" data-brz-custom-id=\"wstpngkkxaoqciterxcwwxrtftdrekkbxmtc\">\n<div data-brz-translate-text=\"1\">\n<p class=\"brz-tp-lg-paragraph brz-css-wlpPa\" data-generated-css=\"brz-css-lrdjs\" data-uniq-id=\"cnusq\"><span class=\"brz-cp-color7\">Con Find Us Health, entendemos la importancia de construir relaciones s\u00f3lidas con nuestros clientes y trabajamos sin cansarse para brindar el m\u00e1s alto nivel de apoyo y atenci\u00f3n. Con toda nuestra experiencia y compromiso con la excelencia, estamos seguros de que podemos brindarle una experiencia satisfactoria y sin de estr\u00e9s.<\/span><\/p>\n<\/div>\n<\/div>\n<\/div>\n<\/div>\n<\/div>\n<div class=\"brz-columns brz-css-d5wf3a brz-css-1ymf9ie\" data-brz-custom-id=\"nmbzdrbmdfmpqfzmznizypvvckrltdtulodr\">\n<div class=\"brz-bg\"><\/div>\n<div class=\"brz-column__items brz-css-ginw1e\">\n<div id=\"\" class=\"brz-css-174xlqf brz-css-1ensdgt brz-wrapper\">\n<div class=\"brz-image brz-css-1i46fi5 brz-css-1uqc88n\" data-brz-custom-id=\"rzbdltamqidknpymnyecqwalpxzcmzopgsqd\">\n<div class=\"brz-picture brz-d-block brz-p-relative brz-css-vcnfpb\">\n<div class=\"brz-shortcode__placeholder\"><\/div>\n<\/div>\n<\/div>\n<\/div>\n<\/div>\n<\/div>\n<\/div>\n<\/div>\n<div class=\"brz-row__container brz-css-12to7d5\" data-brz-custom-id=\"naiuwkmnycvoxlaxowyefejwrwxvjepcwjks\">\n<div class=\"brz-bg\"><\/div>\n<div class=\"brz-row brz-css-khxjq3 brz-css-k5du8y\">\n<div class=\"brz-columns brz-css-d5wf3a brz-css-mn3v12\" data-brz-custom-id=\"qgyktnfvedxqrrbaqbbplvxuhiwbyklrxfok\">\n<div class=\"brz-bg\"><\/div>\n<div class=\"brz-column__items brz-css-ginw1e\">\n<div id=\"\" class=\"brz-css-174xlqf brz-wrapper\">\n<div class=\"brz-rich-text brz-rich-text__custom brz-css-124da2c\" data-brz-custom-id=\"ykhxgbiwqmswgjzwrymnsfulnocawcvripqm\">\n<div data-brz-translate-text=\"1\">\n<p class=\"brz-text-lg-center brz-tp-lg-paragraph brz-css-ndmiM\" data-uniq-id=\"cbzgl\" data-generated-css=\"brz-css-qbnrr\"><span class=\"brz-cp-color7\">Entonces, \u00bfpor qu\u00e9 esperar? Perm\u00edtenos presentarle a nuestro brillante equipo y es hora de avanzar hacia un futuro brillante y saludable.<\/span><\/p>\n<\/div>\n<\/div>\n<\/div>\n<\/div>\n<\/div>\n<\/div>\n<\/div>\n<\/div>\n<\/div>\n<\/section>\n<\/div>\n<p>    <!-- version:1738558546 --><\/p>\n","protected":false},"excerpt":{"rendered":"<p>EL EQUIPO Find Us Health Center TEAM Dr. Mehmet Arif Karag\u00f6z Plastic Surgeon Dr. Celal \u00c7ercil Bariatric Surgeon As\u0131m Ayd\u0131n Reconstructive Plastic Surgeon ?????? Ortopedist Halil ?? Obstetrics and Gynecology Hemos recorrido un largo camino para llegar a donde estamos hoy y nos enorgullecemos de brindarles a nuestros clientes soluciones profesionales y eficientes. Nuestro equipo [&hellip;]<\/p>\n","protected":false},"author":3,"featured_media":0,"parent":96,"menu_order":0,"comment_status":"closed","ping_status":"closed","template":"","meta":{"footnotes":""},"class_list":["post-12057","page","type-page","status-publish","hentry"],"blocksy_meta":{"styles_descriptor":{"styles":{"desktop":"","tablet":"","mobile":""},"google_fonts":[],"version":6}},"_links":{"self":[{"href":"https:\/\/findushealth.com\/es\/wp-json\/wp\/v2\/pages\/12057","targetHints":{"allow":["GET"]}}],"collection":[{"href":"https:\/\/findushealth.com\/es\/wp-json\/wp\/v2\/pages"}],"about":[{"href":"https:\/\/findushealth.com\/es\/wp-json\/wp\/v2\/types\/page"}],"author":[{"embeddable":true,"href":"https:\/\/findushealth.com\/es\/wp-json\/wp\/v2\/users\/3"}],"replies":[{"embeddable":true,"href":"https:\/\/findushealth.com\/es\/wp-json\/wp\/v2\/comments?post=12057"}],"version-history":[{"count":0,"href":"https:\/\/findushealth.com\/es\/wp-json\/wp\/v2\/pages\/12057\/revisions"}],"up":[{"embeddable":true,"href":"https:\/\/findushealth.com\/es\/wp-json\/wp\/v2\/pages\/96"}],"wp:attachment":[{"href":"https:\/\/findushealth.com\/es\/wp-json\/wp\/v2\/media?parent=12057"}],"curies":[{"name":"wp","href":"https:\/\/api.w.org\/{rel}","templated":true}]}}