{"id":12059,"date":"2023-02-05T16:51:18","date_gmt":"2023-02-05T13:51:18","guid":{"rendered":"https:\/\/findushealth.com\/about\/who-we-are\/"},"modified":"2025-02-01T15:54:48","modified_gmt":"2025-02-01T12:54:48","slug":"who-we-are","status":"publish","type":"page","link":"https:\/\/findushealth.com\/es\/about\/who-we-are\/","title":{"rendered":"Who We Are"},"content":{"rendered":"<div class=\"brz-root__container brz-reset-all brz brz-root__container-page\">\n<section id=\"_kfbsmkdxrhyrbeyyudbxuezjtsjafuovyroo\" class=\"brz-section brz-css-qqufsq\">\n<div class=\"brz-section__content brz-section--boxed brz-css-iwhlga brz-css-fnbbo3\" data-brz-custom-id=\"gdmgjruknmbnivsjutbnxgyjlmuaoaycigff\">\n<div class=\"brz-bg\">\n<div class=\"brz-bg-color\"><\/div>\n<\/div>\n<div class=\"brz-container brz-css-1om6y9k\">\n<div id=\"\" class=\"brz-css-q3j9nl brz-css-1b4b6hz brz-wrapper\">\n<div class=\"brz-line brz-line-default brz-css-18rlq0j brz-css-1c23n2r\" data-brz-custom-id=\"emtscqomfrizsxnzvsjfpqoujfsydnsuvdbc\">\n<hr class=\"brz-hr\"><\/div>\n<\/div>\n<div id=\"\" class=\"brz-css-q3j9nl brz-css-4hgaav brz-css-g8p3yt brz-wrapper\">\n<div class=\"brz-spacer brz-css-ethd1e brz-css-b8bi6p\"><\/div>\n<\/div>\n<div class=\"brz-row__container brz-css-gad3t5 brz-css-f68a1w\" data-brz-custom-id=\"avbfnhmihwqzxgoarhfqjupfcirywkcctowt\">\n<div class=\"brz-bg\"><\/div>\n<div class=\"brz-row brz-css-1e05pyk brz-css-8qnxph\">\n<div class=\"brz-columns brz-css-wxqp9j brz-css-1u7u66d\" data-brz-custom-id=\"oasvqczsgffdtnrorowijgljbwcdniuwkmkj\">\n<div class=\"brz-bg\"><\/div>\n<div class=\"brz-column__items brz-css-16f2un1 brz-css-useina\">\n<div id=\"\" class=\"brz-css-q3j9nl brz-wrapper\">\n<div class=\"brz-rich-text brz-rich-text__custom brz-css-safofj\" data-brz-custom-id=\"yhfbmpsqrafppflxavexqkpgmhtoqisiejym\">\n<div data-brz-translate-text=\"1\">\n<h2 class=\"brz-tp-lg-heading2 brz-css-fx9v0\" data-uniq-id=\"hixna\" data-generated-css=\"brz-css-cerdr\"><span>Qui\u00e9nes somos<\/span><\/h2>\n<\/div>\n<\/div>\n<\/div>\n<div id=\"\" class=\"brz-css-q3j9nl brz-wrapper\">\n<div class=\"brz-rich-text brz-rich-text__custom brz-css-safofj\" data-brz-custom-id=\"wwmhrmtmhzggdlahaqneatcmoxjaxdfjdxtj\">\n<div data-brz-translate-text=\"1\">\n<h4 class=\"brz-tp-lg-heading4 brz-css-kpF3n\" data-uniq-id=\"yffyr\" data-generated-css=\"brz-css-ppqsx\"><strong>Find Us Health Center<\/strong><\/h4>\n<\/div>\n<\/div>\n<\/div>\n<\/div>\n<\/div>\n<div class=\"brz-columns brz-css-wxqp9j brz-css-1q9kljy\" data-brz-custom-id=\"ttonggkcxkkdouebrbwewnpghevzhvsormpu\">\n<div class=\"brz-bg\"><\/div>\n<div class=\"brz-column__items brz-css-16f2un1 brz-css-11uqk7y\">\n<div class=\"brz-wrapper-clone brz-css-17l56s3\">\n<div class=\"brz-d-xs-flex brz-flex-xs-wrap brz-css-sg8mve brz-css-14e1xpy\" data-brz-custom-id=\"\">\n<div class=\"brz-wrapper-clone__item\" id=\"nvagvchrwtldfnfcvhcundqdqkgzpmjfrtju\">\n<div class=\"brz-icon__container\" data-brz-custom-id=\"nvagvchrwtldfnfcvhcundqdqkgzpmjfrtju\"><span class=\"brz-icon brz-span brz-css-ewlqc7 brz-css-1sfp6vm\"><\/span><\/div>\n<\/div>\n<\/div>\n<\/div>\n<\/div>\n<\/div>\n<\/div>\n<\/div>\n<\/div>\n<\/div>\n<\/section>\n<section id=\"_lgmtkivxnzpnnywzipwtttmlzdyiqjytuech\" class=\"brz-section brz-css-qqufsq\">\n<div class=\"brz-section__content brz-section--boxed brz-css-iwhlga brz-css-1o316uu\" data-brz-custom-id=\"xmlnydxjqyphwsqrisszwwzbmrihawqdndhg\">\n<div class=\"brz-bg\">\n<div class=\"brz-bg-color\"><\/div>\n<\/div>\n<div class=\"brz-container brz-css-1om6y9k\">\n<div class=\"brz-row__container brz-css-gad3t5\" data-brz-custom-id=\"vedzxigvmgqlxkrrmmmkbycdfpiolaeoxjra\">\n<div class=\"brz-bg\"><\/div>\n<div class=\"brz-row brz-css-1e05pyk\">\n<div class=\"brz-columns brz-css-wxqp9j brz-css-eko5du\" data-brz-custom-id=\"hqakblnvldifavnbeqrpwxmagdymttmkxqlb\">\n<div class=\"brz-bg\"><\/div>\n<div class=\"brz-column__items brz-css-16f2un1\">\n<div id=\"\" class=\"brz-css-q3j9nl brz-wrapper\">\n<div class=\"brz-rich-text brz-rich-text__custom brz-css-safofj\" data-brz-custom-id=\"kxhkcwdzwyysyxjbrcbokcvocqqvfchxzbxf\">\n<div data-brz-translate-text=\"1\">\n<p class=\"brz-text-lg-justify brz-tp-lg-paragraph brz-css-cWzVn\" data-uniq-id=\"fsopn\" data-generated-css=\"brz-css-nabtj\"><span class=\"brz-cp-color7\">Como expertos en procedimientos m\u00e9dicos y cosm\u00e9ticos, ofrecemos una gama completa de tratamientos para ayudar a nuestros pacientes a lograr los resultados que desean. Nuestros hospitales de \u00faltima generaci\u00f3n ubicados en Antalya, Turqu\u00eda, est\u00e1n equipados con las \u00faltimas tecnolog\u00edas y cuentan con profesionales m\u00e9dicos altamente calificados. No solo ofrecemos tratamientos dentales, tambi\u00e9n ofrecemos trasplante de capilar, tratamientos ginecol\u00f3gicos, cirug\u00eda pl\u00e1stica, cirug\u00eda de banda g\u00e1strica y cirug\u00eda de bypass g\u00e1strico. Nuestro primer objetivo es brindar a nuestros pacientes el m\u00e1s alto nivel de atenci\u00f3n y comodidad durante todo su tratamiento con nosotros. Para garantizar una experiencia sin estr\u00e9s, nos encargamos de toda la log\u00edstica, incluidos los traslados terrestres, los servicios de interpretaci\u00f3n y un alojamiento confortable. Brindarles una experiencia completa y sin inconvenientes de principio a fin es lo queremos.<\/span><\/p>\n<\/div>\n<\/div>\n<\/div>\n<div id=\"\" class=\"brz-css-q3j9nl brz-wrapper\">\n<div class=\"brz-line brz-line-default brz-css-18rlq0j brz-css-ebcukk\" data-brz-custom-id=\"sxzbctnyhtklmwcrenkdflshxvpyxzibxmbp\">\n<hr class=\"brz-hr\"><\/div>\n<\/div>\n<\/div>\n<\/div>\n<\/div>\n<\/div>\n<\/div>\n<\/div>\n<\/section>\n<section id=\"_rhimqpzhyhubcacafwsihuotmgnmephkvkip\" class=\"brz-section brz-css-qqufsq\">\n<div class=\"brz-section__content brz-section--boxed brz-css-iwhlga\" data-brz-custom-id=\"bivdxudlcrbkpvjnlplgvzkbleiubqpopgqh\">\n<div class=\"brz-container brz-css-1om6y9k\">\n<div class=\"brz-row__container brz-css-gad3t5 brz-css-1l4gvyy\" data-brz-custom-id=\"qzjlbyeggvkfjwwayqolznuscranfjelcorw\">\n<div class=\"brz-bg\"><\/div>\n<div class=\"brz-row brz-css-1e05pyk\">\n<div class=\"brz-columns brz-css-wxqp9j brz-css-1cp3mg9\" data-brz-custom-id=\"ikvikpsqrmdxezrqurjyvybbfdsvmcemxnhg\">\n<div class=\"brz-bg\"><\/div>\n<div class=\"brz-column__items brz-css-16f2un1 brz-css-ffsb4p\">\n<div id=\"\" class=\"brz-css-q3j9nl brz-wrapper\">\n<div class=\"brz-rich-text brz-rich-text__custom brz-css-safofj\" data-brz-custom-id=\"nwxcntiwoyeqgegstbusmvvakvpuwyukktgx\">\n<div data-brz-translate-text=\"1\">\n<p class=\"brz-tp-lg-paragraph brz-css-jRmRq\" data-generated-css=\"brz-css-jdiya\" data-uniq-id=\"hdeis\"><strong class=\"brz-cp-color7\">Nuestra visi\u00f3n<\/strong><\/p>\n<p class=\"brz-tp-lg-paragraph brz-css-uxTyr\" data-generated-css=\"brz-css-kirlw\" data-uniq-id=\"nwuqe\"><span class=\"brz-cp-color7\">Creemos mucho en inspirar esperanza y contribuir al bienestar general de aquellos a quienes servimos. Nuestro dedicado equipo de profesionales de la salud se esfuerza por brindar una atenci\u00f3n excepcional y siempre est\u00e1 motivado por la pasi\u00f3n de mejorar la salud y la felicidad de nuestros pacientes. A trav\u00e9s de un compromiso con la integraci\u00f3n y la innovaci\u00f3n, estamos comprometidos a tener un impacto positivo en las vidas de aquellos a quienes servimos.<\/span><\/p>\n<\/div>\n<\/div>\n<\/div>\n<\/div>\n<\/div>\n<div class=\"brz-columns brz-css-wxqp9j brz-css-1qja1hm\" data-brz-custom-id=\"kvnwsvtklbvwmjvovxduifsrxgmuwhrvaygz\">\n<div class=\"brz-bg\"><\/div>\n<div class=\"brz-column__items brz-css-16f2un1\">\n<div id=\"\" class=\"brz-css-q3j9nl brz-wrapper\">\n<div class=\"brz-image brz-css-kn56ko brz-css-1rwl55m\" data-brz-custom-id=\"ehajrqqasrbmisqyetxcbgagjzymyrofrhkz\"><img decoding=\"async\" class=\"brz-img\" src=\"https:\/\/findushealth.com\/es?brizy_media=wp-43262696e1641fcd0c05b82ef2b1c914.jpg&amp;brizy_crop=iW%3D488%26iH%3D325%26oX%3D0%26oY%3D0%26cW%3D488%26cH%3D313\" alt=\"\" loading=\"lazy\"><\/div>\n<\/div>\n<\/div>\n<\/div>\n<\/div>\n<\/div>\n<\/div>\n<\/div>\n<\/section>\n<section id=\"_kywunazksfyshboddnkbsbnfxotutfeuwjbo\" class=\"brz-section brz-css-qqufsq\">\n<div class=\"brz-section__content brz-section--boxed brz-css-iwhlga\" data-brz-custom-id=\"oejqktpwmhthgdshfssnnwcjxbdlufrevpfd\">\n<div class=\"brz-container brz-css-1om6y9k\">\n<div class=\"brz-row__container brz-css-gad3t5\" data-brz-custom-id=\"bcxqtxknhhxhydvfafttxruzitsqixzwntbc\">\n<div class=\"brz-bg\"><\/div>\n<div class=\"brz-row brz-css-1e05pyk\">\n<div class=\"brz-columns brz-css-wxqp9j brz-css-1h1bca8\" data-brz-custom-id=\"pzggiuzwhkrvqgfaxzkrrdiwroukjcpgprjp\">\n<div class=\"brz-bg\"><\/div>\n<div class=\"brz-column__items brz-css-16f2un1\">\n<div id=\"\" class=\"brz-css-q3j9nl brz-wrapper\">\n<div class=\"brz-image brz-css-1j3gf87 brz-css-1191qlz\" data-brz-custom-id=\"bqxbejhtcxxmgtmebntntwdaswdvaazamfiw\"><img decoding=\"async\" class=\"brz-img\" src=\"https:\/\/findushealth.com\/es?brizy_media=wp-c99315b15299f3d4a9285c02997d6458.jpg&amp;brizy_crop=original\" alt=\"\" loading=\"lazy\"><\/div>\n<\/div>\n<\/div>\n<\/div>\n<div class=\"brz-columns brz-css-wxqp9j brz-css-uy6izr\" data-brz-custom-id=\"xkkkkvlhfthadjihtdjeqrrripzdnoewoawu\">\n<div class=\"brz-bg\"><\/div>\n<div class=\"brz-column__items brz-css-16f2un1 brz-css-uapf40\">\n<div id=\"\" class=\"brz-css-q3j9nl brz-wrapper\">\n<div class=\"brz-rich-text brz-rich-text__custom brz-css-safofj\" data-brz-custom-id=\"cynuiefosgstmngtvqchuvsdcfgwrcjprxck\">\n<div data-brz-translate-text=\"1\">\n<p class=\"brz-tp-lg-paragraph brz-css-hpHCE\" data-uniq-id=\"oreex\" data-generated-css=\"brz-css-fhgse\"><strong class=\"brz-cp-color7\">Nuestra misi\u00f3n<\/strong><\/p>\n<p class=\"brz-tp-lg-paragraph brz-css-lzEDT\" data-uniq-id=\"tferg\" data-generated-css=\"brz-css-zknke\"><span class=\"brz-cp-color7\">Nuestro objetivo es brindar atenci\u00f3n m\u00e9dica accesible y de alta calidad a una gama m\u00e1s amplia de personas, independientemente de su situaci\u00f3n financiera. Si bien destacamos los m\u00faltiples beneficios del turismo m\u00e9dico, nuestro objetivo es brindar nuestros servicios excepcionales a diferentes personas tanto a nivel nacional como internacional. Creemos que todos merecemos acceso a atenci\u00f3n m\u00e9dica de primer nivel, y nuestra misi\u00f3n es hacer que eso sea una realidad. Nuestro compromiso con costos y calidad muy asequibles garantiza que nuestros pacientes reciban la mejor atenci\u00f3n posible, sin arruinarse. Al extender nuestros servicios m\u00e1s all\u00e1 de las fronteras nacionales, nos comprometemos a mejorar la vida y la salud de tantas personas como sea posible.<\/span><\/p>\n<\/div>\n<\/div>\n<\/div>\n<\/div>\n<\/div>\n<\/div>\n<\/div>\n<\/div>\n<\/div>\n<\/section>\n<section id=\"_ywbcbqtpmjpithhjgocowrmvefxjajcdeaaf\" class=\"brz-section brz-css-qqufsq\">\n<div class=\"brz-section__content brz-section--boxed brz-css-iwhlga\" data-brz-custom-id=\"figxengilrjgjxljrfqwdjglnngvjmrmigjh\">\n<div class=\"brz-container brz-css-1om6y9k\">\n<div class=\"brz-row__container brz-css-gad3t5 brz-css-1bisw5m\" data-brz-custom-id=\"odkhdioyqzglhgjuasbeyilkawbaqmpjpknp\">\n<div class=\"brz-bg\"><\/div>\n<div class=\"brz-row brz-css-1e05pyk\">\n<div class=\"brz-columns brz-css-wxqp9j brz-css-qlv200\" data-brz-custom-id=\"nsoydgxlbbajanoenysnninnmqnyfuegibig\">\n<div class=\"brz-bg\"><\/div>\n<div class=\"brz-column__items brz-css-16f2un1 brz-css-ad2ba0\">\n<div id=\"\" class=\"brz-css-q3j9nl brz-wrapper\">\n<div class=\"brz-rich-text brz-rich-text__custom brz-css-safofj\" data-brz-custom-id=\"aewvilckfcraohyizbtnmqwygtqabqmnhmsp\">\n<div data-brz-translate-text=\"1\">\n<p class=\"brz-tp-lg-paragraph brz-css-zAqnX\" data-generated-css=\"brz-css-lurbd\" data-uniq-id=\"mozrt\"><strong class=\"brz-cp-color7\">Nuestros Departamentos<\/strong><\/p>\n<p class=\"brz-tp-lg-paragraph brz-css-jDfyL\" data-generated-css=\"brz-css-aonou\" data-uniq-id=\"mcuwo\"><span class=\"brz-cp-color7\">Find Us Health se compromete a mejorar su calidad de vida a trav\u00e9s de una gama completa de tratamientos y servicios m\u00e9dicos. Nuestras ofertas incluyen: <\/span><\/p>\n<ul>\n<li data-generated-css=\"brz-css-mdnmk\" data-uniq-id=\"ghdma\" class=\"brz-tp-lg-paragraph brz-bcp-color7 brz-css-tiWij\"><span class=\"brz-cp-color7\">Salud bucodental <\/span><\/li>\n<li data-generated-css=\"brz-css-ecykw\" data-uniq-id=\"nanqu\" class=\"brz-tp-lg-paragraph brz-bcp-color7 brz-css-xc1oB\"><span class=\"brz-cp-color7\">Cirugia de la obesidad <\/span><\/li>\n<li data-generated-css=\"brz-css-pqnab\" data-uniq-id=\"zjzfn\" class=\"brz-tp-lg-paragraph brz-bcp-color7 brz-css-e9Ewi\"><span class=\"brz-cp-color7\">Cirugia estetica y plastica <\/span><\/li>\n<li data-generated-css=\"brz-css-cypgb\" data-uniq-id=\"sxpng\" class=\"brz-tp-lg-paragraph brz-bcp-color7 brz-css-vlIAu\"><span class=\"brz-cp-color7\">Cirug\u00eda ginecol\u00f3gica <\/span><\/li>\n<li data-generated-css=\"brz-css-ygiss\" data-uniq-id=\"vwcil\" class=\"brz-tp-lg-paragraph brz-bcp-color7 brz-css-oXYTn\"><span class=\"brz-cp-color7\">Transplante capilar.<\/span><\/li>\n<\/ul>\n<p class=\"brz-tp-lg-paragraph brz-css-ny91L\" data-generated-css=\"brz-css-eqexc\" data-uniq-id=\"pelnt\"><span class=\"brz-cp-color7\">El objetivo principal de <\/span><span class=\"brz-cp-color7\">Find Us Health<\/span><span class=\"brz-cp-color7\"> es brindarle una experiencia c\u00f3moda y sin estr\u00e9s de principio a fin. Con \u00e9nfasis en la honestidad, la transparencia y la confidencialidad, nos aseguramos de que nuestros clientes reciban la mejor atenci\u00f3n y apoyo posibles a lo largo de todo su viaje. Nuestro compromiso con la calidad y los costos muy asequibles hace nuestra diferencia ya que brindamos el m\u00e1s alto nivel de tratamiento m\u00e9dico con una gran hospitalidad. Con una amplia experiencia en atenci\u00f3n m\u00e9dica y turismo, estamos bien equipados para brindarles a nuestros pacientes una estad\u00eda placentera y agradable. Nuestra misi\u00f3n es informarlo, ayudarlo a tomar decisiones muy informadas y brindarle un entorno seguro y de apoyo durante su viaje m\u00e9dico y estad\u00eda. En <\/span><span class=\"brz-cp-color7\">Find Us Health<\/span><span class=\"brz-cp-color7\">, creemos que todos merecen acceso a una atenci\u00f3n m\u00e9dica excepcional y estamos aqu\u00ed para hacerlo realidad.<\/span><\/p>\n<\/div>\n<\/div>\n<\/div>\n<\/div>\n<\/div>\n<div class=\"brz-columns brz-css-wxqp9j brz-css-yeria9\" data-brz-custom-id=\"kqqvjbodlqxlqtvxhtontlctzlxcavlpabvr\">\n<div class=\"brz-bg\"><\/div>\n<div class=\"brz-column__items brz-css-16f2un1\">\n<div id=\"\" class=\"brz-css-q3j9nl brz-wrapper\">\n<div class=\"brz-image brz-css-ggzg6t brz-css-1xdn23o\" data-brz-custom-id=\"mbymeigzuyrtryznbwqzxfztklcjlabndkwd\"><img decoding=\"async\" class=\"brz-img\" src=\"https:\/\/findushealth.com\/es?brizy_media=wp-683ad6583ed8fc806018a8a452b15307.jpg&amp;brizy_crop=original\" alt=\"\" loading=\"lazy\"><\/div>\n<\/div>\n<\/div>\n<\/div>\n<\/div>\n<\/div>\n<\/div>\n<\/div>\n<\/section>\n<\/div>\n<p>    <!-- version:1738414488 --><\/p>\n","protected":false},"excerpt":{"rendered":"<p>Qui\u00e9nes somos Find Us Health Center Como expertos en procedimientos m\u00e9dicos y cosm\u00e9ticos, ofrecemos una gama completa de tratamientos para ayudar a nuestros pacientes a lograr los resultados que desean. Nuestros hospitales de \u00faltima generaci\u00f3n ubicados en Antalya, Turqu\u00eda, est\u00e1n equipados con las \u00faltimas tecnolog\u00edas y cuentan con profesionales m\u00e9dicos altamente calificados. No solo ofrecemos [&hellip;]<\/p>\n","protected":false},"author":3,"featured_media":0,"parent":96,"menu_order":0,"comment_status":"closed","ping_status":"closed","template":"","meta":{"footnotes":""},"class_list":["post-12059","page","type-page","status-publish","hentry"],"blocksy_meta":{"styles_descriptor":{"styles":{"desktop":"","tablet":"","mobile":""},"google_fonts":[],"version":6}},"_links":{"self":[{"href":"https:\/\/findushealth.com\/es\/wp-json\/wp\/v2\/pages\/12059","targetHints":{"allow":["GET"]}}],"collection":[{"href":"https:\/\/findushealth.com\/es\/wp-json\/wp\/v2\/pages"}],"about":[{"href":"https:\/\/findushealth.com\/es\/wp-json\/wp\/v2\/types\/page"}],"author":[{"embeddable":true,"href":"https:\/\/findushealth.com\/es\/wp-json\/wp\/v2\/users\/3"}],"replies":[{"embeddable":true,"href":"https:\/\/findushealth.com\/es\/wp-json\/wp\/v2\/comments?post=12059"}],"version-history":[{"count":0,"href":"https:\/\/findushealth.com\/es\/wp-json\/wp\/v2\/pages\/12059\/revisions"}],"up":[{"embeddable":true,"href":"https:\/\/findushealth.com\/es\/wp-json\/wp\/v2\/pages\/96"}],"wp:attachment":[{"href":"https:\/\/findushealth.com\/es\/wp-json\/wp\/v2\/media?parent=12059"}],"curies":[{"name":"wp","href":"https:\/\/api.w.org\/{rel}","templated":true}]}}