{"id":12063,"date":"2023-02-19T17:29:24","date_gmt":"2023-02-19T14:29:24","guid":{"rendered":"https:\/\/findushealth.com\/procedures\/gynaecological-surgery\/"},"modified":"2025-01-30T12:31:18","modified_gmt":"2025-01-30T09:31:18","slug":"gynaecological-surgery","status":"publish","type":"page","link":"https:\/\/findushealth.com\/es\/procedures\/gynaecological-surgery\/","title":{"rendered":"Gynaecological Surgery"},"content":{"rendered":"<div class=\"brz-root__container brz-reset-all brz brz-root__container-page\">\n<section id=\"_eavspnkhqithkmjjbhklxtvxqlsyebowkhle\" class=\"brz-section brz-css-264v5v\">\n<div class=\"brz-section__content brz-section--boxed brz-css-15but87 brz-css-1h11i44\" data-brz-custom-id=\"rpwzxqtnutonoyxxmjjeagnhkladyvkotzof\">\n<div class=\"brz-bg\">\n<div class=\"brz-bg-color\"><\/div>\n<\/div>\n<div class=\"brz-container brz-css-1l8iage\">\n<div id=\"\" class=\"brz-css-14fpx18 brz-css-aurxk9 brz-wrapper\">\n<div class=\"brz-line brz-line-default brz-css-lrznn7 brz-css-2veet2\" data-brz-custom-id=\"ydzrpytcdeywoflicfrgkerbfxdmeychlgwn\">\n<hr class=\"brz-hr\"><\/div>\n<\/div>\n<div id=\"\" class=\"brz-css-14fpx18 brz-css-18l5jsy brz-css-1ag0ejb brz-wrapper\">\n<div class=\"brz-spacer brz-css-1kxhe5a brz-css-13smor3\"><\/div>\n<\/div>\n<div class=\"brz-row__container brz-css-1kubis9 brz-css-b0mxmt\" data-brz-custom-id=\"awbxfejbsuzbfccjkulsimxrierujaulivyj\">\n<div class=\"brz-bg\"><\/div>\n<div class=\"brz-row brz-css-piwcq0 brz-css-1s2bfcu\">\n<div class=\"brz-columns brz-css-iivuwz brz-css-vud7bk\" data-brz-custom-id=\"iobpxzgnbsgbwyaokivubguezirmxehupezw\">\n<div class=\"brz-bg\"><\/div>\n<div class=\"brz-column__items brz-css-jdr7kc brz-css-50b2nj\">\n<div id=\"\" class=\"brz-css-14fpx18 brz-wrapper\">\n<div class=\"brz-rich-text brz-rich-text__custom brz-css-v7vvqq\" data-brz-custom-id=\"czfnqtpnipeflclplkipafnorwiyxmzekhsu\">\n<div data-brz-translate-text=\"1\">\n<h3 class=\"brz-tp-lg-heading3 brz-css-dxM2s\" data-generated-css=\"brz-css-zoujk\" data-uniq-id=\"lvjhm\"><strong>Cirug\u00eda ginecol\u00f3gica<\/strong><\/h3>\n<\/div>\n<\/div>\n<\/div>\n<div id=\"\" class=\"brz-css-14fpx18 brz-wrapper\">\n<div class=\"brz-rich-text brz-rich-text__custom brz-css-v7vvqq\" data-brz-custom-id=\"psgfkiwusoqnykfupdyovcztdihvecbkoack\">\n<div data-brz-translate-text=\"1\">\n<h4 class=\"brz-tp-lg-heading4 brz-css-bZjf6\" data-uniq-id=\"ycoih\" data-generated-css=\"brz-css-hbuia\"><strong>Find Us Health Center<\/strong><\/h4>\n<\/div>\n<\/div>\n<\/div>\n<\/div>\n<\/div>\n<div class=\"brz-columns brz-css-iivuwz brz-css-i724sh\" data-brz-custom-id=\"nzabkdgydezmhleramzehoxyxwsmsjrqtcfn\">\n<div class=\"brz-bg\"><\/div>\n<div class=\"brz-column__items brz-css-jdr7kc brz-css-1pcezc0\">\n<div class=\"brz-wrapper-clone brz-css-umdhkv\">\n<div class=\"brz-d-xs-flex brz-flex-xs-wrap brz-css-p0mpwr brz-css-1xzd48q\" data-brz-custom-id=\"\">\n<div class=\"brz-wrapper-clone__item\" id=\"trxnienbhktvygozqrrwaphuoxzyusgaeczm\">\n<div class=\"brz-icon__container\" data-brz-custom-id=\"trxnienbhktvygozqrrwaphuoxzyusgaeczm\"><span class=\"brz-icon brz-span brz-css-1361bqc brz-css-1byv57h\"><\/span><\/div>\n<\/div>\n<\/div>\n<\/div>\n<\/div>\n<\/div>\n<\/div>\n<\/div>\n<\/div>\n<\/div>\n<\/section>\n<section id=\"_sryfihbijiuaoowaoioytvnmqgmmxxdglyxe\" class=\"brz-section brz-css-264v5v\">\n<div class=\"brz-section__content brz-section--boxed brz-css-15but87\" data-brz-custom-id=\"duvwxgsssjwducuumjvozcnclurbimfousre\">\n<div class=\"brz-container brz-css-1l8iage\">\n<div id=\"\" class=\"brz-css-14fpx18 brz-wrapper\">\n<div class=\"brz-rich-text brz-rich-text__custom brz-css-v7vvqq\" data-brz-custom-id=\"hakbbksiwluxoxcbeofsvknpabjhcayflrxh\">\n<div data-brz-translate-text=\"1\">\n<p class=\"brz-tp-lg-paragraph brz-css-jzRd4\" data-uniq-id=\"qveqz\" data-generated-css=\"brz-css-qohbd\">A lo largo de la vida y en distintas etapas el cuerpo femenino pasa por muchos cambios y es importante cuidarlo en cada etapa. La cirug\u00eda ginecol\u00f3gica incluye todos los procedimientos quir\u00fargicos realizados en el sistema reproductivo femenino, incluidos el \u00fatero, los ovarios, el cuello uterino, las trompas de Falopio, la vagina y la vulva. Hay una multitud de razones por las que una mujer puede necesitar una cirug\u00eda ginecol\u00f3gica, incluido el tratamiento de infecciones como endometriosis, fibromas, quistes ov\u00e1ricos, c\u00e1ncer, dolor p\u00e9lvico, enfermedad p\u00e9lvica inflamatoria, prolapso uterino o sangrado anormal. Un ginec\u00f3logo es una parte importante del proceso de atenci\u00f3n de la salud de una mujer, sirviendo como m\u00e9dico, tutor y tambi\u00e9n consejero. Si desea mantener una buena salud y bienestar general, es muy importante visitar a un ginec\u00f3logo de manera regular. Nuestro equipo de ginec\u00f3logos expertos se dedica a brindar la mejor atenci\u00f3n y consejos posibles a todos nuestros pacientes. Puedes contactar con nosotros para cualquier duda que tengas sobre cirug\u00edas y tratamientos ginecol\u00f3gicos.<\/p>\n<\/div>\n<\/div>\n<\/div>\n<div id=\"\" class=\"brz-css-14fpx18 brz-wrapper\">\n<div class=\"brz-line brz-line-default brz-css-lrznn7 brz-css-1e4x0bs\" data-brz-custom-id=\"qwcxpukdatmnahcvcptvlonngwhirsnwgcur\">\n<hr class=\"brz-hr\"><\/div>\n<\/div>\n<div id=\"\" class=\"brz-css-14fpx18 brz-wrapper\">\n<div class=\"brz-rich-text brz-rich-text__custom brz-css-v7vvqq\" data-brz-custom-id=\"cificdawgfgxxbtsncpkhdjnqqrgaoxneqkn\">\n<div data-brz-translate-text=\"1\">\n<p class=\"brz-tp-lg-paragraph brz-css-c_hab\" data-generated-css=\"brz-css-jxakn\" data-uniq-id=\"ecouz\"><strong class=\"brz-cp-color7\">Nuestros diferentes tipos de Cirug\u00eda ginecol\u00f3gica<\/strong><\/p>\n<\/div>\n<\/div>\n<\/div>\n<div class=\"brz-row__container brz-css-1kubis9\" data-brz-custom-id=\"yldazfufoefpmvecbzfdtmlhgjvdqpcegtvc\">\n<div class=\"brz-bg\"><\/div>\n<div class=\"brz-row brz-css-piwcq0\">\n<div class=\"brz-columns brz-css-iivuwz brz-css-strcgv\" data-brz-custom-id=\"nyapcxbqggtwdynuroixgkqxklgbptrtabda\">\n<div class=\"brz-bg\"><\/div>\n<div class=\"brz-column__items brz-css-jdr7kc\">\n<div id=\"\" class=\"brz-css-14fpx18 brz-css-1c8jath brz-wrapper\">\n<div class=\"brz-rich-text brz-rich-text__custom brz-css-v7vvqq\" data-brz-custom-id=\"vzxdfugplzighlxqkdmzxyscdcejtiynoqcq\">\n<div data-brz-translate-text=\"1\">\n<p class=\"brz-tp-lg-paragraph brz-css-ozrHW\" data-generated-css=\"brz-css-nhspd\" data-uniq-id=\"ltfkn\"><strong class=\"brz-cp-color7\">Cirug\u00eda ginecol\u00f3gica<\/strong><\/p>\n<p class=\"brz-tp-lg-paragraph brz-css-qRVES\" data-generated-css=\"brz-css-vbmqp\" data-uniq-id=\"ovjyo\"><span class=\"brz-cp-color7\">La ginecolog\u00eda se dedica al cuidado del aparato reproductor femenino, y nuestro equipo de ginec\u00f3logos expertos se compromete a brindar la mejor atenci\u00f3n posible a nuestros pacientes. Nuestros ginec\u00f3logos tienen como objetivo diagnosticar y tratar con compasi\u00f3n y comodidad cualquier infecci\u00f3n o trastorno que afecte el aire genital femenino y, por supuesto, el sistema reproductivo mediante el uso de t\u00e9cnicas m\u00ednimamente invasivas y el acceso a instalaciones modernas para un diagn\u00f3stico de calidad.<\/span><\/p>\n<\/div>\n<\/div>\n<\/div>\n<\/div>\n<\/div>\n<div class=\"brz-columns brz-css-iivuwz brz-css-1ik2l65\" data-brz-custom-id=\"thqbtnoyweiroyarpnvvaqpxnexjzegsdoqi\">\n<div class=\"brz-bg\"><\/div>\n<div class=\"brz-column__items brz-css-jdr7kc\">\n<div id=\"\" class=\"brz-css-14fpx18 brz-wrapper\">\n<div class=\"brz-image brz-css-1lp92cm brz-css-1g7plry\" data-brz-custom-id=\"pbxknpdqeahtgolsxltsvjhlaueaejdiqkwl\"><img decoding=\"async\" class=\"brz-img\" src=\"https:\/\/findushealth.com\/es?brizy_media=wp-09fd55d27b02e5c22cbdcbbaa38e024e.jpg&amp;brizy_crop=original\" alt=\"\" loading=\"lazy\"><\/div>\n<\/div>\n<\/div>\n<\/div>\n<\/div>\n<\/div>\n<div id=\"\" class=\"brz-css-14fpx18 brz-wrapper\">\n<div class=\"brz-line brz-line-default brz-css-lrznn7 brz-css-16tem9q\" data-brz-custom-id=\"imtggbdchbrxyacenbmxwnqtgpdvlonzktow\">\n<hr class=\"brz-hr\"><\/div>\n<\/div>\n<div class=\"brz-row__container brz-css-1kubis9\" data-brz-custom-id=\"opvlgzcuklwdmdcyxoijdlpmaitfvomeuwxw\">\n<div class=\"brz-bg\"><\/div>\n<div class=\"brz-row brz-css-piwcq0\">\n<div class=\"brz-columns brz-css-iivuwz brz-css-18ei8ui\" data-brz-custom-id=\"dlvaiitclokvdirfgajjazhrbbxfzdoakryh\">\n<div class=\"brz-bg\"><\/div>\n<div class=\"brz-column__items brz-css-jdr7kc\">\n<div id=\"\" class=\"brz-css-14fpx18 brz-wrapper\">\n<div class=\"brz-image brz-css-1ndtbux brz-css-am74ma\" data-brz-custom-id=\"gdqiqkvyyiwgrmcaubggrmkwhzwkkpsdnlbx\"><img decoding=\"async\" class=\"brz-img\" src=\"https:\/\/findushealth.com\/es?brizy_media=wp-6b338bab677cb1dbf2ad4d4c57fd0f8e.jpg&amp;brizy_crop=original\" alt=\"\" loading=\"lazy\"><\/div>\n<\/div>\n<\/div>\n<\/div>\n<div class=\"brz-columns brz-css-iivuwz brz-css-gdxb6n\" data-brz-custom-id=\"cexirkzdychkzbqlzmrvpcpefecisqclutdq\">\n<div class=\"brz-bg\"><\/div>\n<div class=\"brz-column__items brz-css-jdr7kc\">\n<div id=\"\" class=\"brz-css-14fpx18 brz-css-1gr5o6o brz-wrapper\">\n<div class=\"brz-rich-text brz-rich-text__custom brz-css-v7vvqq\" data-brz-custom-id=\"lpgqqaizdqbibneoyhwyeqpstmzuvxugrtka\">\n<div data-brz-translate-text=\"1\">\n<p class=\"brz-tp-lg-paragraph brz-css-xyU48\" data-uniq-id=\"unmop\" data-generated-css=\"brz-css-mxsih\"><strong class=\"brz-cp-color7\">tecnolog\u00eda de reproducci\u00f3n asistida or Artificial (ART)<\/strong><\/p>\n<p class=\"brz-tp-lg-paragraph brz-css-ucqvM\" data-uniq-id=\"jfksj\" data-generated-css=\"brz-css-cwvdh\"><span class=\"brz-cp-color7\">La tecnolog\u00eda de reproducci\u00f3n asistida (ART), tambi\u00e9n conocida como tecnolog\u00eda de reproducci\u00f3n artificial, es un \u00e1rea especializada de la ginecolog\u00eda que se ocupa de los tratamientos de fertilidad para parejas que tienen dificultades para concebir un hijo. Es la tecnologia que se usa para tratar la infertilidad. Los procedimientos de reproducci\u00f3n asistida implican la manipulaci\u00f3n de \u00f3vulos y espermatozoides para aumentar las posibilidades de fertilizaci\u00f3n. La forma m\u00e1s com\u00fan de ART es la fertilizaci\u00f3n in vitro (FIV), que se considera el m\u00e9todo m\u00e1s eficaz. Antes de someterse a un tratamiento de ART, se recomienda a las personas y parejas que consulten con un especialista en fertilidad que pueda ayudarles a comprender las diferentes opciones y los posibles riesgos involucrados. Aunque se ha demostrado que las ART son eficaces para ayudar a las parejas a concebir, es importante conocer las posibles complicaciones, como el embarazo m\u00faltiple, que pueden reducirse limitando la cantidad de embriones implantados en el \u00fatero.<\/span><\/p>\n<\/div>\n<\/div>\n<\/div>\n<\/div>\n<\/div>\n<\/div>\n<\/div>\n<div id=\"\" class=\"brz-css-14fpx18 brz-wrapper\">\n<div class=\"brz-line brz-line-default brz-css-lrznn7 brz-css-1p4yuzu\" data-brz-custom-id=\"druyzunmohyyzcjokxphttuxtalqzzomnhle\">\n<hr class=\"brz-hr\"><\/div>\n<\/div>\n<div class=\"brz-row__container brz-css-1kubis9\" data-brz-custom-id=\"ywqabnhwlatfrhrcctpibcmbrmnewqqytwld\">\n<div class=\"brz-bg\"><\/div>\n<div class=\"brz-row brz-css-piwcq0\">\n<div class=\"brz-columns brz-css-iivuwz brz-css-wsp01t\" data-brz-custom-id=\"oormibqxplobkkwvjvbwbigjmvactvozusqg\">\n<div class=\"brz-bg\"><\/div>\n<div class=\"brz-column__items brz-css-jdr7kc\">\n<div id=\"\" class=\"brz-css-14fpx18 brz-css-sv0lul brz-wrapper\">\n<div class=\"brz-rich-text brz-rich-text__custom brz-css-v7vvqq\" data-brz-custom-id=\"qghschxwwjwgamppcwrocjhebiylwgnkuzjb\">\n<div data-brz-translate-text=\"1\">\n<p class=\"brz-tp-lg-paragraph brz-css-aoBe5\" data-uniq-id=\"gynqz\" data-generated-css=\"brz-css-puhpx\"><strong class=\"brz-cp-color7\">Operaciones Est\u00e9ticas Genitales (Labioplastia, Sistorectosel)<\/strong><\/p>\n<p class=\"brz-tp-lg-paragraph brz-css-sfVWH\" data-uniq-id=\"glgzz\" data-generated-css=\"brz-css-ohthl\"><span class=\"brz-cp-color7\">Una de las tendencias que crece de manera muy r\u00e1pida en la cirug\u00eda est\u00e9tica es la cirug\u00eda cosm\u00e9tica genital, al igual que muchas otras cirug\u00edas pl\u00e1sticas. Este tipo de cirug\u00eda involucra varios procedimientos destinados a mejorar la apariencia de los genitales femeninos. Los dos procedimientos m\u00e1s populares son la reducci\u00f3n de labios (labioplastia) y el estiramiento vaginal (vaginoplastia). La labioplastia es un procedimiento est\u00e9tico que consiste en cambiar el tama\u00f1o y la forma de los labios menores (labios internos) y\/o los labios mayores (labios externos). Tocante a la vaginoplastia, es un procedimiento reconstructivo que tiene como objetivo reparar o construir la vagina (reconstruir la vagina tambi\u00e9n). Se puede usar para tratar diversas afecciones m\u00e9dicas, como el trauma vaginal causado por el parto y las complicaciones de los trastornos del piso p\u00e9lvico. Si tiene alguna duda sobre la cirug\u00eda est\u00e9tica genital, no dude en consultar a nuestro equipo de expertos.<\/span><\/p>\n<\/div>\n<\/div>\n<\/div>\n<\/div>\n<\/div>\n<div class=\"brz-columns brz-css-iivuwz brz-css-13pvxxc\" data-brz-custom-id=\"kkdqjeprxejuoetfeoidbrxednqqgqumyiut\">\n<div class=\"brz-bg\"><\/div>\n<div class=\"brz-column__items brz-css-jdr7kc\">\n<div id=\"\" class=\"brz-css-14fpx18 brz-wrapper\">\n<div class=\"brz-image brz-css-odarbs brz-css-1wqia7r\" data-brz-custom-id=\"xbkfbcgvfvsojnwetyepkwpabkwhysmmkeux\"><img decoding=\"async\" class=\"brz-img\" src=\"https:\/\/findushealth.com\/es?brizy_media=wp-b6eab1ed0c1895de7d6f6e69248e6cbe.jpg&amp;brizy_crop=original\" alt=\"\" loading=\"lazy\"><\/div>\n<\/div>\n<\/div>\n<\/div>\n<\/div>\n<\/div>\n<\/div>\n<\/div>\n<\/section>\n<\/div>\n<p>    <!-- version:1738229478 --><\/p>\n","protected":false},"excerpt":{"rendered":"<p>Cirug\u00eda ginecol\u00f3gica Find Us Health Center A lo largo de la vida y en distintas etapas el cuerpo femenino pasa por muchos cambios y es importante cuidarlo en cada etapa. La cirug\u00eda ginecol\u00f3gica incluye todos los procedimientos quir\u00fargicos realizados en el sistema reproductivo femenino, incluidos el \u00fatero, los ovarios, el cuello uterino, las trompas de [&hellip;]<\/p>\n","protected":false},"author":3,"featured_media":0,"parent":1126,"menu_order":0,"comment_status":"closed","ping_status":"closed","template":"","meta":{"footnotes":""},"class_list":["post-12063","page","type-page","status-publish","hentry"],"blocksy_meta":{"styles_descriptor":{"styles":{"desktop":"","tablet":"","mobile":""},"google_fonts":[],"version":6}},"_links":{"self":[{"href":"https:\/\/findushealth.com\/es\/wp-json\/wp\/v2\/pages\/12063","targetHints":{"allow":["GET"]}}],"collection":[{"href":"https:\/\/findushealth.com\/es\/wp-json\/wp\/v2\/pages"}],"about":[{"href":"https:\/\/findushealth.com\/es\/wp-json\/wp\/v2\/types\/page"}],"author":[{"embeddable":true,"href":"https:\/\/findushealth.com\/es\/wp-json\/wp\/v2\/users\/3"}],"replies":[{"embeddable":true,"href":"https:\/\/findushealth.com\/es\/wp-json\/wp\/v2\/comments?post=12063"}],"version-history":[{"count":0,"href":"https:\/\/findushealth.com\/es\/wp-json\/wp\/v2\/pages\/12063\/revisions"}],"up":[{"embeddable":true,"href":"https:\/\/findushealth.com\/es\/wp-json\/wp\/v2\/pages\/1126"}],"wp:attachment":[{"href":"https:\/\/findushealth.com\/es\/wp-json\/wp\/v2\/media?parent=12063"}],"curies":[{"name":"wp","href":"https:\/\/api.w.org\/{rel}","templated":true}]}}