{"id":12065,"date":"2023-02-19T16:40:46","date_gmt":"2023-02-19T13:40:46","guid":{"rendered":"https:\/\/findushealth.com\/procedures\/obesity-treatments\/"},"modified":"2025-02-01T10:44:54","modified_gmt":"2025-02-01T07:44:54","slug":"obesity-treatments","status":"publish","type":"page","link":"https:\/\/findushealth.com\/es\/procedures\/obesity-treatments\/","title":{"rendered":"Obesity Treatments"},"content":{"rendered":"<div class=\"brz-root__container brz-reset-all brz brz-root__container-page\">\n<section id=\"_aabozbzoxuzegntdrdffmzxunapgabpxixpm\" class=\"brz-section brz-css-1ffck0x\">\n<div class=\"brz-section__content brz-section--boxed brz-css-462r9a brz-css-1adqo3l\" data-brz-custom-id=\"kigjiymrunjkqyeolympqxmymfwryskchwzs\">\n<div class=\"brz-bg\">\n<div class=\"brz-bg-color\"><\/div>\n<\/div>\n<div class=\"brz-container brz-css-1cdr57a\">\n<div id=\"\" class=\"brz-css-121irno brz-css-t8jubm brz-wrapper\">\n<div class=\"brz-line brz-line-default brz-css-zl5ca2 brz-css-1b2jrfz\" data-brz-custom-id=\"tglqazioivieogmglqvphogapmuqvykfwwim\">\n<hr class=\"brz-hr\"><\/div>\n<\/div>\n<div id=\"\" class=\"brz-css-121irno brz-css-1rpfth7 brz-css-g5jnan brz-wrapper\">\n<div class=\"brz-spacer brz-css-19wwoae brz-css-15j1g4f\"><\/div>\n<\/div>\n<div class=\"brz-row__container brz-css-1oq659k brz-css-1qg06zj\" data-brz-custom-id=\"fmmiapcnqdhdtrtiilsnnlpzavlbeuvhbrhm\">\n<div class=\"brz-bg\"><\/div>\n<div class=\"brz-row brz-css-1etqvjg brz-css-bf3p92\">\n<div class=\"brz-columns brz-css-o0qar7 brz-css-1sp9nee\" data-brz-custom-id=\"tyqbpuyppeeddppuiwamyikrwojubomsjdpz\">\n<div class=\"brz-bg\"><\/div>\n<div class=\"brz-column__items brz-css-35ti9o brz-css-13oaccf\">\n<div id=\"\" class=\"brz-css-121irno brz-wrapper\">\n<div class=\"brz-rich-text brz-rich-text__custom brz-css-69jxau\" data-brz-custom-id=\"oevuzyvuarpkakzaxqsiynxeyfexgxlgrnvz\">\n<div data-brz-translate-text=\"1\">\n<h2 class=\"brz-tp-lg-heading2 brz-css-srwIT\" data-uniq-id=\"phdil\" data-generated-css=\"brz-css-uiesf\">Tratamientos de la obesidad<\/h2>\n<\/div>\n<\/div>\n<\/div>\n<div id=\"\" class=\"brz-css-121irno brz-wrapper\">\n<div class=\"brz-rich-text brz-rich-text__custom brz-css-69jxau\" data-brz-custom-id=\"ulmcwyrhqihkqoecpwknsqafkrlnlzyorawq\">\n<div data-brz-translate-text=\"1\">\n<h4 class=\"brz-tp-lg-heading4 brz-css-oIf7b\" data-uniq-id=\"hrbcs\" data-generated-css=\"brz-css-idbom\"><strong>Find Us Health Center<\/strong><\/h4>\n<\/div>\n<\/div>\n<\/div>\n<\/div>\n<\/div>\n<div class=\"brz-columns brz-css-o0qar7 brz-css-2juxk9\" data-brz-custom-id=\"genxdalpknessiaglndrtwjtlwsfnpgtqdxv\">\n<div class=\"brz-bg\"><\/div>\n<div class=\"brz-column__items brz-css-35ti9o brz-css-7ts6tt\">\n<div class=\"brz-wrapper-clone brz-css-1xd5my3\">\n<div class=\"brz-d-xs-flex brz-flex-xs-wrap brz-css-1kozca5 brz-css-1be3wru\" data-brz-custom-id=\"\">\n<div class=\"brz-wrapper-clone__item\" id=\"litdyfmxvyaxsdrwfmewpgacxbfpwzbqweqh\">\n<div class=\"brz-icon__container\" data-brz-custom-id=\"litdyfmxvyaxsdrwfmewpgacxbfpwzbqweqh\"><span class=\"brz-icon brz-span brz-css-lj2rtq brz-css-7zk3pf\"><\/span><\/div>\n<\/div>\n<\/div>\n<\/div>\n<\/div>\n<\/div>\n<\/div>\n<\/div>\n<\/div>\n<\/div>\n<\/section>\n<section id=\"_erowtfogvxizhnyafpztgiqkopapuujggdaw\" class=\"brz-section brz-css-1ffck0x\">\n<div class=\"brz-section__content brz-section--boxed brz-css-462r9a\" data-brz-custom-id=\"itugunncvrddopltrpegsgbxgehulzqsvylr\">\n<div class=\"brz-container brz-css-1cdr57a\">\n<div id=\"\" class=\"brz-css-121irno brz-wrapper\">\n<div class=\"brz-rich-text brz-rich-text__custom brz-css-69jxau\" data-brz-custom-id=\"bcqyocydmrteyaaqvoreurzjbfdnfwffouue\">\n<div data-brz-translate-text=\"1\">\n<p class=\"brz-tp-lg-paragraph ql-align-justify brz-css-s8Bnk\" data-uniq-id=\"mndze\" data-generated-css=\"brz-css-rdsey\">La cirug\u00eda de la obesidad puede ser una soluci\u00f3n muy efectiva para aquellos que luchan contra la obesidad y la multitud de problemas de salud relacionados. Por lo tanto, puede ayudar a lograr una baja de peso significativa y resolver problemas como la diabetes tipo 2, la apnea del sue\u00f1o y la hipertensi\u00f3n. Hay varias opciones quir\u00fargicas disponibles, que incluyen globo g\u00e1strico, gastrectom\u00eda en manga y cirug\u00eda de bypass g\u00e1strico, cada una con su propio enfoque \u00fanico para perder peso. Antes de someterse a una cirug\u00eda de obesidad es importante someterse a una evaluaci\u00f3n exhaustiva con un equipo de expertos m\u00e9dicos para garantizar que reciba el procedimiento adecuado para sus necesidades. Si tiene alguna pregunta o inquietud con respecto a la cirug\u00eda bari\u00e1trica, nuestro equipo de expertos est\u00e1 aqu\u00ed para ayudarle.Cont\u00e1ctenos para m\u00e1s informaci\u00f3n.<\/p>\n<\/div>\n<\/div>\n<\/div>\n<div id=\"\" class=\"brz-css-121irno brz-wrapper\">\n<div class=\"brz-line brz-line-default brz-css-zl5ca2 brz-css-1siu96f\" data-brz-custom-id=\"beajdtuqkkevfrczziswxvbwyqkjoethrdoh\">\n<hr class=\"brz-hr\"><\/div>\n<\/div>\n<div id=\"\" class=\"brz-css-121irno brz-wrapper\">\n<div class=\"brz-rich-text brz-rich-text__custom brz-css-69jxau\" data-brz-custom-id=\"nuxpkrhbhpzskjohqdlpbfreboyfspibeuxf\">\n<div data-brz-translate-text=\"1\">\n<h3 class=\"brz-tp-lg-heading3 brz-css-h6YAN\" data-uniq-id=\"czmua\" data-generated-css=\"brz-css-gkuxb\"><strong class=\"brz-cp-color7\">Nuestros diferentes tipos de tratamientos de la obesidad<\/strong><\/h3>\n<\/div>\n<\/div>\n<\/div>\n<div class=\"brz-row__container brz-css-1oq659k\" data-brz-custom-id=\"ipzplgekmalyabgtetmmgohovixacvoinaqo\">\n<div class=\"brz-bg\"><\/div>\n<div class=\"brz-row brz-css-1etqvjg brz-css-u1ac0t\">\n<div class=\"brz-columns brz-css-o0qar7 brz-css-s5f5mh\" data-brz-custom-id=\"ybcxlvgcgdrzitgempgnhfbfkfrkrumvblly\">\n<div class=\"brz-bg\"><\/div>\n<div class=\"brz-column__items brz-css-35ti9o brz-css-fv5kml\">\n<div id=\"\" class=\"brz-css-121irno brz-wrapper\">\n<div class=\"brz-rich-text brz-rich-text__custom brz-css-69jxau\" data-brz-custom-id=\"ldnjkfqdidbqsflwoeflkznbmsfeexsqcjlb\">\n<div data-brz-translate-text=\"1\">\n<p class=\"brz-tp-lg-paragraph brz-css-yINVA\" data-uniq-id=\"buzur\" data-generated-css=\"brz-css-ouohi\"><strong class=\"brz-cp-color7\">Bal\u00f3n Intrg\u00e1strico Endosc\u00f3pico<\/strong><\/p>\n<p class=\"brz-tp-lg-paragraph brz-css-jz8JE\" data-uniq-id=\"vwhkh\" data-generated-css=\"brz-css-gnvyt\"><span class=\"brz-cp-color7\">El bal\u00f3n intrag\u00e1strico es una soluci\u00f3n no quir\u00fargica para quienes desean perder peso en un corto per\u00edodo de tiempo y est\u00e1n dispuestos a mantener un programa de alimentaci\u00f3n saludable despu\u00e9s de la extracci\u00f3n del bal\u00f3n. Este m\u00e9todo innovador consiste en insertar un bal\u00f3n g\u00e1strico en el est\u00f3mago para promover la p\u00e9rdida de peso. El bal\u00f3n llena una parte del est\u00f3mago, lo que le permite comer menos y sentirse lleno mucho m\u00e1s r\u00e1pido. Este m\u00e9todo ha demostrado ser muy efectivo y muchos pacientes experimentan una p\u00e9rdida de peso muy significativa. El proceso es cuidadosamente supervisado y respaldado por nuestro equipo calificado y experto, que se dedica a brindar atenci\u00f3n personalizada para ayudarle a alcanzar sus objetivos de p\u00e9rdida de peso.<\/span><\/p>\n<\/div>\n<\/div>\n<\/div>\n<\/div>\n<\/div>\n<div class=\"brz-columns brz-css-o0qar7 brz-css-l8kp8u\" data-brz-custom-id=\"jnafgkfmytbyoxwflshjybmwgbdnkgfggpuu\">\n<div class=\"brz-bg\"><\/div>\n<div class=\"brz-column__items brz-css-35ti9o\">\n<div id=\"\" class=\"brz-css-121irno brz-wrapper\">\n<div class=\"brz-image brz-css-yl865e brz-css-a7krae\" data-brz-custom-id=\"kncfuvzkiuqescbzhpzjkcmmaepzjubolygc\"><img decoding=\"async\" class=\"brz-img\" src=\"https:\/\/findushealth.com\/es?brizy_media=wp-954d5a9df80a3191653602e5f399a38e.jpg&amp;brizy_crop=original\" alt=\"\" loading=\"lazy\"><\/div>\n<\/div>\n<\/div>\n<\/div>\n<\/div>\n<\/div>\n<div id=\"\" class=\"brz-css-121irno brz-wrapper\">\n<div class=\"brz-line brz-line-default brz-css-zl5ca2 brz-css-kmvekf\" data-brz-custom-id=\"yjzfceoldedzogsqzlceihuusbakdbiysvri\">\n<hr class=\"brz-hr\"><\/div>\n<\/div>\n<div class=\"brz-row__container brz-css-1oq659k\" data-brz-custom-id=\"sururdcagcxjabadpyhtfcdwyczfcawrpujt\">\n<div class=\"brz-bg\"><\/div>\n<div class=\"brz-row brz-css-1etqvjg brz-css-1hppx53\">\n<div class=\"brz-columns brz-css-o0qar7 brz-css-1n9ouqi\" data-brz-custom-id=\"azdyrwiaqvnozbdhqdrhoorzgxibbuoqswoz\">\n<div class=\"brz-bg\"><\/div>\n<div class=\"brz-column__items brz-css-35ti9o\">\n<div id=\"\" class=\"brz-css-121irno brz-wrapper\">\n<div class=\"brz-image brz-css-7gxc9s brz-css-1frqhll\" data-brz-custom-id=\"xpxctampfeosddjtyhroalllupjvqqfcuzjd\"><img decoding=\"async\" class=\"brz-img\" src=\"https:\/\/findushealth.com\/es?brizy_media=wp-3b3576c1fa3df8719af896e6ee823499.jpg&amp;brizy_crop=original\" alt=\"\" loading=\"lazy\"><\/div>\n<\/div>\n<\/div>\n<\/div>\n<div class=\"brz-columns brz-css-o0qar7 brz-css-ex995f\" data-brz-custom-id=\"rmjcishodkdtmdconiytgilbgokxapgfgnfb\">\n<div class=\"brz-bg\"><\/div>\n<div class=\"brz-column__items brz-css-35ti9o brz-css-1d65k5j\">\n<div id=\"\" class=\"brz-css-121irno brz-wrapper\">\n<div class=\"brz-rich-text brz-rich-text__custom brz-css-69jxau\" data-brz-custom-id=\"pclretuorcrjcrlwodpdzfvayvglszpuewal\">\n<div data-brz-translate-text=\"1\">\n<p class=\"brz-tp-lg-paragraph brz-css-m6SCH\" data-generated-css=\"brz-css-grcam\" data-uniq-id=\"kycik\"><strong class=\"brz-cp-color7\">Manga Gastrectom\u00eda o Manga G\u00e1strica<\/strong><\/p>\n<p class=\"brz-tp-lg-paragraph brz-css-ofrA1\" data-generated-css=\"brz-css-rrure\" data-uniq-id=\"utzim\"><span class=\"brz-cp-color7\">Es un procedimiento de gastrectom\u00eda en manga con una opci\u00f3n muy efectiva para las personas que buscan soluciones para perder peso a largo plazo. A trav\u00e9s de este m\u00e9todo, la capacidad de alimentos se reduce considerablemente al eliminar parte del est\u00f3mago, lo que resulta en una p\u00e9rdida de peso sustancial. Es un procedimiento que es ideal para personas con un IMC (\u00cdndice de Masa Corporal) superior a 35 que han tenido problemas manteniendo la p\u00e9rdida de peso en el pasado. La manga g\u00e1strica se hace mediante un proceso quir\u00fargico engrapando el est\u00f3mago a lo largo de toda su longitud y retirando la parte sobrante, lo que da como resultado un tubo largo o est\u00f3mago con forma de manga. El est\u00f3mago todav\u00eda funciona normalmente A pesar de su dr\u00e1stico cambio de forma, pero con una capacidad muy reducida para ingerir alimentos. Nuestro equipo profesional se dedica a brindar atenci\u00f3n y apoyo individualizados para ayudarle a lograr sus objetivos de p\u00e9rdida de peso con un procedimiento de manga g\u00e1strica.<\/span><\/p>\n<\/div>\n<\/div>\n<\/div>\n<\/div>\n<\/div>\n<\/div>\n<\/div>\n<div id=\"\" class=\"brz-css-121irno brz-wrapper\">\n<div class=\"brz-line brz-line-default brz-css-zl5ca2 brz-css-16vfwjh\" data-brz-custom-id=\"fupossqifwnwqizdpqhfxejsogbtcfhczzri\">\n<hr class=\"brz-hr\"><\/div>\n<\/div>\n<div class=\"brz-row__container brz-css-1oq659k\" data-brz-custom-id=\"juhbzxlrjoiuanmexedywdlyamghlvjjrpck\">\n<div class=\"brz-bg\"><\/div>\n<div class=\"brz-row brz-css-1etqvjg brz-css-8pyt87\">\n<div class=\"brz-columns brz-css-o0qar7 brz-css-tuqv4w\" data-brz-custom-id=\"prvukhfmdmwallwxmskgsvhnpcbwnthqvxdu\">\n<div class=\"brz-bg\"><\/div>\n<div class=\"brz-column__items brz-css-35ti9o brz-css-1ffgu56\">\n<div id=\"\" class=\"brz-css-121irno brz-css-1jgq944 brz-wrapper\">\n<div class=\"brz-rich-text brz-rich-text__custom brz-css-69jxau\" data-brz-custom-id=\"zekqcnjzaoorocyhtrmyhqmwohuihazuncdv\">\n<div data-brz-translate-text=\"1\">\n<p class=\"brz-tp-lg-paragraph brz-css-mwgY6\" data-uniq-id=\"lbzcv\" data-generated-css=\"brz-css-aqbmk\"><strong class=\"brz-cp-color7\">Cirug\u00eda de obesidad revisional o Cirug\u00eda de revisi\u00f3n<\/strong><\/p>\n<p class=\"brz-tp-lg-paragraph brz-css-vFLKw\" data-uniq-id=\"dimot\" data-generated-css=\"brz-css-jeqav\"><span class=\"brz-cp-color7\">Es una cirug\u00eda que tiene como objetivo primero arreglar las cosas. La cirug\u00eda bari\u00e1trica de revisi\u00f3n es una opci\u00f3n quir\u00fargica para las personas que ya se han  anteriormente sometido a un procedimiento de p\u00e9rdida de peso pero que no obtuvieron los resultados deseados o experimentaron complicaciones.La cirug\u00eda generalmente se realiza por v\u00eda laparosc\u00f3pica, aunque la cirug\u00eda abierta puede ser necesaria en los casos en que la cirug\u00eda previa para la obesidad haya resultado en una cicatrizaci\u00f3n extensa. Mucha gente busca una cirug\u00eda de revisi\u00f3n a medida que aumenta el n\u00famero de procedimientos para perder peso. Elegir la cirug\u00eda de revisi\u00f3n puede ser una opci\u00f3n limitada para las personas que se han sometido a una cirug\u00eda anteriormente, pero siempre vale la pena considerarla. En Find Us Health, estamos comprometidos a ayudar a las personas a lograr sus objetivos de p\u00e9rdida de peso y recuperar su salud y, sobre todo, su confianza. Nuestro equipo de cirujanos experimentados y profesionales m\u00e9dicos trabajan en estrecha colaboraci\u00f3n con cada paciente para comprender sus necesidades y objetivos \u00fanicos y para preparar un plan de tratamiento bien detallado que los ayudar\u00e1 a lograr los resultados deseados. Cont\u00e1ctenos con nosotros para obtener m\u00e1s informaci\u00f3n sobre la cirug\u00eda bari\u00e1trica de revisi\u00f3n y otros procedimientos relacionados.<\/span><\/p>\n<\/div>\n<\/div>\n<\/div>\n<\/div>\n<\/div>\n<div class=\"brz-columns brz-css-o0qar7 brz-css-rul89f\" data-brz-custom-id=\"oprljioexvwwihhujpwlkptdohsoghhdgqnz\">\n<div class=\"brz-bg\"><\/div>\n<div class=\"brz-column__items brz-css-35ti9o\">\n<div id=\"\" class=\"brz-css-121irno brz-wrapper\">\n<div class=\"brz-image brz-css-1ks0lgt brz-css-1q3htnd\" data-brz-custom-id=\"knxjomupqfyutsjczwrezydodbjvypuymlcm\"><img decoding=\"async\" class=\"brz-img\" src=\"https:\/\/findushealth.com\/es?brizy_media=wp-8256a12d471180288cf934e2c9ac5e9f.jpg&amp;brizy_crop=original\" alt=\"\" loading=\"lazy\"><\/div>\n<\/div>\n<\/div>\n<\/div>\n<\/div>\n<\/div>\n<\/div>\n<\/div>\n<\/section>\n<\/div>\n<p>    <!-- version:1738395894 --><\/p>\n","protected":false},"excerpt":{"rendered":"<p>Tratamientos de la obesidad Find Us Health Center La cirug\u00eda de la obesidad puede ser una soluci\u00f3n muy efectiva para aquellos que luchan contra la obesidad y la multitud de problemas de salud relacionados. Por lo tanto, puede ayudar a lograr una baja de peso significativa y resolver problemas como la diabetes tipo 2, la [&hellip;]<\/p>\n","protected":false},"author":3,"featured_media":0,"parent":1126,"menu_order":0,"comment_status":"closed","ping_status":"closed","template":"","meta":{"footnotes":""},"class_list":["post-12065","page","type-page","status-publish","hentry"],"blocksy_meta":{"styles_descriptor":{"styles":{"desktop":"","tablet":"","mobile":""},"google_fonts":[],"version":6}},"_links":{"self":[{"href":"https:\/\/findushealth.com\/es\/wp-json\/wp\/v2\/pages\/12065","targetHints":{"allow":["GET"]}}],"collection":[{"href":"https:\/\/findushealth.com\/es\/wp-json\/wp\/v2\/pages"}],"about":[{"href":"https:\/\/findushealth.com\/es\/wp-json\/wp\/v2\/types\/page"}],"author":[{"embeddable":true,"href":"https:\/\/findushealth.com\/es\/wp-json\/wp\/v2\/users\/3"}],"replies":[{"embeddable":true,"href":"https:\/\/findushealth.com\/es\/wp-json\/wp\/v2\/comments?post=12065"}],"version-history":[{"count":0,"href":"https:\/\/findushealth.com\/es\/wp-json\/wp\/v2\/pages\/12065\/revisions"}],"up":[{"embeddable":true,"href":"https:\/\/findushealth.com\/es\/wp-json\/wp\/v2\/pages\/1126"}],"wp:attachment":[{"href":"https:\/\/findushealth.com\/es\/wp-json\/wp\/v2\/media?parent=12065"}],"curies":[{"name":"wp","href":"https:\/\/api.w.org\/{rel}","templated":true}]}}