{"id":12071,"date":"2023-02-27T23:29:47","date_gmt":"2023-02-27T20:29:47","guid":{"rendered":"https:\/\/findushealth.com\/procedures\/ortopedia\/"},"modified":"2025-02-02T01:17:24","modified_gmt":"2025-02-01T22:17:24","slug":"ortopedia","status":"publish","type":"page","link":"https:\/\/findushealth.com\/es\/procedures\/ortopedia\/","title":{"rendered":"Ortopedia"},"content":{"rendered":"<div class=\"brz-root__container brz-reset-all brz brz-root__container-page\">\n<section id=\"_howasmozwwqttvhsrxtateciuqlcnplorili\" class=\"brz-section brz-css-qaccdw\">\n<div class=\"brz-section__content brz-section--boxed brz-css-9cgz59 brz-css-1tuu6r3\" data-brz-custom-id=\"zabvijiwowekwnyuvgbweaynxevhpelcarna\">\n<div class=\"brz-bg\">\n<div class=\"brz-bg-color\"><\/div>\n<\/div>\n<div class=\"brz-container brz-css-lcnm2x\">\n<div id=\"\" class=\"brz-css-18f6l76 brz-css-1pa1hhx brz-wrapper\">\n<div class=\"brz-line brz-line-default brz-css-9pt5vt brz-css-mzw1k1\" data-brz-custom-id=\"nwrxdlngffzevgtnmscvydakjyhtppxxthvd\">\n<hr class=\"brz-hr\"><\/div>\n<\/div>\n<div id=\"\" class=\"brz-css-18f6l76 brz-css-1ucw5po brz-css-1v9bvge brz-wrapper\">\n<div class=\"brz-spacer brz-css-1uqudmt brz-css-1ev1fg5\"><\/div>\n<\/div>\n<div class=\"brz-row__container brz-css-rivxzt brz-css-11vvfzo\" data-brz-custom-id=\"fccazzssjxndhnayrvpmsquzlwhsdogllydt\">\n<div class=\"brz-bg\"><\/div>\n<div class=\"brz-row brz-css-cbh68x brz-css-1wzwvui\">\n<div class=\"brz-columns brz-css-sa2vnh brz-css-mr4m8b\" data-brz-custom-id=\"cfbraqyjiyocewjelrzpjqitongccadfcbeg\">\n<div class=\"brz-bg\"><\/div>\n<div class=\"brz-column__items brz-css-ni62c8 brz-css-cbmybi\">\n<div id=\"\" class=\"brz-css-18f6l76 brz-wrapper\">\n<div class=\"brz-rich-text brz-rich-text__custom brz-css-19zvuth\" data-brz-custom-id=\"pdsojaxmqjxeflusovxbjlsikcenxftsazdi\">\n<div data-brz-translate-text=\"1\">\n<h3 class=\"brz-tp-lg-heading3 brz-css-rEmar\" data-uniq-id=\"qwhhn\" data-generated-css=\"brz-css-sfszw\"><strong class=\"brz-cp-color2\">Ortopedia<\/strong><\/h3>\n<\/div>\n<\/div>\n<\/div>\n<div id=\"\" class=\"brz-css-18f6l76 brz-wrapper\">\n<div class=\"brz-rich-text brz-rich-text__custom brz-css-19zvuth\" data-brz-custom-id=\"lbklvsvptrohbuepotytbeufhahrunrrxrjm\">\n<div data-brz-translate-text=\"1\">\n<h4 class=\"brz-tp-lg-heading4 brz-css-bIQLt\" data-generated-css=\"brz-css-sdavx\" data-uniq-id=\"krqde\"><span>Find Us Health Center<\/span><\/h4>\n<\/div>\n<\/div>\n<\/div>\n<\/div>\n<\/div>\n<div class=\"brz-columns brz-css-sa2vnh brz-css-1p5qyi7\" data-brz-custom-id=\"qzpwtkieaoothzidiykgixkrsxghrftevlac\">\n<div class=\"brz-bg\"><\/div>\n<div class=\"brz-column__items brz-css-ni62c8 brz-css-c00j5k\">\n<div class=\"brz-wrapper-clone brz-css-urpm5b\">\n<div class=\"brz-d-xs-flex brz-flex-xs-wrap brz-css-bx1dvx brz-css-1g2hoq6\" data-brz-custom-id=\"\">\n<div class=\"brz-wrapper-clone__item\" id=\"rajrfpagksnlitmihapjrzpvqtlhloxkzuze\">\n<div class=\"brz-icon__container\" data-brz-custom-id=\"rajrfpagksnlitmihapjrzpvqtlhloxkzuze\"><span class=\"brz-icon brz-span brz-css-1a1dwxc brz-css-1a8nh2s\"><\/span><\/div>\n<\/div>\n<\/div>\n<\/div>\n<\/div>\n<\/div>\n<\/div>\n<\/div>\n<div id=\"\" class=\"brz-css-18f6l76 brz-wrapper\">\n<div class=\"brz-rich-text brz-rich-text__custom brz-css-19zvuth\" data-brz-custom-id=\"klkgcgnwxffgnvvhbkhlqjjzsjatqaednimm\">\n<div data-brz-translate-text=\"1\">\n<p class=\"brz-tp-lg-paragraph brz-css-oGKJk\" data-uniq-id=\"krakr\" data-generated-css=\"brz-css-vgfqb\"><span>Ortapedia: una gu\u00eda completa para la atenci\u00f3n ortop\u00e9dica<\/span><\/p>\n<\/div>\n<\/div>\n<\/div>\n<div id=\"\" class=\"brz-css-18f6l76 brz-wrapper\">\n<div class=\"brz-rich-text brz-rich-text__custom brz-css-19zvuth\" data-brz-custom-id=\"gmyjtgduqafbwuirsfbulwkozjsvywdllxce\">\n<div data-brz-translate-text=\"1\">\n<p class=\"brz-tp-lg-paragraph brz-css-jRqwA\" data-uniq-id=\"hlujp\" data-generated-css=\"brz-css-mzohf\"><span>Nuestros huesos y articulaciones se vuelven m\u00e1s propensos al desgaste a medida que envejecemos, lo que lleva a una multitud de problemas ortop\u00e9dicos. Ya sea que est\u00e9 lidiando con una lesi\u00f3n deportiva o un dolor articular cr\u00f3nico, la atenci\u00f3n ortop\u00e9dica puede ayudarlo a mejorar su calidad de vida de manera importante. En este art\u00edculo, exploraremos el mundo de la atenci\u00f3n ortop\u00e9dica y los servicios que ofrece Ortapedia.<\/span><\/p>\n<\/div>\n<\/div>\n<\/div>\n<\/div>\n<\/div>\n<\/section>\n<section id=\"_wqupqufhujlxxjisvwzojajcnndbsbryjzdy\" class=\"brz-section brz-css-qaccdw\">\n<div class=\"brz-section__content brz-section--boxed brz-css-9cgz59 brz-css-1kdle0j\" data-brz-custom-id=\"fhwhynlokdassbdrckuepzgtrkmrgjgyozvi\">\n<div class=\"brz-bg\">\n<div class=\"brz-bg-color\"><\/div>\n<\/div>\n<div class=\"brz-container brz-css-lcnm2x\">\n<div id=\"\" class=\"brz-css-18f6l76 brz-wrapper\">\n<div class=\"brz-rich-text brz-rich-text__custom brz-css-19zvuth\" data-brz-custom-id=\"rgwosadlogfkhygmcjvevmkcmtwldksqthoe\">\n<div data-brz-translate-text=\"1\">\n<p class=\"brz-tp-lg-paragraph brz-css-hf5xc\" data-uniq-id=\"liayk\" data-generated-css=\"brz-css-dhdqd\"><strong class=\"brz-cp-color7\">Nuestros servicios en el departamento de Ortapedia<\/strong><\/p>\n<\/div>\n<\/div>\n<\/div>\n<div class=\"brz-row__container brz-css-rivxzt\" data-brz-custom-id=\"qokfvwbbbhligagwfafuihviqjeubzwhjueb\">\n<div class=\"brz-bg\"><\/div>\n<div class=\"brz-row brz-css-cbh68x brz-css-1wzwvui\">\n<div class=\"brz-columns brz-css-sa2vnh\" data-brz-custom-id=\"ratlrgifurnwifwadiayimnhizbjkundljes\">\n<div class=\"brz-bg\"><\/div>\n<div class=\"brz-column__items brz-css-ni62c8 brz-css-jnfi8c\">\n<div id=\"\" class=\"brz-css-18f6l76 brz-wrapper\">\n<div class=\"brz-rich-text brz-rich-text__custom brz-css-19zvuth\" data-brz-custom-id=\"galnhhooirjgdpahmpqpdmdyhlzxzclgefno\">\n<div data-brz-translate-text=\"1\">\n<p class=\"brz-ft-upload brz-fs-lg-16 brz-fss-lg-px brz-fw-lg-400 brz-ls-lg-0 brz-lh-lg-1_9 brz-tp-lg-empty brz-ff-enqmzdbzxbgylolsjadsfjxunpbkpfxobhlf brz-css-t9kMO\" data-generated-css=\"brz-css-xsono\" data-uniq-id=\"ljwxb\"><strong class=\"brz-cp-color2\">\u00bfQu\u00e9 es Ortapedia?<\/strong><\/p>\n<p class=\"brz-tp-lg-paragraph brz-css-bHHd2\" data-generated-css=\"brz-css-lqgws\" data-uniq-id=\"lkwbl\">Ortapedia es un proveedor integral de atenci\u00f3n ortop\u00e9dica que ofrece una gama de servicios a pacientes con trastornos musculoesquel\u00e9ticos. El objetivo de Ortapedia es brindar atenci\u00f3n personalizada a los pacientes que sufren problemas ortop\u00e9dicos, que van desde lesiones menores hasta cirug\u00edas complejas.<\/p>\n<p class=\"brz-tp-lg-paragraph brz-css-heQBU\" data-generated-css=\"brz-css-lqgws\" data-uniq-id=\"lkwbl\">\n<p class=\"brz-tp-lg-paragraph brz-css-gZCjD\" data-generated-css=\"brz-css-pfkyy\" data-uniq-id=\"thewg\">Servicios de atenci\u00f3n ortop\u00e9dica ofrecidos por Ortapedia<\/p>\n<p class=\"brz-tp-lg-paragraph brz-css-kkSrs\" data-generated-css=\"brz-css-pqzyd\" data-uniq-id=\"opzwb\">Ortapedia ofrece una amplia multitud de servicios de atenci\u00f3n ortop\u00e9dica para ayudar a los pacientes a lograr una mejor salud y un bienestar \u00f3ptimo. Algunos de los servicios que ofrece Ortapedia son: <\/p>\n<\/div>\n<\/div>\n<\/div>\n<div id=\"\" class=\"brz-css-18f6l76 brz-wrapper\">\n<div class=\"brz-accordion brz-css-1dcvko3 brz-css-rbewt7\" data-brz-duration=\"300\" data-brz-custom-id=\"xpyupwymdbrvybbcayceirgixrvaqdeelfqf\">\n<div class=\"brz-accordion__item brz-accordion__item--active\">\n<div class=\"brz-accordion__nav\" data-brz-collapsible=\"on\"><span data-brz-translate-text=\"1\" class=\"brz-accordion__nav-title brz-span brz-text__editor\">Diagn\u00f3stico y Tratamiento de Condiciones Ortop\u00e9dicas<\/span><\/div>\n<div class=\"brz-accordion__content brz-d-xs-flex brz-flex-xs-column\">\n<div class=\"brz-accordion__item-content brz-d-xs-flex brz-flex-xs-column\">\n<div id=\"\" class=\"brz-css-18f6l76 brz-wrapper\">\n<div class=\"brz-rich-text brz-rich-text__custom brz-css-19zvuth\" data-brz-custom-id=\"diiifcxkplkpvhxkobdkjwyhkypdvojofvay\">\n<div data-brz-translate-text=\"1\">\n<p class=\"brz-lh-lg-1_9 brz-ls-lg-0 brz-fw-lg-400 brz-fss-lg-px brz-fs-lg-16 brz-ft-upload brz-ff-mruflzjvtzjxcnwqyqqtvvgobqvnixkyfskc brz-tp-lg-empty brz-css-aczvY\" data-uniq-id=\"ehaeq\" data-generated-css=\"brz-css-bpzjc\"><span class=\"brz-cp-color2\">En Ortapedia, un equipo de especialistas ortop\u00e9dicos que llevan muchos a\u00f1os de experiencia diagnosticar\u00e1 y tratar\u00e1 diversas afecciones ortop\u00e9dicas, como artritis, fracturas, hinchazones y dislocaciones. Utilizan herramientas de diagn\u00f3stico avanzadas y t\u00e9cnicas de imagen para proporcionar un diagn\u00f3stico preciso y elaborar un plan de tratamiento personalizado para cada uno de los pacientes.<\/span><\/p>\n<\/div>\n<\/div>\n<\/div>\n<\/div>\n<\/div>\n<\/div>\n<div class=\"brz-accordion__item\">\n<div class=\"brz-accordion__nav\" data-brz-collapsible=\"on\"><span data-brz-translate-text=\"1\" class=\"brz-accordion__nav-title brz-span brz-text__editor\">Medicina deportiva<\/span><\/div>\n<div class=\"brz-accordion__content brz-d-xs-flex brz-flex-xs-column\">\n<div class=\"brz-accordion__item-content brz-d-xs-flex brz-flex-xs-column\">\n<div id=\"\" class=\"brz-css-18f6l76 brz-wrapper\">\n<div class=\"brz-rich-text brz-rich-text__custom brz-css-19zvuth\" data-brz-custom-id=\"knmrwwnddvuubxkdnlxgbmjadvtsnjfysfzb\">\n<div data-brz-translate-text=\"1\">\n<p class=\"brz-tp-lg-paragraph brz-css-monQ_\" data-uniq-id=\"ikeig\" data-generated-css=\"brz-css-yhzbg\"><span class=\"brz-cp-color2\">Ortapedia brinda tratamiento para lesiones relacionadas con los deportes especializ\u00e1ndose en la medicina deportiva. Unos de los tratamientos de medicina deportiva son: desgarros del LCA, desgarros del manguito de los rotadores y codo de tenista. El primordial objetivo es ayudar a los pacientes a recuperarse totalmente de las lesiones y volver a sus actividades deportivas favoritas lo m\u00e1s r\u00e1pido posible.<\/span><\/p>\n<\/div>\n<\/div>\n<\/div>\n<\/div>\n<\/div>\n<\/div>\n<div class=\"brz-accordion__item\">\n<div class=\"brz-accordion__nav\" data-brz-collapsible=\"on\"><span data-brz-translate-text=\"1\" class=\"brz-accordion__nav-title brz-span brz-text__editor\">Cirug\u00eda de reemplazo articular<\/span><\/div>\n<div class=\"brz-accordion__content brz-d-xs-flex brz-flex-xs-column\">\n<div class=\"brz-accordion__item-content brz-d-xs-flex brz-flex-xs-column\">\n<div id=\"\" class=\"brz-css-18f6l76 brz-wrapper\">\n<div class=\"brz-rich-text brz-rich-text__custom brz-css-19zvuth\" data-brz-custom-id=\"retnxmygwkyswwuxcdwkjqeoiunwxnxmcjcq\">\n<div data-brz-translate-text=\"1\">\n<p class=\"brz-tp-lg-paragraph brz-css-qp5_c\" data-generated-css=\"brz-css-bhjrh\" data-uniq-id=\"mepuk\"><span class=\"brz-cp-color2\">La cirug\u00eda de reemplazo articular puede ser una soluci\u00f3n eficaz para los pacientes que sufren de dolor articular cr\u00f3nico. Ortapedia ofrece cirug\u00edas de reemplazo articular de rodillas, caderas y hombros, utilizando las \u00faltimas t\u00e9cnicas y tecnolog\u00edas quir\u00fargicas modernas.<\/span><\/p>\n<\/div>\n<\/div>\n<\/div>\n<\/div>\n<\/div>\n<\/div>\n<div class=\"brz-accordion__item\">\n<div class=\"brz-accordion__nav\" data-brz-collapsible=\"on\"><span data-brz-translate-text=\"1\" class=\"brz-accordion__nav-title brz-span brz-text__editor\">Fisioterapia y Rehabilitaci\u00f3n<\/span><\/div>\n<div class=\"brz-accordion__content brz-d-xs-flex brz-flex-xs-column\">\n<div class=\"brz-accordion__item-content brz-d-xs-flex brz-flex-xs-column\">\n<div id=\"\" class=\"brz-css-18f6l76 brz-wrapper\">\n<div class=\"brz-rich-text brz-rich-text__custom brz-css-19zvuth\" data-brz-custom-id=\"lfbhhvqxtkpqiyxvojevrmmqaqowgmotaybf\">\n<div data-brz-translate-text=\"1\">\n<p class=\"brz-tp-lg-paragraph brz-css-kD_W1\" data-uniq-id=\"tfnox\" data-generated-css=\"brz-css-qzwxv\"><span class=\"brz-cp-color2\">Para ayudar a los pacientes a recuperar su fuerza y movilidad despu\u00e9s de una lesi\u00f3n o cirug\u00eda, Ortapedia ofrece servicios y tratamientos de fisioterapia y rehabilitaci\u00f3n. Estos servicios est\u00e1n dise\u00f1ados y tienen como primer objetivo ayudar a los pacientes a recuperarse y regresar a sus actividades diarias normales.<\/span><\/p>\n<\/div>\n<\/div>\n<\/div>\n<\/div>\n<\/div>\n<\/div>\n<div class=\"brz-accordion__item\">\n<div class=\"brz-accordion__nav\" data-brz-collapsible=\"on\"><span data-brz-translate-text=\"1\" class=\"brz-accordion__nav-title brz-span brz-text__editor\">Tratamientos relacionados con la columna vertebral<\/span><\/div>\n<div class=\"brz-accordion__content brz-d-xs-flex brz-flex-xs-column\">\n<div class=\"brz-accordion__item-content brz-d-xs-flex brz-flex-xs-column\">\n<div id=\"\" class=\"brz-css-18f6l76 brz-wrapper\">\n<div class=\"brz-rich-text brz-rich-text__custom brz-css-19zvuth\" data-brz-custom-id=\"qghhrbrwqyrqdueedehbkbrtoyymekmwbdms\">\n<div data-brz-translate-text=\"1\">\n<p class=\"brz-tp-lg-paragraph brz-css-kZGYe\" data-uniq-id=\"ptxfw\" data-generated-css=\"brz-css-jdbkf\"><span class=\"brz-cp-color2\">Ortapedia tambi\u00e9n se especializa en tratamientos relacionados con la columna vertebral y ofrece diagn\u00f3stico y tratamiento para diversas afecciones relacionadas con \u00e9sta, como hernias de disco, estenosis espinal y escoliosis. El objetivo es ayudar a los pacientes a controlar sus afecciones de la columna y mejorar su calidad de vida.<\/span><\/p>\n<\/div>\n<\/div>\n<\/div>\n<\/div>\n<\/div>\n<\/div>\n<\/div>\n<\/div>\n<\/div>\n<\/div>\n<div class=\"brz-columns brz-css-sa2vnh\" data-brz-custom-id=\"pxruhsepqocszgoodfmyagmfwclpivecpbyy\">\n<div class=\"brz-bg\"><\/div>\n<div class=\"brz-column__items brz-css-ni62c8\">\n<div id=\"\" class=\"brz-css-18f6l76 brz-wrapper\">\n<div class=\"brz-image brz-css-lqnyt5 brz-css-6eebgl\" data-brz-custom-id=\"uvcdtzcpvpjkkxwchyjweuuzzziyoyhpqwcc\"><img decoding=\"async\" class=\"brz-img\" src=\"https:\/\/findushealth.com\/es?brizy_media=wp-434eaf2f17e5d61fae31f24acd792b2c.jpg&amp;brizy_crop=original\" alt=\"\" loading=\"lazy\"><\/div>\n<\/div>\n<\/div>\n<\/div>\n<\/div>\n<\/div>\n<div id=\"\" class=\"brz-css-18f6l76 brz-wrapper\">\n<div class=\"brz-line brz-line-default brz-css-9pt5vt brz-css-1b8pzy\" data-brz-custom-id=\"bhivbozxtgdqwsdfexbqmqdgspcvckcpacaz\">\n<hr class=\"brz-hr\"><\/div>\n<\/div>\n<\/div>\n<\/div>\n<\/section>\n<section id=\"_reufgimznwnjhmtbdepdhmojkgedxaizqrmy\" class=\"brz-section brz-css-qaccdw\">\n<div class=\"brz-section__content brz-section--boxed brz-css-9cgz59 brz-css-1qvkwjr\" data-brz-custom-id=\"kiqrpnpvkrtxafuovsarywsruwghouppuxvy\">\n<div class=\"brz-bg\">\n<div class=\"brz-bg-color\"><\/div>\n<\/div>\n<div class=\"brz-container brz-css-lcnm2x\">\n<div class=\"brz-row__container brz-css-rivxzt\" data-brz-custom-id=\"mkcjtralpyaipvmdruelycyhwqshlxnonhms\">\n<div class=\"brz-bg\"><\/div>\n<div class=\"brz-row brz-css-cbh68x brz-css-1wzwvui\">\n<div class=\"brz-columns brz-css-sa2vnh\" data-brz-custom-id=\"ftamkolhyzjzenvsfswqpahrawcjwujygrdn\">\n<div class=\"brz-bg\"><\/div>\n<div class=\"brz-column__items brz-css-ni62c8\">\n<div id=\"\" class=\"brz-css-18f6l76 brz-wrapper\">\n<div class=\"brz-image brz-css-54wh44 brz-css-79dxy5\" data-brz-custom-id=\"rnljighzvqzcpqkdktpcgyatmxuzycqntcwm\"><img decoding=\"async\" class=\"brz-img\" src=\"https:\/\/findushealth.com\/es?brizy_media=wp-198bfc56d15ac7f8d87cbb417a04f598.jpg&amp;brizy_crop=original\" alt=\"\" loading=\"lazy\"><\/div>\n<\/div>\n<\/div>\n<\/div>\n<div class=\"brz-columns brz-css-sa2vnh\" data-brz-custom-id=\"evtewcikowvvjglmeflqvjrbrfcylypwwjac\">\n<div class=\"brz-bg\"><\/div>\n<div class=\"brz-column__items brz-css-ni62c8 brz-css-1r3a81\">\n<div id=\"\" class=\"brz-css-18f6l76 brz-wrapper\">\n<div class=\"brz-rich-text brz-rich-text__custom brz-css-19zvuth\" data-brz-custom-id=\"vzzoslepykeizjcuxxohveajamjetvpdvblg\">\n<div data-brz-translate-text=\"1\">\n<p class=\"brz-tp-lg-paragraph brz-css-net46\" data-generated-css=\"brz-css-kzgtl\" data-uniq-id=\"styee\"><strong class=\"brz-cp-color7\">\u00bfPor qu\u00e9 elegir Ortapedia para su atenci\u00f3n ortop\u00e9dica?<\/strong><\/p>\n<p class=\"brz-tp-lg-paragraph brz-css-fbelD\" data-generated-css=\"brz-css-kuqds\" data-uniq-id=\"zhebh\">Ortapedia se compromete a brindar atenci\u00f3n ortop\u00e9dica personalizada, compasiva y de alta calidad a pacientes de todas las edades. Aqu\u00ed hay algunas razones por las que debe elegir Ortapedia para su atenci\u00f3n ortop\u00e9dica:<\/p>\n<\/div>\n<\/div>\n<\/div>\n<div id=\"\" class=\"brz-css-18f6l76 brz-wrapper\">\n<div class=\"brz-accordion brz-css-1dcvko3 brz-css-1vyk7oh\" data-brz-duration=\"300\" data-brz-custom-id=\"kmovrguwrrcnxjtxrucjzrkhoslsqixkonum\">\n<div class=\"brz-accordion__item brz-accordion__item--active\">\n<div class=\"brz-accordion__nav\" data-brz-collapsible=\"on\"><span data-brz-translate-text=\"1\" class=\"brz-accordion__nav-title brz-span brz-text__editor\">Especialistas en ortopedia con experiencia<br \/>\n<\/span><\/div>\n<div class=\"brz-accordion__content brz-d-xs-flex brz-flex-xs-column\">\n<div class=\"brz-accordion__item-content brz-d-xs-flex brz-flex-xs-column\">\n<div id=\"\" class=\"brz-css-18f6l76 brz-wrapper\">\n<div class=\"brz-rich-text brz-rich-text__custom brz-css-19zvuth\" data-brz-custom-id=\"ysvprlavpclwcfmwfgzqbvbujvzdbvwcqhpi\">\n<div data-brz-translate-text=\"1\">\n<p class=\"brz-tp-lg-paragraph brz-css-gWl_w\" data-uniq-id=\"dhnwv\" data-generated-css=\"brz-css-xzctl\"><span class=\"brz-cp-color2\">Ortapedia cuenta con un equipo de especialistas ortop\u00e9dicos experimentados que est\u00e1n capacitados en las \u00faltimas t\u00e9cnicas y tecnolog\u00edas. Est\u00e1n dedicados a brindar la mejor atenci\u00f3n posible a cada paciente.<\/span><\/p>\n<\/div>\n<\/div>\n<\/div>\n<\/div>\n<\/div>\n<\/div>\n<div class=\"brz-accordion__item\">\n<div class=\"brz-accordion__nav\" data-brz-collapsible=\"on\"><span data-brz-translate-text=\"1\" class=\"brz-accordion__nav-title brz-span brz-text__editor\">Instalaciones de \u00faltima generaci\u00f3n<\/span><\/div>\n<div class=\"brz-accordion__content brz-d-xs-flex brz-flex-xs-column\">\n<div class=\"brz-accordion__item-content brz-d-xs-flex brz-flex-xs-column\">\n<div id=\"\" class=\"brz-css-18f6l76 brz-wrapper\">\n<div class=\"brz-rich-text brz-rich-text__custom brz-css-19zvuth\" data-brz-custom-id=\"hvstpmfhmsunibuaokfdxchiuoawbjoczbko\">\n<div data-brz-translate-text=\"1\">\n<p class=\"brz-text-lg-justify brz-tp-lg-paragraph brz-css-auK_d\" data-uniq-id=\"ycqur\" data-generated-css=\"brz-css-lhhtw\"><span class=\"brz-cp-color2\">Ortapedia cuenta con infraestructuras de \u00faltima generaci\u00f3n que est\u00e1n equipadas con las \u00faltimas herramientas de diagn\u00f3stico y tecnolog\u00edas de im\u00e1genes. Esto permite un diagn\u00f3stico preciso y un tratamiento eficaz de las afecciones ortop\u00e9dicas.<\/span><\/p>\n<\/div>\n<\/div>\n<\/div>\n<\/div>\n<\/div>\n<\/div>\n<div class=\"brz-accordion__item\">\n<div class=\"brz-accordion__nav\" data-brz-collapsible=\"on\"><span data-brz-translate-text=\"1\" class=\"brz-accordion__nav-title brz-span brz-text__editor\">Atenci\u00f3n Integral<\/span><\/div>\n<div class=\"brz-accordion__content brz-d-xs-flex brz-flex-xs-column\">\n<div class=\"brz-accordion__item-content brz-d-xs-flex brz-flex-xs-column\">\n<div id=\"\" class=\"brz-css-18f6l76 brz-wrapper\">\n<div class=\"brz-rich-text brz-rich-text__custom brz-css-19zvuth\" data-brz-custom-id=\"pybfcemuanfueciaelkxnzpboponpqxnefrp\">\n<div data-brz-translate-text=\"1\">\n<p class=\"brz-tp-lg-paragraph brz-css-juo2Y\" data-generated-css=\"brz-css-tqdvv\" data-uniq-id=\"zdotv\"><span class=\"brz-cp-color2\">Ortapedia ofrece atenci\u00f3n integral para todo tipo de condiciones ortop\u00e9dicas, desde lesiones menores hasta cirug\u00edas complejas. Esto significa que los pacientes pueden recibir toda la atenci\u00f3n que necesitan en un lugar conveniente.<\/span><\/p>\n<\/div>\n<\/div>\n<\/div>\n<\/div>\n<\/div>\n<\/div>\n<div class=\"brz-accordion__item\">\n<div class=\"brz-accordion__nav\" data-brz-collapsible=\"on\"><span data-brz-translate-text=\"1\" class=\"brz-accordion__nav-title brz-span brz-text__editor\">Instalaciones de \u00faltima generaci\u00f3n<br \/>\n<\/span><\/div>\n<div class=\"brz-accordion__content brz-d-xs-flex brz-flex-xs-column\">\n<div class=\"brz-accordion__item-content brz-d-xs-flex brz-flex-xs-column\">\n<div id=\"\" class=\"brz-css-18f6l76 brz-wrapper\">\n<div class=\"brz-rich-text brz-rich-text__custom brz-css-19zvuth\" data-brz-custom-id=\"lrnqwwsfmxzngnzaxkzusxixmpaumutniznd\">\n<div data-brz-translate-text=\"1\">\n<p class=\"brz-tp-lg-paragraph brz-css-srmNO\" data-generated-css=\"brz-css-nbdyk\" data-uniq-id=\"hbvag\"><span class=\"brz-cp-color2\">Teniendo en cuenta sus necesidades y objetivos individuales, Ortapedia desarrolla planes de tratamiento personalizados para cada uno de todos los pacientes. Esto asegura que los pacientes reciban la mejor atenci\u00f3n posible y logren resultados de salud \u00f3ptimos.<\/span><\/p>\n<\/div>\n<\/div>\n<\/div>\n<\/div>\n<\/div>\n<\/div>\n<\/div>\n<\/div>\n<\/div>\n<\/div>\n<\/div>\n<\/div>\n<div id=\"\" class=\"brz-css-18f6l76 brz-wrapper\">\n<div class=\"brz-line brz-line-default brz-css-9pt5vt brz-css-5oxkxr\" data-brz-custom-id=\"undwalmudjvveihezftqfrbiwfwchhlfxhrd\">\n<hr class=\"brz-hr\"><\/div>\n<\/div>\n<div class=\"brz-row__container brz-css-rivxzt\" data-brz-custom-id=\"flxypmusooopfyzajagoedevxbkzpzbvzyle\">\n<div class=\"brz-bg\"><\/div>\n<div class=\"brz-row brz-css-cbh68x brz-css-1wzwvui\">\n<div class=\"brz-columns brz-css-sa2vnh brz-css-mg3ipy\" data-brz-custom-id=\"rfhwsrdtazrgyvzzdcwnorzkgcthigglywry\">\n<div class=\"brz-bg\"><\/div>\n<div class=\"brz-column__items brz-css-ni62c8\">\n<div id=\"\" class=\"brz-css-18f6l76 brz-wrapper\">\n<div class=\"brz-rich-text brz-rich-text__custom brz-css-19zvuth\" data-brz-custom-id=\"lidminfazbfkuxxngvnhgqofucwspmjunihf\">\n<div data-brz-translate-text=\"1\">\n<p class=\"brz-tp-lg-paragraph brz-css-uvlor\" data-generated-css=\"brz-css-oyrba\" data-uniq-id=\"lxkyf\"><strong class=\"brz-cp-color2\">Conclusi\u00f3n<\/strong><\/p>\n<\/div>\n<\/div>\n<\/div>\n<div id=\"\" class=\"brz-css-18f6l76 brz-css-wwmyqp brz-wrapper\">\n<div class=\"brz-rich-text brz-rich-text__custom brz-css-19zvuth\" data-brz-custom-id=\"ltquhrxsybdrkuknxngzfzuvputztsvqzxpa\">\n<div data-brz-translate-text=\"1\">\n<p class=\"brz-tp-lg-paragraph brz-css-sT0XO\" data-generated-css=\"brz-css-yryqs\" data-uniq-id=\"rztig\"><span class=\"brz-cp-color7\">La atenci\u00f3n ortop\u00e9dica es esencial para cualquier persona que padezca trastornos musculoesquel\u00e9ticos. Ortapedia entonces ofrece una gama de servicios de atenci\u00f3n ortop\u00e9dica, desde el diagn\u00f3stico y el tratamiento de afecciones ortop\u00e9dicas hasta la fisioterapia y la rehabilitaci\u00f3n.<\/span><\/p>\n<\/div>\n<\/div>\n<\/div>\n<\/div>\n<\/div>\n<div class=\"brz-columns brz-css-sa2vnh brz-css-3k7tt8\" data-brz-custom-id=\"tnzfqkfiwxfmivdfluvgyuamiyivwhurhnay\">\n<div class=\"brz-bg\"><\/div>\n<div class=\"brz-column__items brz-css-ni62c8\">\n<div id=\"\" class=\"brz-css-18f6l76 brz-wrapper\">\n<div class=\"brz-image brz-css-kt9qlv brz-css-1jx0shy\" data-brz-custom-id=\"oxjhnhleafmadsrksfltizfoztbbdhiayfrg\"><img decoding=\"async\" class=\"brz-img\" src=\"https:\/\/findushealth.com\/es?brizy_media=wp-3130ded2c87b7243c7f448bba1548d06.jpg&amp;brizy_crop=original\" alt=\"\" loading=\"lazy\"><\/div>\n<\/div>\n<\/div>\n<\/div>\n<\/div>\n<\/div>\n<\/div>\n<\/div>\n<\/section>\n<\/div>\n<p>    <!-- version:1738448244 --><\/p>\n","protected":false},"excerpt":{"rendered":"<p>Ortopedia Find Us Health Center Ortapedia: una gu\u00eda completa para la atenci\u00f3n ortop\u00e9dica Nuestros huesos y articulaciones se vuelven m\u00e1s propensos al desgaste a medida que envejecemos, lo que lleva a una multitud de problemas ortop\u00e9dicos. Ya sea que est\u00e9 lidiando con una lesi\u00f3n deportiva o un dolor articular cr\u00f3nico, la atenci\u00f3n ortop\u00e9dica puede ayudarlo [&hellip;]<\/p>\n","protected":false},"author":1,"featured_media":0,"parent":1126,"menu_order":0,"comment_status":"closed","ping_status":"closed","template":"","meta":{"footnotes":""},"class_list":["post-12071","page","type-page","status-publish","hentry"],"blocksy_meta":[],"_links":{"self":[{"href":"https:\/\/findushealth.com\/es\/wp-json\/wp\/v2\/pages\/12071","targetHints":{"allow":["GET"]}}],"collection":[{"href":"https:\/\/findushealth.com\/es\/wp-json\/wp\/v2\/pages"}],"about":[{"href":"https:\/\/findushealth.com\/es\/wp-json\/wp\/v2\/types\/page"}],"author":[{"embeddable":true,"href":"https:\/\/findushealth.com\/es\/wp-json\/wp\/v2\/users\/1"}],"replies":[{"embeddable":true,"href":"https:\/\/findushealth.com\/es\/wp-json\/wp\/v2\/comments?post=12071"}],"version-history":[{"count":0,"href":"https:\/\/findushealth.com\/es\/wp-json\/wp\/v2\/pages\/12071\/revisions"}],"up":[{"embeddable":true,"href":"https:\/\/findushealth.com\/es\/wp-json\/wp\/v2\/pages\/1126"}],"wp:attachment":[{"href":"https:\/\/findushealth.com\/es\/wp-json\/wp\/v2\/media?parent=12071"}],"curies":[{"name":"wp","href":"https:\/\/api.w.org\/{rel}","templated":true}]}}