{"id":1254,"date":"2022-08-28T20:52:06","date_gmt":"2022-08-28T17:52:06","guid":{"rendered":"https:\/\/drmakclinic.com\/?page_id=1254"},"modified":"2025-02-02T20:12:05","modified_gmt":"2025-02-02T17:12:05","slug":"dental-treatments","status":"publish","type":"page","link":"https:\/\/findushealth.com\/es\/procedures\/dental-treatments\/","title":{"rendered":"Dental Treatments"},"content":{"rendered":"<div class=\"brz-root__container brz-reset-all brz brz-root__container-page\">\n<section id=\"_qathtdiihxpfzcymtkuubjxwtzgwodozmyuq\" class=\"brz-section brz-css-1mt2tfq\">\n<div class=\"brz-section__content brz-section--boxed brz-css-1utfhjs brz-css-bga90m\" data-brz-custom-id=\"znptkxlaigmymkvkkodbzooaffgvoyuzspeb\">\n<div class=\"brz-bg\">\n<div class=\"brz-bg-color\"><\/div>\n<\/div>\n<div class=\"brz-container brz-css-11wtv8\">\n<div id=\"\" class=\"brz-css-gdxpt0 brz-css-glzc98 brz-wrapper\">\n<div class=\"brz-line brz-line-default brz-css-1qrti2a brz-css-6dlpv1\" data-brz-custom-id=\"qirxeljxfxlxvamshkvohraqueyknvqnkfcm\">\n<hr class=\"brz-hr\"><\/div>\n<\/div>\n<div id=\"\" class=\"brz-css-gdxpt0 brz-css-x729hq brz-css-1tzxs47 brz-wrapper\">\n<div class=\"brz-spacer brz-css-o64oga brz-css-1hvfjfc\"><\/div>\n<\/div>\n<div class=\"brz-row__container brz-css-1sz1m1e brz-css-11am60i\" data-brz-custom-id=\"euoszbygdtnymiwmnqfvoppeollncqfznfmc\">\n<div class=\"brz-bg\"><\/div>\n<div class=\"brz-row brz-css-tediy1 brz-css-5j5syx\">\n<div class=\"brz-columns brz-css-188r5n7 brz-css-10mc1uo\" data-brz-custom-id=\"vlolfevgsfhczoaeqixgqpxbzicpbjjbunju\">\n<div class=\"brz-bg\"><\/div>\n<div class=\"brz-column__items brz-css-116nx9j brz-css-o5ahfj\">\n<div id=\"\" class=\"brz-css-gdxpt0 brz-wrapper\">\n<div class=\"brz-rich-text brz-rich-text__custom brz-css-1ylfgbr\" data-brz-custom-id=\"eticqmanhjnejmwvhkylynrwnuxwttidofip\">\n<div data-brz-translate-text=\"1\">\n<h3 class=\"brz-text-xs-center brz-tp-lg-heading3 brz-css-wRO88\" data-generated-css=\"brz-css-eonth\" data-uniq-id=\"rtpsv\"><span>Tratamientos Dentales<\/span><\/h3>\n<\/div>\n<\/div>\n<\/div>\n<div id=\"\" class=\"brz-css-gdxpt0 brz-wrapper\">\n<div class=\"brz-rich-text brz-rich-text__custom brz-css-1ylfgbr\" data-brz-custom-id=\"dprlijthothbrmnqcvwwxabakygytnlquwki\">\n<div data-brz-translate-text=\"1\">\n<h4 class=\"brz-text-xs-center brz-tp-lg-heading4 brz-css-g4Gng\" data-uniq-id=\"jgvcx\" data-generated-css=\"brz-css-ysrnv\"><span>Find Us Health<\/span><\/h4>\n<\/div>\n<\/div>\n<\/div>\n<\/div>\n<\/div>\n<div class=\"brz-columns brz-css-188r5n7 brz-css-106ycgc\" data-brz-custom-id=\"mrdielsjyyzohhuuvfxnuwjmermhduindoio\">\n<div class=\"brz-bg\"><\/div>\n<div class=\"brz-column__items brz-css-116nx9j brz-css-1rqgu40\">\n<div class=\"brz-wrapper-clone brz-css-1pkb2ic\">\n<div class=\"brz-d-xs-flex brz-flex-xs-wrap brz-css-zt6tgj brz-css-1qyftvy\" data-brz-custom-id=\"\">\n<div class=\"brz-wrapper-clone__item\" id=\"nhlgxcdrkzqkqvnvfxpkokdqnandzyayspeq\">\n<div class=\"brz-icon__container\" data-brz-custom-id=\"nhlgxcdrkzqkqvnvfxpkokdqnandzyayspeq\"><span class=\"brz-icon brz-span brz-css-26uo25 brz-css-2x36dq\"><\/span><\/div>\n<\/div>\n<\/div>\n<\/div>\n<\/div>\n<\/div>\n<\/div>\n<\/div>\n<\/div>\n<\/div>\n<\/section>\n<section id=\"_ovybndxaqhhtzcdiuxzahiimrdwpqxdrvvmg\" class=\"brz-section brz-css-1mt2tfq\">\n<div class=\"brz-section__content brz-section--boxed brz-css-1utfhjs brz-css-1kww5s0\" data-brz-custom-id=\"keymtonkeittlnbmxsfvqlkwwakkunmmrtlx\">\n<div class=\"brz-bg\">\n<div class=\"brz-bg-color\"><\/div>\n<\/div>\n<div class=\"brz-container brz-css-11wtv8\">\n<div class=\"brz-row__container brz-css-1sz1m1e\" data-brz-custom-id=\"shcjeqehvqoblsfedpsufiwnmltorbjzvcnz\">\n<div class=\"brz-bg\"><\/div>\n<div class=\"brz-row brz-css-tediy1 brz-css-5j5syx\">\n<div class=\"brz-columns brz-css-188r5n7 brz-css-4uo8jo\" data-brz-custom-id=\"qczoafvgjbmpnylvqbkicgmbupyiwfnozvwi\">\n<div class=\"brz-bg\"><\/div>\n<div class=\"brz-column__items brz-css-116nx9j brz-css-vbyogy\">\n<div id=\"\" class=\"brz-css-gdxpt0 brz-css-1djgjgj brz-wrapper\">\n<div class=\"brz-rich-text brz-rich-text__custom brz-css-1ylfgbr\" data-brz-custom-id=\"nygziamvbehvfwdvzskhpqbhchigadywbpri\">\n<div data-brz-translate-text=\"1\">\n<p class=\"brz-text-lg-center brz-fw-lg-400 brz-fss-lg-px brz-fs-lg-14 brz-ft-upload brz-ff-wezyasbxuqgubgesyrpopjmxdwuuvjhpghzy brz-tp-lg-empty brz-lh-lg-1_5 brz-ls-lg-1_1 brz-css-jWrIl\" data-uniq-id=\"sqggw\" data-generated-css=\"brz-css-rcpng\"><span>Find Us Health<\/span><\/p>\n<\/div>\n<\/div>\n<\/div>\n<div id=\"\" class=\"brz-css-gdxpt0 brz-css-c7mxh9 brz-wrapper\">\n<div class=\"brz-rich-text brz-rich-text__custom brz-css-1ylfgbr\" data-brz-custom-id=\"rxjpqbdkkgcpdngsbsivlrfvrouvktnakshr\">\n<div data-brz-translate-text=\"1\">\n<p class=\"brz-text-lg-center brz-tp-lg-empty brz-lh-lg-1_3 brz-ls-lg-m_1_5 brz-fw-lg-600 brz-fss-lg-px brz-fs-lg-32 brz-ft-upload brz-ff-xhmjbvrqbkqlffzvfmiyjgkwowqvkjfotwxd brz-css-aFWxa\" data-uniq-id=\"aiegx\" data-generated-css=\"brz-css-yuzbq\"><span>Elige tu procedimiento dental<\/span><\/p>\n<\/div>\n<\/div>\n<\/div>\n<\/div>\n<\/div>\n<\/div>\n<\/div>\n<div id=\"\" class=\"brz-css-gdxpt0 brz-css-x729hq brz-wrapper\">\n<div class=\"brz-spacer brz-css-o64oga brz-css-1jezrdl\"><\/div>\n<\/div>\n<div class=\"brz-row__container brz-css-1sz1m1e\" data-brz-custom-id=\"vleydjcuwnhwsnhsghhdasdlyksledryinof\">\n<div class=\"brz-bg\"><\/div>\n<div class=\"brz-row brz-css-tediy1 brz-css-1dazz4u\">\n<div class=\"brz-columns brz-css-188r5n7 brz-css-8yeabh\" data-brz-custom-id=\"bfodjjqnvnrwdgbvlkdbqdnhmpwvsnpycelz\">\n<div class=\"brz-bg\"><\/div>\n<div class=\"brz-column__items brz-css-116nx9j brz-css-c4wfl1\">\n<div id=\"\" class=\"brz-css-gdxpt0 brz-css-4489nk brz-wrapper\">\n<div class=\"brz-image brz-css-1etts4e brz-css-dz1k3y\" data-brz-custom-id=\"kkezkyymmxuauvsrowaevsehwpvsryjfbvzt\"><img decoding=\"async\" class=\"brz-img\" src=\"https:\/\/findushealth.com\/es?brizy_media=wp-ddfb1f6dc5f43a0b330bd79a916f69b2.jpg&amp;brizy_crop=iW%3D365%26iH%3D365%26oX%3D0%26oY%3D0%26cW%3D365%26cH%3D365\" alt=\"\" loading=\"lazy\"><\/div>\n<\/div>\n<div id=\"\" class=\"brz-css-gdxpt0 brz-css-4jh79u brz-wrapper\">\n<div class=\"brz-rich-text brz-rich-text__custom brz-css-1ylfgbr\" data-brz-custom-id=\"hokyoctmztpaxaccquhecmcjjosmmqdykulz\">\n<div data-brz-translate-text=\"1\">\n<p class=\"brz-text-lg-center brz-ff-xhmjbvrqbkqlffzvfmiyjgkwowqvkjfotwxd brz-ft-upload brz-fs-lg-32 brz-fss-lg-px brz-fw-lg-600 brz-ls-lg-m_1_5 brz-lh-lg-1_3 brz-tp-lg-empty brz-css-dTKdj\" data-generated-css=\"brz-css-zdxie\" data-uniq-id=\"qiqmy\"><span>Implantes dentales<\/span><\/p>\n<\/div>\n<\/div>\n<\/div>\n<\/div>\n<p><a class=\"brz-a brz-container-link\" href=\"\/procedures\/dental-treatments\/dental-implants\/\" target=\"_self\" rel=\"noopener\" data-brz-link-type=\"external\"><\/a><\/div>\n<div class=\"brz-columns brz-css-188r5n7 brz-css-1hfa0qb\" data-brz-custom-id=\"ydaqwbhtbkadgtzwerusahtplmjvkppbgusi\">\n<div class=\"brz-bg\"><\/div>\n<div class=\"brz-column__items brz-css-116nx9j brz-css-17ycb44\">\n<div id=\"\" class=\"brz-css-gdxpt0 brz-css-1rovvhw brz-wrapper\">\n<div class=\"brz-image brz-css-1weoljy brz-css-1jcgvnj\" data-brz-custom-id=\"jhqpbvzphgxtbgrknxvselmkuwanbqcmwbpr\"><img decoding=\"async\" class=\"brz-img\" src=\"https:\/\/findushealth.com\/es?brizy_media=wp-9c8b30dc126ec1ebb0eb02aa4f33fc60.jpg&amp;brizy_crop=iW%3D360%26iH%3D540%26oX%3D0%26oY%3D101%26cW%3D360%26cH%3D360\" alt=\"\" loading=\"lazy\"><\/div>\n<\/div>\n<div id=\"\" class=\"brz-css-gdxpt0 brz-css-1y7bv71 brz-wrapper\">\n<div class=\"brz-rich-text brz-rich-text__custom brz-css-1ylfgbr\" data-brz-custom-id=\"oatypszbqbmjtpkfwvsqtfjhxsfgvoocibkc\">\n<div data-brz-translate-text=\"1\">\n<p class=\"brz-ff-xhmjbvrqbkqlffzvfmiyjgkwowqvkjfotwxd brz-ft-upload brz-fs-lg-32 brz-fss-lg-px brz-fw-lg-600 brz-ls-lg-m_1_5 brz-lh-lg-1_3 brz-tp-lg-empty brz-text-lg-center brz-css-zDX9j\" data-generated-css=\"brz-css-pgtuq\" data-uniq-id=\"atnkh\"><span>Emax Kronen<\/span><\/p>\n<\/div>\n<\/div>\n<\/div>\n<\/div>\n<p><a class=\"brz-a brz-container-link\" href=\"\/procedures\/dental-treatments\/e-max-kronen\/\" target=\"_self\" rel=\"noopener\" data-brz-link-type=\"external\"><\/a><\/div>\n<div class=\"brz-columns brz-css-188r5n7 brz-css-1kzkr8\" data-brz-custom-id=\"binzfuyniccmgeebnnmodypfxdgntebenhwy\">\n<div class=\"brz-bg\"><\/div>\n<div class=\"brz-column__items brz-css-116nx9j brz-css-4l8u5n\">\n<div id=\"\" class=\"brz-css-gdxpt0 brz-css-t0hivg brz-wrapper\">\n<div class=\"brz-image brz-css-1jwhs1u brz-css-17cwojl\" data-brz-custom-id=\"fnyirbjanklinqacxuaajmxcuogdvtmxftii\"><a class=\"brz-a\" href=\"\/procedures\/dental-treatments\/zirconium-crowns\/\" target=\"_self\" rel=\"noopener\" data-brz-link-type=\"external\"><img decoding=\"async\" class=\"brz-img\" src=\"https:\/\/findushealth.com\/es?brizy_media=wp-9271efb5ae5e9f687df692334c5efbe9.jpg&amp;brizy_crop=iW%3D530%26iH%3D353%26oX%3D0%26oY%3D0%26cW%3D366%26cH%3D353\" alt=\"\" loading=\"lazy\"><\/a><\/div>\n<\/div>\n<div id=\"\" class=\"brz-css-gdxpt0 brz-css-zwwd0u brz-wrapper\">\n<div class=\"brz-rich-text brz-rich-text__custom brz-css-1ylfgbr\" data-brz-custom-id=\"igfggysrttnpcqckfifkalcbbkinjxnmxpwp\">\n<div data-brz-translate-text=\"1\">\n<p class=\"brz-text-lg-center brz-tp-lg-empty brz-lh-lg-1_3 brz-ls-lg-m_1_5 brz-fw-lg-600 brz-fss-lg-px brz-fs-lg-32 brz-ft-upload brz-ff-xhmjbvrqbkqlffzvfmiyjgkwowqvkjfotwxd brz-css-ht4XJ\" data-uniq-id=\"mczcp\" data-generated-css=\"brz-css-gmuhc\"><span>Coronas de Zirconio<\/span><\/p>\n<\/div>\n<\/div>\n<\/div>\n<\/div>\n<\/div>\n<\/div>\n<\/div>\n<\/div>\n<\/div>\n<\/section>\n<section id=\"_ydvwzdhbznimyspmnoylayniclnfrbgwspmg\" class=\"brz-section brz-css-1mt2tfq\">\n<div class=\"brz-section__content brz-section--boxed brz-css-1utfhjs brz-css-11y551r\" data-brz-custom-id=\"xubhvubmpemcvieptuxcfbalximwviquptmx\">\n<div class=\"brz-container brz-css-11wtv8 brz-css-xhlgqy\">\n<div id=\"\" class=\"brz-css-gdxpt0 brz-wrapper\">\n<div class=\"brz-rich-text brz-rich-text__custom brz-css-1ylfgbr\" data-brz-custom-id=\"nrgyqfxnvmoowwtnfxiedzuparwbwgsrllcu\">\n<div data-brz-translate-text=\"1\">\n<h3 class=\"brz-text-lg-center brz-tp-lg-heading3 brz-css-d8VPp\" data-generated-css=\"brz-css-wkuhw\" data-uniq-id=\"dojyn\"><strong class=\"brz-cp-color7\">Servicios de salud dental en una instituci\u00f3n de salud totalmente equipada<\/strong><\/h3>\n<\/div>\n<\/div>\n<\/div>\n<div id=\"\" class=\"brz-css-gdxpt0 brz-wrapper\">\n<div class=\"brz-rich-text brz-rich-text__custom brz-css-1ylfgbr\" data-brz-custom-id=\"tpdggfmaaerarrmgsbtkqugpxzowaxmmepzk\">\n<div data-brz-translate-text=\"1\">\n<p class=\"brz-text-lg-center brz-tp-lg-paragraph brz-css-nZM19\" data-generated-css=\"brz-css-qwrmi\" data-uniq-id=\"wzwgx\">No se puede subestimar la importancia de la salud bucal, ya que desempe\u00f1a un papel crucial en la salud y el bienestar general. Descuidar su salud dental puede provocar una variedad de problemas de salud graves, que incluyen caries, enfermedad de las enc\u00edas, enfermedad card\u00edaca, c\u00e1ncer y diabetes. Es por eso que es crucial buscar instituciones de salud, hospitales y dentistas experimentados totalmente equipados para garantizar que su salud dental est\u00e9 bien cuidada.Atr\u00e1s quedaron los d\u00edas en que la \u00fanica soluci\u00f3n para los dientes perdidos eran los tratamientos prot\u00e9sicos. Estos m\u00e9todos a menudo resultaron en problemas adicionales, como dientes s\u00f3lidos reducidos y molestias en bocas desdentadas. Sin embargo, con el advenimiento de la implantolog\u00eda, ahora es posible abordar las deficiencias dentales y la falta total de dientes sin estos problemas. Para cualquier pregunta o consulta, no dude en comunicarse con nosotros en Asl. Estamos aqu\u00ed para ayudarlo a mantener su salud dental y mejorar su calidad de vida.<\/p>\n<\/div>\n<\/div>\n<\/div>\n<\/div>\n<\/div>\n<\/section>\n<\/div>\n<p>    <!-- version:1738516325 --><\/p>\n","protected":false},"excerpt":{"rendered":"<p>Tratamientos Dentales Find Us Health Find Us Health Elige tu procedimiento dental Implantes dentales Emax Kronen Coronas de Zirconio Servicios de salud dental en una instituci\u00f3n de salud totalmente equipada No se puede subestimar la importancia de la salud bucal, ya que desempe\u00f1a un papel crucial en la salud y el bienestar general. Descuidar su [&hellip;]<\/p>\n","protected":false},"author":1,"featured_media":0,"parent":1126,"menu_order":0,"comment_status":"closed","ping_status":"closed","template":"","meta":{"footnotes":""},"class_list":["post-1254","page","type-page","status-publish","hentry"],"blocksy_meta":{"styles_descriptor":{"styles":{"desktop":"","tablet":"","mobile":""},"google_fonts":[],"version":6}},"_links":{"self":[{"href":"https:\/\/findushealth.com\/es\/wp-json\/wp\/v2\/pages\/1254","targetHints":{"allow":["GET"]}}],"collection":[{"href":"https:\/\/findushealth.com\/es\/wp-json\/wp\/v2\/pages"}],"about":[{"href":"https:\/\/findushealth.com\/es\/wp-json\/wp\/v2\/types\/page"}],"author":[{"embeddable":true,"href":"https:\/\/findushealth.com\/es\/wp-json\/wp\/v2\/users\/1"}],"replies":[{"embeddable":true,"href":"https:\/\/findushealth.com\/es\/wp-json\/wp\/v2\/comments?post=1254"}],"version-history":[{"count":0,"href":"https:\/\/findushealth.com\/es\/wp-json\/wp\/v2\/pages\/1254\/revisions"}],"up":[{"embeddable":true,"href":"https:\/\/findushealth.com\/es\/wp-json\/wp\/v2\/pages\/1126"}],"wp:attachment":[{"href":"https:\/\/findushealth.com\/es\/wp-json\/wp\/v2\/media?parent=1254"}],"curies":[{"name":"wp","href":"https:\/\/api.w.org\/{rel}","templated":true}]}}