{"id":1278,"date":"2022-08-28T20:53:21","date_gmt":"2022-08-28T17:53:21","guid":{"rendered":"https:\/\/drmakclinic.com\/?page_id=1278"},"modified":"2025-02-02T06:42:10","modified_gmt":"2025-02-02T03:42:10","slug":"hair-transplants","status":"publish","type":"page","link":"https:\/\/findushealth.com\/es\/procedures\/hair-transplants\/","title":{"rendered":"Hair Transplants"},"content":{"rendered":"<div class=\"brz-root__container brz-reset-all brz brz-root__container-page\">\n<section id=\"_zbdypptfjmcfovhipemhsmtncnedrhrlhevb\" class=\"brz-section brz-css-1i5pci8\">\n<div class=\"brz-section__content brz-section--boxed brz-css-1ectli4 brz-css-1ou2pfw\" data-brz-custom-id=\"wuzuaonjjebcrbelshqvtkcvvmsadgrksqbc\">\n<div class=\"brz-bg\">\n<div class=\"brz-bg-color\"><\/div>\n<\/div>\n<div class=\"brz-container brz-css-h7unyz\">\n<div id=\"\" class=\"brz-css-w57ajd brz-css-1uvkxi0 brz-wrapper\">\n<div class=\"brz-line brz-line-default brz-css-g38hlb brz-css-1pe0fnt\" data-brz-custom-id=\"hfiejgeabsnfzjfpuksscksffblmsttksjzt\">\n<hr class=\"brz-hr\"><\/div>\n<\/div>\n<div id=\"\" class=\"brz-css-w57ajd brz-css-2f3uff brz-css-28ej97 brz-wrapper\">\n<div class=\"brz-spacer brz-css-ozzbzm brz-css-1r2ccot\"><\/div>\n<\/div>\n<div class=\"brz-row__container brz-css-1ogj0yn brz-css-uc53yi\" data-brz-custom-id=\"ypicmnxtbozjgzegatdvcmauovaeyrzslzmk\">\n<div class=\"brz-bg\"><\/div>\n<div class=\"brz-row brz-css-fg3e0d brz-css-1yzj5f3\">\n<div class=\"brz-columns brz-css-jzh5bv brz-css-12ga9c6\" data-brz-custom-id=\"qrxancyqxjiquzntjfsihwqfamewhyjfjypn\">\n<div class=\"brz-bg\"><\/div>\n<div class=\"brz-column__items brz-css-e6yniq brz-css-1vn42ii\">\n<div id=\"\" class=\"brz-css-w57ajd brz-wrapper\">\n<div class=\"brz-rich-text brz-rich-text__custom brz-css-1xyrmss\" data-brz-custom-id=\"jvkijimzoncoyntgbzgpumdsqwvkdpdkbkdi\">\n<div data-brz-translate-text=\"1\">\n<h3 class=\"brz-tp-lg-heading3 brz-css-k5FII\" data-generated-css=\"brz-css-enibx\" data-uniq-id=\"yilgj\"><strong>Transplante de pelo<\/strong><\/h3>\n<\/div>\n<\/div>\n<\/div>\n<div id=\"\" class=\"brz-css-w57ajd brz-wrapper\">\n<div class=\"brz-rich-text brz-rich-text__custom brz-css-1xyrmss\" data-brz-custom-id=\"liwxgybkoboifdqfsnxztpajmhtyglxckxho\">\n<div data-brz-translate-text=\"1\">\n<h4 class=\"brz-tp-lg-heading4 brz-css-g5aiv\" data-uniq-id=\"wyuoq\" data-generated-css=\"brz-css-ifalz\"><strong>Find Us Health Center<\/strong><\/h4>\n<\/div>\n<\/div>\n<\/div>\n<\/div>\n<\/div>\n<div class=\"brz-columns brz-css-jzh5bv brz-css-1dey6ln\" data-brz-custom-id=\"kxyrucmzhkbqxkcvblmbmpgeaisrfgmaplpv\">\n<div class=\"brz-bg\"><\/div>\n<div class=\"brz-column__items brz-css-e6yniq brz-css-2dn0eo\">\n<div class=\"brz-wrapper-clone brz-css-1vowgx8\">\n<div class=\"brz-d-xs-flex brz-flex-xs-wrap brz-css-1anmvcc brz-css-htnl2m\" data-brz-custom-id=\"\">\n<div class=\"brz-wrapper-clone__item\" id=\"ydnzvayjmfyonymnuvlnjdyvuxoigjhdhxan\">\n<div class=\"brz-icon__container\" data-brz-custom-id=\"ydnzvayjmfyonymnuvlnjdyvuxoigjhdhxan\"><span class=\"brz-icon brz-span brz-css-fubulo brz-css-1pm1zyt\"><\/span><\/div>\n<\/div>\n<\/div>\n<\/div>\n<\/div>\n<\/div>\n<\/div>\n<\/div>\n<\/div>\n<\/div>\n<\/section>\n<section id=\"_gkgeycvojffnsvlcbzomvhbzpysophjgnhpf\" class=\"brz-section brz-css-1i5pci8\">\n<div class=\"brz-section__content brz-section--boxed brz-css-1ectli4\" data-brz-custom-id=\"hioabvztcbgtqsfcycwbhbugdzxqqgbtykrk\">\n<div class=\"brz-container brz-css-h7unyz\">\n<div id=\"\" class=\"brz-css-w57ajd brz-wrapper\">\n<div class=\"brz-rich-text brz-rich-text__custom brz-css-1xyrmss\" data-brz-custom-id=\"wmoweswprzutooljuqaszsabfiynymqtllpf\">\n<div data-brz-translate-text=\"1\">\n<p class=\"brz-tp-lg-paragraph brz-css-aRE1t\" data-uniq-id=\"csptg\" data-generated-css=\"brz-css-mvsrx\">La p\u00e9rdida de cabello es un problema generalizado que puede comenzar a una edad temprana. Si bien la p\u00e9rdida de cabello se observa com\u00fanmente en hombres a partir de los veinte a\u00f1os, tambi\u00e9n puede ocurrir en mujeres debido a causas gen\u00e9ticas u hormonales, o a condiciones de salud subyacentes. El primer paso para cualquier persona que experimente p\u00e9rdida de cabello es someterse a un examen m\u00e9dico para determinar la causa de su condici\u00f3n. Si se encuentran problemas de salud como deficiencias de nutrientes o desequilibrios hormonales, estos deben tratarse antes de considerar un trasplante de cabello. Se puede considerar el trasplante de cabello si la ca\u00edda persiste despu\u00e9s de que se hayan aplicado otros tratamientos, o si hay \u00e1reas calvas que no se pueden tratar de otra manera.<\/p>\n<p class=\"brz-tp-lg-paragraph brz-css-bLpYw\" data-uniq-id=\"csptg\" data-generated-css=\"brz-css-mvsrx\">\n<p class=\"brz-tp-lg-paragraph brz-css-vvtJb\" data-uniq-id=\"kvvqu\" data-generated-css=\"brz-css-hzmjq\">La cirug\u00eda pl\u00e1stica es otra opci\u00f3n que las personas pueden explorar si est\u00e1n interesadas en mejorar su apariencia. Es importante tener en cuenta que el trasplante de cabello generalmente solo se recomienda para personas mayores de 22 a\u00f1os que experimentan p\u00e9rdida de cabello. Si tiene m\u00e1s preguntas o desea obtener m\u00e1s informaci\u00f3n sobre el trasplante de cabello.<\/p>\n<\/div>\n<\/div>\n<\/div>\n<div id=\"\" class=\"brz-css-w57ajd brz-wrapper\">\n<div class=\"brz-line brz-line-default brz-css-g38hlb brz-css-vkqbd6\" data-brz-custom-id=\"incnrfnuubwxomxnwyfklagyonyvfjkrtiwc\">\n<hr class=\"brz-hr\"><\/div>\n<\/div>\n<div class=\"brz-row__container brz-css-1ogj0yn\" data-brz-custom-id=\"hsqvfhlcjnckotxhfwkocglbfxowvcrwbnrk\">\n<div class=\"brz-bg\"><\/div>\n<div class=\"brz-row brz-css-fg3e0d brz-css-18wcwmx\">\n<div class=\"brz-columns brz-css-jzh5bv brz-css-1ja6d3q\" data-brz-custom-id=\"ipjpuqcniroxgyujjrwbsnscwjgtnpyebixk\">\n<div class=\"brz-bg\"><\/div>\n<div class=\"brz-column__items brz-css-e6yniq\">\n<div id=\"\" class=\"brz-css-w57ajd brz-wrapper\">\n<div class=\"brz-image brz-css-1n04dz3 brz-css-1ehhwhm\" data-brz-custom-id=\"zmazxsighutrwezhpitpdwfyxdvtkqxzdqcx\"><img decoding=\"async\" class=\"brz-img\" src=\"https:\/\/findushealth.com\/es?brizy_media=wp-098920e5b01b6ec08a01c9df4c494054.jpg&amp;brizy_crop=iW%3D534%26iH%3D800%26oX%3D0%26oY%3D200%26cW%3D534%26cH%3D400\" alt=\"\" loading=\"lazy\"><\/div>\n<\/div>\n<\/div>\n<\/div>\n<div class=\"brz-columns brz-css-jzh5bv brz-css-10buhmt\" data-brz-custom-id=\"uyamdsmbmbzvhfzxmqmbmyjozdtzprjtvkrd\">\n<div class=\"brz-bg\"><\/div>\n<div class=\"brz-column__items brz-css-e6yniq brz-css-1ypf0se\">\n<div id=\"\" class=\"brz-css-w57ajd brz-wrapper\">\n<div class=\"brz-rich-text brz-rich-text__custom brz-css-1xyrmss\" data-brz-custom-id=\"yvfmstujbhczdznpoduafmealtwbmeztksfr\">\n<div data-brz-translate-text=\"1\">\n<p class=\"brz-tp-lg-paragraph brz-css-f3jsq\" data-generated-css=\"brz-css-maeuz\" data-uniq-id=\"iaxlf\"><strong style=\"opacity: 1\">Trasplante Capilar DHI<\/strong><\/p>\n<p class=\"brz-tp-lg-paragraph brz-css-gCWOe\" data-generated-css=\"brz-css-nxbci\" data-uniq-id=\"empdn\"><span class=\"brz-cp-color2\" style=\"opacity: 1\">DHI Hair es uno de los m\u00e9todos de trasplante m\u00e1s buscados y populares entre los posibles pacientes de trasplante capilar en la actualidad. Los injertos extra\u00eddos de la zona donante mediante la t\u00e9cnica capilar micro FUE se pueden trasplantar directamente a la zona de trasplante sin microincisi\u00f3n convencional ni apertura de canal. Hoy en d\u00eda, el trasplante capilar DHI es uno de los m\u00e9todos m\u00e1s preferidos en el trasplante de cabello. El trasplante de cabello se puede dividir en dos fases principales con esta t\u00e9cnica: extracci\u00f3n (o cosecha) e implantaci\u00f3n. A trav\u00e9s de esta t\u00e9cnica, tambi\u00e9n conocida como \u201ct\u00e9cnica del bol\u00edgrafo\u201d, se utilizan bol\u00edgrafos especiales con puntas finas especiales que permiten transferir el injerto directamente a la piel a medida que los injertos se insertan en ella uno por uno y se presionan. En comparaci\u00f3n con otras t\u00e9cnicas de trasplante de cabello, esta operaci\u00f3n, que tambi\u00e9n se realiza bajo anestesia local, requiere que m\u00e1s personas trabajen en equipo. De lo contrario, el procedimiento lleva m\u00e1s tiempo y, por lo tanto, la cantidad de injertos que se pueden transferir se vuelve limitada en las cl\u00ednicas que no cuentan con un gran equipo de especialistas de DHI. En el m\u00e9todo DHI, el cabello se puede trasplantar sin incisiones, lo que brinda una clara ventaja para aquellos que est\u00e1n preocupados por su apariencia f\u00edsica despu\u00e9s del trasplante de cabello debido al trabajo, el estatus social y otras razones diferentes.<\/span><\/p>\n<\/div>\n<\/div>\n<\/div>\n<\/div>\n<\/div>\n<\/div>\n<\/div>\n<div id=\"\" class=\"brz-css-w57ajd brz-wrapper\">\n<div class=\"brz-line brz-line-default brz-css-g38hlb brz-css-1a6y4nj\" data-brz-custom-id=\"uvtqypcqzdqluguuimapvvgeiqrasjxuhgvf\">\n<hr class=\"brz-hr\"><\/div>\n<\/div>\n<div class=\"brz-row__container brz-css-1ogj0yn\" data-brz-custom-id=\"igihibwbcanobmrlwczwwqpblltvholwoikv\">\n<div class=\"brz-bg\"><\/div>\n<div class=\"brz-row brz-css-fg3e0d brz-css-mxozhf\">\n<div class=\"brz-columns brz-css-jzh5bv brz-css-8e9yql\" data-brz-custom-id=\"gkpzasrtokkxdytziaqhfvpxsymekgbdxrnf\">\n<div class=\"brz-bg\"><\/div>\n<div class=\"brz-column__items brz-css-e6yniq brz-css-gxen2r\">\n<div id=\"\" class=\"brz-css-w57ajd brz-css-bdidpu brz-wrapper\">\n<div class=\"brz-rich-text brz-rich-text__custom brz-css-1xyrmss\" data-brz-custom-id=\"cktesgzjjgqvymsnvrragenvdgpfoaessxjq\">\n<div data-brz-translate-text=\"1\">\n<p class=\"brz-tp-lg-paragraph brz-css-lSM54\" data-generated-css=\"brz-css-ooijh\" data-uniq-id=\"aqkzv\"><strong class=\"brz-cp-color7\">EL TRASPLANTE DE BARBA<\/strong><\/p>\n<p class=\"brz-tp-lg-paragraph brz-css-bZr5t\" data-generated-css=\"brz-css-tkjxu\" data-uniq-id=\"ovszh\"><span class=\"brz-cp-color2\" style=\"opacity: 1\">El trasplante de barba es una soluci\u00f3n fiable y eficaz para aquellos que tienen problemas con la aumentaci\u00f3n del vello facial o que tienen barba irregular. El procedimiento consiste en trasplantar fol\u00edculos pilosos de un \u00e1rea del cuero cabelludo a la cara, lo que da como resultado una barba m\u00e1s completa y definida. El cabello trasplantado (o futuras barbas trasplantadas) es su propio cabello, lo que significa que crecer\u00e1 totalmente como el cabello natural de su barba. El proceso de cirug\u00eda y recuperaci\u00f3n es generalmente r\u00e1pido e indoloro, y los resultados son duraderos y de apariencia natural. Si est\u00e1 considerando un trasplante de barba, es importante consultar a un especialista calificado en restauraci\u00f3n capilar para determinar si esta \u00faltima es realmente la soluci\u00f3n adecuada para usted.<\/span><\/p>\n<\/div>\n<\/div>\n<\/div>\n<\/div>\n<\/div>\n<div class=\"brz-columns brz-css-jzh5bv brz-css-t67oc2\" data-brz-custom-id=\"yezlzrhnktsiqrpzniquuizvspaxhrmyrkbc\">\n<div class=\"brz-bg\"><\/div>\n<div class=\"brz-column__items brz-css-e6yniq\">\n<div id=\"\" class=\"brz-css-w57ajd brz-wrapper\">\n<div class=\"brz-image brz-css-1dfw1m9 brz-css-14em4ol\" data-brz-custom-id=\"bgdsbuseqtzdsyghjwxlrfdymkjlaehkqcau\"><img decoding=\"async\" class=\"brz-img\" src=\"https:\/\/findushealth.com\/es?brizy_media=wp-3dd5a98958a66d4c929a4c9884a1a4f1.jpg&amp;brizy_crop=original\" alt=\"\" loading=\"lazy\"><\/div>\n<\/div>\n<\/div>\n<\/div>\n<\/div>\n<\/div>\n<\/div>\n<\/div>\n<\/section>\n<\/div>\n<p>    <!-- version:1738467730 --><\/p>\n","protected":false},"excerpt":{"rendered":"<p>Transplante de pelo Find Us Health Center La p\u00e9rdida de cabello es un problema generalizado que puede comenzar a una edad temprana. Si bien la p\u00e9rdida de cabello se observa com\u00fanmente en hombres a partir de los veinte a\u00f1os, tambi\u00e9n puede ocurrir en mujeres debido a causas gen\u00e9ticas u hormonales, o a condiciones de salud [&hellip;]<\/p>\n","protected":false},"author":1,"featured_media":0,"parent":1126,"menu_order":0,"comment_status":"closed","ping_status":"closed","template":"","meta":{"footnotes":""},"class_list":["post-1278","page","type-page","status-publish","hentry"],"blocksy_meta":{"styles_descriptor":{"styles":{"desktop":"","tablet":"","mobile":""},"google_fonts":[],"version":6}},"_links":{"self":[{"href":"https:\/\/findushealth.com\/es\/wp-json\/wp\/v2\/pages\/1278","targetHints":{"allow":["GET"]}}],"collection":[{"href":"https:\/\/findushealth.com\/es\/wp-json\/wp\/v2\/pages"}],"about":[{"href":"https:\/\/findushealth.com\/es\/wp-json\/wp\/v2\/types\/page"}],"author":[{"embeddable":true,"href":"https:\/\/findushealth.com\/es\/wp-json\/wp\/v2\/users\/1"}],"replies":[{"embeddable":true,"href":"https:\/\/findushealth.com\/es\/wp-json\/wp\/v2\/comments?post=1278"}],"version-history":[{"count":0,"href":"https:\/\/findushealth.com\/es\/wp-json\/wp\/v2\/pages\/1278\/revisions"}],"up":[{"embeddable":true,"href":"https:\/\/findushealth.com\/es\/wp-json\/wp\/v2\/pages\/1126"}],"wp:attachment":[{"href":"https:\/\/findushealth.com\/es\/wp-json\/wp\/v2\/media?parent=1278"}],"curies":[{"name":"wp","href":"https:\/\/api.w.org\/{rel}","templated":true}]}}