{"id":1101,"date":"2022-08-28T20:52:06","date_gmt":"2022-08-28T17:52:06","guid":{"rendered":"https:\/\/drmakclinic.com\/?page_id=1101"},"modified":"2025-01-31T16:34:08","modified_gmt":"2025-01-31T13:34:08","slug":"dental-treatments","status":"publish","type":"page","link":"https:\/\/findushealth.com\/fr\/procedures\/dental-treatments\/","title":{"rendered":"Dental Treatments"},"content":{"rendered":"<div class=\"brz-root__container brz-reset-all brz brz-root__container-page\">\n<section id=\"_qathtdiihxpfzcymtkuubjxwtzgwodozmyuq\" class=\"brz-section brz-css-1mt2tfq\">\n<div class=\"brz-section__content brz-section--boxed brz-css-1utfhjs brz-css-bga90m\" data-brz-custom-id=\"znptkxlaigmymkvkkodbzooaffgvoyuzspeb\">\n<div class=\"brz-bg\">\n<div class=\"brz-bg-color\"><\/div>\n<\/div>\n<div class=\"brz-container brz-css-11wtv8\">\n<div id=\"\" class=\"brz-css-gdxpt0 brz-css-glzc98 brz-wrapper\">\n<div class=\"brz-line brz-line-default brz-css-1qrti2a brz-css-6dlpv1\" data-brz-custom-id=\"qirxeljxfxlxvamshkvohraqueyknvqnkfcm\">\n<hr class=\"brz-hr\"><\/div>\n<\/div>\n<div id=\"\" class=\"brz-css-gdxpt0 brz-css-x729hq brz-css-1tzxs47 brz-wrapper\">\n<div class=\"brz-spacer brz-css-o64oga brz-css-1hvfjfc\"><\/div>\n<\/div>\n<div class=\"brz-row__container brz-css-1sz1m1e brz-css-11am60i\" data-brz-custom-id=\"euoszbygdtnymiwmnqfvoppeollncqfznfmc\">\n<div class=\"brz-bg\"><\/div>\n<div class=\"brz-row brz-css-tediy1 brz-css-5j5syx\">\n<div class=\"brz-columns brz-css-188r5n7 brz-css-10mc1uo\" data-brz-custom-id=\"vlolfevgsfhczoaeqixgqpxbzicpbjjbunju\">\n<div class=\"brz-bg\"><\/div>\n<div class=\"brz-column__items brz-css-116nx9j brz-css-o5ahfj\">\n<div id=\"\" class=\"brz-css-gdxpt0 brz-wrapper\">\n<div class=\"brz-rich-text brz-rich-text__custom brz-css-1ylfgbr\" data-brz-custom-id=\"eticqmanhjnejmwvhkylynrwnuxwttidofip\">\n<div data-brz-translate-text=\"1\">\n<h3 class=\"brz-tp-lg-heading3 brz-text-xs-center brz-css-p1_nq\" data-uniq-id=\"dybwn\" data-generated-css=\"brz-css-ncduv\"><span>Dental Treatments<\/span><\/h3>\n<\/div>\n<\/div>\n<\/div>\n<div id=\"\" class=\"brz-css-gdxpt0 brz-wrapper\">\n<div class=\"brz-rich-text brz-rich-text__custom brz-css-1ylfgbr\" data-brz-custom-id=\"dprlijthothbrmnqcvwwxabakygytnlquwki\">\n<div data-brz-translate-text=\"1\">\n<h4 class=\"brz-tp-lg-heading4 brz-text-xs-center brz-css-tGQFT\" data-generated-css=\"brz-css-yrbam\" data-uniq-id=\"mltro\"><span>Find Us Health<\/span><\/h4>\n<\/div>\n<\/div>\n<\/div>\n<\/div>\n<\/div>\n<div class=\"brz-columns brz-css-188r5n7 brz-css-106ycgc\" data-brz-custom-id=\"mrdielsjyyzohhuuvfxnuwjmermhduindoio\">\n<div class=\"brz-bg\"><\/div>\n<div class=\"brz-column__items brz-css-116nx9j brz-css-1rqgu40\">\n<div class=\"brz-wrapper-clone brz-css-1pkb2ic\">\n<div class=\"brz-d-xs-flex brz-flex-xs-wrap brz-css-zt6tgj brz-css-1qyftvy\" data-brz-custom-id=\"\">\n<div class=\"brz-wrapper-clone__item\" id=\"nhlgxcdrkzqkqvnvfxpkokdqnandzyayspeq\">\n<div class=\"brz-icon__container\" data-brz-custom-id=\"nhlgxcdrkzqkqvnvfxpkokdqnandzyayspeq\"><span class=\"brz-icon brz-span brz-css-26uo25 brz-css-2x36dq\"><\/span><\/div>\n<\/div>\n<\/div>\n<\/div>\n<\/div>\n<\/div>\n<\/div>\n<\/div>\n<\/div>\n<\/div>\n<\/section>\n<section id=\"_ovybndxaqhhtzcdiuxzahiimrdwpqxdrvvmg\" class=\"brz-section brz-css-1mt2tfq\">\n<div class=\"brz-section__content brz-section--boxed brz-css-1utfhjs brz-css-1kww5s0\" data-brz-custom-id=\"keymtonkeittlnbmxsfvqlkwwakkunmmrtlx\">\n<div class=\"brz-bg\">\n<div class=\"brz-bg-color\"><\/div>\n<\/div>\n<div class=\"brz-container brz-css-11wtv8\">\n<div class=\"brz-row__container brz-css-1sz1m1e\" data-brz-custom-id=\"shcjeqehvqoblsfedpsufiwnmltorbjzvcnz\">\n<div class=\"brz-bg\"><\/div>\n<div class=\"brz-row brz-css-tediy1 brz-css-5j5syx\">\n<div class=\"brz-columns brz-css-188r5n7 brz-css-4uo8jo\" data-brz-custom-id=\"qczoafvgjbmpnylvqbkicgmbupyiwfnozvwi\">\n<div class=\"brz-bg\"><\/div>\n<div class=\"brz-column__items brz-css-116nx9j brz-css-vbyogy\">\n<div id=\"\" class=\"brz-css-gdxpt0 brz-css-1djgjgj brz-wrapper\">\n<div class=\"brz-rich-text brz-rich-text__custom brz-css-1ylfgbr\" data-brz-custom-id=\"nygziamvbehvfwdvzskhpqbhchigadywbpri\">\n<div data-brz-translate-text=\"1\">\n<p class=\"brz-text-lg-center brz-fw-lg-400 brz-fss-lg-px brz-fs-lg-14 brz-ft-upload brz-ff-wezyasbxuqgubgesyrpopjmxdwuuvjhpghzy brz-tp-lg-empty brz-lh-lg-1_5 brz-ls-lg-1_1 brz-css-n1DJP\" data-uniq-id=\"tylrl\" data-generated-css=\"brz-css-yamnc\"><span>Find Us Health<\/span><\/p>\n<\/div>\n<\/div>\n<\/div>\n<div id=\"\" class=\"brz-css-gdxpt0 brz-css-c7mxh9 brz-wrapper\">\n<div class=\"brz-rich-text brz-rich-text__custom brz-css-1ylfgbr\" data-brz-custom-id=\"rxjpqbdkkgcpdngsbsivlrfvrouvktnakshr\">\n<div data-brz-translate-text=\"1\">\n<p class=\"brz-text-lg-center brz-tp-lg-empty brz-lh-lg-1_3 brz-ls-lg-m_1_5 brz-fw-lg-600 brz-fss-lg-px brz-fs-lg-32 brz-ft-upload brz-ff-xhmjbvrqbkqlffzvfmiyjgkwowqvkjfotwxd brz-css-mSTqK\" data-uniq-id=\"iyeks\" data-generated-css=\"brz-css-hxfjl\"><span>Choisissez votre proc\u00e9dure dentaire<\/span><\/p>\n<\/div>\n<\/div>\n<\/div>\n<\/div>\n<\/div>\n<\/div>\n<\/div>\n<div id=\"\" class=\"brz-css-gdxpt0 brz-css-x729hq brz-wrapper\">\n<div class=\"brz-spacer brz-css-o64oga brz-css-1jezrdl\"><\/div>\n<\/div>\n<div class=\"brz-row__container brz-css-1sz1m1e\" data-brz-custom-id=\"vleydjcuwnhwsnhsghhdasdlyksledryinof\">\n<div class=\"brz-bg\"><\/div>\n<div class=\"brz-row brz-css-tediy1 brz-css-1dazz4u\">\n<div class=\"brz-columns brz-css-188r5n7 brz-css-8yeabh\" data-brz-custom-id=\"bfodjjqnvnrwdgbvlkdbqdnhmpwvsnpycelz\">\n<div class=\"brz-bg\"><\/div>\n<div class=\"brz-column__items brz-css-116nx9j brz-css-c4wfl1\">\n<div id=\"\" class=\"brz-css-gdxpt0 brz-css-4489nk brz-wrapper\">\n<div class=\"brz-image brz-css-1etts4e brz-css-dz1k3y\" data-brz-custom-id=\"kkezkyymmxuauvsrowaevsehwpvsryjfbvzt\"><img decoding=\"async\" class=\"brz-img\" src=\"https:\/\/findushealth.com\/fr?brizy_media=wp-ddfb1f6dc5f43a0b330bd79a916f69b2.jpg&amp;brizy_crop=iW%3D365%26iH%3D365%26oX%3D0%26oY%3D0%26cW%3D365%26cH%3D365\" alt=\"\" loading=\"lazy\"><\/div>\n<\/div>\n<div id=\"\" class=\"brz-css-gdxpt0 brz-css-4jh79u brz-wrapper\">\n<div class=\"brz-rich-text brz-rich-text__custom brz-css-1ylfgbr\" data-brz-custom-id=\"hokyoctmztpaxaccquhecmcjjosmmqdykulz\">\n<div data-brz-translate-text=\"1\">\n<p class=\"brz-text-lg-center brz-ff-xhmjbvrqbkqlffzvfmiyjgkwowqvkjfotwxd brz-ft-upload brz-fs-lg-32 brz-fss-lg-px brz-fw-lg-600 brz-ls-lg-m_1_5 brz-lh-lg-1_3 brz-tp-lg-empty brz-css-yead3\" data-generated-css=\"brz-css-uvgbi\" data-uniq-id=\"ucqzf\"><span>Implants dentaires<\/span><\/p>\n<\/div>\n<\/div>\n<\/div>\n<\/div>\n<p><a class=\"brz-a brz-container-link\" href=\"\/procedures\/dental-treatments\/dental-implants\/\" target=\"_self\" rel=\"noopener\" data-brz-link-type=\"external\"><\/a><\/div>\n<div class=\"brz-columns brz-css-188r5n7 brz-css-1hfa0qb\" data-brz-custom-id=\"ydaqwbhtbkadgtzwerusahtplmjvkppbgusi\">\n<div class=\"brz-bg\"><\/div>\n<div class=\"brz-column__items brz-css-116nx9j brz-css-17ycb44\">\n<div id=\"\" class=\"brz-css-gdxpt0 brz-css-1rovvhw brz-wrapper\">\n<div class=\"brz-image brz-css-1weoljy brz-css-1jcgvnj\" data-brz-custom-id=\"jhqpbvzphgxtbgrknxvselmkuwanbqcmwbpr\"><img decoding=\"async\" class=\"brz-img\" src=\"https:\/\/findushealth.com\/fr?brizy_media=wp-9c8b30dc126ec1ebb0eb02aa4f33fc60.jpg&amp;brizy_crop=iW%3D360%26iH%3D540%26oX%3D0%26oY%3D101%26cW%3D360%26cH%3D360\" alt=\"\" loading=\"lazy\"><\/div>\n<\/div>\n<div id=\"\" class=\"brz-css-gdxpt0 brz-css-1y7bv71 brz-wrapper\">\n<div class=\"brz-rich-text brz-rich-text__custom brz-css-1ylfgbr\" data-brz-custom-id=\"oatypszbqbmjtpkfwvsqtfjhxsfgvoocibkc\">\n<div data-brz-translate-text=\"1\">\n<p class=\"brz-ff-xhmjbvrqbkqlffzvfmiyjgkwowqvkjfotwxd brz-ft-upload brz-fs-lg-32 brz-fss-lg-px brz-fw-lg-600 brz-ls-lg-m_1_5 brz-lh-lg-1_3 brz-tp-lg-empty brz-text-lg-center brz-css-cVrJ0\" data-generated-css=\"brz-css-pgtuq\" data-uniq-id=\"atnkh\"><span>Emax Kronen<\/span><\/p>\n<\/div>\n<\/div>\n<\/div>\n<\/div>\n<p><a class=\"brz-a brz-container-link\" href=\"\/procedures\/dental-treatments\/e-max-kronen\/\" target=\"_self\" rel=\"noopener\" data-brz-link-type=\"external\"><\/a><\/div>\n<div class=\"brz-columns brz-css-188r5n7 brz-css-1kzkr8\" data-brz-custom-id=\"binzfuyniccmgeebnnmodypfxdgntebenhwy\">\n<div class=\"brz-bg\"><\/div>\n<div class=\"brz-column__items brz-css-116nx9j brz-css-4l8u5n\">\n<div id=\"\" class=\"brz-css-gdxpt0 brz-css-t0hivg brz-wrapper\">\n<div class=\"brz-image brz-css-1jwhs1u brz-css-17cwojl\" data-brz-custom-id=\"fnyirbjanklinqacxuaajmxcuogdvtmxftii\"><a class=\"brz-a\" href=\"\/procedures\/dental-treatments\/zirconium-crowns\/\" target=\"_self\" rel=\"noopener\" data-brz-link-type=\"external\"><img decoding=\"async\" class=\"brz-img\" src=\"https:\/\/findushealth.com\/fr?brizy_media=wp-9271efb5ae5e9f687df692334c5efbe9.jpg&amp;brizy_crop=iW%3D530%26iH%3D353%26oX%3D0%26oY%3D0%26cW%3D366%26cH%3D353\" alt=\"\" loading=\"lazy\"><\/a><\/div>\n<\/div>\n<div id=\"\" class=\"brz-css-gdxpt0 brz-css-zwwd0u brz-wrapper\">\n<div class=\"brz-rich-text brz-rich-text__custom brz-css-1ylfgbr\" data-brz-custom-id=\"igfggysrttnpcqckfifkalcbbkinjxnmxpwp\">\n<div data-brz-translate-text=\"1\">\n<p class=\"brz-text-lg-center brz-tp-lg-empty brz-lh-lg-1_3 brz-ls-lg-m_1_5 brz-fw-lg-600 brz-fss-lg-px brz-fs-lg-32 brz-ft-upload brz-ff-xhmjbvrqbkqlffzvfmiyjgkwowqvkjfotwxd brz-css-xsyNJ\" data-uniq-id=\"lhlsy\" data-generated-css=\"brz-css-tnlrj\"><span>Couronnes en zirconium<\/span><\/p>\n<\/div>\n<\/div>\n<\/div>\n<\/div>\n<\/div>\n<\/div>\n<\/div>\n<\/div>\n<\/div>\n<\/section>\n<section id=\"_ydvwzdhbznimyspmnoylayniclnfrbgwspmg\" class=\"brz-section brz-css-1mt2tfq\">\n<div class=\"brz-section__content brz-section--boxed brz-css-1utfhjs brz-css-11y551r\" data-brz-custom-id=\"xubhvubmpemcvieptuxcfbalximwviquptmx\">\n<div class=\"brz-container brz-css-11wtv8 brz-css-xhlgqy\">\n<div id=\"\" class=\"brz-css-gdxpt0 brz-wrapper\">\n<div class=\"brz-rich-text brz-rich-text__custom brz-css-1ylfgbr\" data-brz-custom-id=\"nrgyqfxnvmoowwtnfxiedzuparwbwgsrllcu\">\n<div data-brz-translate-text=\"1\">\n<h3 class=\"brz-text-lg-center brz-tp-lg-heading3 brz-css-fBF2P\" data-generated-css=\"brz-css-fhkft\" data-uniq-id=\"ayilh\"><strong class=\"brz-cp-color7\">Services de sant\u00e9 dentaire dans un \u00e9tablissement de sant\u00e9 enti\u00e8rement \u00e9quip\u00e9<\/strong><\/h3>\n<\/div>\n<\/div>\n<\/div>\n<div id=\"\" class=\"brz-css-gdxpt0 brz-wrapper\">\n<div class=\"brz-rich-text brz-rich-text__custom brz-css-1ylfgbr\" data-brz-custom-id=\"tpdggfmaaerarrmgsbtkqugpxzowaxmmepzk\">\n<div data-brz-translate-text=\"1\">\n<p class=\"brz-tp-lg-paragraph brz-text-lg-center brz-css-rvlI7\" data-uniq-id=\"fekls\" data-generated-css=\"brz-css-ziwzq\">L&rsquo;importance de la sant\u00e9 bucco-dentaire ne peut \u00eatre surestim\u00e9e, car elle joue un r\u00f4le crucial dans la sant\u00e9 et le bien-\u00eatre en g\u00e9n\u00e9ral. N\u00e9gliger votre sant\u00e9 dentaire peut entra\u00eener divers probl\u00e8mes de sant\u00e9 graves, notamment les caries, les maladies des gencives, les maladies cardiaques, le cancer et le diab\u00e8te. C&rsquo;est pourquoi il est crucial de rechercher des \u00e9tablissements de sant\u00e9 enti\u00e8rement \u00e9quip\u00e9s, des h\u00f4pitaux et des dentistes exp\u00e9riment\u00e9s pour s&rsquo;assurer que votre sant\u00e9 dentaire est correctement prise en charge. Fini le temps o\u00f9 la seule solution pour les dents manquantes \u00e9tait les traitements proth\u00e9tiques. Ces m\u00e9thodes entra\u00eenaient souvent d&rsquo;autres probl\u00e8mes, tels que la r\u00e9duction des dents solides et l&rsquo;inconfort des bouches \u00e9dent\u00e9es. Cependant, avec l&rsquo;av\u00e8nement de l&rsquo;implantologie, il est d\u00e9sormais possible de traiter les carences dentaires et l&rsquo;\u00e9dentement complet sans ces probl\u00e8mes. Pour toute question ou demande de renseignements, n&rsquo;h\u00e9sitez pas \u00e0 nous contacter \u00e0 Find Us Health. Nous sommes l\u00e0 pour vous aider \u00e0 maintenir votre sant\u00e9 dentaire et \u00e0 am\u00e9liorer votre qualit\u00e9 de vie.<\/p>\n<\/div>\n<\/div>\n<\/div>\n<\/div>\n<\/div>\n<\/section>\n<\/div>\n<p>    <!-- version:1738330448 --><\/p>\n","protected":false},"excerpt":{"rendered":"<p>Dental Treatments Find Us Health Find Us Health Choisissez votre proc\u00e9dure dentaire Implants dentaires Emax Kronen Couronnes en zirconium Services de sant\u00e9 dentaire dans un \u00e9tablissement de sant\u00e9 enti\u00e8rement \u00e9quip\u00e9 L&rsquo;importance de la sant\u00e9 bucco-dentaire ne peut \u00eatre surestim\u00e9e, car elle joue un r\u00f4le crucial dans la sant\u00e9 et le bien-\u00eatre en g\u00e9n\u00e9ral. N\u00e9gliger votre [&hellip;]<\/p>\n","protected":false},"author":1,"featured_media":0,"parent":1034,"menu_order":0,"comment_status":"closed","ping_status":"closed","template":"","meta":{"footnotes":""},"class_list":["post-1101","page","type-page","status-publish","hentry"],"blocksy_meta":{"styles_descriptor":{"styles":{"desktop":"","tablet":"","mobile":""},"google_fonts":[],"version":6}},"_links":{"self":[{"href":"https:\/\/findushealth.com\/fr\/wp-json\/wp\/v2\/pages\/1101","targetHints":{"allow":["GET"]}}],"collection":[{"href":"https:\/\/findushealth.com\/fr\/wp-json\/wp\/v2\/pages"}],"about":[{"href":"https:\/\/findushealth.com\/fr\/wp-json\/wp\/v2\/types\/page"}],"author":[{"embeddable":true,"href":"https:\/\/findushealth.com\/fr\/wp-json\/wp\/v2\/users\/1"}],"replies":[{"embeddable":true,"href":"https:\/\/findushealth.com\/fr\/wp-json\/wp\/v2\/comments?post=1101"}],"version-history":[{"count":0,"href":"https:\/\/findushealth.com\/fr\/wp-json\/wp\/v2\/pages\/1101\/revisions"}],"up":[{"embeddable":true,"href":"https:\/\/findushealth.com\/fr\/wp-json\/wp\/v2\/pages\/1034"}],"wp:attachment":[{"href":"https:\/\/findushealth.com\/fr\/wp-json\/wp\/v2\/media?parent=1101"}],"curies":[{"name":"wp","href":"https:\/\/api.w.org\/{rel}","templated":true}]}}