{"id":1113,"date":"2022-08-28T20:53:21","date_gmt":"2022-08-28T17:53:21","guid":{"rendered":"https:\/\/drmakclinic.com\/?page_id=1113"},"modified":"2025-01-31T23:48:52","modified_gmt":"2025-01-31T20:48:52","slug":"hair-transplants","status":"publish","type":"page","link":"https:\/\/findushealth.com\/fr\/procedures\/hair-transplants\/","title":{"rendered":"Hair Transplants"},"content":{"rendered":"<div class=\"brz-root__container brz-reset-all brz brz-root__container-page\">\n<section id=\"_zbdypptfjmcfovhipemhsmtncnedrhrlhevb\" class=\"brz-section brz-css-1i5pci8\">\n<div class=\"brz-section__content brz-section--boxed brz-css-1ectli4 brz-css-1ou2pfw\" data-brz-custom-id=\"wuzuaonjjebcrbelshqvtkcvvmsadgrksqbc\">\n<div class=\"brz-bg\">\n<div class=\"brz-bg-color\"><\/div>\n<\/div>\n<div class=\"brz-container brz-css-h7unyz\">\n<div id=\"\" class=\"brz-css-w57ajd brz-css-1uvkxi0 brz-wrapper\">\n<div class=\"brz-line brz-line-default brz-css-g38hlb brz-css-1pe0fnt\" data-brz-custom-id=\"hfiejgeabsnfzjfpuksscksffblmsttksjzt\">\n<hr class=\"brz-hr\"><\/div>\n<\/div>\n<div id=\"\" class=\"brz-css-w57ajd brz-css-2f3uff brz-css-28ej97 brz-wrapper\">\n<div class=\"brz-spacer brz-css-ozzbzm brz-css-1r2ccot\"><\/div>\n<\/div>\n<div class=\"brz-row__container brz-css-1ogj0yn brz-css-uc53yi\" data-brz-custom-id=\"ypicmnxtbozjgzegatdvcmauovaeyrzslzmk\">\n<div class=\"brz-bg\"><\/div>\n<div class=\"brz-row brz-css-fg3e0d brz-css-1yzj5f3\">\n<div class=\"brz-columns brz-css-jzh5bv brz-css-12ga9c6\" data-brz-custom-id=\"qrxancyqxjiquzntjfsihwqfamewhyjfjypn\">\n<div class=\"brz-bg\"><\/div>\n<div class=\"brz-column__items brz-css-e6yniq brz-css-1vn42ii\">\n<div id=\"\" class=\"brz-css-w57ajd brz-wrapper\">\n<div class=\"brz-rich-text brz-rich-text__custom brz-css-1xyrmss\" data-brz-custom-id=\"jvkijimzoncoyntgbzgpumdsqwvkdpdkbkdi\">\n<div data-brz-translate-text=\"1\">\n<h3 class=\"brz-tp-lg-heading3 brz-css-lnpQp\" data-generated-css=\"brz-css-nczyf\" data-uniq-id=\"fodqv\"><strong>Greffe de cheveux<\/strong><\/h3>\n<\/div>\n<\/div>\n<\/div>\n<div id=\"\" class=\"brz-css-w57ajd brz-wrapper\">\n<div class=\"brz-rich-text brz-rich-text__custom brz-css-1xyrmss\" data-brz-custom-id=\"liwxgybkoboifdqfsnxztpajmhtyglxckxho\">\n<div data-brz-translate-text=\"1\">\n<h4 class=\"brz-tp-lg-heading4 brz-css-pUyWp\" data-uniq-id=\"wyuoq\" data-generated-css=\"brz-css-ifalz\"><strong>Find Us Health Center<\/strong><\/h4>\n<\/div>\n<\/div>\n<\/div>\n<\/div>\n<\/div>\n<div class=\"brz-columns brz-css-jzh5bv brz-css-1dey6ln\" data-brz-custom-id=\"kxyrucmzhkbqxkcvblmbmpgeaisrfgmaplpv\">\n<div class=\"brz-bg\"><\/div>\n<div class=\"brz-column__items brz-css-e6yniq brz-css-2dn0eo\">\n<div class=\"brz-wrapper-clone brz-css-1vowgx8\">\n<div class=\"brz-d-xs-flex brz-flex-xs-wrap brz-css-1anmvcc brz-css-htnl2m\" data-brz-custom-id=\"\">\n<div class=\"brz-wrapper-clone__item\" id=\"ydnzvayjmfyonymnuvlnjdyvuxoigjhdhxan\">\n<div class=\"brz-icon__container\" data-brz-custom-id=\"ydnzvayjmfyonymnuvlnjdyvuxoigjhdhxan\"><span class=\"brz-icon brz-span brz-css-fubulo brz-css-1pm1zyt\"><\/span><\/div>\n<\/div>\n<\/div>\n<\/div>\n<\/div>\n<\/div>\n<\/div>\n<\/div>\n<\/div>\n<\/div>\n<\/section>\n<section id=\"_gkgeycvojffnsvlcbzomvhbzpysophjgnhpf\" class=\"brz-section brz-css-1i5pci8\">\n<div class=\"brz-section__content brz-section--boxed brz-css-1ectli4\" data-brz-custom-id=\"hioabvztcbgtqsfcycwbhbugdzxqqgbtykrk\">\n<div class=\"brz-container brz-css-h7unyz\">\n<div id=\"\" class=\"brz-css-w57ajd brz-wrapper\">\n<div class=\"brz-rich-text brz-rich-text__custom brz-css-1xyrmss\" data-brz-custom-id=\"wmoweswprzutooljuqaszsabfiynymqtllpf\">\n<div data-brz-translate-text=\"1\">\n<p class=\"brz-tp-lg-paragraph brz-css-hemV4\" data-generated-css=\"brz-css-jocgs\" data-uniq-id=\"npfin\">La perte de cheveux est un probl\u00e8me r\u00e9pandu qui peut commencer d\u00e8s le plus jeune \u00e2ge. Bien que la perte de cheveux soit courante chez les hommes \u00e0 partir de la vingtaine, elle peut \u00e9galement survenir chez les femmes en raison de causes g\u00e9n\u00e9tiques ou hormonales, ou de probl\u00e8mes de sant\u00e9 sous-jacents. La premi\u00e8re \u00e9tape pour toute personne souffrant de perte de cheveux est de se soumettre \u00e0 un examen m\u00e9dical afin de d\u00e9terminer la cause de son \u00e9tat. Si des probl\u00e8mes de sant\u00e9 tels que des carences en nutriments ou des d\u00e9s\u00e9quilibres hormonaux sont constat\u00e9s, ceux-ci doivent \u00eatre trait\u00e9s avant d&rsquo;envisager une greffe de cheveux. La greffe de cheveux peut \u00eatre envisag\u00e9e si la perte de cheveux persiste apr\u00e8s l&rsquo;application d&rsquo;autres traitements ou s&rsquo;il existe des zones chauves qui ne peuvent pas \u00eatre trait\u00e9es autrement. La chirurgie plastique est une autre option que les individus peuvent explorer s&rsquo;ils souhaitent am\u00e9liorer leur apparence. Il est important de garder \u00e0 l&rsquo;esprit que la greffe de cheveux n&rsquo;est g\u00e9n\u00e9ralement recommand\u00e9e que pour les personnes de plus de 22 ans qui subissent une perte de cheveux. Si vous avez d&rsquo;autres questions ou souhaitez en savoir plus sur la greffe de cheveux.<\/p>\n<\/div>\n<\/div>\n<\/div>\n<div id=\"\" class=\"brz-css-w57ajd brz-wrapper\">\n<div class=\"brz-line brz-line-default brz-css-g38hlb brz-css-vkqbd6\" data-brz-custom-id=\"incnrfnuubwxomxnwyfklagyonyvfjkrtiwc\">\n<hr class=\"brz-hr\"><\/div>\n<\/div>\n<div class=\"brz-row__container brz-css-1ogj0yn\" data-brz-custom-id=\"hsqvfhlcjnckotxhfwkocglbfxowvcrwbnrk\">\n<div class=\"brz-bg\"><\/div>\n<div class=\"brz-row brz-css-fg3e0d brz-css-18wcwmx\">\n<div class=\"brz-columns brz-css-jzh5bv brz-css-1ja6d3q\" data-brz-custom-id=\"ipjpuqcniroxgyujjrwbsnscwjgtnpyebixk\">\n<div class=\"brz-bg\"><\/div>\n<div class=\"brz-column__items brz-css-e6yniq\">\n<div id=\"\" class=\"brz-css-w57ajd brz-wrapper\">\n<div class=\"brz-image brz-css-1n04dz3 brz-css-1ehhwhm\" data-brz-custom-id=\"zmazxsighutrwezhpitpdwfyxdvtkqxzdqcx\"><img decoding=\"async\" class=\"brz-img\" src=\"https:\/\/findushealth.com\/fr?brizy_media=wp-098920e5b01b6ec08a01c9df4c494054.jpg&amp;brizy_crop=iW%3D534%26iH%3D800%26oX%3D0%26oY%3D200%26cW%3D534%26cH%3D400\" alt=\"\" loading=\"lazy\"><\/div>\n<\/div>\n<\/div>\n<\/div>\n<div class=\"brz-columns brz-css-jzh5bv brz-css-10buhmt\" data-brz-custom-id=\"uyamdsmbmbzvhfzxmqmbmyjozdtzprjtvkrd\">\n<div class=\"brz-bg\"><\/div>\n<div class=\"brz-column__items brz-css-e6yniq brz-css-1ypf0se\">\n<div id=\"\" class=\"brz-css-w57ajd brz-wrapper\">\n<div class=\"brz-rich-text brz-rich-text__custom brz-css-1xyrmss\" data-brz-custom-id=\"yvfmstujbhczdznpoduafmealtwbmeztksfr\">\n<div data-brz-translate-text=\"1\">\n<p class=\"brz-tp-lg-paragraph brz-css-lcmnN\" data-generated-css=\"brz-css-iwjlk\" data-uniq-id=\"mnkkm\"><strong style=\"opacity: 1\" class=\"brz-cp-color7\">Greffes de cheveux DHI<\/strong><\/p>\n<p class=\"brz-tp-lg-paragraph brz-css-tBqY6\" data-generated-css=\"brz-css-fovxw\" data-uniq-id=\"fkbfm\"><span style=\"opacity: 1\" class=\"brz-cp-color2\">DHI Hair est l&rsquo;une des m\u00e9thodes de greffe les plus recherch\u00e9es et les plus populaires parmi les patients potentiels qui souhaitent subir une greffe de cheveux aujourd&rsquo;hui. Les greffons pr\u00e9lev\u00e9s dans la zone donneuse par la technique capillaire micro FUE peuvent \u00eatre directement transplant\u00e9s dans la zone de transplantation sans micro-incision classique ni aucune ouverture de canal. La greffe de cheveux DHI est de nos jours l&rsquo;une des m\u00e9thodes les plus pr\u00e9f\u00e9r\u00e9es dans la greffe de cheveux. La greffe de cheveux peut \u00eatre divis\u00e9e en deux phases principales avec cette technique : extraction (r\u00e9colte) et implantation. A travers cette technique, \u00e9galement connue sous le nom de \u00abtechnique du stylo\u00bb, des stylos sp\u00e9ciaux avec des pointes fines sp\u00e9ciales sont utilis\u00e9s pour transf\u00e9rer le greffon directement sur la peau lorsque les greffons y sont ins\u00e9r\u00e9s un par un et press\u00e9s. Compar\u00e9e aux autres techniques de greffe de cheveux, cette op\u00e9ration, qui est \u00e9galement r\u00e9alis\u00e9e sous anesth\u00e9sie locale, n\u00e9cessite beaucoup plus de personnes pour travailler en \u00e9quipe. Sinon, la proc\u00e9dure prend plus de temps, et donc le nombre de greffons pouvant \u00eatre transf\u00e9r\u00e9s devient limit\u00e9 dans les cliniques qui ne disposent pas d&rsquo;une grande \u00e9quipe sp\u00e9cialis\u00e9e en DHI. Dans la m\u00e9thode DHI, les cheveux peuvent \u00eatre transplant\u00e9s sans incisions, offrant un avantage distinct pour ceux qui s&rsquo;inqui\u00e8tent de leur apparence apr\u00e8s la greffe de cheveux en raison de leur travail, de leur statut social et d\u2019autres diff\u00e9rentes raisons.<\/span><\/p>\n<\/div>\n<\/div>\n<\/div>\n<\/div>\n<\/div>\n<\/div>\n<\/div>\n<div id=\"\" class=\"brz-css-w57ajd brz-wrapper\">\n<div class=\"brz-line brz-line-default brz-css-g38hlb brz-css-1a6y4nj\" data-brz-custom-id=\"uvtqypcqzdqluguuimapvvgeiqrasjxuhgvf\">\n<hr class=\"brz-hr\"><\/div>\n<\/div>\n<div class=\"brz-row__container brz-css-1ogj0yn\" data-brz-custom-id=\"igihibwbcanobmrlwczwwqpblltvholwoikv\">\n<div class=\"brz-bg\"><\/div>\n<div class=\"brz-row brz-css-fg3e0d brz-css-mxozhf\">\n<div class=\"brz-columns brz-css-jzh5bv brz-css-8e9yql\" data-brz-custom-id=\"gkpzasrtokkxdytziaqhfvpxsymekgbdxrnf\">\n<div class=\"brz-bg\"><\/div>\n<div class=\"brz-column__items brz-css-e6yniq brz-css-gxen2r\">\n<div id=\"\" class=\"brz-css-w57ajd brz-css-bdidpu brz-wrapper\">\n<div class=\"brz-rich-text brz-rich-text__custom brz-css-1xyrmss\" data-brz-custom-id=\"cktesgzjjgqvymsnvrragenvdgpfoaessxjq\">\n<div data-brz-translate-text=\"1\">\n<p class=\"brz-tp-lg-paragraph brz-css-apZuj\" data-uniq-id=\"cfjur\" data-generated-css=\"brz-css-nzvyx\"><strong class=\"brz-cp-color7\">GREFFE DE BARBE<\/strong><\/p>\n<p class=\"brz-tp-lg-paragraph brz-css-ecmoo\" data-uniq-id=\"bsqcg\" data-generated-css=\"brz-css-zsodn\"><span class=\"brz-cp-color7\">La greffe de barbe est une solution fiable et efficace pour ceux qui ont du mal \u00e0 faire pousser les poils du visage ou qui ont une barbe in\u00e9gale. La proc\u00e9dure consiste \u00e0 transplanter des follicules pileux d&rsquo;une zone du cuir chevelu sur le visage, ce qui donne une barbe plus fournie et mieux d\u00e9finie. Les cheveux greff\u00e9s (ou futures barbes greff\u00e9es) sont vos propres cheveux, ce qui signifie qu&rsquo;ils pousseront comme les poils naturels de votre barbe. La chirurgie et le processus de r\u00e9cup\u00e9ration sont g\u00e9n\u00e9ralement rapides et tres peu douloureux, et les r\u00e9sultats sont durables et aussi d&rsquo;apparence naturelle. Si vous envisagez une greffe de barbe, il est important de consulter un sp\u00e9cialiste qualifi\u00e9 en restauration capillaire pour d\u00e9terminer si c&rsquo;est bien la bonne solution pour vous.<\/span><\/p>\n<\/div>\n<\/div>\n<\/div>\n<\/div>\n<\/div>\n<div class=\"brz-columns brz-css-jzh5bv brz-css-t67oc2\" data-brz-custom-id=\"yezlzrhnktsiqrpzniquuizvspaxhrmyrkbc\">\n<div class=\"brz-bg\"><\/div>\n<div class=\"brz-column__items brz-css-e6yniq\">\n<div id=\"\" class=\"brz-css-w57ajd brz-wrapper\">\n<div class=\"brz-image brz-css-1dfw1m9 brz-css-14em4ol\" data-brz-custom-id=\"bgdsbuseqtzdsyghjwxlrfdymkjlaehkqcau\"><img decoding=\"async\" class=\"brz-img\" src=\"https:\/\/findushealth.com\/fr?brizy_media=wp-3dd5a98958a66d4c929a4c9884a1a4f1.jpg&amp;brizy_crop=original\" alt=\"\" loading=\"lazy\"><\/div>\n<\/div>\n<\/div>\n<\/div>\n<\/div>\n<\/div>\n<\/div>\n<\/div>\n<\/section>\n<\/div>\n<p>    <!-- version:1738356532 --><\/p>\n","protected":false},"excerpt":{"rendered":"<p>Greffe de cheveux Find Us Health Center La perte de cheveux est un probl\u00e8me r\u00e9pandu qui peut commencer d\u00e8s le plus jeune \u00e2ge. Bien que la perte de cheveux soit courante chez les hommes \u00e0 partir de la vingtaine, elle peut \u00e9galement survenir chez les femmes en raison de causes g\u00e9n\u00e9tiques ou hormonales, ou de [&hellip;]<\/p>\n","protected":false},"author":1,"featured_media":0,"parent":1034,"menu_order":0,"comment_status":"closed","ping_status":"closed","template":"","meta":{"footnotes":""},"class_list":["post-1113","page","type-page","status-publish","hentry"],"blocksy_meta":{"styles_descriptor":{"styles":{"desktop":"","tablet":"","mobile":""},"google_fonts":[],"version":6}},"_links":{"self":[{"href":"https:\/\/findushealth.com\/fr\/wp-json\/wp\/v2\/pages\/1113","targetHints":{"allow":["GET"]}}],"collection":[{"href":"https:\/\/findushealth.com\/fr\/wp-json\/wp\/v2\/pages"}],"about":[{"href":"https:\/\/findushealth.com\/fr\/wp-json\/wp\/v2\/types\/page"}],"author":[{"embeddable":true,"href":"https:\/\/findushealth.com\/fr\/wp-json\/wp\/v2\/users\/1"}],"replies":[{"embeddable":true,"href":"https:\/\/findushealth.com\/fr\/wp-json\/wp\/v2\/comments?post=1113"}],"version-history":[{"count":0,"href":"https:\/\/findushealth.com\/fr\/wp-json\/wp\/v2\/pages\/1113\/revisions"}],"up":[{"embeddable":true,"href":"https:\/\/findushealth.com\/fr\/wp-json\/wp\/v2\/pages\/1034"}],"wp:attachment":[{"href":"https:\/\/findushealth.com\/fr\/wp-json\/wp\/v2\/media?parent=1113"}],"curies":[{"name":"wp","href":"https:\/\/api.w.org\/{rel}","templated":true}]}}