{"id":11515,"date":"2023-02-25T00:30:40","date_gmt":"2023-02-24T21:30:40","guid":{"rendered":"https:\/\/aslhealth.vl-staging.com\/procedures\/dental-treatments\/dental-implants-2\/"},"modified":"2025-01-30T05:58:17","modified_gmt":"2025-01-30T02:58:17","slug":"dental-implants","status":"publish","type":"page","link":"https:\/\/findushealth.com\/fr\/procedures\/dental-treatments\/dental-implants\/","title":{"rendered":"Dental Implants"},"content":{"rendered":"<div class=\"brz-root__container brz-reset-all brz brz-root__container-page\">\n<section id=\"_wstkyrqlhnojqutkdczeerzjsejaumgtscaw\" class=\"brz-section brz-css-hb80ze\">\n<div class=\"brz-section__content brz-section--boxed brz-css-vnquoj brz-css-pjdpr8\" data-brz-custom-id=\"yuzywenhkjftixccgyhzcacflbrltdmzpitz\">\n<div class=\"brz-bg\">\n<div class=\"brz-bg-color\"><\/div>\n<\/div>\n<div class=\"brz-container brz-css-xb4gl7\">\n<div id=\"\" class=\"brz-css-11bjedr brz-css-y7nrcc brz-wrapper\">\n<div class=\"brz-line brz-line-default brz-css-1e9qvvi brz-css-s4h6gq\" data-brz-custom-id=\"flwgaufczamesgzishfqneiiyugwcliiwlkm\">\n<hr class=\"brz-hr\"><\/div>\n<\/div>\n<div id=\"\" class=\"brz-css-11bjedr brz-css-1ebztfv brz-css-1mspvpo brz-wrapper\">\n<div class=\"brz-spacer brz-css-vu4irc brz-css-18qfrsl\"><\/div>\n<\/div>\n<div class=\"brz-row__container brz-css-1t9chaq brz-css-1wxkvtc\" data-brz-custom-id=\"mvbpyetaiwudyjvojgxbmohnizrhvmzyxmwz\">\n<div class=\"brz-bg\"><\/div>\n<div class=\"brz-row brz-css-19cua0z brz-css-95zfx3\">\n<div class=\"brz-columns brz-css-1i4namo brz-css-5q6mha\" data-brz-custom-id=\"auitdkpdfivwdfhogdfzcpkggwaiherscmxn\">\n<div class=\"brz-bg\"><\/div>\n<div class=\"brz-column__items brz-css-21k87j brz-css-1w88u3u\">\n<div id=\"\" class=\"brz-css-11bjedr brz-wrapper\">\n<div class=\"brz-rich-text brz-rich-text__custom brz-css-zv8iie\" data-brz-custom-id=\"dwahrrsjhuloeuyxwwgzolokfarulgbjnmbp\">\n<div data-brz-translate-text=\"1\">\n<h3 class=\"brz-tp-lg-heading3 brz-text-xs-center brz-css-lR5Ki\" data-uniq-id=\"eoeww\" data-generated-css=\"brz-css-ocynz\"><strong>IMPLANTS DENTAIRES<\/strong><\/h3>\n<\/div>\n<\/div>\n<\/div>\n<div id=\"\" class=\"brz-css-11bjedr brz-wrapper\">\n<div class=\"brz-rich-text brz-rich-text__custom brz-css-zv8iie\" data-brz-custom-id=\"oqerbswupksbkfhtlwpvqgdscavtkcvuvryg\">\n<div data-brz-translate-text=\"1\">\n<h4 class=\"brz-text-xs-center brz-tp-lg-heading4 brz-css-yMY3Z\" data-uniq-id=\"rnzle\" data-generated-css=\"brz-css-neopu\"><strong class=\"brz-cp-color8\">Find Us Health Center<\/strong><\/h4>\n<\/div>\n<\/div>\n<\/div>\n<\/div>\n<\/div>\n<div class=\"brz-columns brz-css-1i4namo brz-css-14425u2\" data-brz-custom-id=\"tfvmfcdlwddwfzewgpleyddvbpdrnrgjqkzj\">\n<div class=\"brz-bg\"><\/div>\n<div class=\"brz-column__items brz-css-21k87j brz-css-12vnva7\">\n<div class=\"brz-wrapper-clone brz-css-5yoqk6\">\n<div class=\"brz-d-xs-flex brz-flex-xs-wrap brz-css-1erm0vo brz-css-906bil\" data-brz-custom-id=\"\">\n<div class=\"brz-wrapper-clone__item\" id=\"ifdzyykjrskjsgamdialqxyxlykzdxdascfx\">\n<div class=\"brz-icon__container\" data-brz-custom-id=\"ifdzyykjrskjsgamdialqxyxlykzdxdascfx\"><span class=\"brz-icon brz-span brz-css-1pbrr5y brz-css-1ox8s7z\"><\/span><\/div>\n<\/div>\n<\/div>\n<\/div>\n<\/div>\n<\/div>\n<\/div>\n<\/div>\n<\/div>\n<\/div>\n<\/section>\n<section id=\"_qgukkwptrqnbetbnzqjqabgntkidciqqtiwh\" class=\"brz-section brz-css-hb80ze\">\n<div class=\"brz-section__content brz-section--boxed brz-css-vnquoj brz-css-1m97l6h\" data-brz-custom-id=\"fqvrccvatcovgdqwqaouwxwvncqhquuxkthz\">\n<div class=\"brz-bg\">\n<div class=\"brz-bg-color\"><\/div>\n<\/div>\n<div class=\"brz-container brz-css-xb4gl7\">\n<div id=\"whitearea\" class=\"brz-row__container brz-css-1t9chaq brz-css-1lc3cq7\" data-brz-custom-id=\"uraixpbyzlhkhhvdzmmsusehgnzmgsuuajfr\">\n<div class=\"brz-bg\">\n<div class=\"brz-bg-color\"><\/div>\n<\/div>\n<div class=\"brz-row brz-css-19cua0z brz-css-5xnyu5\">\n<div class=\"brz-columns brz-css-1i4namo brz-css-117zsii\" data-brz-custom-id=\"ayfylwjwumqhvbqkzhblbnzcdwhjvemxuqjp\">\n<div class=\"brz-bg\"><\/div>\n<div class=\"brz-column__items brz-css-21k87j brz-css-1vl2ll0\">\n<div id=\"\" class=\"brz-css-11bjedr brz-css-6wpdo1 brz-wrapper\">\n<div class=\"brz-image brz-css-1elm3n8 brz-css-1l2kv4l\" data-brz-custom-id=\"farrhibikszszkgxkawyuigzwlvxrrhsswdb\"><img decoding=\"async\" class=\"brz-img\" src=\"https:\/\/findushealth.com\/fr?brizy_media=wp-ddfb1f6dc5f43a0b330bd79a916f69b2.jpg&amp;brizy_crop=iW%3D544%26iH%3D544%26oX%3D0%26oY%3D1%26cW%3D544%26cH%3D543\" alt=\"\" loading=\"lazy\"><\/div>\n<\/div>\n<\/div>\n<\/div>\n<div class=\"brz-columns brz-css-1i4namo brz-css-11r6zm6\" data-brz-custom-id=\"nvfrcnnfhwbcpthzcxctzojwdrwwwfnkohxb\">\n<div class=\"brz-bg\"><\/div>\n<div class=\"brz-column__items brz-css-21k87j brz-css-kmwo41\">\n<div id=\"\" class=\"brz-css-11bjedr brz-css-qsm1nk brz-wrapper\">\n<div class=\"brz-rich-text brz-rich-text__custom brz-css-zv8iie\" data-brz-custom-id=\"fptyfkotidbjzifisvasyjhkfxzwuyxtbhwq\">\n<div data-brz-translate-text=\"1\">\n<p class=\"brz-ls-lg-0 brz-lh-lg-1_9 brz-tp-lg-empty brz-ff-ymubgefsxldrywogxtzekrfkmzwinepjvqkm brz-ft-upload brz-fs-lg-12 brz-fss-lg-px brz-fw-lg-700 brz-css-csgW3\" data-generated-css=\"brz-css-jjrhl\" data-uniq-id=\"xtjaa\"><span class=\"brz-cp-color7\">TRAITEMENTS DENTAIRES<\/span><\/p>\n<\/div>\n<\/div>\n<\/div>\n<div id=\"\" class=\"brz-css-11bjedr brz-css-4k7h brz-wrapper\">\n<div class=\"brz-rich-text brz-rich-text__custom brz-css-zv8iie\" data-brz-custom-id=\"wbqliujmmqpogpsubktvphyxbwiijtzqdevd\">\n<div data-brz-translate-text=\"1\">\n<p class=\"brz-fss-lg-px brz-fw-lg-400 brz-ls-lg-0 brz-lh-lg-1_9 brz-tp-lg-empty brz-ff-ymubgefsxldrywogxtzekrfkmzwinepjvqkm brz-ft-upload brz-fs-lg-20 brz-css-v57BX\" data-uniq-id=\"erdqg\" data-generated-css=\"brz-css-vpsoz\"><strong>Implants dentaires<\/strong><\/p>\n<\/div>\n<\/div>\n<\/div>\n<div id=\"\" class=\"brz-css-11bjedr brz-wrapper\">\n<div class=\"brz-rich-text brz-rich-text__custom brz-css-zv8iie\" data-brz-custom-id=\"zqqaakqheyldykbijbkmhpnipllfldhydjax\">\n<div data-brz-translate-text=\"1\">\n<p class=\"brz-lh-lg-1_9 brz-ls-lg-0 brz-fw-lg-400 brz-fss-lg-px brz-fs-lg-20 brz-ft-upload brz-ff-enqmzdbzxbgylolsjadsfjxunpbkpfxobhlf brz-tp-lg-empty brz-mb-lg-20 brz-css-yFUIK\" data-uniq-id=\"deksc\" data-generated-css=\"brz-css-oigyc\">Les implants dentaires sont des racines dentaires artificielles fabriqu\u00e9es \u00e0 100 % en titane et plac\u00e9es dans l&rsquo;os de la m\u00e2choire pour restaurer la fonction et l&rsquo;esth\u00e9tique des dents manquantes.<\/p>\n<\/div>\n<\/div>\n<\/div>\n<div id=\"\" class=\"brz-css-11bjedr brz-wrapper\">\n<div class=\"brz-rich-text brz-rich-text__custom brz-css-zv8iie\" data-brz-custom-id=\"oitlctxehxhfkpebqncmgwhvtsfzybzfkvmu\">\n<div data-brz-translate-text=\"1\">\n<p class=\"brz-mb-lg-20 brz-tp-lg-empty brz-ff-ymubgefsxldrywogxtzekrfkmzwinepjvqkm brz-ft-upload brz-fs-lg-16 brz-fss-lg-px brz-fw-lg-400 brz-ls-lg-0 brz-lh-lg-1_9 brz-css-e6GSh\" data-uniq-id=\"lyret\" data-generated-css=\"brz-css-kyqvk\">Le titane est un mat\u00e9riau tr\u00e8s respectueux des tissus et les implants dentaires en titane sont soumis \u00e0 diverses proc\u00e9dures telles que la rugosit\u00e9, le rev\u00eatement avec diff\u00e9rents mat\u00e9riaux, pour la fixation cellulaire \u00e0 l&rsquo;os de la m\u00e2choire.<\/p>\n<p class=\"brz-mb-lg-20 brz-tp-lg-empty brz-ff-ymubgefsxldrywogxtzekrfkmzwinepjvqkm brz-ft-upload brz-fs-lg-16 brz-fss-lg-px brz-fw-lg-400 brz-ls-lg-0 brz-lh-lg-1_9 brz-css-p8ux3\" data-uniq-id=\"voise\" data-generated-css=\"brz-css-mfdwa\">Une fois les implants dentaires plac\u00e9s dans l&rsquo;os de la m\u00e2choire, ils sont maintenus en tant que cellules en cr\u00e9ant un lien sp\u00e9cial avec l&rsquo;os. Lorsque la fixation est termin\u00e9e (1 \u00e0 6 mois), la proth\u00e8se dentaire que nous appelons superstructure est pr\u00eate pour la pr\u00e9paration. Cette \u00e9tape revient \u00e0 faire un chrono ou un pont (commun\u00e9ment appel\u00e9 bridge) sur une coupe normale.<\/p>\n<\/div>\n<\/div>\n<\/div>\n<\/div>\n<\/div>\n<\/div>\n<\/div>\n<\/div>\n<\/div>\n<\/section>\n<\/div>\n<p>    <!-- version:1738205897 --><\/p>\n","protected":false},"excerpt":{"rendered":"<p>IMPLANTS DENTAIRES Find Us Health Center TRAITEMENTS DENTAIRES Implants dentaires Les implants dentaires sont des racines dentaires artificielles fabriqu\u00e9es \u00e0 100 % en titane et plac\u00e9es dans l&rsquo;os de la m\u00e2choire pour restaurer la fonction et l&rsquo;esth\u00e9tique des dents manquantes. Le titane est un mat\u00e9riau tr\u00e8s respectueux des tissus et les implants dentaires en titane [&hellip;]<\/p>\n","protected":false},"author":3,"featured_media":0,"parent":1101,"menu_order":0,"comment_status":"closed","ping_status":"closed","template":"","meta":{"footnotes":""},"class_list":["post-11515","page","type-page","status-publish","hentry"],"blocksy_meta":[],"_links":{"self":[{"href":"https:\/\/findushealth.com\/fr\/wp-json\/wp\/v2\/pages\/11515","targetHints":{"allow":["GET"]}}],"collection":[{"href":"https:\/\/findushealth.com\/fr\/wp-json\/wp\/v2\/pages"}],"about":[{"href":"https:\/\/findushealth.com\/fr\/wp-json\/wp\/v2\/types\/page"}],"author":[{"embeddable":true,"href":"https:\/\/findushealth.com\/fr\/wp-json\/wp\/v2\/users\/3"}],"replies":[{"embeddable":true,"href":"https:\/\/findushealth.com\/fr\/wp-json\/wp\/v2\/comments?post=11515"}],"version-history":[{"count":0,"href":"https:\/\/findushealth.com\/fr\/wp-json\/wp\/v2\/pages\/11515\/revisions"}],"up":[{"embeddable":true,"href":"https:\/\/findushealth.com\/fr\/wp-json\/wp\/v2\/pages\/1101"}],"wp:attachment":[{"href":"https:\/\/findushealth.com\/fr\/wp-json\/wp\/v2\/media?parent=11515"}],"curies":[{"name":"wp","href":"https:\/\/api.w.org\/{rel}","templated":true}]}}