{"id":11574,"date":"2023-02-25T00:37:32","date_gmt":"2023-02-24T21:37:32","guid":{"rendered":"https:\/\/aslhealth.vl-staging.com\/procedures\/dental-treatments\/e-max-kronen-2\/"},"modified":"2025-01-30T18:56:56","modified_gmt":"2025-01-30T15:56:56","slug":"e-max-kronen-2","status":"publish","type":"page","link":"https:\/\/findushealth.com\/fr\/procedures\/dental-treatments\/e-max-kronen-2\/","title":{"rendered":"E max Kronen"},"content":{"rendered":"<div class=\"brz-root__container brz-reset-all brz brz-root__container-page\">\n<section id=\"_pioaxtfodmwrerntsljdcknmgqhztzebwtii\" class=\"brz-section brz-css-1ghl4vs\">\n<div class=\"brz-section__content brz-section--boxed brz-css-1m1w7xp brz-css-190hi51\" data-brz-custom-id=\"myyupprgsglxmzcwkjuuqohoyzaqqfrpghbk\">\n<div class=\"brz-bg\">\n<div class=\"brz-bg-color\"><\/div>\n<\/div>\n<div class=\"brz-container brz-css-1jx8omi\">\n<div id=\"\" class=\"brz-css-1ftsez6 brz-css-148k2ig brz-wrapper\">\n<div class=\"brz-line brz-line-default brz-css-1qki648 brz-css-1fyjqbg\" data-brz-custom-id=\"xxfelwvabjbywjslnnmrvzhhhlfpeyqnyrbl\">\n<hr class=\"brz-hr\"><\/div>\n<\/div>\n<div id=\"\" class=\"brz-css-1ftsez6 brz-css-vekvwh brz-css-1j6o0cs brz-wrapper\">\n<div class=\"brz-spacer brz-css-122otrf brz-css-q96owd\"><\/div>\n<\/div>\n<div class=\"brz-row__container brz-css-1ybgs8i brz-css-wjayrx\" data-brz-custom-id=\"qxwfcbypqofmmvrpyxnonwnqxppgeyueetms\">\n<div class=\"brz-bg\"><\/div>\n<div class=\"brz-row brz-css-13d3f3y brz-css-1cwynw0\">\n<div class=\"brz-columns brz-css-1tq4676 brz-css-1eqy5t2\" data-brz-custom-id=\"mvtgnckdjuzdnqujnnlybhcozscztidhrvni\">\n<div class=\"brz-bg\"><\/div>\n<div class=\"brz-column__items brz-css-b7kri2 brz-css-zf0cel\">\n<div id=\"\" class=\"brz-css-1ftsez6 brz-wrapper\">\n<div class=\"brz-rich-text brz-rich-text__custom brz-css-17i84hr\" data-brz-custom-id=\"ndworocrothyzqcywrdoctsfzefocoyupcfu\">\n<div data-brz-translate-text=\"1\">\n<h3 class=\"brz-text-xs-center brz-tp-lg-heading3 brz-css-wcSdu\" data-generated-css=\"brz-css-ybzwo\" data-uniq-id=\"flqfz\"><strong>FACETTES E-MAX<\/strong><\/h3>\n<\/div>\n<\/div>\n<\/div>\n<div id=\"\" class=\"brz-css-1ftsez6 brz-wrapper\">\n<div class=\"brz-rich-text brz-rich-text__custom brz-css-17i84hr\" data-brz-custom-id=\"hxejgbvidrykzxridwaxmjhzknoqftakjfet\">\n<div data-brz-translate-text=\"1\">\n<h4 class=\"brz-tp-lg-heading4 brz-text-xs-center brz-css-mhyFC\" data-generated-css=\"brz-css-eyrrx\" data-uniq-id=\"zgcob\"><span>Find Us Health<\/span><\/h4>\n<\/div>\n<\/div>\n<\/div>\n<\/div>\n<\/div>\n<div class=\"brz-columns brz-css-1tq4676 brz-css-1ggcvjh\" data-brz-custom-id=\"ukyjjoizbwoxtubfjlbivplzintlzvhzyuxd\">\n<div class=\"brz-bg\"><\/div>\n<div class=\"brz-column__items brz-css-b7kri2 brz-css-1vq8ymo\">\n<div class=\"brz-wrapper-clone brz-css-q6asxs\">\n<div class=\"brz-d-xs-flex brz-flex-xs-wrap brz-css-nda6wg brz-css-d3f7gl\" data-brz-custom-id=\"\">\n<div class=\"brz-wrapper-clone__item\" id=\"bpzszcvrymmnaxgdonyzkugdozxavhsgxffu\">\n<div class=\"brz-icon__container\" data-brz-custom-id=\"bpzszcvrymmnaxgdonyzkugdozxavhsgxffu\"><span class=\"brz-icon brz-span brz-css-1107xfq brz-css-el6px\"><\/span><\/div>\n<\/div>\n<\/div>\n<\/div>\n<\/div>\n<\/div>\n<\/div>\n<\/div>\n<\/div>\n<\/div>\n<\/section>\n<section id=\"_zdvlcnmephoobfbhzeksvuqymbfoaznwkmte\" class=\"brz-section brz-css-1ghl4vs\">\n<div class=\"brz-section__content brz-section--boxed brz-css-1m1w7xp brz-css-1lw6rb2\" data-brz-custom-id=\"ahcucsoepzxxxgmcqfpqeytjrhvolhxkuvyv\">\n<div class=\"brz-bg\">\n<div class=\"brz-bg-color\"><\/div>\n<\/div>\n<div class=\"brz-container brz-css-1jx8omi\">\n<div id=\"whitearea\" class=\"brz-row__container brz-css-1ybgs8i brz-css-5k53gt\" data-brz-custom-id=\"ycdbvqtdrkveerusgsfenjlvuhsfmdpchtpu\">\n<div class=\"brz-bg\">\n<div class=\"brz-bg-color\"><\/div>\n<\/div>\n<div class=\"brz-row brz-css-13d3f3y brz-css-ske3fu\">\n<div class=\"brz-columns brz-css-1tq4676 brz-css-e3vn45\" data-brz-custom-id=\"qekwvwypsnftfsvswoksdnsgeqbdelaaoivd\">\n<div class=\"brz-bg\"><\/div>\n<div class=\"brz-column__items brz-css-b7kri2 brz-css-8wjems\">\n<div id=\"\" class=\"brz-css-1ftsez6 brz-css-xk6f14 brz-wrapper\">\n<div class=\"brz-image brz-css-lki763 brz-css-1pik3mt\" data-brz-custom-id=\"gwcljecznknbqpmjgxhnklkpghfdhuxdeonw\"><img decoding=\"async\" class=\"brz-img\" src=\"https:\/\/findushealth.com\/fr?brizy_media=wp-9c8b30dc126ec1ebb0eb02aa4f33fc60.jpg&amp;brizy_crop=iW%3D544%26iH%3D817%26oX%3D0%26oY%3D218%26cW%3D544%26cH%3D543\" alt=\"\" loading=\"lazy\"><\/div>\n<\/div>\n<\/div>\n<\/div>\n<div class=\"brz-columns brz-css-1tq4676 brz-css-2jutyp\" data-brz-custom-id=\"ykmxzhwvfpdnhirlpuwyozgtrkhozfvdzdhy\">\n<div class=\"brz-bg\"><\/div>\n<div class=\"brz-column__items brz-css-b7kri2 brz-css-11072zl\">\n<div id=\"\" class=\"brz-css-1ftsez6 brz-css-ivw2jp brz-wrapper\">\n<div class=\"brz-rich-text brz-rich-text__custom brz-css-17i84hr\" data-brz-custom-id=\"yskulthansaelhqkiyrmgjqjytswtsfqfbtb\">\n<div data-brz-translate-text=\"1\">\n<p class=\"brz-fw-lg-700 brz-fss-lg-px brz-fs-lg-12 brz-ft-upload brz-ff-ymubgefsxldrywogxtzekrfkmzwinepjvqkm brz-tp-lg-empty brz-lh-lg-1_9 brz-ls-lg-0 brz-css-dw8j3\" data-uniq-id=\"yymny\" data-generated-css=\"brz-css-rikdk\"><span>TRAITEMENTS DENTAIRES<\/span><\/p>\n<\/div>\n<\/div>\n<\/div>\n<div id=\"\" class=\"brz-css-1ftsez6 brz-css-4gb2fr brz-wrapper\">\n<div class=\"brz-rich-text brz-rich-text__custom brz-css-17i84hr\" data-brz-custom-id=\"tkvvvwagmrwytkehhqlrdqhfqmxrpiyuqrom\">\n<div data-brz-translate-text=\"1\">\n<p class=\"brz-fss-lg-px brz-fw-lg-400 brz-ls-lg-0 brz-lh-lg-1_9 brz-tp-lg-empty brz-ff-enqmzdbzxbgylolsjadsfjxunpbkpfxobhlf brz-ft-upload brz-fs-lg-18 brz-css-o2YBo\" data-uniq-id=\"sspfg\" data-generated-css=\"brz-css-bkmhc\"><strong>FACETTES E-MAX<\/strong><\/p>\n<\/div>\n<\/div>\n<\/div>\n<div id=\"\" class=\"brz-css-1ftsez6 brz-wrapper\">\n<div class=\"brz-rich-text brz-rich-text__custom brz-css-17i84hr\" data-brz-custom-id=\"nbnvvgbvwrcgweotplohhsazeknfuuvgvdbk\">\n<div data-brz-translate-text=\"1\">\n<p class=\"brz-mb-lg-20 brz-tp-lg-empty brz-ff-enqmzdbzxbgylolsjadsfjxunpbkpfxobhlf brz-ft-upload brz-fs-lg-20 brz-fss-lg-px brz-fw-lg-400 brz-ls-lg-0 brz-lh-lg-1_9 brz-css-lGzel\" data-generated-css=\"brz-css-tvjaw\" data-uniq-id=\"lrtkj\"><span>Ces facettes sont fabriqu\u00e9es \u00e0 partir de porcelaine \u00e0 haute r\u00e9sistance et fabriqu\u00e9es sur mesure pour chaque patient. <\/span><\/p>\n<\/div>\n<\/div>\n<\/div>\n<div id=\"\" class=\"brz-css-1ftsez6 brz-wrapper\">\n<div class=\"brz-rich-text brz-rich-text__custom brz-css-17i84hr\" data-brz-custom-id=\"fhredylgarjysrtpropqwbjoykxmvkjrnjgb\">\n<div data-brz-translate-text=\"1\">\n<p class=\"brz-lh-lg-1_9 brz-ls-lg-0 brz-fw-lg-400 brz-fss-lg-px brz-fs-lg-16 brz-ft-upload brz-ff-ymubgefsxldrywogxtzekrfkmzwinepjvqkm brz-tp-lg-empty brz-mb-lg-20 brz-css-nfoFt\" data-generated-css=\"brz-css-mzmlj\" data-uniq-id=\"kevxf\"><span>Les facettes Emax sont en couches minces et coll\u00e9es \u00e0 la surface avant de la dent. Cela am\u00e9liore \u00e0 la fois la fonction et l\u2019apparence des dents. Ils sont capables de r\u00e9soudre de nombreux probl\u00e8mes esth\u00e9tiques.<\/span><\/p>\n<p class=\"brz-mb-lg-20 brz-tp-lg-empty brz-ff-ymubgefsxldrywogxtzekrfkmzwinepjvqkm brz-ft-upload brz-fs-lg-16 brz-fss-lg-px brz-fw-lg-400 brz-ls-lg-0 brz-lh-lg-1_9 brz-css-iXfvX\" data-generated-css=\"brz-css-iajoh\" data-uniq-id=\"ifvun\"><span class=\"brz-cp-color2\">Voici quelques-uns d\u2019entre eux :<\/span><\/p>\n<ol>\n<li data-generated-css=\"brz-css-viwdc\" data-uniq-id=\"rimce\" class=\"brz-mb-lg-20 brz-tp-lg-empty brz-ff-ymubgefsxldrywogxtzekrfkmzwinepjvqkm brz-ft-upload brz-fs-lg-16 brz-fss-lg-px brz-fw-lg-400 brz-ls-lg-0 brz-lh-lg-1_9 brz-css-sLLbP\"><span class=\"brz-cp-color2\"> Forme de dent irr\u00e9guli\u00e8re<\/span><\/li>\n<li data-generated-css=\"brz-css-srymm\" data-uniq-id=\"taydg\" class=\"brz-mb-lg-20 brz-tp-lg-empty brz-ff-ymubgefsxldrywogxtzekrfkmzwinepjvqkm brz-ft-upload brz-fs-lg-16 brz-fss-lg-px brz-fw-lg-400 brz-ls-lg-0 brz-lh-lg-1_9 brz-css-bfC3S\"><span class=\"brz-cp-color2\">Pigmentation ou d\u00e9faut de couleur de l\u2019\u00e9mail<\/span><\/li>\n<li data-generated-css=\"brz-css-zxbwb\" data-uniq-id=\"lakbo\" class=\"brz-mb-lg-20 brz-tp-lg-empty brz-ff-ymubgefsxldrywogxtzekrfkmzwinepjvqkm brz-ft-upload brz-fs-lg-16 brz-fss-lg-px brz-fw-lg-400 brz-ls-lg-0 brz-lh-lg-1_9 brz-css-fQPkx\"><span class=\"brz-cp-color2\">Fissures et \u00e9clats sur les dents<\/span><\/li>\n<li data-generated-css=\"brz-css-umqtv\" data-uniq-id=\"zejcs\" class=\"brz-mb-lg-20 brz-tp-lg-empty brz-ff-ymubgefsxldrywogxtzekrfkmzwinepjvqkm brz-ft-upload brz-fs-lg-16 brz-fss-lg-px brz-fw-lg-400 brz-ls-lg-0 brz-lh-lg-1_9 brz-css-hXhBO\"><span class=\"brz-cp-color2\">Espaces entre les dents<\/span><\/li>\n<li data-generated-css=\"brz-css-ludjn\" data-uniq-id=\"axbyo\" class=\"brz-mb-lg-20 brz-tp-lg-empty brz-ff-ymubgefsxldrywogxtzekrfkmzwinepjvqkm brz-ft-upload brz-fs-lg-16 brz-fss-lg-px brz-fw-lg-400 brz-ls-lg-0 brz-lh-lg-1_9 brz-css-t75r0\"><span class=\"brz-cp-color2\">Garnitures obsol\u00e8tes et d\u00e9color\u00e9es<\/span><\/li>\n<li class=\"brz-mb-lg-20 brz-tp-lg-empty brz-ff-ymubgefsxldrywogxtzekrfkmzwinepjvqkm brz-ft-upload brz-fs-lg-16 brz-fss-lg-px brz-fw-lg-400 brz-ls-lg-0 brz-lh-lg-1_9 brz-css-nqm7m\" data-generated-css=\"brz-css-fihnz\" data-uniq-id=\"bqblq\"><span class=\"brz-cp-color2\">\u00c9mail sensible<\/span><\/li>\n<\/ol>\n<\/div>\n<\/div>\n<\/div>\n<\/div>\n<\/div>\n<\/div>\n<\/div>\n<\/div>\n<\/div>\n<\/section>\n<\/div>\n<p>    <!-- version:1738252616 --><\/p>\n","protected":false},"excerpt":{"rendered":"<p>FACETTES E-MAX Find Us Health TRAITEMENTS DENTAIRES FACETTES E-MAX Ces facettes sont fabriqu\u00e9es \u00e0 partir de porcelaine \u00e0 haute r\u00e9sistance et fabriqu\u00e9es sur mesure pour chaque patient. Les facettes Emax sont en couches minces et coll\u00e9es \u00e0 la surface avant de la dent. Cela am\u00e9liore \u00e0 la fois la fonction et l\u2019apparence des dents. Ils [&hellip;]<\/p>\n","protected":false},"author":3,"featured_media":0,"parent":1101,"menu_order":0,"comment_status":"closed","ping_status":"closed","template":"","meta":{"footnotes":""},"class_list":["post-11574","page","type-page","status-publish","hentry"],"blocksy_meta":[],"_links":{"self":[{"href":"https:\/\/findushealth.com\/fr\/wp-json\/wp\/v2\/pages\/11574","targetHints":{"allow":["GET"]}}],"collection":[{"href":"https:\/\/findushealth.com\/fr\/wp-json\/wp\/v2\/pages"}],"about":[{"href":"https:\/\/findushealth.com\/fr\/wp-json\/wp\/v2\/types\/page"}],"author":[{"embeddable":true,"href":"https:\/\/findushealth.com\/fr\/wp-json\/wp\/v2\/users\/3"}],"replies":[{"embeddable":true,"href":"https:\/\/findushealth.com\/fr\/wp-json\/wp\/v2\/comments?post=11574"}],"version-history":[{"count":0,"href":"https:\/\/findushealth.com\/fr\/wp-json\/wp\/v2\/pages\/11574\/revisions"}],"up":[{"embeddable":true,"href":"https:\/\/findushealth.com\/fr\/wp-json\/wp\/v2\/pages\/1101"}],"wp:attachment":[{"href":"https:\/\/findushealth.com\/fr\/wp-json\/wp\/v2\/media?parent=11574"}],"curies":[{"name":"wp","href":"https:\/\/api.w.org\/{rel}","templated":true}]}}