{"id":11628,"date":"2023-02-25T00:38:59","date_gmt":"2023-02-24T21:38:59","guid":{"rendered":"https:\/\/aslhealth.vl-staging.com\/procedures\/dental-treatments\/zirconium-crowns-2\/"},"modified":"2025-02-02T01:17:56","modified_gmt":"2025-02-01T22:17:56","slug":"zirconium-crowns-2","status":"publish","type":"page","link":"https:\/\/findushealth.com\/fr\/procedures\/dental-treatments\/zirconium-crowns-2\/","title":{"rendered":"Zirconium Crowns"},"content":{"rendered":"<div class=\"brz-root__container brz-reset-all brz brz-root__container-page\">\n<section id=\"_syadqlvomdhtafvaevenlzqwhecfvoabwsdj\" class=\"brz-section brz-css-v3ja9t\">\n<div class=\"brz-section__content brz-section--boxed brz-css-1j74vbr brz-css-lpvjcw\" data-brz-custom-id=\"cnakhkqzqfsmpjgttodizlorihphicjybfrx\">\n<div class=\"brz-bg\">\n<div class=\"brz-bg-color\"><\/div>\n<\/div>\n<div class=\"brz-container brz-css-11c0yho\">\n<div id=\"\" class=\"brz-css-uwk3gm brz-css-p7vx9t brz-wrapper\">\n<div class=\"brz-line brz-line-default brz-css-cgldlg brz-css-slw7wh\" data-brz-custom-id=\"qlifltpzjmanrvfbmygxuvhjhmfmpaagruca\">\n<hr class=\"brz-hr\"><\/div>\n<\/div>\n<div id=\"\" class=\"brz-css-uwk3gm brz-css-1p0mak4 brz-css-1ht6t28 brz-wrapper\">\n<div class=\"brz-spacer brz-css-m0ukra brz-css-5an3m1\"><\/div>\n<\/div>\n<div class=\"brz-row__container brz-css-k4e8nw brz-css-xsdjzh\" data-brz-custom-id=\"npokdkbioqypwgzaihjyafpjiryygadydxbk\">\n<div class=\"brz-bg\"><\/div>\n<div class=\"brz-row brz-css-fdu0aq brz-css-1ip932q\">\n<div class=\"brz-columns brz-css-159tzft brz-css-mf50v0\" data-brz-custom-id=\"xdqovzxnrghqwicszavqevonrawzyxaakngf\">\n<div class=\"brz-bg\"><\/div>\n<div class=\"brz-column__items brz-css-36r3zj brz-css-1c8ek9e\">\n<div id=\"\" class=\"brz-css-uwk3gm brz-wrapper\">\n<div class=\"brz-rich-text brz-rich-text__custom brz-css-1yznhs2\" data-brz-custom-id=\"japoekvetnlymfehfdvlxicuznpxagvcfbgp\">\n<div data-brz-translate-text=\"1\">\n<h3 class=\"brz-tp-lg-heading3 brz-text-xs-center brz-css-uN0o7\" data-uniq-id=\"iaeke\" data-generated-css=\"brz-css-bfnfj\"><strong>COURONNES EN ZIRCONE<\/strong><\/h3>\n<\/div>\n<\/div>\n<\/div>\n<div id=\"\" class=\"brz-css-uwk3gm brz-wrapper\">\n<div class=\"brz-rich-text brz-rich-text__custom brz-css-1yznhs2\" data-brz-custom-id=\"sbtkdgmcszycjbpkzbfplxwcruowwjgropty\">\n<div data-brz-translate-text=\"1\">\n<h4 class=\"brz-tp-lg-heading4 brz-text-xs-center brz-css-tbBTs\" data-generated-css=\"brz-css-cfuhq\" data-uniq-id=\"qrqar\"><span>Find Us Health<\/span><\/h4>\n<\/div>\n<\/div>\n<\/div>\n<\/div>\n<\/div>\n<div class=\"brz-columns brz-css-159tzft brz-css-4nx2v6\" data-brz-custom-id=\"wtgnfgoxesqryvfhnjcmgcsdgduuifzssgmq\">\n<div class=\"brz-bg\"><\/div>\n<div class=\"brz-column__items brz-css-36r3zj brz-css-13akto7\">\n<div class=\"brz-wrapper-clone brz-css-t10ikm\">\n<div class=\"brz-d-xs-flex brz-flex-xs-wrap brz-css-fhuwc4 brz-css-1v25c3s\" data-brz-custom-id=\"\">\n<div class=\"brz-wrapper-clone__item\" id=\"fjbrtelzzwfwwmeuuxnmnfrupdnmikeiuyes\">\n<div class=\"brz-icon__container\" data-brz-custom-id=\"fjbrtelzzwfwwmeuuxnmnfrupdnmikeiuyes\"><span class=\"brz-icon brz-span brz-css-8yk3m4 brz-css-9o6x9j\"><\/span><\/div>\n<\/div>\n<\/div>\n<\/div>\n<\/div>\n<\/div>\n<\/div>\n<\/div>\n<\/div>\n<\/div>\n<\/section>\n<section id=\"_jfasfautmpffgiuyvouiovwltiheexiqyvgc\" class=\"brz-section brz-css-v3ja9t\">\n<div class=\"brz-section__content brz-section--boxed brz-css-1j74vbr brz-css-1h4bpp4\" data-brz-custom-id=\"czvqnevblrzguqeedomtwdqecihyomleqpql\">\n<div class=\"brz-bg\">\n<div class=\"brz-bg-color\"><\/div>\n<\/div>\n<div class=\"brz-container brz-css-11c0yho\">\n<div id=\"whitearea\" class=\"brz-row__container brz-css-k4e8nw brz-css-1th9z2e\" data-brz-custom-id=\"corqqzdiggsplqcrvywjdoyvpjzljewyhiwz\">\n<div class=\"brz-bg\">\n<div class=\"brz-bg-color\"><\/div>\n<\/div>\n<div class=\"brz-row brz-css-fdu0aq brz-css-37spuk\">\n<div class=\"brz-columns brz-css-159tzft brz-css-1addq5g\" data-brz-custom-id=\"fgciprescovemclyqrrrrhcemokrvvycpmts\">\n<div class=\"brz-bg\"><\/div>\n<div class=\"brz-column__items brz-css-36r3zj brz-css-rtdt66\">\n<div id=\"\" class=\"brz-css-uwk3gm brz-css-1bubuys brz-wrapper\">\n<div class=\"brz-image brz-css-g2tw2j brz-css-1cp1at9\" data-brz-custom-id=\"ewgdkdvpsibkhdionzesqoqzxrhtsnsbrexu\"><img decoding=\"async\" class=\"brz-img\" src=\"https:\/\/findushealth.com\/fr?brizy_media=wp-9271efb5ae5e9f687df692334c5efbe9.jpg&amp;brizy_crop=iW%3D675%26iH%3D450%26oX%3D0%26oY%3D0%26cW%3D544%26cH%3D450\" alt=\"\" loading=\"lazy\"><\/div>\n<\/div>\n<\/div>\n<\/div>\n<div class=\"brz-columns brz-css-159tzft brz-css-1bkdsdj\" data-brz-custom-id=\"hmhqtlezphmhqekejxfmgqrxtnppcwzsmqvj\">\n<div class=\"brz-bg\"><\/div>\n<div class=\"brz-column__items brz-css-36r3zj brz-css-1kt19ku\">\n<div id=\"\" class=\"brz-css-uwk3gm brz-css-1ktbv1e brz-wrapper\">\n<div class=\"brz-rich-text brz-rich-text__custom brz-css-1yznhs2\" data-brz-custom-id=\"cnhgomrhpktivhlkapdppgitktyleiimitxc\">\n<div data-brz-translate-text=\"1\">\n<p class=\"brz-ls-lg-0 brz-lh-lg-1_9 brz-tp-lg-empty brz-ff-ymubgefsxldrywogxtzekrfkmzwinepjvqkm brz-ft-upload brz-fs-lg-12 brz-fss-lg-px brz-fw-lg-700 brz-css-cO41S\" data-generated-css=\"brz-css-yecqn\" data-uniq-id=\"svhoq\"><span class=\"brz-cp-color7\">TRAITEMENTS DENTAIRES<\/span><\/p>\n<\/div>\n<\/div>\n<\/div>\n<div id=\"\" class=\"brz-css-uwk3gm brz-css-1h5xovr brz-wrapper\">\n<div class=\"brz-rich-text brz-rich-text__custom brz-css-1yznhs2\" data-brz-custom-id=\"qukskgeuvswbtoexcyzjzpaaygogrgfnkafm\">\n<div data-brz-translate-text=\"1\">\n<p class=\"brz-fs-lg-20 brz-ft-upload brz-ff-ymubgefsxldrywogxtzekrfkmzwinepjvqkm brz-tp-lg-empty brz-lh-lg-1_9 brz-ls-lg-0 brz-fw-lg-400 brz-fss-lg-px brz-css-naLAe\" data-generated-css=\"brz-css-ygxmd\" data-uniq-id=\"jvqjb\"><strong>COURONNES EN ZIRCONE<\/strong><\/p>\n<\/div>\n<\/div>\n<\/div>\n<div id=\"\" class=\"brz-css-uwk3gm brz-wrapper\">\n<div class=\"brz-rich-text brz-rich-text__custom brz-css-1yznhs2\" data-brz-custom-id=\"kpkpaatgqfrvjruqhnqiceqooamudsjnbqyp\">\n<div data-brz-translate-text=\"1\">\n<p class=\"brz-mb-lg-20 brz-tp-lg-empty brz-ff-enqmzdbzxbgylolsjadsfjxunpbkpfxobhlf brz-ft-upload brz-fs-lg-20 brz-fss-lg-px brz-fw-lg-400 brz-ls-lg-0 brz-lh-lg-1_9 brz-css-g3eqU\" data-generated-css=\"brz-css-qgyyr\" data-uniq-id=\"khjek\"><span>Le zircone est tr\u00e8s esth\u00e9tique et tr\u00e8s r\u00e9sistant. Avec l\u2019aide de couronnes en zircone, nous obtenons des solutions tr\u00e8s esth\u00e9tiques et persistantes, \u00e0 peine distinguables des dents naturelles. <\/span><\/p>\n<\/div>\n<\/div>\n<\/div>\n<div id=\"\" class=\"brz-css-uwk3gm brz-wrapper\">\n<div class=\"brz-rich-text brz-rich-text__custom brz-css-1yznhs2\" data-brz-custom-id=\"hnousnakderbfmbzryfyisadnvvfdibogyti\">\n<div data-brz-translate-text=\"1\">\n<p class=\"brz-lh-lg-1_9 brz-ls-lg-0 brz-fw-lg-400 brz-fss-lg-px brz-fs-lg-16 brz-ft-upload brz-ff-ymubgefsxldrywogxtzekrfkmzwinepjvqkm brz-tp-lg-empty brz-mb-lg-20 brz-css-p5ZKI\" data-generated-css=\"brz-css-btoax\" data-uniq-id=\"uahxc\"><span>Contrairement aux obturations et aux mat\u00e9riaux composites, les couronnes en zirconium ne pr\u00e9sentent pas de taches. La base en c\u00e9ramique laisse passer la lumi\u00e8re, ce qui donne un aspect naturel et esth\u00e9tique.<\/span><\/p>\n<p class=\"brz-lh-lg-1_9 brz-ls-lg-0 brz-fw-lg-400 brz-fss-lg-px brz-fs-lg-16 brz-ft-upload brz-ff-ymubgefsxldrywogxtzekrfkmzwinepjvqkm brz-tp-lg-empty brz-mb-lg-20 brz-css-cgDkH\" data-generated-css=\"brz-css-omrvl\" data-uniq-id=\"ebgbe\"><span>Le zircone avait des caract\u00e9ristiques biologiques et anti-allerg\u00e8nes. Par cons\u00e9quent, il peut \u00e9galement \u00eatre utilis\u00e9 pour les patients allergiques au m\u00e9tal.<\/span><\/p>\n<p class=\"brz-lh-lg-1_9 brz-ls-lg-0 brz-fw-lg-400 brz-fss-lg-px brz-fs-lg-16 brz-ft-upload brz-ff-ymubgefsxldrywogxtzekrfkmzwinepjvqkm brz-tp-lg-empty brz-mb-lg-20 brz-css-uUU0p\" data-generated-css=\"brz-css-kpdvo\" data-uniq-id=\"jmwul\"><span>Dur\u00e9e du traitement 4 \u2013 7 jours<\/span><\/p>\n<p class=\"brz-lh-lg-1_9 brz-ls-lg-0 brz-fw-lg-400 brz-fss-lg-px brz-fs-lg-16 brz-ft-upload brz-ff-ymubgefsxldrywogxtzekrfkmzwinepjvqkm brz-tp-lg-empty brz-mb-lg-20 brz-css-qI6PO\" data-generated-css=\"brz-css-xvnrc\" data-uniq-id=\"nrenh\"><strong class=\"brz-cp-color2\">Qui peut obtenir des couronnes en zircone ?<\/strong><\/p>\n<ul>\n<li class=\"brz-lh-lg-1_9 brz-ls-lg-0 brz-fw-lg-400 brz-fss-lg-px brz-fs-lg-16 brz-ft-upload brz-ff-ymubgefsxldrywogxtzekrfkmzwinepjvqkm brz-tp-lg-empty brz-mb-lg-20 brz-css-jger8\" data-generated-css=\"brz-css-zynab\" data-uniq-id=\"vjqgh\"><span>Patients souffrant d\u2019une perte de dents extr\u00eame<\/span><\/li>\n<li class=\"brz-lh-lg-1_9 brz-ls-lg-0 brz-fw-lg-400 brz-fss-lg-px brz-fs-lg-16 brz-ft-upload brz-ff-ymubgefsxldrywogxtzekrfkmzwinepjvqkm brz-tp-lg-empty brz-mb-lg-20 brz-css-ph6b5\" data-generated-css=\"brz-css-szhqt\" data-uniq-id=\"isrzo\"><span>Tout patient voulant obtenir un pont dentaire<\/span><\/li>\n<li class=\"brz-lh-lg-1_9 brz-ls-lg-0 brz-fw-lg-400 brz-fss-lg-px brz-fs-lg-16 brz-ft-upload brz-ff-ymubgefsxldrywogxtzekrfkmzwinepjvqkm brz-tp-lg-empty brz-mb-lg-20 brz-css-q10Cl\" data-generated-css=\"brz-css-yukdr\" data-uniq-id=\"tvhcn\"><span>Tout patient ayant des probl\u00e8mes avec leurs dents de devant<\/span><\/li>\n<li class=\"brz-lh-lg-1_9 brz-ls-lg-0 brz-fw-lg-400 brz-fss-lg-px brz-fs-lg-16 brz-ft-upload brz-ff-ymubgefsxldrywogxtzekrfkmzwinepjvqkm brz-tp-lg-empty brz-mb-lg-20 brz-css-mqo3x\" data-generated-css=\"brz-css-eigtv\" data-uniq-id=\"ogwzy\"><span>Ceux et celles recherchant la meilleure solution esth\u00e9tique possible<\/span><\/li>\n<li class=\"brz-lh-lg-1_9 brz-ls-lg-0 brz-fw-lg-400 brz-fss-lg-px brz-fs-lg-16 brz-ft-upload brz-ff-ymubgefsxldrywogxtzekrfkmzwinepjvqkm brz-tp-lg-empty brz-mb-lg-20 brz-css-pd5GC\" data-generated-css=\"brz-css-kjpha\" data-uniq-id=\"dfsts\"><span>Ceux et celles qui sont allergiques au metal<\/span><\/li>\n<\/ul>\n<\/div>\n<\/div>\n<\/div>\n<\/div>\n<\/div>\n<\/div>\n<\/div>\n<\/div>\n<\/div>\n<\/section>\n<\/div>\n<p>    <!-- version:1738448276 --><\/p>\n","protected":false},"excerpt":{"rendered":"<p>COURONNES EN ZIRCONE Find Us Health TRAITEMENTS DENTAIRES COURONNES EN ZIRCONE Le zircone est tr\u00e8s esth\u00e9tique et tr\u00e8s r\u00e9sistant. Avec l\u2019aide de couronnes en zircone, nous obtenons des solutions tr\u00e8s esth\u00e9tiques et persistantes, \u00e0 peine distinguables des dents naturelles. Contrairement aux obturations et aux mat\u00e9riaux composites, les couronnes en zirconium ne pr\u00e9sentent pas de taches. [&hellip;]<\/p>\n","protected":false},"author":3,"featured_media":0,"parent":1101,"menu_order":0,"comment_status":"closed","ping_status":"closed","template":"","meta":{"footnotes":""},"class_list":["post-11628","page","type-page","status-publish","hentry"],"blocksy_meta":[],"_links":{"self":[{"href":"https:\/\/findushealth.com\/fr\/wp-json\/wp\/v2\/pages\/11628","targetHints":{"allow":["GET"]}}],"collection":[{"href":"https:\/\/findushealth.com\/fr\/wp-json\/wp\/v2\/pages"}],"about":[{"href":"https:\/\/findushealth.com\/fr\/wp-json\/wp\/v2\/types\/page"}],"author":[{"embeddable":true,"href":"https:\/\/findushealth.com\/fr\/wp-json\/wp\/v2\/users\/3"}],"replies":[{"embeddable":true,"href":"https:\/\/findushealth.com\/fr\/wp-json\/wp\/v2\/comments?post=11628"}],"version-history":[{"count":0,"href":"https:\/\/findushealth.com\/fr\/wp-json\/wp\/v2\/pages\/11628\/revisions"}],"up":[{"embeddable":true,"href":"https:\/\/findushealth.com\/fr\/wp-json\/wp\/v2\/pages\/1101"}],"wp:attachment":[{"href":"https:\/\/findushealth.com\/fr\/wp-json\/wp\/v2\/media?parent=11628"}],"curies":[{"name":"wp","href":"https:\/\/api.w.org\/{rel}","templated":true}]}}