{"id":11826,"date":"2023-02-05T16:54:47","date_gmt":"2023-02-05T13:54:47","guid":{"rendered":"https:\/\/findushealth.com\/about\/hotels-transport\/"},"modified":"2025-02-01T03:59:50","modified_gmt":"2025-02-01T00:59:50","slug":"hotels-transport","status":"publish","type":"page","link":"https:\/\/findushealth.com\/fr\/about\/hotels-transport\/","title":{"rendered":"Hotels &amp; Transport"},"content":{"rendered":"<div class=\"brz-root__container brz-reset-all brz brz-root__container-page\">\n<section id=\"_srpurlybjfmyakjuxphjrudvqgsedhworqfz\" class=\"brz-section brz-css-12491zm\">\n<div class=\"brz-section__content brz-section--boxed brz-css-qvw9do brz-css-1jusnhr\" data-brz-custom-id=\"otywrsuxwnkzfvnkdlvueqnhoyxabvlpfjmq\">\n<div class=\"brz-bg\">\n<div class=\"brz-bg-color\"><\/div>\n<\/div>\n<div class=\"brz-container brz-css-crokxk\">\n<div id=\"\" class=\"brz-css-c3w555 brz-css-11fcltw brz-wrapper\">\n<div class=\"brz-line brz-line-default brz-css-3jz17l brz-css-1kdildu\" data-brz-custom-id=\"iwuqowfsfagxzxzrwbiosehgzmgotgepdihy\">\n<hr class=\"brz-hr\"><\/div>\n<\/div>\n<div id=\"\" class=\"brz-css-c3w555 brz-css-px4x5k brz-css-13xwlbz brz-wrapper\">\n<div class=\"brz-spacer brz-css-19jig3x brz-css-6h3bbi\"><\/div>\n<\/div>\n<div class=\"brz-row__container brz-css-1lykxn brz-css-qftztd\" data-brz-custom-id=\"rfxawpttpgmgvhmevmondenpnjgckrjlwpzd\">\n<div class=\"brz-bg\"><\/div>\n<div class=\"brz-row brz-css-13gu8w9 brz-css-1dlbs2\">\n<div class=\"brz-columns brz-css-16lv0m0 brz-css-mli6wr\" data-brz-custom-id=\"wpyvwcoprsyqhbtdlcmyhtueklcyufttxxet\">\n<div class=\"brz-bg\"><\/div>\n<div class=\"brz-column__items brz-css-qthn4w brz-css-1bmwwcg\">\n<div id=\"\" class=\"brz-css-c3w555 brz-wrapper\">\n<div class=\"brz-rich-text brz-rich-text__custom brz-css-1ht1k7o\" data-brz-custom-id=\"tatblmxuzbmjofuvtpokddyddgqxsuqmncji\">\n<div data-brz-translate-text=\"1\">\n<h2 class=\"brz-tp-lg-heading2 brz-css-zZoqO\" data-uniq-id=\"wmpgu\" data-generated-css=\"brz-css-sikiy\"><span>H\u00d4TELS&amp;TRANSPORTS<\/span><\/h2>\n<\/div>\n<\/div>\n<\/div>\n<div id=\"\" class=\"brz-css-c3w555 brz-wrapper\">\n<div class=\"brz-rich-text brz-rich-text__custom brz-css-1ht1k7o\" data-brz-custom-id=\"bgwnexsgxzxemyfavpjzjyfqcbztjveyuflg\">\n<div data-brz-translate-text=\"1\">\n<h4 class=\"brz-tp-lg-heading4 brz-css-grU86\" data-generated-css=\"brz-css-caxah\" data-uniq-id=\"opbuq\"><span>Find Us Health<\/span><\/h4>\n<\/div>\n<\/div>\n<\/div>\n<\/div>\n<\/div>\n<div class=\"brz-columns brz-css-16lv0m0 brz-css-trpjm0\" data-brz-custom-id=\"etstlpvpuwmwkfwtfuglebvlvbhtgsjrcpqj\">\n<div class=\"brz-bg\"><\/div>\n<div class=\"brz-column__items brz-css-qthn4w brz-css-1k62iop\">\n<div class=\"brz-wrapper-clone brz-css-543hgd\">\n<div class=\"brz-d-xs-flex brz-flex-xs-wrap brz-css-m35uq0 brz-css-15yki4o\" data-brz-custom-id=\"\">\n<div class=\"brz-wrapper-clone__item\" id=\"pmrlrtkvpukhbkjqzgqlcctxskvoqkfxgtes\">\n<div class=\"brz-icon__container\" data-brz-custom-id=\"pmrlrtkvpukhbkjqzgqlcctxskvoqkfxgtes\"><span class=\"brz-icon brz-span brz-css-1ib2881 brz-css-d2zsr0\"><\/span><\/div>\n<\/div>\n<\/div>\n<\/div>\n<\/div>\n<\/div>\n<\/div>\n<\/div>\n<\/div>\n<\/div>\n<\/section>\n<section id=\"_pdogrlqpetwdmeufggqlnfzzytrfupsybhot\" class=\"brz-section brz-css-12491zm\">\n<div class=\"brz-section__content brz-section--boxed brz-css-qvw9do\" data-brz-custom-id=\"qdczzkdespeyevjipkghazkutywnirpyhucu\">\n<div class=\"brz-container brz-css-crokxk\">\n<div id=\"\" class=\"brz-css-c3w555 brz-wrapper\">\n<div class=\"brz-rich-text brz-rich-text__custom brz-css-1ht1k7o\" data-brz-custom-id=\"nmovatsdzfdojvzhblbzduzyzztpgdvbypej\">\n<div data-brz-translate-text=\"1\">\n<h3 class=\"brz-text-lg-center brz-tp-lg-heading3 ql-align-center brz-css-qiJYo\" data-generated-css=\"brz-css-kjsej\" data-uniq-id=\"krbrs\"><strong class=\"brz-cp-color7\">Nos H\u00f4tels<\/strong><\/h3>\n<\/div>\n<\/div>\n<\/div>\n<div class=\"brz-row__container brz-css-1lykxn\" data-brz-custom-id=\"sntjtdklqpdhopotsvuqtiqywpkejfurscqt\">\n<div class=\"brz-bg\"><\/div>\n<div class=\"brz-row brz-css-13gu8w9\">\n<div class=\"brz-columns brz-css-16lv0m0 brz-css-rm359m\" data-brz-custom-id=\"josrujaydkdkaqrzgjxhexhpzafhplzodyiy\">\n<div class=\"brz-bg\"><\/div>\n<div class=\"brz-column__items brz-css-qthn4w\"><\/div>\n<\/div>\n<div class=\"brz-columns brz-css-16lv0m0 brz-css-wi12b4\" data-brz-custom-id=\"sayizzlgvyzybsfkkwsjivnzrrngdtzpcqfz\">\n<div class=\"brz-bg\"><\/div>\n<div class=\"brz-column__items brz-css-qthn4w brz-css-vbxoll\">\n<div id=\"\" class=\"brz-css-c3w555 brz-wrapper\">\n<div class=\"brz-image brz-css-2tvdjs brz-css-1e28f8t\" data-brz-custom-id=\"nlezimkgrskfebfekxzldubrqvzvnzdifwyt\"><img decoding=\"async\" class=\"brz-img\" src=\"https:\/\/findushealth.com\/fr?brizy_media=wp-e4f9c3020ffc37224ee4b09cbd4886b8.jpg&amp;brizy_crop=original\" alt=\"\" loading=\"lazy\"><\/div>\n<\/div>\n<div id=\"\" class=\"brz-css-c3w555 brz-wrapper\">\n<div class=\"brz-rich-text brz-rich-text__custom brz-css-1ht1k7o\" data-brz-custom-id=\"aagzeputwwivuokkeeugpuwqtxyhmqudvbce\">\n<div data-brz-translate-text=\"1\">\n<h3 class=\"brz-text-lg-center brz-tp-lg-heading3 ql-align-center brz-css-q4W2Q\" data-generated-css=\"brz-css-ohmzb\" data-uniq-id=\"znlvr\"><strong class=\"brz-cp-color7\" style=\"background-color: initial\">H\u00f4tel Best Western Khan<\/strong><\/h3>\n<\/div>\n<\/div>\n<\/div>\n<div id=\"\" class=\"brz-css-c3w555 brz-wrapper\">\n<div class=\"brz-rich-text brz-rich-text__custom brz-css-1ht1k7o\" data-brz-custom-id=\"eowrkepndbrxrgrxtvmvsreyigdvlnrzxcwb\">\n<div data-brz-translate-text=\"1\">\n<p class=\"brz-text-lg-center brz-tp-lg-paragraph brz-css-dI1JS\" data-uniq-id=\"sidxm\" data-generated-css=\"brz-css-xtdko\"><span class=\"brz-cp-color7\">TOUT INCLUS \u2022 5 \u00c9TOILES<\/span><\/p>\n<\/div>\n<\/div>\n<\/div>\n<div id=\"\" class=\"brz-css-c3w555 brz-wrapper\">\n<div class=\"brz-rich-text brz-rich-text__custom brz-css-1ht1k7o\" data-brz-custom-id=\"ztudsfqkxzwdynladclbgyzbgjrrkpoeecwa\">\n<div data-brz-translate-text=\"1\">\n<p class=\"brz-tp-lg-paragraph brz-text-lg-center brz-css-vgy2j\" data-uniq-id=\"offvz\" data-generated-css=\"brz-css-qhcgh\"><span class=\"brz-cp-color7\">Ad\u00e9quat pour ceux qui veulent \u00eatre au centre-ville Un service illimit\u00e9 sans compromis de qualit\u00e9. Nous trouvons toujours la solution \u00e0 tous vos besoins et attentes pour votre satisfaction. Soyez-en s\u00fbr.<\/span><\/p>\n<\/div>\n<\/div>\n<\/div>\n<div class=\"brz-wrapper-clone brz-css-543hgd\">\n<div class=\"brz-d-xs-flex brz-flex-xs-wrap brz-css-m35uq0\" data-brz-custom-id=\"\">\n<div class=\"brz-wrapper-clone__item\" id=\"iwjzzsfnrciufkiyjrwfkrecpxmoaqwgsdzi\"><a class=\"brz-a brz-btn brz-css-1re3ulr brz-css-uqew9r brz-css-1frtf35\" href=\"https:\/\/www.khanhotel.com\/tr\" target=\"_self\" rel=\"noopener\" data-brz-link-type=\"external\" data-brz-custom-id=\"iwjzzsfnrciufkiyjrwfkrecpxmoaqwgsdzi\"><span data-brz-translate-text=\"1\" class=\"brz-span brz-text__editor\">Voir plus<\/span><\/a><\/div>\n<\/div>\n<\/div>\n<\/div>\n<\/div>\n<div class=\"brz-columns brz-css-16lv0m0 brz-css-1k8bvey\" data-brz-custom-id=\"lldigdnhwrhtikxzniioluogbqjuxlocjazo\">\n<div class=\"brz-bg\"><\/div>\n<div class=\"brz-column__items brz-css-qthn4w brz-css-1q7ndd0\">\n<div id=\"\" class=\"brz-css-c3w555 brz-wrapper\">\n<div class=\"brz-image brz-css-zhbcqj brz-css-4ar51r\" data-brz-custom-id=\"pnqrgzvbgeuhqjpbakbfpxgzjnvvpwqupumt\"><img decoding=\"async\" class=\"brz-img\" src=\"https:\/\/findushealth.com\/fr?brizy_media=wp-cc140c7e89198ebb2032d1ec52f86c88.jpg&amp;brizy_crop=original\" alt=\"\" loading=\"lazy\"><\/div>\n<\/div>\n<div id=\"\" class=\"brz-css-c3w555 brz-wrapper\">\n<div class=\"brz-rich-text brz-rich-text__custom brz-css-1ht1k7o\" data-brz-custom-id=\"wsxhkusnbvlfzskqgjjkoqiicokqgduqmujs\">\n<div data-brz-translate-text=\"1\">\n<h3 class=\"brz-text-lg-center brz-tp-lg-heading3 ql-align-center brz-css-e5mmm\" data-generated-css=\"brz-css-kareo\" data-uniq-id=\"uywct\"><strong class=\"brz-cp-color7\" style=\"background-color: initial\">H\u00f4tel Bil\u00e9m<\/strong><\/h3>\n<\/div>\n<\/div>\n<\/div>\n<div id=\"\" class=\"brz-css-c3w555 brz-wrapper\">\n<div class=\"brz-rich-text brz-rich-text__custom brz-css-1ht1k7o\" data-brz-custom-id=\"kvtnhzkxpuykmvewveelmhbjfjrhhmwtzrcq\">\n<div data-brz-translate-text=\"1\">\n<p class=\"brz-tp-lg-paragraph brz-text-lg-center brz-css-nZsE5\" data-generated-css=\"brz-css-wmqga\" data-uniq-id=\"itupq\"><span class=\"brz-cp-color7\">TOUTINCLUS \u2022 5 \u00c9TOILES<\/span><\/p>\n<\/div>\n<\/div>\n<\/div>\n<div id=\"\" class=\"brz-css-c3w555 brz-wrapper\">\n<div class=\"brz-rich-text brz-rich-text__custom brz-css-1ht1k7o\" data-brz-custom-id=\"kcuwgxjvzobxvtzxoqeocubbkyivlmllwezq\">\n<div data-brz-translate-text=\"1\">\n<p class=\"brz-tp-lg-paragraph brz-text-lg-center brz-css-qLEUG\" data-uniq-id=\"lqzre\" data-generated-css=\"brz-css-udnqk\"><span class=\"brz-cp-color7\">Vous appr\u00e9cierez le confort et la tranquillit\u00e9 de l&rsquo;h\u00f4tel Bilem, qui offre une exp\u00e9rience inoubliable \u00e0 ses clients gr\u00e2ce \u00e0 son emplacement central et \u00e0 sa vue unique qui vous am\u00e8ne m\u00eame \u00e0 Olympos par temps clair.<\/span><\/p>\n<\/div>\n<\/div>\n<\/div>\n<div class=\"brz-wrapper-clone brz-css-543hgd\">\n<div class=\"brz-d-xs-flex brz-flex-xs-wrap brz-css-m35uq0\" data-brz-custom-id=\"\">\n<div class=\"brz-wrapper-clone__item\" id=\"kkjonugcbaxlurztaztqrmwxflgvusgjcszf\"><a class=\"brz-a brz-btn brz-css-1re3ulr brz-css-uqew9r brz-css-ry05tr\" href=\"https:\/\/www.bilemotel.com\/\" target=\"_self\" rel=\"noopener\" data-brz-link-type=\"external\" data-brz-custom-id=\"kkjonugcbaxlurztaztqrmwxflgvusgjcszf\"><span data-brz-translate-text=\"1\" class=\"brz-span brz-text__editor\">Voir plus<\/span><\/a><\/div>\n<\/div>\n<\/div>\n<\/div>\n<\/div>\n<div class=\"brz-columns brz-css-16lv0m0 brz-css-mnau4g\" data-brz-custom-id=\"nxdjnxpqwurcjhhzbjoddpkhrwttfcmvpfow\">\n<div class=\"brz-bg\"><\/div>\n<div class=\"brz-column__items brz-css-qthn4w\"><\/div>\n<\/div>\n<\/div>\n<\/div>\n<div id=\"\" class=\"brz-css-c3w555 brz-wrapper\">\n<div class=\"brz-line brz-line-default brz-css-3jz17l brz-css-97cb5s\" data-brz-custom-id=\"uybgtitkvtcedmjbhetresihowgekbvlstjb\">\n<hr class=\"brz-hr\"><\/div>\n<\/div>\n<div id=\"\" class=\"brz-css-c3w555 brz-wrapper\">\n<div class=\"brz-rich-text brz-rich-text__custom brz-css-1ht1k7o\" data-brz-custom-id=\"hlrwfowfpdsyngvoynxtpkintifscevrwyiu\">\n<div data-brz-translate-text=\"1\">\n<h3 class=\"brz-text-lg-center brz-tp-lg-heading3 ql-align-center brz-css-y8Pta\" data-generated-css=\"brz-css-mokoa\" data-uniq-id=\"vrjde\"><span class=\"brz-cp-color7\">Nos transports<\/span><\/h3>\n<\/div>\n<\/div>\n<\/div>\n<div class=\"brz-row__container brz-css-1lykxn\" data-brz-custom-id=\"daiwyqqegprjrlqhtbogmskzdixidstdaenl\">\n<div class=\"brz-bg\"><\/div>\n<div class=\"brz-row brz-css-13gu8w9\">\n<div class=\"brz-columns brz-css-16lv0m0 brz-css-1s3mhw6\" data-brz-custom-id=\"cfnvuhwxgfqpkstabmjtoswdtwpiefbxmbsw\">\n<div class=\"brz-bg\"><\/div>\n<div class=\"brz-column__items brz-css-qthn4w\"><\/div>\n<\/div>\n<div class=\"brz-columns brz-css-16lv0m0 brz-css-26pje5\" data-brz-custom-id=\"zglcxfpjkvqrfppjokwjqncpjetgvluoloav\">\n<div class=\"brz-bg\"><\/div>\n<div class=\"brz-column__items brz-css-qthn4w\">\n<div id=\"\" class=\"brz-css-c3w555 brz-wrapper\">\n<div class=\"brz-image brz-css-ub7a1c brz-css-1ymrb6c\" data-brz-custom-id=\"cmajiftyucwxeycwndasldpsoyflxrwtjunt\"><img decoding=\"async\" class=\"brz-img\" src=\"https:\/\/findushealth.com\/fr?brizy_media=wp-2be1f833b481e0a7c135c2b268536a9a.jpeg&amp;brizy_crop=original\" alt=\"\" loading=\"lazy\"><\/div>\n<\/div>\n<div id=\"\" class=\"brz-css-c3w555 brz-wrapper\">\n<div class=\"brz-rich-text brz-rich-text__custom brz-css-1ht1k7o\" data-brz-custom-id=\"eenctolisnbiqsgiubgjotoflrsenkttgfft\">\n<div data-brz-translate-text=\"1\">\n<h3 class=\"brz-text-lg-center brz-tp-lg-heading3 ql-align-center brz-css-cmbuq\" data-generated-css=\"brz-css-imnlq\" data-uniq-id=\"hxtxl\"><strong class=\"brz-cp-color7\" style=\"background-color: initial\">Tout pour votre confort<\/strong><\/h3>\n<\/div>\n<\/div>\n<\/div>\n<div id=\"\" class=\"brz-css-c3w555 brz-wrapper\">\n<div class=\"brz-rich-text brz-rich-text__custom brz-css-1ht1k7o\" data-brz-custom-id=\"qvcopkmcuzlaftceqrbajwlzzmhsupvyxaoq\">\n<div data-brz-translate-text=\"1\">\n<p class=\"brz-text-lg-center brz-tp-lg-paragraph brz-css-snkkB\" data-uniq-id=\"kpiud\" data-generated-css=\"brz-css-galmo\"><span class=\"brz-cp-color7\">9 VIP VAN \u2022 AVEC UN PERSONNEL PROFESSIONNEL<\/span><\/p>\n<\/div>\n<\/div>\n<\/div>\n<div id=\"\" class=\"brz-css-c3w555 brz-wrapper\">\n<div class=\"brz-rich-text brz-rich-text__custom brz-css-1ht1k7o\" data-brz-custom-id=\"hisukkxjnypsljvkycnkmqnfioshdxsadvyg\">\n<div data-brz-translate-text=\"1\">\n<p class=\"brz-tp-lg-paragraph brz-text-lg-center ql-align-justify brz-css-wSudv\" data-generated-css=\"brz-css-hmdom\" data-uniq-id=\"ulzkw\"><span class=\"brz-cp-color7\">Afin que nos clients soient plus \u00e0 l&rsquo;aise pendant leur traitement, nous fournissons un service avec notre \u00e9quipe professionnelle et des v\u00e9hicules VIP \u00e0 la pointe de la technologie lors de tous leurs voyages en Turquie.<\/span><\/p>\n<\/div>\n<\/div>\n<\/div>\n<div class=\"brz-wrapper-clone brz-css-543hgd\">\n<div class=\"brz-d-xs-flex brz-flex-xs-wrap brz-css-m35uq0\" data-brz-custom-id=\"\">\n<div class=\"brz-wrapper-clone__item\" id=\"ukadblkevzhznyijkyocxufqrjbmqnhjzrpp\"><a class=\"brz-a brz-btn brz-css-1re3ulr brz-css-uqew9r brz-css-1wx8hf5\" href=\"\" target=\"_self\" rel=\"noopener\" data-brz-link-type=\"external\" data-brz-custom-id=\"ukadblkevzhznyijkyocxufqrjbmqnhjzrpp\"><span data-brz-translate-text=\"1\" class=\"brz-span brz-text__editor\">Voir plus<\/span><\/a><\/div>\n<\/div>\n<\/div>\n<\/div>\n<\/div>\n<div class=\"brz-columns brz-css-16lv0m0 brz-css-6yzoky\" data-brz-custom-id=\"miakjzluupkepizehtplwtuinckbqetkmyhb\">\n<div class=\"brz-bg\"><\/div>\n<div class=\"brz-column__items brz-css-qthn4w\"><\/div>\n<\/div>\n<\/div>\n<\/div>\n<\/div>\n<\/div>\n<\/section>\n<\/div>\n<p>    <!-- version:1738371590 --><\/p>\n","protected":false},"excerpt":{"rendered":"<p>H\u00d4TELS&amp;TRANSPORTS Find Us Health Nos H\u00f4tels H\u00f4tel Best Western Khan TOUT INCLUS \u2022 5 \u00c9TOILES Ad\u00e9quat pour ceux qui veulent \u00eatre au centre-ville Un service illimit\u00e9 sans compromis de qualit\u00e9. Nous trouvons toujours la solution \u00e0 tous vos besoins et attentes pour votre satisfaction. Soyez-en s\u00fbr. Voir plus H\u00f4tel Bil\u00e9m TOUTINCLUS \u2022 5 \u00c9TOILES Vous [&hellip;]<\/p>\n","protected":false},"author":3,"featured_media":0,"parent":100,"menu_order":0,"comment_status":"closed","ping_status":"closed","template":"","meta":{"footnotes":""},"class_list":["post-11826","page","type-page","status-publish","hentry"],"blocksy_meta":{"styles_descriptor":{"styles":{"desktop":"","tablet":"","mobile":""},"google_fonts":[],"version":6}},"_links":{"self":[{"href":"https:\/\/findushealth.com\/fr\/wp-json\/wp\/v2\/pages\/11826","targetHints":{"allow":["GET"]}}],"collection":[{"href":"https:\/\/findushealth.com\/fr\/wp-json\/wp\/v2\/pages"}],"about":[{"href":"https:\/\/findushealth.com\/fr\/wp-json\/wp\/v2\/types\/page"}],"author":[{"embeddable":true,"href":"https:\/\/findushealth.com\/fr\/wp-json\/wp\/v2\/users\/3"}],"replies":[{"embeddable":true,"href":"https:\/\/findushealth.com\/fr\/wp-json\/wp\/v2\/comments?post=11826"}],"version-history":[{"count":0,"href":"https:\/\/findushealth.com\/fr\/wp-json\/wp\/v2\/pages\/11826\/revisions"}],"up":[{"embeddable":true,"href":"https:\/\/findushealth.com\/fr\/wp-json\/wp\/v2\/pages\/100"}],"wp:attachment":[{"href":"https:\/\/findushealth.com\/fr\/wp-json\/wp\/v2\/media?parent=11826"}],"curies":[{"name":"wp","href":"https:\/\/api.w.org\/{rel}","templated":true}]}}