{"id":11828,"date":"2023-02-05T16:53:46","date_gmt":"2023-02-05T13:53:46","guid":{"rendered":"https:\/\/findushealth.com\/about\/our-hospital\/"},"modified":"2025-02-01T01:11:19","modified_gmt":"2025-01-31T22:11:19","slug":"our-hospital","status":"publish","type":"page","link":"https:\/\/findushealth.com\/fr\/about\/our-hospital\/","title":{"rendered":"Our Hospital"},"content":{"rendered":"<div class=\"brz-root__container brz-reset-all brz brz-root__container-page\">\n<section id=\"_gaxdonhigrdxjqjcahybmvnobwccjccvizui\" class=\"brz-section brz-css-13b5avq\">\n<div class=\"brz-section__content brz-section--boxed brz-css-1bxk9tj brz-css-1aa3kgp\" data-brz-custom-id=\"xfnfiqbrofzkkzjmvpzgqrrhygtqtvstkcaq\">\n<div class=\"brz-bg\">\n<div class=\"brz-bg-color\"><\/div>\n<\/div>\n<div class=\"brz-container brz-css-yn9a98\">\n<div id=\"\" class=\"brz-css-1eafhdu brz-css-1kw1z6v brz-wrapper\">\n<div class=\"brz-line brz-line-default brz-css-1vsl7v6 brz-css-19zhnyg\" data-brz-custom-id=\"ctanixyygiejyzyfbzfhradjmhxwzdvxcvcb\">\n<hr class=\"brz-hr\"><\/div>\n<\/div>\n<div id=\"\" class=\"brz-css-1eafhdu brz-css-fhoszp brz-css-1ufm12z brz-wrapper\">\n<div class=\"brz-spacer brz-css-q8ibr brz-css-1v62azr\"><\/div>\n<\/div>\n<div class=\"brz-row__container brz-css-148p7z8 brz-css-bxzcc8\" data-brz-custom-id=\"vfkiixxdrgjotatelebqgbnhjwbvimfudtru\">\n<div class=\"brz-bg\"><\/div>\n<div class=\"brz-row brz-css-pkjj1y brz-css-1c1p895\">\n<div class=\"brz-columns brz-css-13bubtg brz-css-17wf9u6\" data-brz-custom-id=\"jzvmavjavkdguqlsbvldeitjrqndykdqigup\">\n<div class=\"brz-bg\"><\/div>\n<div class=\"brz-column__items brz-css-wg6anp brz-css-chaw7c\">\n<div id=\"\" class=\"brz-css-1eafhdu brz-wrapper\">\n<div class=\"brz-rich-text brz-rich-text__custom brz-css-1pbh4fz\" data-brz-custom-id=\"qfvspidcnqfuhlqodsbaqcjkhyqzqqpugzaa\">\n<div data-brz-translate-text=\"1\">\n<h2 class=\"brz-tp-lg-heading2 brz-css-r4GnE\" data-uniq-id=\"qlyjj\" data-generated-css=\"brz-css-jwmfl\">NOTE CENTRE HOSPITALIER<\/h2>\n<\/div>\n<\/div>\n<\/div>\n<div id=\"\" class=\"brz-css-1eafhdu brz-wrapper\">\n<div class=\"brz-rich-text brz-rich-text__custom brz-css-1pbh4fz\" data-brz-custom-id=\"szzsribjbrvsrnxprozjlqrcmhvvbhiaesla\">\n<div data-brz-translate-text=\"1\">\n<h4 class=\"brz-tp-lg-heading4 brz-css-bP77B\" data-generated-css=\"brz-css-xqazq\" data-uniq-id=\"ergkp\"><span>Find Us Health Center<\/span><\/h4>\n<\/div>\n<\/div>\n<\/div>\n<\/div>\n<\/div>\n<div class=\"brz-columns brz-css-13bubtg brz-css-rl3lqk\" data-brz-custom-id=\"ztzqdexvxtifggsblpcloatgwbsresgppgil\">\n<div class=\"brz-bg\"><\/div>\n<div class=\"brz-column__items brz-css-wg6anp brz-css-jam2q5\">\n<div class=\"brz-wrapper-clone brz-css-16e7af7\">\n<div class=\"brz-d-xs-flex brz-flex-xs-wrap brz-css-1hj9hzd brz-css-survau\" data-brz-custom-id=\"\">\n<div class=\"brz-wrapper-clone__item\" id=\"engbvygysxhgeounvyzuhvuvwrachtbxjnjf\">\n<div class=\"brz-icon__container\" data-brz-custom-id=\"engbvygysxhgeounvyzuhvuvwrachtbxjnjf\"><span class=\"brz-icon brz-span brz-css-s0nnai brz-css-d1d1eb\"><\/span><\/div>\n<\/div>\n<\/div>\n<\/div>\n<\/div>\n<\/div>\n<\/div>\n<\/div>\n<\/div>\n<\/div>\n<\/section>\n<section id=\"_sytvijxpmrcoidqxsoetejryckwxzlrkutez\" class=\"brz-section brz-css-13b5avq\">\n<div class=\"brz-section__content brz-section--boxed brz-css-1bxk9tj\" data-brz-custom-id=\"fzzfhpklwzzolygkbxjahcciqjtfjvlraejs\">\n<div class=\"brz-container brz-css-yn9a98\">\n<div class=\"brz-row__container brz-css-148p7z8\" data-brz-custom-id=\"zvcwedrvonqsawwurxrhmwurjjwznrbalnvh\">\n<div class=\"brz-bg\"><\/div>\n<div class=\"brz-row brz-css-pkjj1y\">\n<div class=\"brz-columns brz-css-13bubtg brz-css-lwwjti\" data-brz-custom-id=\"uodyggikunxbexcaredwkgchtbtitptsxmed\">\n<div class=\"brz-bg\"><\/div>\n<div class=\"brz-column__items brz-css-wg6anp\"><\/div>\n<\/div>\n<div class=\"brz-columns brz-css-13bubtg brz-css-1af59pr\" data-brz-custom-id=\"iejecgcgfzwcbrdxcwbrublgkvdjxmwwdxqr\">\n<div class=\"brz-bg\"><\/div>\n<div class=\"brz-column__items brz-css-wg6anp\">\n<div class=\"brz-row__container brz-css-148p7z8\" data-brz-custom-id=\"vslgnffnyawfueqwpqdubkvhjuavzcagrdqq\">\n<div class=\"brz-bg\"><\/div>\n<div class=\"brz-row brz-row--inner brz-css-pkjj1y\">\n<div class=\"brz-columns brz-css-13bubtg brz-css-rgh13k\" data-brz-custom-id=\"kjownskgfywlqggpycjxsvslqyubtirvxvgl\">\n<div class=\"brz-bg\"><\/div>\n<div class=\"brz-column__items brz-css-wg6anp\">\n<div id=\"\" class=\"brz-css-1eafhdu brz-wrapper\">\n<div class=\"brz-image brz-css-3r0ef1\" data-brz-custom-id=\"xbqygeqrmbwulaffzyreqgqbakzeucuxzqnq\"><img decoding=\"async\" class=\"brz-img\" src=\"https:\/\/findushealth.com\/fr?brizy_media=wp-5612aac13b15dfebb941a5557194dfbe.jpg&amp;brizy_crop=iW%3D258%26iH%3D388%26oX%3D0%26oY%3D6%26cW%3D258%26cH%3D376\" alt=\"\" loading=\"lazy\"><\/div>\n<\/div>\n<div id=\"\" class=\"brz-css-1eafhdu brz-wrapper\">\n<div class=\"brz-rich-text brz-rich-text__custom brz-css-1pbh4fz\" data-brz-custom-id=\"tvkbvexgfetfjxbomvstkjyoeeyzrykegfxw\">\n<div data-brz-translate-text=\"1\">\n<h1 class=\"brz-lh-lg-1_3 brz-ls-lg-m_1_5 brz-fw-lg-700 brz-fss-lg-px brz-fs-lg-45 brz-ft-upload brz-ff-enqmzdbzxbgylolsjadsfjxunpbkpfxobhlf brz-tp-lg-empty brz-text-lg-center brz-bcp-color7 brz-css-uQudo\" data-uniq-id=\"owtjs\" data-generated-css=\"brz-css-olppx\"><span class=\"brz-cp-color2\">CENTRE HOSPITALIER YA\u015eAM &#8211; LARA<\/span><\/h1>\n<\/div>\n<\/div>\n<\/div>\n<div id=\"\" class=\"brz-css-1eafhdu brz-wrapper\">\n<div class=\"brz-rich-text brz-rich-text__custom brz-css-1pbh4fz\" data-brz-custom-id=\"gaeqyuzleubshwslcjcyokwaldzqdhqksrux\">\n<div data-brz-translate-text=\"1\">\n<p class=\"brz-tp-lg-paragraph brz-css-iFHJ8\" data-generated-css=\"brz-css-sshwe\" data-uniq-id=\"diukf\"><span class=\"brz-cp-color7\">Notre objectif est de r\u00e9pondre aux besoins et aux demandes sanitaires de tous nos patients qui postulent \u00e0 notre h\u00f4pital et de veiller \u00e0 ce qu&rsquo;ils puissent avoir une vie plus saine, de meilleure qualit\u00e9, efficace et efficiente. Conform\u00e9ment \u00e0 cet objectif, nous visons \u00e0 offrir nos services m\u00e9dicaux \u00e0 chaque point de notre h\u00f4pital, avec la plus haute qualit\u00e9, bas\u00e9e sur des preuves et standard.<\/span><\/p>\n<\/div>\n<\/div>\n<\/div>\n<\/div>\n<\/div>\n<\/div>\n<\/div>\n<\/div>\n<\/div>\n<div class=\"brz-columns brz-css-13bubtg brz-css-h83xu\" data-brz-custom-id=\"eipwctvhobxzuadthkpoyxwbywgyujjwqqbx\">\n<div class=\"brz-bg\"><\/div>\n<div class=\"brz-column__items brz-css-wg6anp\"><\/div>\n<\/div>\n<\/div>\n<\/div>\n<\/div>\n<\/div>\n<\/section>\n<\/div>\n<p>    <!-- version:1738361479 --><\/p>\n","protected":false},"excerpt":{"rendered":"<p>NOTE CENTRE HOSPITALIER Find Us Health Center CENTRE HOSPITALIER YA\u015eAM &#8211; LARA Notre objectif est de r\u00e9pondre aux besoins et aux demandes sanitaires de tous nos patients qui postulent \u00e0 notre h\u00f4pital et de veiller \u00e0 ce qu&rsquo;ils puissent avoir une vie plus saine, de meilleure qualit\u00e9, efficace et efficiente. Conform\u00e9ment \u00e0 cet objectif, nous [&hellip;]<\/p>\n","protected":false},"author":3,"featured_media":0,"parent":100,"menu_order":0,"comment_status":"closed","ping_status":"closed","template":"","meta":{"footnotes":""},"class_list":["post-11828","page","type-page","status-publish","hentry"],"blocksy_meta":{"styles_descriptor":{"styles":{"desktop":"","tablet":"","mobile":""},"google_fonts":[],"version":6}},"_links":{"self":[{"href":"https:\/\/findushealth.com\/fr\/wp-json\/wp\/v2\/pages\/11828","targetHints":{"allow":["GET"]}}],"collection":[{"href":"https:\/\/findushealth.com\/fr\/wp-json\/wp\/v2\/pages"}],"about":[{"href":"https:\/\/findushealth.com\/fr\/wp-json\/wp\/v2\/types\/page"}],"author":[{"embeddable":true,"href":"https:\/\/findushealth.com\/fr\/wp-json\/wp\/v2\/users\/3"}],"replies":[{"embeddable":true,"href":"https:\/\/findushealth.com\/fr\/wp-json\/wp\/v2\/comments?post=11828"}],"version-history":[{"count":0,"href":"https:\/\/findushealth.com\/fr\/wp-json\/wp\/v2\/pages\/11828\/revisions"}],"up":[{"embeddable":true,"href":"https:\/\/findushealth.com\/fr\/wp-json\/wp\/v2\/pages\/100"}],"wp:attachment":[{"href":"https:\/\/findushealth.com\/fr\/wp-json\/wp\/v2\/media?parent=11828"}],"curies":[{"name":"wp","href":"https:\/\/api.w.org\/{rel}","templated":true}]}}