{"id":11832,"date":"2023-02-05T16:51:18","date_gmt":"2023-02-05T13:51:18","guid":{"rendered":"https:\/\/findushealth.com\/about\/who-we-are\/"},"modified":"2025-01-31T03:46:41","modified_gmt":"2025-01-31T00:46:41","slug":"who-we-are","status":"publish","type":"page","link":"https:\/\/findushealth.com\/fr\/about\/who-we-are\/","title":{"rendered":"Who We Are"},"content":{"rendered":"<div class=\"brz-root__container brz-reset-all brz brz-root__container-page\">\n<section id=\"_kfbsmkdxrhyrbeyyudbxuezjtsjafuovyroo\" class=\"brz-section brz-css-qqufsq\">\n<div class=\"brz-section__content brz-section--boxed brz-css-iwhlga brz-css-fnbbo3\" data-brz-custom-id=\"gdmgjruknmbnivsjutbnxgyjlmuaoaycigff\">\n<div class=\"brz-bg\">\n<div class=\"brz-bg-color\"><\/div>\n<\/div>\n<div class=\"brz-container brz-css-1om6y9k\">\n<div id=\"\" class=\"brz-css-q3j9nl brz-css-1b4b6hz brz-wrapper\">\n<div class=\"brz-line brz-line-default brz-css-18rlq0j brz-css-1c23n2r\" data-brz-custom-id=\"emtscqomfrizsxnzvsjfpqoujfsydnsuvdbc\">\n<hr class=\"brz-hr\"><\/div>\n<\/div>\n<div id=\"\" class=\"brz-css-q3j9nl brz-css-4hgaav brz-css-g8p3yt brz-wrapper\">\n<div class=\"brz-spacer brz-css-ethd1e brz-css-b8bi6p\"><\/div>\n<\/div>\n<div class=\"brz-row__container brz-css-gad3t5 brz-css-f68a1w\" data-brz-custom-id=\"avbfnhmihwqzxgoarhfqjupfcirywkcctowt\">\n<div class=\"brz-bg\"><\/div>\n<div class=\"brz-row brz-css-1e05pyk brz-css-8qnxph\">\n<div class=\"brz-columns brz-css-wxqp9j brz-css-1u7u66d\" data-brz-custom-id=\"oasvqczsgffdtnrorowijgljbwcdniuwkmkj\">\n<div class=\"brz-bg\"><\/div>\n<div class=\"brz-column__items brz-css-16f2un1 brz-css-useina\">\n<div id=\"\" class=\"brz-css-q3j9nl brz-wrapper\">\n<div class=\"brz-rich-text brz-rich-text__custom brz-css-safofj\" data-brz-custom-id=\"yhfbmpsqrafppflxavexqkpgmhtoqisiejym\">\n<div data-brz-translate-text=\"1\">\n<h2 class=\"brz-tp-lg-heading2 brz-css-lPzvQ\" data-uniq-id=\"qoirm\" data-generated-css=\"brz-css-ludju\"><span>QUI SOMMES-NOUS?<\/span><\/h2>\n<\/div>\n<\/div>\n<\/div>\n<div id=\"\" class=\"brz-css-q3j9nl brz-wrapper\">\n<div class=\"brz-rich-text brz-rich-text__custom brz-css-safofj\" data-brz-custom-id=\"wwmhrmtmhzggdlahaqneatcmoxjaxdfjdxtj\">\n<div data-brz-translate-text=\"1\">\n<h4 class=\"brz-tp-lg-heading4 brz-css-c7NOO\" data-uniq-id=\"yffyr\" data-generated-css=\"brz-css-ppqsx\"><strong>Find Us Health Center<\/strong><\/h4>\n<\/div>\n<\/div>\n<\/div>\n<\/div>\n<\/div>\n<div class=\"brz-columns brz-css-wxqp9j brz-css-1q9kljy\" data-brz-custom-id=\"ttonggkcxkkdouebrbwewnpghevzhvsormpu\">\n<div class=\"brz-bg\"><\/div>\n<div class=\"brz-column__items brz-css-16f2un1 brz-css-11uqk7y\">\n<div class=\"brz-wrapper-clone brz-css-17l56s3\">\n<div class=\"brz-d-xs-flex brz-flex-xs-wrap brz-css-sg8mve brz-css-14e1xpy\" data-brz-custom-id=\"\">\n<div class=\"brz-wrapper-clone__item\" id=\"nvagvchrwtldfnfcvhcundqdqkgzpmjfrtju\">\n<div class=\"brz-icon__container\" data-brz-custom-id=\"nvagvchrwtldfnfcvhcundqdqkgzpmjfrtju\"><span class=\"brz-icon brz-span brz-css-ewlqc7 brz-css-1sfp6vm\"><\/span><\/div>\n<\/div>\n<\/div>\n<\/div>\n<\/div>\n<\/div>\n<\/div>\n<\/div>\n<\/div>\n<\/div>\n<\/section>\n<section id=\"_lgmtkivxnzpnnywzipwtttmlzdyiqjytuech\" class=\"brz-section brz-css-qqufsq\">\n<div class=\"brz-section__content brz-section--boxed brz-css-iwhlga brz-css-1o316uu\" data-brz-custom-id=\"xmlnydxjqyphwsqrisszwwzbmrihawqdndhg\">\n<div class=\"brz-bg\">\n<div class=\"brz-bg-color\"><\/div>\n<\/div>\n<div class=\"brz-container brz-css-1om6y9k\">\n<div class=\"brz-row__container brz-css-gad3t5\" data-brz-custom-id=\"vedzxigvmgqlxkrrmmmkbycdfpiolaeoxjra\">\n<div class=\"brz-bg\"><\/div>\n<div class=\"brz-row brz-css-1e05pyk\">\n<div class=\"brz-columns brz-css-wxqp9j brz-css-eko5du\" data-brz-custom-id=\"hqakblnvldifavnbeqrpwxmagdymttmkxqlb\">\n<div class=\"brz-bg\"><\/div>\n<div class=\"brz-column__items brz-css-16f2un1\">\n<div id=\"\" class=\"brz-css-q3j9nl brz-wrapper\">\n<div class=\"brz-rich-text brz-rich-text__custom brz-css-safofj\" data-brz-custom-id=\"kxhkcwdzwyysyxjbrcbokcvocqqvfchxzbxf\">\n<div data-brz-translate-text=\"1\">\n<p class=\"brz-tp-lg-paragraph brz-text-lg-justify brz-css-x6ywm\" data-generated-css=\"brz-css-yjhfd\" data-uniq-id=\"ywtty\"><span class=\"brz-cp-color7\">En tant qu&rsquo;experts en proc\u00e9dures m\u00e9dicales et cosm\u00e9tiques, nous proposons une gamme compl\u00e8te de traitements pour aider nos patients \u00e0 atteindre les r\u00e9sultats d\u00e9sir\u00e9s. Nos h\u00f4pitaux ultramodernes situ\u00e9s \u00e0 Antalya, en Turquie, sont \u00e9quip\u00e9s des derni\u00e8res technologies ultra-modernes et sont dot\u00e9s de professionnels de la sant\u00e9 hautement qualifi\u00e9s.Non seulement nous offrons des traitments dentaires, nous offrons \u00e9galement la greffe de cheveux, les traitements gyn\u00e9cologiques, la chirurgie plastique, la chirurgie de l&rsquo;anneau gastrique et la chirurgie de pontage gastrique.<\/span><\/p>\n<p class=\"brz-tp-lg-paragraph brz-text-lg-justify brz-css-b2Cy2\" data-generated-css=\"brz-css-sbvqz\" data-uniq-id=\"jvtox\"><span class=\"brz-cp-color7\">Notre objectif est de fournir \u00e0 nos patients le plus haut niveau de soins et de confort pendant leur s\u00e9jour chez nous. Pour garantir une exp\u00e9rience sans stress, nous nous occupons de toute la logistique, y compris les transferts terrestres, les services d&rsquo;interpr\u00e9tation et un &lsquo;h\u00e9bergement confortable. Notre objectif est de fournir \u00e0 nos pr\u00e9cieux patients une exp\u00e9rience compl\u00e8te et transparente, du d\u00e9but jusqu\u2019\u00e0 la fin.<\/span><\/p>\n<\/div>\n<\/div>\n<\/div>\n<div id=\"\" class=\"brz-css-q3j9nl brz-wrapper\">\n<div class=\"brz-line brz-line-default brz-css-18rlq0j brz-css-ebcukk\" data-brz-custom-id=\"sxzbctnyhtklmwcrenkdflshxvpyxzibxmbp\">\n<hr class=\"brz-hr\"><\/div>\n<\/div>\n<\/div>\n<\/div>\n<\/div>\n<\/div>\n<\/div>\n<\/div>\n<\/section>\n<section id=\"_rhimqpzhyhubcacafwsihuotmgnmephkvkip\" class=\"brz-section brz-css-qqufsq\">\n<div class=\"brz-section__content brz-section--boxed brz-css-iwhlga\" data-brz-custom-id=\"bivdxudlcrbkpvjnlplgvzkbleiubqpopgqh\">\n<div class=\"brz-container brz-css-1om6y9k\">\n<div class=\"brz-row__container brz-css-gad3t5 brz-css-1l4gvyy\" data-brz-custom-id=\"qzjlbyeggvkfjwwayqolznuscranfjelcorw\">\n<div class=\"brz-bg\"><\/div>\n<div class=\"brz-row brz-css-1e05pyk\">\n<div class=\"brz-columns brz-css-wxqp9j brz-css-1cp3mg9\" data-brz-custom-id=\"ikvikpsqrmdxezrqurjyvybbfdsvmcemxnhg\">\n<div class=\"brz-bg\"><\/div>\n<div class=\"brz-column__items brz-css-16f2un1 brz-css-ffsb4p\">\n<div id=\"\" class=\"brz-css-q3j9nl brz-wrapper\">\n<div class=\"brz-rich-text brz-rich-text__custom brz-css-safofj\" data-brz-custom-id=\"nwxcntiwoyeqgegstbusmvvakvpuwyukktgx\">\n<div data-brz-translate-text=\"1\">\n<p class=\"brz-tp-lg-paragraph brz-css-mCWpb\" data-generated-css=\"brz-css-hfltn\" data-uniq-id=\"bgqqo\"><strong class=\"brz-cp-color7\">Notre vision<\/strong><\/p>\n<p class=\"brz-tp-lg-paragraph brz-css-nUTsV\" data-generated-css=\"brz-css-qmpmf\" data-uniq-id=\"ypyij\"><span class=\"brz-cp-color7\">Nous croyons qu&rsquo;il est important d\u2019inspirer l&rsquo;espoir et de contribuer au bien-\u00eatre g\u00e9n\u00e9ral de ceux que nous servons. Notre \u00e9quipe d\u00e9vou\u00e9e de professionnels de la sant\u00e9 s&rsquo;efforce de fournir des soins exceptionnels et est toujours anim\u00e9e par une passion pour l&rsquo;am\u00e9lioration de la sant\u00e9 et du bonheur de nos patients. Gr\u00e2ce \u00e0 un engagement envers l&rsquo;int\u00e9gration et l&rsquo;innovation, nous nous engageons \u00e0 avoir un impact positif dans la vie de ceux que nous servons.<\/span><\/p>\n<\/div>\n<\/div>\n<\/div>\n<\/div>\n<\/div>\n<div class=\"brz-columns brz-css-wxqp9j brz-css-1qja1hm\" data-brz-custom-id=\"kvnwsvtklbvwmjvovxduifsrxgmuwhrvaygz\">\n<div class=\"brz-bg\"><\/div>\n<div class=\"brz-column__items brz-css-16f2un1\">\n<div id=\"\" class=\"brz-css-q3j9nl brz-wrapper\">\n<div class=\"brz-image brz-css-kn56ko brz-css-1rwl55m\" data-brz-custom-id=\"ehajrqqasrbmisqyetxcbgagjzymyrofrhkz\"><img decoding=\"async\" class=\"brz-img\" src=\"https:\/\/findushealth.com\/fr?brizy_media=wp-43262696e1641fcd0c05b82ef2b1c914.jpg&amp;brizy_crop=iW%3D488%26iH%3D325%26oX%3D0%26oY%3D0%26cW%3D488%26cH%3D313\" alt=\"\" loading=\"lazy\"><\/div>\n<\/div>\n<\/div>\n<\/div>\n<\/div>\n<\/div>\n<\/div>\n<\/div>\n<\/section>\n<section id=\"_kywunazksfyshboddnkbsbnfxotutfeuwjbo\" class=\"brz-section brz-css-qqufsq\">\n<div class=\"brz-section__content brz-section--boxed brz-css-iwhlga\" data-brz-custom-id=\"oejqktpwmhthgdshfssnnwcjxbdlufrevpfd\">\n<div class=\"brz-container brz-css-1om6y9k\">\n<div class=\"brz-row__container brz-css-gad3t5\" data-brz-custom-id=\"bcxqtxknhhxhydvfafttxruzitsqixzwntbc\">\n<div class=\"brz-bg\"><\/div>\n<div class=\"brz-row brz-css-1e05pyk\">\n<div class=\"brz-columns brz-css-wxqp9j brz-css-1h1bca8\" data-brz-custom-id=\"pzggiuzwhkrvqgfaxzkrrdiwroukjcpgprjp\">\n<div class=\"brz-bg\"><\/div>\n<div class=\"brz-column__items brz-css-16f2un1\">\n<div id=\"\" class=\"brz-css-q3j9nl brz-wrapper\">\n<div class=\"brz-image brz-css-1j3gf87 brz-css-1191qlz\" data-brz-custom-id=\"bqxbejhtcxxmgtmebntntwdaswdvaazamfiw\"><img decoding=\"async\" class=\"brz-img\" src=\"https:\/\/findushealth.com\/fr?brizy_media=wp-c99315b15299f3d4a9285c02997d6458.jpg&amp;brizy_crop=original\" alt=\"\" loading=\"lazy\"><\/div>\n<\/div>\n<\/div>\n<\/div>\n<div class=\"brz-columns brz-css-wxqp9j brz-css-uy6izr\" data-brz-custom-id=\"xkkkkvlhfthadjihtdjeqrrripzdnoewoawu\">\n<div class=\"brz-bg\"><\/div>\n<div class=\"brz-column__items brz-css-16f2un1 brz-css-uapf40\">\n<div id=\"\" class=\"brz-css-q3j9nl brz-wrapper\">\n<div class=\"brz-rich-text brz-rich-text__custom brz-css-safofj\" data-brz-custom-id=\"cynuiefosgstmngtvqchuvsdcfgwrcjprxck\">\n<div data-brz-translate-text=\"1\">\n<p class=\"brz-tp-lg-paragraph brz-css-mD6pB\" data-uniq-id=\"rdeml\" data-generated-css=\"brz-css-cwybq\"><strong class=\"brz-cp-color7\">Notre mission<\/strong><\/p>\n<p class=\"brz-tp-lg-paragraph brz-css-bkW8_\" data-uniq-id=\"lmcwh\" data-generated-css=\"brz-css-euijz\"><span class=\"brz-cp-color7\">Notre objectif est de fournir des soins de sant\u00e9 accessibles et de haute qualit\u00e9 \u00e0 un plus large \u00e9ventail de personnes, quelle que soit leur situation financi\u00e8re. Tout en  mettant en exergue les multiples avantages du tourisme m\u00e9dical, nous visons \u00e0 apporter nos services exceptionnels aux personnes tant au niveau national qu\u2019international. Nous croyons que tout le monde m\u00e9rite d&rsquo;avoir acc\u00e8s \u00e0 des soins m\u00e9dicaux de premier ordre, et notre mission est d&rsquo;en faire une r\u00e9alit\u00e9. Notre engagement envers des co\u00fbts tr\u00e8s abordables et la qualit\u00e9 garantit que nos patients re\u00e7oivent les meilleurs soins possibles, sans se ruiner. En \u00e9tendant nos services au-del\u00e0 des fronti\u00e8res nationales, nous nous engageons \u00e0 am\u00e9liorer la vie et la sant\u00e9 du plus grand nombre de personnes possible. <\/span><\/p>\n<\/div>\n<\/div>\n<\/div>\n<\/div>\n<\/div>\n<\/div>\n<\/div>\n<\/div>\n<\/div>\n<\/section>\n<section id=\"_ywbcbqtpmjpithhjgocowrmvefxjajcdeaaf\" class=\"brz-section brz-css-qqufsq\">\n<div class=\"brz-section__content brz-section--boxed brz-css-iwhlga\" data-brz-custom-id=\"figxengilrjgjxljrfqwdjglnngvjmrmigjh\">\n<div class=\"brz-container brz-css-1om6y9k\">\n<div class=\"brz-row__container brz-css-gad3t5 brz-css-1bisw5m\" data-brz-custom-id=\"odkhdioyqzglhgjuasbeyilkawbaqmpjpknp\">\n<div class=\"brz-bg\"><\/div>\n<div class=\"brz-row brz-css-1e05pyk\">\n<div class=\"brz-columns brz-css-wxqp9j brz-css-qlv200\" data-brz-custom-id=\"nsoydgxlbbajanoenysnninnmqnyfuegibig\">\n<div class=\"brz-bg\"><\/div>\n<div class=\"brz-column__items brz-css-16f2un1 brz-css-ad2ba0\">\n<div id=\"\" class=\"brz-css-q3j9nl brz-wrapper\">\n<div class=\"brz-rich-text brz-rich-text__custom brz-css-safofj\" data-brz-custom-id=\"aewvilckfcraohyizbtnmqwygtqabqmnhmsp\">\n<div data-brz-translate-text=\"1\">\n<p class=\"brz-tp-lg-paragraph brz-css-qBGVD\" data-generated-css=\"brz-css-syiud\" data-uniq-id=\"ckjmh\"><strong class=\"brz-cp-color7\">Nos d\u00e9partements<\/strong><\/p>\n<p class=\"brz-tp-lg-paragraph brz-css-xWD1v\" data-generated-css=\"brz-css-syiud\" data-uniq-id=\"ckjmh\"><span style=\"background-color: initial\">Find Us Health s&rsquo;engage \u00e0 am\u00e9liorer votre qualit\u00e9 de vie gr\u00e2ce \u00e0 toute une gamme compl\u00e8te de traitements et de services m\u00e9dicaux. Nos offres comprennent: la sant\u00e9 bucco-dentaire la chirurgie de l\u2019ob\u00e9sit\u00e9 la chirurgie esth\u00e9tique et plastique la chirurgie gyn\u00e9cologique la greffe de cheveux. Notre objectif premier, est de vous offrir une exp\u00e9rience confortable et sans stress, du d\u00e9but jusqu\u2019\u00e0 la fin. En mettant l&rsquo;accent sur l&rsquo;honn\u00eatet\u00e9, la transparence et la confidentialit\u00e9, nous veillons \u00e0 ce que nos clients re\u00e7oivent les meilleurs soins et le meilleur soutien possible tout au long de leur voyage. Notre diff\u00e9rence est notre engagement envers la qualit\u00e9 et des co\u00fbts tr\u00e8s abordables, car nous nous effor\u00e7ons de fournir le plus haut niveau de traitement m\u00e9dical avec une grande hospitalit\u00e9. Avec une vaste exp\u00e9rience dans les domaines de la sant\u00e9 et du tourisme, nous sommes bien \u00e9quip\u00e9s pour offrir \u00e0 nos patients un s\u00e9jour agr\u00e9able et sans heurts. Notre mission est de vous informer, de vous aider \u00e0 prendre des d\u00e9cisions \u00e9clair\u00e9es et de fournir un environnement s\u00fbr et favorable pendant votre parcours et s\u00e9jour m\u00e9dical. Chez Find Us, nous croyons que tout le monde m\u00e9rite d&rsquo;avoir acc\u00e8s \u00e0 des soins m\u00e9dicaux exceptionnels, et nous sommes l\u00e0 pour en faire une r\u00e9alit\u00e9.<\/span><\/p>\n<\/div>\n<\/div>\n<\/div>\n<\/div>\n<\/div>\n<div class=\"brz-columns brz-css-wxqp9j brz-css-yeria9\" data-brz-custom-id=\"kqqvjbodlqxlqtvxhtontlctzlxcavlpabvr\">\n<div class=\"brz-bg\"><\/div>\n<div class=\"brz-column__items brz-css-16f2un1\">\n<div id=\"\" class=\"brz-css-q3j9nl brz-wrapper\">\n<div class=\"brz-image brz-css-ggzg6t brz-css-1xdn23o\" data-brz-custom-id=\"mbymeigzuyrtryznbwqzxfztklcjlabndkwd\"><img decoding=\"async\" class=\"brz-img\" src=\"https:\/\/findushealth.com\/fr?brizy_media=wp-683ad6583ed8fc806018a8a452b15307.jpg&amp;brizy_crop=original\" alt=\"\" loading=\"lazy\"><\/div>\n<\/div>\n<\/div>\n<\/div>\n<\/div>\n<\/div>\n<\/div>\n<\/div>\n<\/section>\n<\/div>\n<p>    <!-- version:1738284401 --><\/p>\n","protected":false},"excerpt":{"rendered":"<p>QUI SOMMES-NOUS? Find Us Health Center En tant qu&rsquo;experts en proc\u00e9dures m\u00e9dicales et cosm\u00e9tiques, nous proposons une gamme compl\u00e8te de traitements pour aider nos patients \u00e0 atteindre les r\u00e9sultats d\u00e9sir\u00e9s. Nos h\u00f4pitaux ultramodernes situ\u00e9s \u00e0 Antalya, en Turquie, sont \u00e9quip\u00e9s des derni\u00e8res technologies ultra-modernes et sont dot\u00e9s de professionnels de la sant\u00e9 hautement qualifi\u00e9s.Non seulement [&hellip;]<\/p>\n","protected":false},"author":3,"featured_media":0,"parent":100,"menu_order":0,"comment_status":"closed","ping_status":"closed","template":"","meta":{"footnotes":""},"class_list":["post-11832","page","type-page","status-publish","hentry"],"blocksy_meta":{"styles_descriptor":{"styles":{"desktop":"","tablet":"","mobile":""},"google_fonts":[],"version":6}},"_links":{"self":[{"href":"https:\/\/findushealth.com\/fr\/wp-json\/wp\/v2\/pages\/11832","targetHints":{"allow":["GET"]}}],"collection":[{"href":"https:\/\/findushealth.com\/fr\/wp-json\/wp\/v2\/pages"}],"about":[{"href":"https:\/\/findushealth.com\/fr\/wp-json\/wp\/v2\/types\/page"}],"author":[{"embeddable":true,"href":"https:\/\/findushealth.com\/fr\/wp-json\/wp\/v2\/users\/3"}],"replies":[{"embeddable":true,"href":"https:\/\/findushealth.com\/fr\/wp-json\/wp\/v2\/comments?post=11832"}],"version-history":[{"count":0,"href":"https:\/\/findushealth.com\/fr\/wp-json\/wp\/v2\/pages\/11832\/revisions"}],"up":[{"embeddable":true,"href":"https:\/\/findushealth.com\/fr\/wp-json\/wp\/v2\/pages\/100"}],"wp:attachment":[{"href":"https:\/\/findushealth.com\/fr\/wp-json\/wp\/v2\/media?parent=11832"}],"curies":[{"name":"wp","href":"https:\/\/api.w.org\/{rel}","templated":true}]}}