{"id":11841,"date":"2023-02-19T16:40:46","date_gmt":"2023-02-19T13:40:46","guid":{"rendered":"https:\/\/findushealth.com\/procedures\/obesity-treatments\/"},"modified":"2025-01-31T04:49:31","modified_gmt":"2025-01-31T01:49:31","slug":"obesity-treatments","status":"publish","type":"page","link":"https:\/\/findushealth.com\/fr\/procedures\/obesity-treatments\/","title":{"rendered":"Obesity Treatments"},"content":{"rendered":"<div class=\"brz-root__container brz-reset-all brz brz-root__container-page\">\n<section id=\"_aabozbzoxuzegntdrdffmzxunapgabpxixpm\" class=\"brz-section brz-css-1ffck0x\">\n<div class=\"brz-section__content brz-section--boxed brz-css-462r9a brz-css-1adqo3l\" data-brz-custom-id=\"kigjiymrunjkqyeolympqxmymfwryskchwzs\">\n<div class=\"brz-bg\">\n<div class=\"brz-bg-color\"><\/div>\n<\/div>\n<div class=\"brz-container brz-css-1cdr57a\">\n<div id=\"\" class=\"brz-css-121irno brz-css-t8jubm brz-wrapper\">\n<div class=\"brz-line brz-line-default brz-css-zl5ca2 brz-css-1b2jrfz\" data-brz-custom-id=\"tglqazioivieogmglqvphogapmuqvykfwwim\">\n<hr class=\"brz-hr\"><\/div>\n<\/div>\n<div id=\"\" class=\"brz-css-121irno brz-css-1rpfth7 brz-css-g5jnan brz-wrapper\">\n<div class=\"brz-spacer brz-css-19wwoae brz-css-15j1g4f\"><\/div>\n<\/div>\n<div class=\"brz-row__container brz-css-1oq659k brz-css-1qg06zj\" data-brz-custom-id=\"fmmiapcnqdhdtrtiilsnnlpzavlbeuvhbrhm\">\n<div class=\"brz-bg\"><\/div>\n<div class=\"brz-row brz-css-1etqvjg brz-css-bf3p92\">\n<div class=\"brz-columns brz-css-o0qar7 brz-css-1sp9nee\" data-brz-custom-id=\"tyqbpuyppeeddppuiwamyikrwojubomsjdpz\">\n<div class=\"brz-bg\"><\/div>\n<div class=\"brz-column__items brz-css-35ti9o brz-css-13oaccf\">\n<div id=\"\" class=\"brz-css-121irno brz-wrapper\">\n<div class=\"brz-rich-text brz-rich-text__custom brz-css-69jxau\" data-brz-custom-id=\"oevuzyvuarpkakzaxqsiynxeyfexgxlgrnvz\">\n<div data-brz-translate-text=\"1\">\n<h2 class=\"brz-tp-lg-heading2 brz-css-jf1jM\" data-uniq-id=\"yorxq\" data-generated-css=\"brz-css-pbkmg\">Traitements de l\u2019ob\u00e9sit\u00e9<\/h2>\n<\/div>\n<\/div>\n<\/div>\n<div id=\"\" class=\"brz-css-121irno brz-wrapper\">\n<div class=\"brz-rich-text brz-rich-text__custom brz-css-69jxau\" data-brz-custom-id=\"ulmcwyrhqihkqoecpwknsqafkrlnlzyorawq\">\n<div data-brz-translate-text=\"1\">\n<h4 class=\"brz-tp-lg-heading4 brz-css-u5gz8\" data-uniq-id=\"hrbcs\" data-generated-css=\"brz-css-idbom\"><strong>Find Us Health Center<\/strong><\/h4>\n<\/div>\n<\/div>\n<\/div>\n<\/div>\n<\/div>\n<div class=\"brz-columns brz-css-o0qar7 brz-css-2juxk9\" data-brz-custom-id=\"genxdalpknessiaglndrtwjtlwsfnpgtqdxv\">\n<div class=\"brz-bg\"><\/div>\n<div class=\"brz-column__items brz-css-35ti9o brz-css-7ts6tt\">\n<div class=\"brz-wrapper-clone brz-css-1xd5my3\">\n<div class=\"brz-d-xs-flex brz-flex-xs-wrap brz-css-1kozca5 brz-css-1be3wru\" data-brz-custom-id=\"\">\n<div class=\"brz-wrapper-clone__item\" id=\"litdyfmxvyaxsdrwfmewpgacxbfpwzbqweqh\">\n<div class=\"brz-icon__container\" data-brz-custom-id=\"litdyfmxvyaxsdrwfmewpgacxbfpwzbqweqh\"><span class=\"brz-icon brz-span brz-css-lj2rtq brz-css-7zk3pf\"><\/span><\/div>\n<\/div>\n<\/div>\n<\/div>\n<\/div>\n<\/div>\n<\/div>\n<\/div>\n<\/div>\n<\/div>\n<\/section>\n<section id=\"_erowtfogvxizhnyafpztgiqkopapuujggdaw\" class=\"brz-section brz-css-1ffck0x\">\n<div class=\"brz-section__content brz-section--boxed brz-css-462r9a\" data-brz-custom-id=\"itugunncvrddopltrpegsgbxgehulzqsvylr\">\n<div class=\"brz-container brz-css-1cdr57a\">\n<div id=\"\" class=\"brz-css-121irno brz-wrapper\">\n<div class=\"brz-rich-text brz-rich-text__custom brz-css-69jxau\" data-brz-custom-id=\"bcqyocydmrteyaaqvoreurzjbfdnfwffouue\">\n<div data-brz-translate-text=\"1\">\n<p class=\"brz-tp-lg-paragraph brz-css-gAJfv\" data-uniq-id=\"bfyak\" data-generated-css=\"brz-css-pnnhe\">La chirurgie de l&rsquo;ob\u00e9sit\u00e9 peut \u00eatre une solution tr\u00e8s efficace pour ceux qui luttent contre l&rsquo;ob\u00e9sit\u00e9 et les probl\u00e8mes de sant\u00e9 connexes. Elle peut donc aider \u00e0 atteindre une perte de poids significative et \u00e0 r\u00e9soudre des probl\u00e8mes tels que le diab\u00e8te de type 2, l&rsquo;apn\u00e9e du sommeil et l\u2019hypertension. Il existe diverses options chirurgicales disponibles, notamment le ballon gastrique, la sleeve gastrectomie et le pontage gastrique, chacune avec sa propre approche unique de la perte de poids. Il est important d&rsquo;avoir une \u00e9valuation approfondie avec une \u00e9quipe d&rsquo;experts m\u00e9dicaux avant de subir une chirurgie de l&rsquo;ob\u00e9sit\u00e9 pour s&rsquo;assurer que vous recevez la bonne proc\u00e9dure pour vos besoins. Si vous avez des questions ou des pr\u00e9occupations concernant la chirurgie bariatrique, notre \u00e9quipe d&rsquo;experts est l\u00e0 pour vous aider. Contactez-nous pour plus d\u2019informations.<\/p>\n<\/div>\n<\/div>\n<\/div>\n<div id=\"\" class=\"brz-css-121irno brz-wrapper\">\n<div class=\"brz-line brz-line-default brz-css-zl5ca2 brz-css-1siu96f\" data-brz-custom-id=\"beajdtuqkkevfrczziswxvbwyqkjoethrdoh\">\n<hr class=\"brz-hr\"><\/div>\n<\/div>\n<div id=\"\" class=\"brz-css-121irno brz-wrapper\">\n<div class=\"brz-rich-text brz-rich-text__custom brz-css-69jxau\" data-brz-custom-id=\"nuxpkrhbhpzskjohqdlpbfreboyfspibeuxf\">\n<div data-brz-translate-text=\"1\">\n<h3 class=\"brz-tp-lg-heading3 brz-css-yMLi7\" data-uniq-id=\"zzbwd\" data-generated-css=\"brz-css-rpexw\"><strong class=\"brz-cp-color7\">Nos prestations en service de chirurgie de l&rsquo;ob\u00e9sit\u00e9<\/strong><\/h3>\n<\/div>\n<\/div>\n<\/div>\n<div class=\"brz-row__container brz-css-1oq659k\" data-brz-custom-id=\"ipzplgekmalyabgtetmmgohovixacvoinaqo\">\n<div class=\"brz-bg\"><\/div>\n<div class=\"brz-row brz-css-1etqvjg brz-css-u1ac0t\">\n<div class=\"brz-columns brz-css-o0qar7 brz-css-s5f5mh\" data-brz-custom-id=\"ybcxlvgcgdrzitgempgnhfbfkfrkrumvblly\">\n<div class=\"brz-bg\"><\/div>\n<div class=\"brz-column__items brz-css-35ti9o brz-css-fv5kml\">\n<div id=\"\" class=\"brz-css-121irno brz-wrapper\">\n<div class=\"brz-rich-text brz-rich-text__custom brz-css-69jxau\" data-brz-custom-id=\"ldnjkfqdidbqsflwoeflkznbmsfeexsqcjlb\">\n<div data-brz-translate-text=\"1\">\n<p class=\"brz-tp-lg-paragraph brz-css-oIJqX\" data-uniq-id=\"ygmwu\" data-generated-css=\"brz-css-yxybp\"><strong class=\"brz-cp-color7\">Ballon Gastrique Endoscopique<\/strong><\/p>\n<p class=\"brz-tp-lg-paragraph brz-css-yVKd4\" data-uniq-id=\"sdpms\" data-generated-css=\"brz-css-rravs\"><span class=\"brz-cp-color7\">Le ballon gastrique est une solution non chirurgicale pour ceux qui veulent perdre du poids en un peu de temps et sont dispos\u00e9s \u00e0 maintenir un programme d&rsquo;alimentation saine apr\u00e8s le retrait du ballon. Cette m\u00e9thode innovante consiste \u00e0 ins\u00e9rer un ballon gastrique dans l&rsquo;estomac pour favoriser la perte de poids. Le ballon prend de la place dans l&rsquo;estomac, ce qui vous permet de manger moins et de vous sentir rassasi\u00e9 beaucoup plus rapidement. Cette m\u00e9thode s&rsquo;est av\u00e9r\u00e9e tr\u00e8s efficace et de nombreux patients subissent une perte de poids importante. Le processus est soigneusement surveill\u00e9 et soutenu par notre \u00e9quipe qualifi\u00e9e et comp\u00e9tente, qui se consacre \u00e0 fournir des soins personnalis\u00e9s pour vous aider \u00e0 atteindre vos objectifs de perte de poids.<\/span><\/p>\n<\/div>\n<\/div>\n<\/div>\n<\/div>\n<\/div>\n<div class=\"brz-columns brz-css-o0qar7 brz-css-l8kp8u\" data-brz-custom-id=\"jnafgkfmytbyoxwflshjybmwgbdnkgfggpuu\">\n<div class=\"brz-bg\"><\/div>\n<div class=\"brz-column__items brz-css-35ti9o\">\n<div id=\"\" class=\"brz-css-121irno brz-wrapper\">\n<div class=\"brz-image brz-css-yl865e brz-css-a7krae\" data-brz-custom-id=\"kncfuvzkiuqescbzhpzjkcmmaepzjubolygc\"><img decoding=\"async\" class=\"brz-img\" src=\"https:\/\/findushealth.com\/fr?brizy_media=wp-954d5a9df80a3191653602e5f399a38e.jpg&amp;brizy_crop=original\" alt=\"\" loading=\"lazy\"><\/div>\n<\/div>\n<\/div>\n<\/div>\n<\/div>\n<\/div>\n<div id=\"\" class=\"brz-css-121irno brz-wrapper\">\n<div class=\"brz-line brz-line-default brz-css-zl5ca2 brz-css-kmvekf\" data-brz-custom-id=\"yjzfceoldedzogsqzlceihuusbakdbiysvri\">\n<hr class=\"brz-hr\"><\/div>\n<\/div>\n<div class=\"brz-row__container brz-css-1oq659k\" data-brz-custom-id=\"sururdcagcxjabadpyhtfcdwyczfcawrpujt\">\n<div class=\"brz-bg\"><\/div>\n<div class=\"brz-row brz-css-1etqvjg brz-css-1hppx53\">\n<div class=\"brz-columns brz-css-o0qar7 brz-css-1n9ouqi\" data-brz-custom-id=\"azdyrwiaqvnozbdhqdrhoorzgxibbuoqswoz\">\n<div class=\"brz-bg\"><\/div>\n<div class=\"brz-column__items brz-css-35ti9o\">\n<div id=\"\" class=\"brz-css-121irno brz-wrapper\">\n<div class=\"brz-image brz-css-7gxc9s brz-css-1frqhll\" data-brz-custom-id=\"xpxctampfeosddjtyhroalllupjvqqfcuzjd\"><img decoding=\"async\" class=\"brz-img\" src=\"https:\/\/findushealth.com\/fr?brizy_media=wp-3b3576c1fa3df8719af896e6ee823499.jpg&amp;brizy_crop=original\" alt=\"\" loading=\"lazy\"><\/div>\n<\/div>\n<\/div>\n<\/div>\n<div class=\"brz-columns brz-css-o0qar7 brz-css-ex995f\" data-brz-custom-id=\"rmjcishodkdtmdconiytgilbgokxapgfgnfb\">\n<div class=\"brz-bg\"><\/div>\n<div class=\"brz-column__items brz-css-35ti9o brz-css-1d65k5j\">\n<div id=\"\" class=\"brz-css-121irno brz-wrapper\">\n<div class=\"brz-rich-text brz-rich-text__custom brz-css-69jxau\" data-brz-custom-id=\"pclretuorcrjcrlwodpdzfvayvglszpuewal\">\n<div data-brz-translate-text=\"1\">\n<p class=\"brz-tp-lg-paragraph brz-css-oBkEB\" data-generated-css=\"brz-css-dteat\" data-uniq-id=\"ydhuk\"><strong class=\"brz-cp-color7\">Sleeve Gastrectomie ou Manchon Gastrique<\/strong><\/p>\n<p class=\"brz-tp-lg-paragraph brz-css-cL2TZ\" data-generated-css=\"brz-css-bsxhi\" data-uniq-id=\"nislj\"><span class=\"brz-cp-color7\">La proc\u00e9dure de Sleeve Gastrectomie est une option tr\u00e8s efficace pour les personnes qui recherchent des solutions de perte de poids \u00e0 long terme. A travers cette m\u00e9thode, la capacit\u00e9 alimentaire est fortement r\u00e9duite en enlevant une partie de l&rsquo;estomac, ce qui entra\u00eene une perte de poids substantielle. Cette proc\u00e9dure est id\u00e9ale pour les personnes ayant un IMC (Indice me Masse Corporelle) sup\u00e9rieur \u00e0 35 ans qui ont d\u00e9j\u00e0 eu du mal \u00e0 maintenir leur perte de poids dans le pass\u00e9. Le manchon gastrique est r\u00e9alis\u00e9 par un processus chirurgical consistant \u00e0 agrafer l&rsquo;estomac sur toute sa longueur et \u00e0 retirer la partie exc\u00e9dentaire, ce qui donne un long tube ou un estomac en forme de manchon. Malgr\u00e9 son changement radical de forme, l&rsquo;estomac fonctionne toujours normalement mais avec une capacit\u00e9 de prise alimentaire consid\u00e9rablement r\u00e9duite. Notre \u00e9quipe professionnelle se consacre \u00e0 fournir des soins et un soutien individualis\u00e9s pour vous aider \u00e0 atteindre vos objectifs de perte de poids avec une proc\u00e9dure de sleeve gastrique.<\/span><\/p>\n<\/div>\n<\/div>\n<\/div>\n<\/div>\n<\/div>\n<\/div>\n<\/div>\n<div id=\"\" class=\"brz-css-121irno brz-wrapper\">\n<div class=\"brz-line brz-line-default brz-css-zl5ca2 brz-css-16vfwjh\" data-brz-custom-id=\"fupossqifwnwqizdpqhfxejsogbtcfhczzri\">\n<hr class=\"brz-hr\"><\/div>\n<\/div>\n<div class=\"brz-row__container brz-css-1oq659k\" data-brz-custom-id=\"juhbzxlrjoiuanmexedywdlyamghlvjjrpck\">\n<div class=\"brz-bg\"><\/div>\n<div class=\"brz-row brz-css-1etqvjg brz-css-8pyt87\">\n<div class=\"brz-columns brz-css-o0qar7 brz-css-tuqv4w\" data-brz-custom-id=\"prvukhfmdmwallwxmskgsvhnpcbwnthqvxdu\">\n<div class=\"brz-bg\"><\/div>\n<div class=\"brz-column__items brz-css-35ti9o brz-css-1ffgu56\">\n<div id=\"\" class=\"brz-css-121irno brz-css-17jzw20 brz-wrapper\">\n<div class=\"brz-rich-text brz-rich-text__custom brz-css-69jxau\" data-brz-custom-id=\"zekqcnjzaoorocyhtrmyhqmwohuihazuncdv\">\n<div data-brz-translate-text=\"1\">\n<p class=\"brz-tp-lg-paragraph brz-css-v24b2\" data-uniq-id=\"jqgkk\" data-generated-css=\"brz-css-dhofm\"><strong class=\"brz-cp-color7\">Chirurgie de l&rsquo;ob\u00e9sit\u00e9 : La chirurgie de r\u00e9vision<\/strong><\/p>\n<p class=\"brz-tp-lg-paragraph brz-css-s4o88\" data-uniq-id=\"rknld\" data-generated-css=\"brz-css-zegah\"><span class=\"brz-cp-color7\">La chirurgie bariatrique de r\u00e9vision est une option chirurgicale pour les personnes qui ont d\u00e9j\u00e0 subi une proc\u00e9dure de perte de poids mais qui n&rsquo;ont pas obtenu les r\u00e9sultats souhait\u00e9s ou qui ont connu des complications pour remettre les choses au point. La chirurgie est g\u00e9n\u00e9ralement r\u00e9alis\u00e9e par laparoscopie, bien qu&rsquo;une chirurgie ouverte puisse \u00eatre n\u00e9cessaire dans les cas o\u00f9 la chirurgie de l&rsquo;ob\u00e9sit\u00e9 pr\u00e9c\u00e9dente a entra\u00een\u00e9 des cicatrices \u00e9tendues. Alors que le nombre de proc\u00e9dures de perte de poids continue d&rsquo;augmenter, il y a un nombre croissant de personnes qui demandent une chirurgie de r\u00e9vision. Le choix de la chirurgie de r\u00e9vision peut \u00eatre limit\u00e9 pour les personnes qui ont d\u00e9j\u00e0 subi une intervention chirurgicale, mais cela vaut toujours la peine d&rsquo;\u00eatre envisag\u00e9. Chez Find Us Health, nous nous engageons \u00e0 aider les individus \u00e0 atteindre leurs objectifs de perte de poids et \u00e0 retrouver leur sant\u00e9 et surtout leur confiance. Notre \u00e9quipe de chirurgiens exp\u00e9riment\u00e9s et de professionnels de la sant\u00e9 travaille en \u00e9troite collaboration avec chaque patient pour comprendre leurs besoins et leurs objectifs uniques et pour \u00e9laborer un plan de traitement bien d\u00e9taill\u00e9 qui les aidera \u00e0 atteindre les r\u00e9sultats d\u00e9sir\u00e9s. Veillez nous contacter pour en savoir plus sur la chirurgie bariatrique de r\u00e9vision et autres proc\u00e9dures connexes.<\/span><\/p>\n<\/div>\n<\/div>\n<\/div>\n<\/div>\n<\/div>\n<div class=\"brz-columns brz-css-o0qar7 brz-css-rul89f\" data-brz-custom-id=\"oprljioexvwwihhujpwlkptdohsoghhdgqnz\">\n<div class=\"brz-bg\"><\/div>\n<div class=\"brz-column__items brz-css-35ti9o\">\n<div id=\"\" class=\"brz-css-121irno brz-wrapper\">\n<div class=\"brz-image brz-css-1ks0lgt brz-css-1q3htnd\" data-brz-custom-id=\"knxjomupqfyutsjczwrezydodbjvypuymlcm\"><img decoding=\"async\" class=\"brz-img\" src=\"https:\/\/findushealth.com\/fr?brizy_media=wp-8256a12d471180288cf934e2c9ac5e9f.jpg&amp;brizy_crop=original\" alt=\"\" loading=\"lazy\"><\/div>\n<\/div>\n<\/div>\n<\/div>\n<\/div>\n<\/div>\n<\/div>\n<\/div>\n<\/section>\n<\/div>\n<p>    <!-- version:1738288171 --><\/p>\n","protected":false},"excerpt":{"rendered":"<p>Traitements de l\u2019ob\u00e9sit\u00e9 Find Us Health Center La chirurgie de l&rsquo;ob\u00e9sit\u00e9 peut \u00eatre une solution tr\u00e8s efficace pour ceux qui luttent contre l&rsquo;ob\u00e9sit\u00e9 et les probl\u00e8mes de sant\u00e9 connexes. Elle peut donc aider \u00e0 atteindre une perte de poids significative et \u00e0 r\u00e9soudre des probl\u00e8mes tels que le diab\u00e8te de type 2, l&rsquo;apn\u00e9e du sommeil [&hellip;]<\/p>\n","protected":false},"author":3,"featured_media":0,"parent":1034,"menu_order":0,"comment_status":"closed","ping_status":"closed","template":"","meta":{"footnotes":""},"class_list":["post-11841","page","type-page","status-publish","hentry"],"blocksy_meta":{"styles_descriptor":{"styles":{"desktop":"","tablet":"","mobile":""},"google_fonts":[],"version":6}},"_links":{"self":[{"href":"https:\/\/findushealth.com\/fr\/wp-json\/wp\/v2\/pages\/11841","targetHints":{"allow":["GET"]}}],"collection":[{"href":"https:\/\/findushealth.com\/fr\/wp-json\/wp\/v2\/pages"}],"about":[{"href":"https:\/\/findushealth.com\/fr\/wp-json\/wp\/v2\/types\/page"}],"author":[{"embeddable":true,"href":"https:\/\/findushealth.com\/fr\/wp-json\/wp\/v2\/users\/3"}],"replies":[{"embeddable":true,"href":"https:\/\/findushealth.com\/fr\/wp-json\/wp\/v2\/comments?post=11841"}],"version-history":[{"count":0,"href":"https:\/\/findushealth.com\/fr\/wp-json\/wp\/v2\/pages\/11841\/revisions"}],"up":[{"embeddable":true,"href":"https:\/\/findushealth.com\/fr\/wp-json\/wp\/v2\/pages\/1034"}],"wp:attachment":[{"href":"https:\/\/findushealth.com\/fr\/wp-json\/wp\/v2\/media?parent=11841"}],"curies":[{"name":"wp","href":"https:\/\/api.w.org\/{rel}","templated":true}]}}