{"id":11992,"date":"2023-02-19T17:29:24","date_gmt":"2023-02-19T14:29:24","guid":{"rendered":"https:\/\/findushealth.com\/procedures\/gynaecological-surgery\/"},"modified":"2025-01-30T12:31:30","modified_gmt":"2025-01-30T09:31:30","slug":"gynaecological-surgery","status":"publish","type":"page","link":"https:\/\/findushealth.com\/fr\/procedures\/gynaecological-surgery\/","title":{"rendered":"Gynaecological Surgery"},"content":{"rendered":"<div class=\"brz-root__container brz-reset-all brz brz-root__container-page\">\n<section id=\"_eavspnkhqithkmjjbhklxtvxqlsyebowkhle\" class=\"brz-section brz-css-264v5v\">\n<div class=\"brz-section__content brz-section--boxed brz-css-15but87 brz-css-1h11i44\" data-brz-custom-id=\"rpwzxqtnutonoyxxmjjeagnhkladyvkotzof\">\n<div class=\"brz-bg\">\n<div class=\"brz-bg-color\"><\/div>\n<\/div>\n<div class=\"brz-container brz-css-1l8iage\">\n<div id=\"\" class=\"brz-css-14fpx18 brz-css-aurxk9 brz-wrapper\">\n<div class=\"brz-line brz-line-default brz-css-lrznn7 brz-css-2veet2\" data-brz-custom-id=\"ydzrpytcdeywoflicfrgkerbfxdmeychlgwn\">\n<hr class=\"brz-hr\"><\/div>\n<\/div>\n<div id=\"\" class=\"brz-css-14fpx18 brz-css-18l5jsy brz-css-1ag0ejb brz-wrapper\">\n<div class=\"brz-spacer brz-css-1kxhe5a brz-css-13smor3\"><\/div>\n<\/div>\n<div class=\"brz-row__container brz-css-1kubis9 brz-css-b0mxmt\" data-brz-custom-id=\"awbxfejbsuzbfccjkulsimxrierujaulivyj\">\n<div class=\"brz-bg\"><\/div>\n<div class=\"brz-row brz-css-piwcq0 brz-css-1s2bfcu\">\n<div class=\"brz-columns brz-css-iivuwz brz-css-vud7bk\" data-brz-custom-id=\"iobpxzgnbsgbwyaokivubguezirmxehupezw\">\n<div class=\"brz-bg\"><\/div>\n<div class=\"brz-column__items brz-css-jdr7kc brz-css-50b2nj\">\n<div id=\"\" class=\"brz-css-14fpx18 brz-wrapper\">\n<div class=\"brz-rich-text brz-rich-text__custom brz-css-v7vvqq\" data-brz-custom-id=\"czfnqtpnipeflclplkipafnorwiyxmzekhsu\">\n<div data-brz-translate-text=\"1\">\n<h3 class=\"brz-tp-lg-heading3 brz-css-hiurC\" data-generated-css=\"brz-css-grjrt\" data-uniq-id=\"npnrm\"><strong>Chirurgie gyn\u00e9cologique<\/strong><\/h3>\n<\/div>\n<\/div>\n<\/div>\n<div id=\"\" class=\"brz-css-14fpx18 brz-wrapper\">\n<div class=\"brz-rich-text brz-rich-text__custom brz-css-v7vvqq\" data-brz-custom-id=\"psgfkiwusoqnykfupdyovcztdihvecbkoack\">\n<div data-brz-translate-text=\"1\">\n<h4 class=\"brz-tp-lg-heading4 brz-css-xT_zh\" data-uniq-id=\"ycoih\" data-generated-css=\"brz-css-hbuia\"><strong>Find Us Health Center<\/strong><\/h4>\n<\/div>\n<\/div>\n<\/div>\n<\/div>\n<\/div>\n<div class=\"brz-columns brz-css-iivuwz brz-css-i724sh\" data-brz-custom-id=\"nzabkdgydezmhleramzehoxyxwsmsjrqtcfn\">\n<div class=\"brz-bg\"><\/div>\n<div class=\"brz-column__items brz-css-jdr7kc brz-css-1pcezc0\">\n<div class=\"brz-wrapper-clone brz-css-umdhkv\">\n<div class=\"brz-d-xs-flex brz-flex-xs-wrap brz-css-p0mpwr brz-css-1xzd48q\" data-brz-custom-id=\"\">\n<div class=\"brz-wrapper-clone__item\" id=\"trxnienbhktvygozqrrwaphuoxzyusgaeczm\">\n<div class=\"brz-icon__container\" data-brz-custom-id=\"trxnienbhktvygozqrrwaphuoxzyusgaeczm\"><span class=\"brz-icon brz-span brz-css-1361bqc brz-css-1byv57h\"><\/span><\/div>\n<\/div>\n<\/div>\n<\/div>\n<\/div>\n<\/div>\n<\/div>\n<\/div>\n<\/div>\n<\/div>\n<\/section>\n<section id=\"_sryfihbijiuaoowaoioytvnmqgmmxxdglyxe\" class=\"brz-section brz-css-264v5v\">\n<div class=\"brz-section__content brz-section--boxed brz-css-15but87\" data-brz-custom-id=\"duvwxgsssjwducuumjvozcnclurbimfousre\">\n<div class=\"brz-container brz-css-1l8iage\">\n<div id=\"\" class=\"brz-css-14fpx18 brz-wrapper\">\n<div class=\"brz-rich-text brz-rich-text__custom brz-css-v7vvqq\" data-brz-custom-id=\"hakbbksiwluxoxcbeofsvknpabjhcayflrxh\">\n<div data-brz-translate-text=\"1\">\n<p class=\"brz-tp-lg-paragraph brz-css-rpe09\" data-uniq-id=\"seglc\" data-generated-css=\"brz-css-dclhe\">Le corps f\u00e9minin subit de nombreux changements tout au long du cours de la vie, et il est important d&rsquo;en prendre soin \u00e0 chaque \u00e9tape. La chirurgie gyn\u00e9cologique implique toutes les interventions chirurgicales effectu\u00e9es sur le syst\u00e8me reproducteur f\u00e9minin, y compris l&rsquo;ut\u00e9rus, les ovaires, le col de l&rsquo;ut\u00e9rus, les trompes de Fallope, le vagin et la vulve. Il peut y avoir multiples raisons pour lesquelles une femme peut avoir besoin d&rsquo;une chirurgie gyn\u00e9cologique, y compris le traitement d&rsquo;infections telles que l&rsquo;endom\u00e9triose, les fibromes, les kystes ovariens, le cancer, les douleurs pelviennes, les maladies inflammatoires pelviennes, le prolapsus ut\u00e9rin ou les saignements anormaux. Un gyn\u00e9cologue est une partie importante du parcours de soins de sant\u00e9 d&rsquo;une femme, servant de m\u00e9decin, de tuteur et aussi de conseiller. Si vous souhaitez maintenir une bonne sant\u00e9 et un bien-\u00eatre g\u00e9n\u00e9ral, il est important de ne pas n\u00e9gliger les visites chez un gyn\u00e9cologue. Notre \u00e9quipe d&rsquo;experts gyn\u00e9cologues se consacre \u00e0 fournir les meilleurs soins et conseils possibles \u00e0 toutes nos patientes. Vous pouvez nous contacter pour n\u2019importe quelle question que vous pourriez avoir sur la chirurgie et les traitements gyn\u00e9cologiques.<\/p>\n<\/div>\n<\/div>\n<\/div>\n<div id=\"\" class=\"brz-css-14fpx18 brz-wrapper\">\n<div class=\"brz-line brz-line-default brz-css-lrznn7 brz-css-1e4x0bs\" data-brz-custom-id=\"qwcxpukdatmnahcvcptvlonngwhirsnwgcur\">\n<hr class=\"brz-hr\"><\/div>\n<\/div>\n<div id=\"\" class=\"brz-css-14fpx18 brz-wrapper\">\n<div class=\"brz-rich-text brz-rich-text__custom brz-css-v7vvqq\" data-brz-custom-id=\"cificdawgfgxxbtsncpkhdjnqqrgaoxneqkn\">\n<div data-brz-translate-text=\"1\">\n<p class=\"brz-tp-lg-paragraph brz-css-a7pMp\" data-generated-css=\"brz-css-dpavs\" data-uniq-id=\"yqvnn\"><strong class=\"brz-cp-color7\">Nos prestations en service de chirurgie gyn\u00e9cologique<\/strong><\/p>\n<\/div>\n<\/div>\n<\/div>\n<div class=\"brz-row__container brz-css-1kubis9\" data-brz-custom-id=\"yldazfufoefpmvecbzfdtmlhgjvdqpcegtvc\">\n<div class=\"brz-bg\"><\/div>\n<div class=\"brz-row brz-css-piwcq0\">\n<div class=\"brz-columns brz-css-iivuwz brz-css-strcgv\" data-brz-custom-id=\"nyapcxbqggtwdynuroixgkqxklgbptrtabda\">\n<div class=\"brz-bg\"><\/div>\n<div class=\"brz-column__items brz-css-jdr7kc\">\n<div id=\"\" class=\"brz-css-14fpx18 brz-css-1c8jath brz-wrapper\">\n<div class=\"brz-rich-text brz-rich-text__custom brz-css-v7vvqq\" data-brz-custom-id=\"vzxdfugplzighlxqkdmzxyscdcejtiynoqcq\">\n<div data-brz-translate-text=\"1\">\n<p class=\"brz-tp-lg-paragraph brz-css-e5eEb\" data-generated-css=\"brz-css-evnhv\" data-uniq-id=\"zrbxj\"><strong class=\"brz-cp-color7\">Chirurgie gyn\u00e9cologique<\/strong><\/p>\n<p class=\"brz-tp-lg-paragraph brz-css-gEcqS\" data-generated-css=\"brz-css-skpgh\" data-uniq-id=\"jrafr\"><span class=\"brz-cp-color7\">Le domaine de la gyn\u00e9cologie est d\u00e9di\u00e9 aux soins du syst\u00e8me reproducteur f\u00e9minin, et notre \u00e9quipe de gyn\u00e9cologues experts s&rsquo;engage \u00e0 fournir les meilleurs soins possibles \u00e0 nos patientes. Gr\u00e2ce \u00e0 l&rsquo;utilisation de techniques peu invasives et \u00e0 l&rsquo;acc\u00e8s \u00e0 des structures modernes de diagnostic de qualit\u00e9, nos gyn\u00e9cologues visent \u00e0 diagnostiquer et \u00e0 traiter avec compassion et commodit\u00e9 toute infection ou trouble affectant l\u2019air g\u00e9nital f\u00e9minin et bien-sur le syst\u00e8me reproducteur.<\/span><\/p>\n<\/div>\n<\/div>\n<\/div>\n<\/div>\n<\/div>\n<div class=\"brz-columns brz-css-iivuwz brz-css-1ik2l65\" data-brz-custom-id=\"thqbtnoyweiroyarpnvvaqpxnexjzegsdoqi\">\n<div class=\"brz-bg\"><\/div>\n<div class=\"brz-column__items brz-css-jdr7kc\">\n<div id=\"\" class=\"brz-css-14fpx18 brz-wrapper\">\n<div class=\"brz-image brz-css-1lp92cm brz-css-1g7plry\" data-brz-custom-id=\"pbxknpdqeahtgolsxltsvjhlaueaejdiqkwl\"><img decoding=\"async\" class=\"brz-img\" src=\"https:\/\/findushealth.com\/fr?brizy_media=wp-09fd55d27b02e5c22cbdcbbaa38e024e.jpg&amp;brizy_crop=original\" alt=\"\" loading=\"lazy\"><\/div>\n<\/div>\n<\/div>\n<\/div>\n<\/div>\n<\/div>\n<div id=\"\" class=\"brz-css-14fpx18 brz-wrapper\">\n<div class=\"brz-line brz-line-default brz-css-lrznn7 brz-css-16tem9q\" data-brz-custom-id=\"imtggbdchbrxyacenbmxwnqtgpdvlonzktow\">\n<hr class=\"brz-hr\"><\/div>\n<\/div>\n<div class=\"brz-row__container brz-css-1kubis9\" data-brz-custom-id=\"opvlgzcuklwdmdcyxoijdlpmaitfvomeuwxw\">\n<div class=\"brz-bg\"><\/div>\n<div class=\"brz-row brz-css-piwcq0\">\n<div class=\"brz-columns brz-css-iivuwz brz-css-18ei8ui\" data-brz-custom-id=\"dlvaiitclokvdirfgajjazhrbbxfzdoakryh\">\n<div class=\"brz-bg\"><\/div>\n<div class=\"brz-column__items brz-css-jdr7kc\">\n<div id=\"\" class=\"brz-css-14fpx18 brz-wrapper\">\n<div class=\"brz-image brz-css-1ndtbux brz-css-am74ma\" data-brz-custom-id=\"gdqiqkvyyiwgrmcaubggrmkwhzwkkpsdnlbx\"><img decoding=\"async\" class=\"brz-img\" src=\"https:\/\/findushealth.com\/fr?brizy_media=wp-6b338bab677cb1dbf2ad4d4c57fd0f8e.jpg&amp;brizy_crop=original\" alt=\"\" loading=\"lazy\"><\/div>\n<\/div>\n<\/div>\n<\/div>\n<div class=\"brz-columns brz-css-iivuwz brz-css-gdxb6n\" data-brz-custom-id=\"cexirkzdychkzbqlzmrvpcpefecisqclutdq\">\n<div class=\"brz-bg\"><\/div>\n<div class=\"brz-column__items brz-css-jdr7kc\">\n<div id=\"\" class=\"brz-css-14fpx18 brz-css-1gr5o6o brz-wrapper\">\n<div class=\"brz-rich-text brz-rich-text__custom brz-css-v7vvqq\" data-brz-custom-id=\"lpgqqaizdqbibneoyhwyeqpstmzuvxugrtka\">\n<div data-brz-translate-text=\"1\">\n<p class=\"brz-tp-lg-paragraph brz-css-fRjy9\" data-uniq-id=\"sqolk\" data-generated-css=\"brz-css-obfar\"><strong class=\"brz-cp-color7\">Technologie de Reproduction Assist\u00e9e ou Artificielle (ART)<\/strong><\/p>\n<p class=\"brz-tp-lg-paragraph brz-css-rotEK\" data-uniq-id=\"agllv\" data-generated-css=\"brz-css-sqfeu\"><span class=\"brz-cp-color7\">La technologie de reproduction assist\u00e9e (ART), \u00e9galement connue sous le nom de technologie de reproduction artificielle, est un domaine sp\u00e9cialis\u00e9 de la gyn\u00e9cologie qui traite des traitements de fertilit\u00e9 pour les couples ayant des difficult\u00e9s \u00e0 concevoir un enfant. Les proc\u00e9dures de reproduction assist\u00e9e impliquent de manipuler \u00e0 la fois des ovules et des spermatozo\u00efdes pour augmenter les chances de f\u00e9condation. La forme la plus courante d&rsquo;ART est la f\u00e9condation in vitro (FIV), qui est consid\u00e9r\u00e9e comme la m\u00e9thode la plus efficace. Avant de subir un traitement ART, il est conseill\u00e9 aux individus et aux couples de consulter un sp\u00e9cialiste de la fertilit\u00e9 qui peut les aider \u00e0 comprendre les diff\u00e9rentes options et les risques potentiels impliqu\u00e9s. Bien que l&rsquo;ART se soit av\u00e9r\u00e9 efficace pour aider les couples \u00e0 concevoir, il est important d&rsquo;\u00eatre conscient des complications potentielles telles qu&rsquo;une grossesse multiple, qui peuvent \u00eatre r\u00e9duites en limitant le nombre d&#8217;embryons implant\u00e9s dans l\u2019ut\u00e9rus.<\/span><\/p>\n<\/div>\n<\/div>\n<\/div>\n<\/div>\n<\/div>\n<\/div>\n<\/div>\n<div id=\"\" class=\"brz-css-14fpx18 brz-wrapper\">\n<div class=\"brz-line brz-line-default brz-css-lrznn7 brz-css-1p4yuzu\" data-brz-custom-id=\"druyzunmohyyzcjokxphttuxtalqzzomnhle\">\n<hr class=\"brz-hr\"><\/div>\n<\/div>\n<div class=\"brz-row__container brz-css-1kubis9\" data-brz-custom-id=\"ywqabnhwlatfrhrcctpibcmbrmnewqqytwld\">\n<div class=\"brz-bg\"><\/div>\n<div class=\"brz-row brz-css-piwcq0\">\n<div class=\"brz-columns brz-css-iivuwz brz-css-wsp01t\" data-brz-custom-id=\"oormibqxplobkkwvjvbwbigjmvactvozusqg\">\n<div class=\"brz-bg\"><\/div>\n<div class=\"brz-column__items brz-css-jdr7kc\">\n<div id=\"\" class=\"brz-css-14fpx18 brz-css-sv0lul brz-wrapper\">\n<div class=\"brz-rich-text brz-rich-text__custom brz-css-v7vvqq\" data-brz-custom-id=\"qghschxwwjwgamppcwrocjhebiylwgnkuzjb\">\n<div data-brz-translate-text=\"1\">\n<p class=\"brz-tp-lg-paragraph brz-css-mpQR8\" data-uniq-id=\"melbn\" data-generated-css=\"brz-css-wentv\"><strong class=\"brz-cp-color7\">Op\u00e9rations d&rsquo;Esth\u00e9tique G\u00e9nitale (Labioplastie, Sistorectosel)<\/strong><\/p>\n<p class=\"brz-tp-lg-paragraph brz-css-wjQeW\" data-uniq-id=\"bcczb\" data-generated-css=\"brz-css-gtfvp\"><span class=\"brz-cp-color7\">L\u2019une des tendances les plus croissantes en chirurgie esth\u00e9tique est la chirurgie g\u00e9nitale esth\u00e9tique, tout comme de nombreuses autres chirurgies plastiques. Ce type de chirurgie implique diverses proc\u00e9dures visant \u00e0 am\u00e9liorer l&rsquo;apparence des organes g\u00e9nitaux f\u00e9minins. Les deux proc\u00e9dures les plus populaires sont la r\u00e9duction des l\u00e8vres (labiaplastie) et Le resserrement vaginal (vaginoplastie). La labiaplastie est une intervention esth\u00e9tique qui consiste \u00e0 modifier la taille et la forme des petites l\u00e8vres (l\u00e8vres int\u00e9rieures) et\/ou des grandes l\u00e8vres (l\u00e8vres ext\u00e9rieures). Quant \u00e0 la vaginoplastie, c\u2019est une proc\u00e9dure de reconstruction qui vise \u00e0 r\u00e9parer ou \u00e0 construire le vagin (reconstruire le vagin aussi). Il peut \u00eatre utilis\u00e9 pour traiter diverses conditions m\u00e9dicales, telles que les traumatismes vaginaux caus\u00e9s par l&rsquo;accouchement et les complications des troubles du plancher pelvien. Si vous avez des questions sur la chirurgie esth\u00e9tique g\u00e9nitale, n&rsquo;h\u00e9sitez pas \u00e0 consulter notre \u00e9quipe d\u2019experts.<\/span><\/p>\n<\/div>\n<\/div>\n<\/div>\n<\/div>\n<\/div>\n<div class=\"brz-columns brz-css-iivuwz brz-css-13pvxxc\" data-brz-custom-id=\"kkdqjeprxejuoetfeoidbrxednqqgqumyiut\">\n<div class=\"brz-bg\"><\/div>\n<div class=\"brz-column__items brz-css-jdr7kc\">\n<div id=\"\" class=\"brz-css-14fpx18 brz-wrapper\">\n<div class=\"brz-image brz-css-odarbs brz-css-1wqia7r\" data-brz-custom-id=\"xbkfbcgvfvsojnwetyepkwpabkwhysmmkeux\"><img decoding=\"async\" class=\"brz-img\" src=\"https:\/\/findushealth.com\/fr?brizy_media=wp-b6eab1ed0c1895de7d6f6e69248e6cbe.jpg&amp;brizy_crop=original\" alt=\"\" loading=\"lazy\"><\/div>\n<\/div>\n<\/div>\n<\/div>\n<\/div>\n<\/div>\n<\/div>\n<\/div>\n<\/section>\n<\/div>\n<p>    <!-- version:1738229490 --><\/p>\n","protected":false},"excerpt":{"rendered":"<p>Chirurgie gyn\u00e9cologique Find Us Health Center Le corps f\u00e9minin subit de nombreux changements tout au long du cours de la vie, et il est important d&rsquo;en prendre soin \u00e0 chaque \u00e9tape. La chirurgie gyn\u00e9cologique implique toutes les interventions chirurgicales effectu\u00e9es sur le syst\u00e8me reproducteur f\u00e9minin, y compris l&rsquo;ut\u00e9rus, les ovaires, le col de l&rsquo;ut\u00e9rus, les [&hellip;]<\/p>\n","protected":false},"author":3,"featured_media":0,"parent":1034,"menu_order":0,"comment_status":"closed","ping_status":"closed","template":"","meta":{"footnotes":""},"class_list":["post-11992","page","type-page","status-publish","hentry"],"blocksy_meta":{"styles_descriptor":{"styles":{"desktop":"","tablet":"","mobile":""},"google_fonts":[],"version":6}},"_links":{"self":[{"href":"https:\/\/findushealth.com\/fr\/wp-json\/wp\/v2\/pages\/11992","targetHints":{"allow":["GET"]}}],"collection":[{"href":"https:\/\/findushealth.com\/fr\/wp-json\/wp\/v2\/pages"}],"about":[{"href":"https:\/\/findushealth.com\/fr\/wp-json\/wp\/v2\/types\/page"}],"author":[{"embeddable":true,"href":"https:\/\/findushealth.com\/fr\/wp-json\/wp\/v2\/users\/3"}],"replies":[{"embeddable":true,"href":"https:\/\/findushealth.com\/fr\/wp-json\/wp\/v2\/comments?post=11992"}],"version-history":[{"count":0,"href":"https:\/\/findushealth.com\/fr\/wp-json\/wp\/v2\/pages\/11992\/revisions"}],"up":[{"embeddable":true,"href":"https:\/\/findushealth.com\/fr\/wp-json\/wp\/v2\/pages\/1034"}],"wp:attachment":[{"href":"https:\/\/findushealth.com\/fr\/wp-json\/wp\/v2\/media?parent=11992"}],"curies":[{"name":"wp","href":"https:\/\/api.w.org\/{rel}","templated":true}]}}