{"id":11994,"date":"2023-02-27T23:29:47","date_gmt":"2023-02-27T20:29:47","guid":{"rendered":"https:\/\/findushealth.com\/procedures\/ortopedia\/"},"modified":"2025-02-04T20:15:44","modified_gmt":"2025-02-04T17:15:44","slug":"ortopedia","status":"publish","type":"page","link":"https:\/\/findushealth.com\/fr\/procedures\/ortopedia\/","title":{"rendered":"Ortopedia"},"content":{"rendered":"<div class=\"brz-root__container brz-reset-all brz brz-root__container-page\">\n<section id=\"_ukkrqkvpfxrvgqklggfdvohmodwgdboxcrcj\" class=\"brz-section brz-css-1hb0a16\">\n<div class=\"brz-section__content brz-section--boxed brz-css-1rr3pnc brz-css-yprcrr\" data-brz-custom-id=\"wjentdeksyasxghczfvmurnjdfeqxcldfyjs\">\n<div class=\"brz-bg\">\n<div class=\"brz-bg-color\"><\/div>\n<\/div>\n<div class=\"brz-container brz-css-ctdwm7\">\n<div id=\"\" class=\"brz-css-xbbaw3 brz-css-qhhld0 brz-wrapper\">\n<div class=\"brz-line brz-line-default brz-css-4kdv8d brz-css-ecoy02\" data-brz-custom-id=\"evdtvermsieisvvyxcprychyxawvmwvibslu\">\n<hr class=\"brz-hr\"><\/div>\n<\/div>\n<div id=\"\" class=\"brz-css-xbbaw3 brz-css-1e7c5iq brz-css-4dqykh brz-wrapper\">\n<div class=\"brz-spacer brz-css-1qa2m94 brz-css-1g33hsv\"><\/div>\n<\/div>\n<div class=\"brz-row__container brz-css-1puc3nh brz-css-1czwycl\" data-brz-custom-id=\"haayseerxjhrlyedqxvwetkknjuhaocjlgme\">\n<div class=\"brz-bg\"><\/div>\n<div class=\"brz-row brz-css-zbiici brz-css-cf2o7f\">\n<div class=\"brz-columns brz-css-1k70ptk brz-css-3zy9hd\" data-brz-custom-id=\"bzikprrmdmsnldchmxvhieqniasrxbpdsvug\">\n<div class=\"brz-bg\"><\/div>\n<div class=\"brz-column__items brz-css-2ufuvb brz-css-szbq5z\">\n<div id=\"\" class=\"brz-css-xbbaw3 brz-wrapper\">\n<div class=\"brz-rich-text brz-rich-text__custom brz-css-11yszbx\" data-brz-custom-id=\"cjuaxtkbcttcqdcvsuqxddadlgfvbcxovrbz\">\n<div data-brz-translate-text=\"1\">\n<h3 class=\"brz-tp-lg-heading3 brz-css-jwSrv\" data-generated-css=\"brz-css-isykz\" data-uniq-id=\"lezwj\"><strong class=\"brz-cp-color2\">Orthop\u00e9die<\/strong><\/h3>\n<\/div>\n<\/div>\n<\/div>\n<div id=\"\" class=\"brz-css-xbbaw3 brz-wrapper\">\n<div class=\"brz-rich-text brz-rich-text__custom brz-css-11yszbx\" data-brz-custom-id=\"mjlcrjvvixhfewymqijpmaivpslahchqmfcw\">\n<div data-brz-translate-text=\"1\">\n<h4 class=\"brz-tp-lg-heading4 brz-css-nQ0NX\" data-generated-css=\"brz-css-sdavx\" data-uniq-id=\"krqde\"><span>Find Us Health Center<\/span><\/h4>\n<\/div>\n<\/div>\n<\/div>\n<\/div>\n<\/div>\n<div class=\"brz-columns brz-css-1k70ptk brz-css-4uykff\" data-brz-custom-id=\"seynuvomaxjsvqpiilorovifigaqlyrbdvhr\">\n<div class=\"brz-bg\"><\/div>\n<div class=\"brz-column__items brz-css-2ufuvb brz-css-17tiaxy\">\n<div class=\"brz-wrapper-clone brz-css-1db3nqi\">\n<div class=\"brz-d-xs-flex brz-flex-xs-wrap brz-css-bhx2p4 brz-css-1e5nbub\" data-brz-custom-id=\"\">\n<div class=\"brz-wrapper-clone__item\" id=\"xsuisztiolzqavzejgzawaakdnyjjbrdhvyn\">\n<div class=\"brz-icon__container\" data-brz-custom-id=\"xsuisztiolzqavzejgzawaakdnyjjbrdhvyn\"><span class=\"brz-icon brz-span brz-css-1k38jhg brz-css-11vvp28\"><\/span><\/div>\n<\/div>\n<\/div>\n<\/div>\n<\/div>\n<\/div>\n<\/div>\n<\/div>\n<div id=\"\" class=\"brz-css-xbbaw3 brz-wrapper\">\n<div class=\"brz-rich-text brz-rich-text__custom brz-css-11yszbx\" data-brz-custom-id=\"mrnhdlxshaazngjbdncnhcakluyqynfeklvh\">\n<div data-brz-translate-text=\"1\">\n<p class=\"brz-tp-lg-paragraph brz-css-wyFfE\" data-generated-css=\"brz-css-hzxzk\" data-uniq-id=\"qufaq\"><span>Ortapedia:un guide complet des soins orthop\u00e9diques<\/span><\/p>\n<\/div>\n<\/div>\n<\/div>\n<div id=\"\" class=\"brz-css-xbbaw3 brz-wrapper\">\n<div class=\"brz-rich-text brz-rich-text__custom brz-css-11yszbx\" data-brz-custom-id=\"ppkzxabcsyhhfnehmtlaowvcgpmavosfbzrw\">\n<div data-brz-translate-text=\"1\">\n<p class=\"brz-tp-lg-paragraph brz-css-kMS9_\" data-generated-css=\"brz-css-ichcy\" data-uniq-id=\"ysnrl\"><span>Tant que nous vieillissons, nos os et nos articulations deviennent beaucoup plus sujets \u00e0 l&rsquo;usure, et ceci entra\u00eene une vari\u00e9t\u00e9 de probl\u00e8mes orthop\u00e9diques. Que vous ayez affaire \u00e0 une blessure sportive ou \u00e0 des douleurs articulaires chroniques, les soins orthop\u00e9diques peuvent vous aider \u00e0 am\u00e9liorer votre qualit\u00e9 de vie. Dans cet article, nous explorerons le monde des soins orthop\u00e9diques et les services offerts par Ortapedia.<\/span><\/p>\n<\/div>\n<\/div>\n<\/div>\n<\/div>\n<\/div>\n<\/section>\n<section id=\"_uxekuiditredrtjfdzxfcqtluscaijspcsif\" class=\"brz-section brz-css-1hb0a16\">\n<div class=\"brz-section__content brz-section--boxed brz-css-1rr3pnc brz-css-a3t0sx\" data-brz-custom-id=\"sqkhvzxuvkmavicwycakwloixjrewsvyxtne\">\n<div class=\"brz-bg\">\n<div class=\"brz-bg-color\"><\/div>\n<\/div>\n<div class=\"brz-container brz-css-ctdwm7\">\n<div id=\"\" class=\"brz-css-xbbaw3 brz-wrapper\">\n<div class=\"brz-rich-text brz-rich-text__custom brz-css-11yszbx\" data-brz-custom-id=\"gxeczxueykwlgxidyossolrzcmiangazkwlh\">\n<div data-brz-translate-text=\"1\">\n<p class=\"brz-tp-lg-paragraph brz-css-fsd_S\" data-uniq-id=\"abfer\" data-generated-css=\"brz-css-rcsfg\"><strong class=\"brz-cp-color7\">Nos services dans le d\u00e9partement Ortapedia<\/strong><\/p>\n<\/div>\n<\/div>\n<\/div>\n<div class=\"brz-row__container brz-css-1puc3nh\" data-brz-custom-id=\"oonireoaopmhhelkkgwpykiuumwmkwznyiot\">\n<div class=\"brz-bg\"><\/div>\n<div class=\"brz-row brz-css-zbiici brz-css-cf2o7f\">\n<div class=\"brz-columns brz-css-1k70ptk\" data-brz-custom-id=\"erypzxxrgcswadudxnpdheddszjzihbwghuu\">\n<div class=\"brz-bg\"><\/div>\n<div class=\"brz-column__items brz-css-2ufuvb brz-css-y3wm62\">\n<div id=\"\" class=\"brz-css-xbbaw3 brz-wrapper\">\n<div class=\"brz-rich-text brz-rich-text__custom brz-css-11yszbx\" data-brz-custom-id=\"nleahllndllkuyehhsugbstwhjepoloxrlbq\">\n<div data-brz-translate-text=\"1\">\n<p class=\"brz-ft-upload brz-fs-lg-16 brz-fss-lg-px brz-fw-lg-400 brz-ls-lg-0 brz-lh-lg-1_9 brz-tp-lg-empty brz-ff-enqmzdbzxbgylolsjadsfjxunpbkpfxobhlf brz-css-dtJmn\" data-generated-css=\"brz-css-bnpkd\" data-uniq-id=\"edyvu\"><strong class=\"brz-cp-color2\">Qu&rsquo;est-ce qu&rsquo;Ortap\u00e9dia?<\/strong><\/p>\n<p class=\"brz-tp-lg-paragraph brz-css-kVH1Z\" data-generated-css=\"brz-css-gjgef\" data-uniq-id=\"wddli\">Ortapedia est un fournisseur de soins orthop\u00e9diques complets qui offre une gamme de services aux patients souffrant de troubles musculo-squelettiques. L&rsquo;objectif d&rsquo;Ortapedia est de fournir des soins personnalis\u00e9s aux patients souffrant de probl\u00e8mes orthop\u00e9diques, des blessures mineures jusqu\u2019aux chirurgies complexes.<\/p>\n<\/div>\n<\/div>\n<\/div>\n<div id=\"\" class=\"brz-css-xbbaw3 brz-wrapper\">\n<div class=\"brz-accordion brz-css-1km8i6y brz-css-1d9ugem\" data-brz-duration=\"300\" data-brz-custom-id=\"mqmsdjacnnxosugunubzpuqttabbeywfxxqv\">\n<div class=\"brz-accordion__item brz-accordion__item--active\">\n<div class=\"brz-accordion__nav\" data-brz-collapsible=\"on\"><span data-brz-translate-text=\"1\" class=\"brz-accordion__nav-title brz-span brz-text__editor\">Services de soins orthop\u00e9diques offerts par Ortapedia<\/span><\/div>\n<div class=\"brz-accordion__content brz-d-xs-flex brz-flex-xs-column\">\n<div class=\"brz-accordion__item-content brz-d-xs-flex brz-flex-xs-column\">\n<div id=\"\" class=\"brz-css-xbbaw3 brz-wrapper\">\n<div class=\"brz-rich-text brz-rich-text__custom brz-css-11yszbx\" data-brz-custom-id=\"fwuqmwpvxnqfjdmloobqxdsarkudnpnatiwi\">\n<div data-brz-translate-text=\"1\">\n<p class=\"brz-tp-lg-empty brz-ff-mruflzjvtzjxcnwqyqqtvvgobqvnixkyfskc brz-ft-upload brz-fs-lg-16 brz-fss-lg-px brz-fw-lg-400 brz-ls-lg-0 brz-lh-lg-1_9 brz-css-fUckz\" data-generated-css=\"brz-css-lfugu\" data-uniq-id=\"ujavt\"><span class=\"brz-cp-color2\">Ortapedia offre une gamme vraiment diversifi\u00e9e de services de soins orthop\u00e9diques pour aider les patients \u00e0 atteindre une sant\u00e9 de haut niveau et un bien-\u00eatre optimal. Certains des services offerts par Ortapedia incluent le Diagnostic et le traitement d\u00e9taill\u00e9 des affections orthop\u00e9diques. Chez Ortapedia, une \u00e9quipe de sp\u00e9cialistes orthop\u00e9diques exp\u00e9riment\u00e9s diagnostiquera et traitera diverses conditions orthop\u00e9diques, telles que: <\/span><\/p>\n<ul>\n<li data-generated-css=\"brz-css-qchjh\" data-uniq-id=\"brkfi\" class=\"brz-tp-lg-empty brz-ff-mruflzjvtzjxcnwqyqqtvvgobqvnixkyfskc brz-ft-upload brz-fs-lg-16 brz-fss-lg-px brz-fw-lg-400 brz-ls-lg-0 brz-lh-lg-1_9 brz-bcp-color2 brz-css-bpcxO\"><span class=\"brz-cp-color2\">les fractures <\/span><\/li>\n<li data-generated-css=\"brz-css-xgcic\" data-uniq-id=\"yigaz\" class=\"brz-tp-lg-empty brz-ff-mruflzjvtzjxcnwqyqqtvvgobqvnixkyfskc brz-ft-upload brz-fs-lg-16 brz-fss-lg-px brz-fw-lg-400 brz-ls-lg-0 brz-lh-lg-1_9 brz-bcp-color2 brz-css-ubVqx\"><span class=\"brz-cp-color2\">l\u2019arthrite <\/span><\/li>\n<li data-generated-css=\"brz-css-atqwa\" data-uniq-id=\"vzuwv\" class=\"brz-tp-lg-empty brz-ff-mruflzjvtzjxcnwqyqqtvvgobqvnixkyfskc brz-ft-upload brz-fs-lg-16 brz-fss-lg-px brz-fw-lg-400 brz-ls-lg-0 brz-lh-lg-1_9 brz-bcp-color2 brz-css-rpGp1\"><span class=\"brz-cp-color2\">les luxations. <\/span><\/li>\n<\/ul>\n<p class=\"brz-tp-lg-empty brz-ff-mruflzjvtzjxcnwqyqqtvvgobqvnixkyfskc brz-ft-upload brz-fs-lg-16 brz-fss-lg-px brz-fw-lg-400 brz-ls-lg-0 brz-lh-lg-1_9 brz-css-p4GSy\" data-generated-css=\"brz-css-qxamh\" data-uniq-id=\"ttmjl\"><span class=\"brz-cp-color2\">Des outils de diagnostic et des techniques d&rsquo;imagerie avanc\u00e9s sont utilis\u00e9s pour fournir un diagnostic pr\u00e9cis et \u00e9laborer un plan de traitement personnalis\u00e9 pour chaque patient.<\/span><\/p>\n<\/div>\n<\/div>\n<\/div>\n<\/div>\n<\/div>\n<\/div>\n<div class=\"brz-accordion__item\">\n<div class=\"brz-accordion__nav\" data-brz-collapsible=\"on\"><span data-brz-translate-text=\"1\" class=\"brz-accordion__nav-title brz-span brz-text__editor\">M\u00e9decine du Sport<\/span><\/div>\n<div class=\"brz-accordion__content brz-d-xs-flex brz-flex-xs-column\">\n<div class=\"brz-accordion__item-content brz-d-xs-flex brz-flex-xs-column\">\n<div id=\"\" class=\"brz-css-xbbaw3 brz-wrapper\">\n<div class=\"brz-rich-text brz-rich-text__custom brz-css-11yszbx\" data-brz-custom-id=\"hbepgourpddcxeqqygfetqrnlcaxjvvmojtg\">\n<div data-brz-translate-text=\"1\">\n<p class=\"brz-tp-lg-paragraph brz-css-chRlK\" data-uniq-id=\"vsygh\" data-generated-css=\"brz-css-bsapv\"><span class=\"brz-cp-color2\">Ortapedia se sp\u00e9cialise \u00e9galement dans la m\u00e9decine du sport, offrant des traitements pour les blessures li\u00e9es au sport, telles que les d\u00e9chirures du LCA, les d\u00e9chirures ou rupt\u0131res de la coiffe des rotateurs et le coude de tennis. L&rsquo;objectif est d&rsquo;aider les patients \u00e0 se remettre de leurs blessures et \u00e0 reprendre leurs activit\u00e9s sportives pr\u00e9f\u00e9r\u00e9es le plus rapidement possible.<\/span><\/p>\n<\/div>\n<\/div>\n<\/div>\n<\/div>\n<\/div>\n<\/div>\n<div class=\"brz-accordion__item\">\n<div class=\"brz-accordion__nav\" data-brz-collapsible=\"on\"><span data-brz-translate-text=\"1\" class=\"brz-accordion__nav-title brz-span brz-text__editor\">Physioth\u00e9rapie et r\u00e9adaptation<\/span><\/div>\n<div class=\"brz-accordion__content brz-d-xs-flex brz-flex-xs-column\">\n<div class=\"brz-accordion__item-content brz-d-xs-flex brz-flex-xs-column\">\n<div id=\"\" class=\"brz-css-xbbaw3 brz-wrapper\">\n<div class=\"brz-rich-text brz-rich-text__custom brz-css-11yszbx\" data-brz-custom-id=\"orskyfrtiwejzzbybtxgpydaezswmlyhccjk\">\n<div data-brz-translate-text=\"1\">\n<p class=\"brz-tp-lg-paragraph brz-css-ss1Kn\" data-uniq-id=\"jpcei\" data-generated-css=\"brz-css-dsush\"><span class=\"brz-cp-color2\">Pour aider les patients \u00e0 retrouver leur force et leur mobilit\u00e9 apr\u00e8s une blessure ou une intervention chirurgicale, Ortapedia offre des services de physioth\u00e9rapie et de r\u00e9adaptation. Ces services sont con\u00e7us pour aider les patients \u00e0 r\u00e9cup\u00e9rer totalement et \u00e0 reprendre leurs activit\u00e9s quotidiennes normales.<\/span><\/p>\n<\/div>\n<\/div>\n<\/div>\n<\/div>\n<\/div>\n<\/div>\n<div class=\"brz-accordion__item\">\n<div class=\"brz-accordion__nav\" data-brz-collapsible=\"on\"><span data-brz-translate-text=\"1\" class=\"brz-accordion__nav-title brz-span brz-text__editor\">Divers Soins de la colonne vert\u00e9brale<\/span><\/div>\n<div class=\"brz-accordion__content brz-d-xs-flex brz-flex-xs-column\">\n<div class=\"brz-accordion__item-content brz-d-xs-flex brz-flex-xs-column\">\n<div id=\"\" class=\"brz-css-xbbaw3 brz-wrapper\">\n<div class=\"brz-rich-text brz-rich-text__custom brz-css-11yszbx\" data-brz-custom-id=\"yectvmdjwkgxhhgwygctjowzjxcyktggdoep\">\n<div data-brz-translate-text=\"1\">\n<p class=\"brz-tp-lg-paragraph brz-css-taAnd\" data-uniq-id=\"uedtd\" data-generated-css=\"brz-css-qiotq\"><span class=\"brz-cp-color2\">Offrant non seulement un diagnostic mais aussi un traitement pour diverses affections li\u00e9es \u00e0 la colonne vert\u00e9brale, Ortapedia se sp\u00e9cialise \u00e9galement dans les traitements et soins de la colonne vert\u00e9brale, telles que les hernies discales, la st\u00e9nose vert\u00e9brale et la scoliose. L&rsquo;objectif primordial est d&rsquo;aider les patients \u00e0 g\u00e9rer leurs maladies de la colonne vert\u00e9brale et \u00e0 am\u00e9liorer leur qualit\u00e9 de vie.<\/span><\/p>\n<\/div>\n<\/div>\n<\/div>\n<\/div>\n<\/div>\n<\/div>\n<div class=\"brz-accordion__item\">\n<div class=\"brz-accordion__nav\" data-brz-collapsible=\"on\"><span data-brz-translate-text=\"1\" class=\"brz-accordion__nav-title brz-span brz-text__editor\">Chirurgie de remplacement articulaire<\/span><\/div>\n<div class=\"brz-accordion__content brz-d-xs-flex brz-flex-xs-column\">\n<div class=\"brz-accordion__item-content brz-d-xs-flex brz-flex-xs-column\">\n<div id=\"\" class=\"brz-css-xbbaw3 brz-wrapper\">\n<div class=\"brz-rich-text brz-rich-text__custom brz-css-11yszbx\" data-brz-custom-id=\"smerdxliluzhspvhtycznngzeflfxdysoslo\">\n<div data-brz-translate-text=\"1\">\n<p class=\"brz-tp-lg-paragraph brz-css-ygGzp\" data-uniq-id=\"yncgo\" data-generated-css=\"brz-css-ahgty\"><span class=\"brz-cp-color2\">La chirurgie de remplacement articulaire peut \u00eatre une solution efficace pour les patients qui souffrent de douleurs articulaires chroniques. Ortapedia propose une chirurgie de remplacement articulaire pour les genoux, les hanches et les \u00e9paules, en utilisant les derni\u00e8res techniques et technologies chirurgicales.<\/span><\/p>\n<\/div>\n<\/div>\n<\/div>\n<\/div>\n<\/div>\n<\/div>\n<\/div>\n<\/div>\n<\/div>\n<\/div>\n<div class=\"brz-columns brz-css-1k70ptk\" data-brz-custom-id=\"abzpudxzjwijygaxkgpjazqkiweprprwcjzd\">\n<div class=\"brz-bg\"><\/div>\n<div class=\"brz-column__items brz-css-2ufuvb\">\n<div id=\"\" class=\"brz-css-xbbaw3 brz-wrapper\">\n<div class=\"brz-image brz-css-1h74lmy brz-css-1th2npb\" data-brz-custom-id=\"aaezxlibthdconfcwffczboxkjbvypmjuren\"><img decoding=\"async\" class=\"brz-img\" src=\"https:\/\/findushealth.com\/fr?brizy_media=wp-434eaf2f17e5d61fae31f24acd792b2c.jpg&amp;brizy_crop=original\" alt=\"\" loading=\"lazy\"><\/div>\n<\/div>\n<\/div>\n<\/div>\n<\/div>\n<\/div>\n<div id=\"\" class=\"brz-css-xbbaw3 brz-wrapper\">\n<div class=\"brz-line brz-line-default brz-css-4kdv8d brz-css-nqaqq4\" data-brz-custom-id=\"jpchqgmnvidqnkobwlhtdibjxujucvcmxpqz\">\n<hr class=\"brz-hr\"><\/div>\n<\/div>\n<\/div>\n<\/div>\n<\/section>\n<section id=\"_qziogtieqjiprvdojaejzobuiijqfpqyyfjg\" class=\"brz-section brz-css-1hb0a16\">\n<div class=\"brz-section__content brz-section--boxed brz-css-1rr3pnc brz-css-t37jsi\" data-brz-custom-id=\"gfbyfbbauksqvnpdzcozbqeutilcocuyqpsi\">\n<div class=\"brz-bg\">\n<div class=\"brz-bg-color\"><\/div>\n<\/div>\n<div class=\"brz-container brz-css-ctdwm7\">\n<div class=\"brz-row__container brz-css-1puc3nh\" data-brz-custom-id=\"ectyjpgkfavdoeudnxzfisvhplacputrsrbk\">\n<div class=\"brz-bg\"><\/div>\n<div class=\"brz-row brz-css-zbiici brz-css-cf2o7f\">\n<div class=\"brz-columns brz-css-1k70ptk\" data-brz-custom-id=\"dtyvnbrrhropmqujyaqxqabpkvnlunntnlmi\">\n<div class=\"brz-bg\"><\/div>\n<div class=\"brz-column__items brz-css-2ufuvb\">\n<div id=\"\" class=\"brz-css-xbbaw3 brz-wrapper\">\n<div class=\"brz-image brz-css-1der6ne brz-css-4ourit\" data-brz-custom-id=\"xwqoqdllolhxgkyoyncfhhnsytnpiguhlnsc\"><img decoding=\"async\" class=\"brz-img\" src=\"https:\/\/findushealth.com\/fr?brizy_media=wp-198bfc56d15ac7f8d87cbb417a04f598.jpg&amp;brizy_crop=original\" alt=\"\" loading=\"lazy\"><\/div>\n<\/div>\n<\/div>\n<\/div>\n<div class=\"brz-columns brz-css-1k70ptk\" data-brz-custom-id=\"jxkywcbbajafynmuwqdsqrnnifaijxzmingi\">\n<div class=\"brz-bg\"><\/div>\n<div class=\"brz-column__items brz-css-2ufuvb brz-css-179ci1l\">\n<div id=\"\" class=\"brz-css-xbbaw3 brz-wrapper\">\n<div class=\"brz-rich-text brz-rich-text__custom brz-css-11yszbx\" data-brz-custom-id=\"ihiyfdjesnvhctjatnrtapsiunzzsjrbzmjm\">\n<div data-brz-translate-text=\"1\">\n<p class=\"brz-tp-lg-paragraph brz-css-k6B5T\" data-generated-css=\"brz-css-nyzar\" data-uniq-id=\"kegin\"><strong class=\"brz-cp-color7\">Orthop\u00e9distes exp\u00e9riment\u00e9s<\/strong><\/p>\n<p class=\"brz-tp-lg-paragraph brz-css-euhb0\" data-generated-css=\"brz-css-xxwkt\" data-uniq-id=\"bonvh\">Ortapedia dispose d&rsquo;une \u00e9quipe d&rsquo;orthop\u00e9distes exp\u00e9riment\u00e9s et form\u00e9s aux derni\u00e8res techniques et technologies. Ils sont d\u00e9di\u00e9s \u00e0 fournir les meilleurs soins possibles \u00e0 chaque patient.<\/p>\n<\/div>\n<\/div>\n<\/div>\n<div id=\"\" class=\"brz-css-xbbaw3 brz-wrapper\">\n<div class=\"brz-accordion brz-css-1km8i6y brz-css-9y541s\" data-brz-duration=\"300\" data-brz-custom-id=\"qperlpbzcjftwfygrowpixvvtzbjfmmfaxpj\">\n<div class=\"brz-accordion__item brz-accordion__item--active\">\n<div class=\"brz-accordion__nav\" data-brz-collapsible=\"on\"><span data-brz-translate-text=\"1\" class=\"brz-accordion__nav-title brz-span brz-text__editor\">Infrastructures technologiques de pointe<br \/>\n<\/span><\/div>\n<div class=\"brz-accordion__content brz-d-xs-flex brz-flex-xs-column\">\n<div class=\"brz-accordion__item-content brz-d-xs-flex brz-flex-xs-column\">\n<div id=\"\" class=\"brz-css-xbbaw3 brz-wrapper\">\n<div class=\"brz-rich-text brz-rich-text__custom brz-css-11yszbx\" data-brz-custom-id=\"soicyhkqkborflavxhjdjipajzowyxdcrznm\">\n<div data-brz-translate-text=\"1\">\n<p class=\"brz-tp-lg-paragraph brz-css-yAWWd\" data-uniq-id=\"eiuys\" data-generated-css=\"brz-css-yolfm\"><span class=\"brz-cp-color2\">Ortapedia dispose d\u2019infrastructures modernes \u00e0 la pointe de la technologie, \u00e9quip\u00e9es des derniers outils de diagnostic et technologies d&rsquo;imagerie. Cela permet d\u2019\u00e9laborer un diagnostic pr\u00e9cis et un traitement efficace des conditions orthop\u00e9diques.<\/span><\/p>\n<\/div>\n<\/div>\n<\/div>\n<\/div>\n<\/div>\n<\/div>\n<div class=\"brz-accordion__item\">\n<div class=\"brz-accordion__nav\" data-brz-collapsible=\"on\"><span data-brz-translate-text=\"1\" class=\"brz-accordion__nav-title brz-span brz-text__editor\">Soins complets<\/span><\/div>\n<div class=\"brz-accordion__content brz-d-xs-flex brz-flex-xs-column\">\n<div class=\"brz-accordion__item-content brz-d-xs-flex brz-flex-xs-column\">\n<div id=\"\" class=\"brz-css-xbbaw3 brz-wrapper\">\n<div class=\"brz-rich-text brz-rich-text__custom brz-css-11yszbx\" data-brz-custom-id=\"xsajdmyofmcwwaajnevjlbredgfuvcnyblqk\">\n<div data-brz-translate-text=\"1\">\n<p class=\"brz-text-lg-justify brz-tp-lg-paragraph brz-css-bnPIg\" data-uniq-id=\"oaboo\" data-generated-css=\"brz-css-pgcmn\"><span class=\"brz-cp-color2\">Ortapedia offre des soins complets pour tous les types de conditions orthop\u00e9diques, a partir des blessures mineures aux chirurgies complexes. Cela signifie que les patients peuvent recevoir tous les soins dont ils ont besoin en un seul endroit et c\u2019est beaucoup plus pratique.<\/span><\/p>\n<\/div>\n<\/div>\n<\/div>\n<\/div>\n<\/div>\n<\/div>\n<div class=\"brz-accordion__item\">\n<div class=\"brz-accordion__nav\" data-brz-collapsible=\"on\"><span data-brz-translate-text=\"1\" class=\"brz-accordion__nav-title brz-span brz-text__editor\">Installations modernes<\/span><\/div>\n<div class=\"brz-accordion__content brz-d-xs-flex brz-flex-xs-column\">\n<div class=\"brz-accordion__item-content brz-d-xs-flex brz-flex-xs-column\">\n<div id=\"\" class=\"brz-css-xbbaw3 brz-wrapper\">\n<div class=\"brz-rich-text brz-rich-text__custom brz-css-11yszbx\" data-brz-custom-id=\"vwyhfhyjavxzexlaxpbirxdawjhvhnaksnve\">\n<div data-brz-translate-text=\"1\">\n<p class=\"brz-tp-lg-paragraph brz-css-oj_pR\" data-uniq-id=\"vxunk\" data-generated-css=\"brz-css-hhkqg\"><span class=\"brz-cp-color2\">Ortapedia \u00e9labore des plans de traitement personnalis\u00e9s pour chaque patient, en tenant compte de ses besoins et objectifs individuels. Cela garantit que les patients re\u00e7oivent les meilleurs soins possibles et obtiennent des r\u00e9sultats de sant\u00e9 optimaux.<\/span><\/p>\n<\/div>\n<\/div>\n<\/div>\n<\/div>\n<\/div>\n<\/div>\n<div class=\"brz-accordion__item\">\n<div class=\"brz-accordion__nav\" data-brz-collapsible=\"on\"><span data-brz-translate-text=\"1\" class=\"brz-accordion__nav-title brz-span brz-text__editor\">Orthop\u00e9distes exp\u00e9riment\u00e9s<\/span><\/div>\n<div class=\"brz-accordion__content brz-d-xs-flex brz-flex-xs-column\">\n<div class=\"brz-accordion__item-content brz-d-xs-flex brz-flex-xs-column\">\n<div id=\"\" class=\"brz-css-xbbaw3 brz-wrapper\">\n<div class=\"brz-rich-text brz-rich-text__custom brz-css-11yszbx\" data-brz-custom-id=\"tqnqyajhmwiuplamordanxabxjminzocsnex\">\n<div data-brz-translate-text=\"1\">\n<p class=\"brz-tp-lg-paragraph brz-css-fpTC0\" data-generated-css=\"brz-css-bkpvd\" data-uniq-id=\"ihsrt\"><span class=\"brz-cp-color2\">Ortapedia dispose d&rsquo;une \u00e9quipe d&rsquo;orthop\u00e9distes exp\u00e9riment\u00e9s et form\u00e9s aux derni\u00e8res techniques et technologies. Ils sont d\u00e9di\u00e9s \u00e0 fournir les meilleurs soins possibles \u00e0 chaque patient.<\/span><\/p>\n<\/div>\n<\/div>\n<\/div>\n<\/div>\n<\/div>\n<\/div>\n<\/div>\n<\/div>\n<\/div>\n<\/div>\n<\/div>\n<\/div>\n<div id=\"\" class=\"brz-css-xbbaw3 brz-wrapper\">\n<div class=\"brz-line brz-line-default brz-css-4kdv8d brz-css-aem6of\" data-brz-custom-id=\"swrwmstnlsjwwyhszcoejbfebfkfyhwsdext\">\n<hr class=\"brz-hr\"><\/div>\n<\/div>\n<div class=\"brz-row__container brz-css-1puc3nh\" data-brz-custom-id=\"aatffosyfsadhlfuafibkbimmuhbkrfogcyz\">\n<div class=\"brz-bg\"><\/div>\n<div class=\"brz-row brz-css-zbiici brz-css-cf2o7f\">\n<div class=\"brz-columns brz-css-1k70ptk brz-css-xqh9c5\" data-brz-custom-id=\"xpcvwitvbebyieicdsmzmihxwytviddgkcbu\">\n<div class=\"brz-bg\"><\/div>\n<div class=\"brz-column__items brz-css-2ufuvb\">\n<div id=\"\" class=\"brz-css-xbbaw3 brz-wrapper\">\n<div class=\"brz-rich-text brz-rich-text__custom brz-css-11yszbx\" data-brz-custom-id=\"lndrvpfgfimaozxipfodrrxxaizyeedvopyw\">\n<div data-brz-translate-text=\"1\">\n<p class=\"brz-tp-lg-paragraph brz-css-jF4tu\" data-uniq-id=\"sjgqv\" data-generated-css=\"brz-css-nihke\"><strong class=\"brz-cp-color2\">Conclusion<\/strong><\/p>\n<\/div>\n<\/div>\n<\/div>\n<div id=\"\" class=\"brz-css-xbbaw3 brz-css-11wrsa6 brz-wrapper\">\n<div class=\"brz-rich-text brz-rich-text__custom brz-css-11yszbx\" data-brz-custom-id=\"fnsiaibntbvahzmunlfvxcgukkxprgoqntvl\">\n<div data-brz-translate-text=\"1\">\n<p class=\"brz-tp-lg-paragraph brz-css-pyFbz\" data-generated-css=\"brz-css-rbjun\" data-uniq-id=\"zscdp\"><span class=\"brz-cp-color7\">Pour toute personne souffrant de troubles musculo-squelettiques, les soins orthop\u00e9diques sont essentiels. Ortapedia offre alors une gamme de services de soins orthop\u00e9diques, allant du diagnostic et du traitement des conditions orthop\u00e9diques \u00e0 la physioth\u00e9rapie et aussi \u00e0 la r\u00e9adaptation.<\/span><\/p>\n<\/div>\n<\/div>\n<\/div>\n<\/div>\n<\/div>\n<div class=\"brz-columns brz-css-1k70ptk brz-css-dnkx5o\" data-brz-custom-id=\"pxjfhjpzxpabtngfurcykuohmymtxnitilod\">\n<div class=\"brz-bg\"><\/div>\n<div class=\"brz-column__items brz-css-2ufuvb\">\n<div id=\"\" class=\"brz-css-xbbaw3 brz-wrapper\">\n<div class=\"brz-image brz-css-rthiua brz-css-18g5nsr\" data-brz-custom-id=\"pudsywftxpoprllxwuwwcyxvtchheogumzre\"><img decoding=\"async\" class=\"brz-img\" src=\"https:\/\/findushealth.com\/fr?brizy_media=wp-3130ded2c87b7243c7f448bba1548d06.jpg&amp;brizy_crop=original\" alt=\"\" loading=\"lazy\"><\/div>\n<\/div>\n<\/div>\n<\/div>\n<\/div>\n<\/div>\n<\/div>\n<\/div>\n<\/section>\n<\/div>\n<p>    <!-- version:1738689344 --><\/p>\n","protected":false},"excerpt":{"rendered":"<p>Orthop\u00e9die Find Us Health Center Ortapedia:un guide complet des soins orthop\u00e9diques Tant que nous vieillissons, nos os et nos articulations deviennent beaucoup plus sujets \u00e0 l&rsquo;usure, et ceci entra\u00eene une vari\u00e9t\u00e9 de probl\u00e8mes orthop\u00e9diques. Que vous ayez affaire \u00e0 une blessure sportive ou \u00e0 des douleurs articulaires chroniques, les soins orthop\u00e9diques peuvent vous aider \u00e0 [&hellip;]<\/p>\n","protected":false},"author":1,"featured_media":0,"parent":1034,"menu_order":0,"comment_status":"closed","ping_status":"closed","template":"","meta":{"footnotes":""},"class_list":["post-11994","page","type-page","status-publish","hentry"],"blocksy_meta":[],"_links":{"self":[{"href":"https:\/\/findushealth.com\/fr\/wp-json\/wp\/v2\/pages\/11994","targetHints":{"allow":["GET"]}}],"collection":[{"href":"https:\/\/findushealth.com\/fr\/wp-json\/wp\/v2\/pages"}],"about":[{"href":"https:\/\/findushealth.com\/fr\/wp-json\/wp\/v2\/types\/page"}],"author":[{"embeddable":true,"href":"https:\/\/findushealth.com\/fr\/wp-json\/wp\/v2\/users\/1"}],"replies":[{"embeddable":true,"href":"https:\/\/findushealth.com\/fr\/wp-json\/wp\/v2\/comments?post=11994"}],"version-history":[{"count":0,"href":"https:\/\/findushealth.com\/fr\/wp-json\/wp\/v2\/pages\/11994\/revisions"}],"up":[{"embeddable":true,"href":"https:\/\/findushealth.com\/fr\/wp-json\/wp\/v2\/pages\/1034"}],"wp:attachment":[{"href":"https:\/\/findushealth.com\/fr\/wp-json\/wp\/v2\/media?parent=11994"}],"curies":[{"name":"wp","href":"https:\/\/api.w.org\/{rel}","templated":true}]}}