{"id":103,"date":"2022-08-28T20:39:39","date_gmt":"2022-08-28T17:39:39","guid":{"rendered":"https:\/\/drmakclinic.com\/contact\/"},"modified":"2025-01-30T07:30:17","modified_gmt":"2025-01-30T04:30:17","slug":"contact","status":"publish","type":"page","link":"https:\/\/findushealth.com\/ru\/contact\/","title":{"rendered":"Contact"},"content":{"rendered":"<div class=\"brz-root__container brz-reset-all brz brz-root__container-page\">\n<section id=\"_hzhlfillrjnodjtwzfmloprisgoillvncdez\" class=\"brz-section brz-css-1dsp041\">\n<div class=\"brz-section__content brz-section--boxed brz-css-t4e4lb brz-css-hle0mw\" data-brz-custom-id=\"pycnoxjoustlxohybdtnelycrcrstxghocrm\">\n<div class=\"brz-bg\">\n<div class=\"brz-bg-color\"><\/div>\n<\/div>\n<div class=\"brz-container brz-css-1qay07q\">\n<div class=\"brz-row__container brz-css-r4c7b1\" data-brz-custom-id=\"xpmyshbzopuwdaesqakhrmtaxtarehwlzxow\">\n<div class=\"brz-bg\"><\/div>\n<div class=\"brz-row brz-css-fgkpjs brz-css-oku5gt\">\n<div class=\"brz-columns brz-css-1m9k4dj brz-css-1l4fqii\" data-brz-custom-id=\"cjaywnootyahvhaqgcnqodcqcrlmutrwbyoq\">\n<div class=\"brz-bg\"><\/div>\n<div class=\"brz-column__items brz-css-1zecxw\">\n<div id=\"\" class=\"brz-css-16ksszk brz-wrapper\">\n<div class=\"brz-rich-text brz-rich-text__custom brz-css-lsf93b\" data-brz-custom-id=\"nbctettcqtdswnpctalbxhjsfvuyxmpxebat\">\n<div data-brz-translate-text=\"1\">\n<h1 class=\"brz-tp-lg-heading1 brz-text-lg-left brz-css-vXYhF\" data-uniq-id=\"esucj\" data-generated-css=\"brz-css-iilkl\"><span>\u0417\u0434\u0440\u0430\u0432\u0441\u0442\u0432\u0443\u0439\u0442\u0435!<\/span><\/h1>\n<h1 class=\"brz-tp-lg-heading1 brz-text-lg-left brz-css-d7Fdm\" data-uniq-id=\"grtck\" data-generated-css=\"brz-css-ovmzo\"><span>\u041c\u044b \u0431\u0443\u0434\u0435\u043c \u0440\u0430\u0434\u044b \u0441\u043e\u043e\u0431\u0449\u0435\u043d\u0438\u044e \u043e\u0442 \u0412\u0430\u0441 <\/span><\/h1>\n<h1 class=\"brz-tp-lg-heading1 brz-text-lg-left brz-css-mClV7\" data-uniq-id=\"zgsyq\" data-generated-css=\"brz-css-xhyot\"><span>\u041e\u0431\u0440\u0430\u0449\u0430\u0439\u0442\u0435\u0441\u044c, \u0435\u0441\u043b\u0438 \u0443 \u0412\u0430\u0441 \u0435\u0441\u0442\u044c \u043b\u044e\u0431\u044b\u0435 \u0432\u043e\u043f\u0440\u043e\u0441\u044b<\/span><\/h1>\n<\/div>\n<\/div>\n<\/div>\n<\/div>\n<\/div>\n<\/div>\n<\/div>\n<div class=\"brz-row__container brz-css-r4c7b1\" data-brz-custom-id=\"qqhrnsdzvapjzimipugcluncfrsnwaqbhfvj\">\n<div class=\"brz-bg\"><\/div>\n<div class=\"brz-row brz-css-fgkpjs\">\n<div class=\"brz-columns brz-css-1m9k4dj brz-css-162te4q\" data-brz-custom-id=\"fxujaglxouixwlberoplxdbzpzjxiefqjoie\">\n<div class=\"brz-bg\">\n<div class=\"brz-bg-color\"><\/div>\n<\/div>\n<div class=\"brz-column__items brz-css-1zecxw brz-css-sxwva4\">\n<div id=\"\" class=\"brz-css-16ksszk brz-css-o35o7j brz-wrapper\">\n<div data-brz-form-version=\"2\" class=\"brz-forms2 brz-css-pu2b37 brz-css-1rtv8uf\" data-brz-custom-id=\"qmrtydbwfimdcswmribbkfypmnwqwfucyytv\">\n<div data-brz-translate-text=\"1\" class=\"brz-forms2__item brz-css-5uk3m4 brz-css-v7fm2j brz-css-15jwavd\"><\/div>\n<div data-brz-translate-text=\"1\" class=\"brz-forms2__item brz-css-5uk3m4 brz-css-v7fm2j brz-css-15jwavd\"><\/div>\n<div data-brz-translate-text=\"1\" class=\"brz-forms2__item brz-css-5uk3m4 brz-css-v7fm2j brz-css-15jwavd brz-css-al8voj\"><textarea id=\"rREpWFXHEWOb_\" name=\"dgrquzedfwnikycbgtjoafzaxbipthfievkd\" data-brz-type=\"Paragraph\" data-brz-label=\"\u0421\u041e\u041e\u0411\u0429\u0415\u041d\u0418\u0415\" data-brz-placeholder=\"\u0421\u041e\u041e\u0411\u0429\u0415\u041d\u0418\u0415\" class=\"brz-textarea brz-forms2__field brz-forms2__field-paragraph\"><\/textarea><\/div>\n<div class=\"brz-forms2 brz-forms2__item brz-forms2__item-button\" data-brz-custom-id=\"qmrtydbwfimdcswmribbkfypmnwqwfucyytv\"><button class=\"brz-btn brz-btn-submit brz-css-1pxrjw7 brz-css-kc7tcz\" data-brz-custom-id=\"lwzasyofclswscyrhgpoqxhahwwnwatsfiij\"><span data-brz-translate-text=\"1\" class=\"brz-span brz-text__editor\">\u0421\u0412\u042f\u0417\u0410\u0422\u042c\u0421\u042f \u0421 \u041d\u0410\u041c\u0418<\/span><\/button><\/div>\n<div class=\"brz-g-recaptcha\" data-sitekey=\"\" data-size=\"invisible\" data-callback=\"brzFormV2Captcha\"><\/div>\n<\/div>\n<\/div>\n<\/div>\n<\/div>\n<div class=\"brz-columns brz-css-1m9k4dj\" data-brz-custom-id=\"srccekburcvmslzvxyeqdcipijjvbkkxtokf\">\n<div class=\"brz-column__items brz-css-1zecxw brz-css-ukxy6h\">\n<div class=\"brz-row__container brz-css-r4c7b1\" data-brz-custom-id=\"nlhvrnuxsmqeshrkvbtobyzohdvpzpjfemet\">\n<div class=\"brz-bg\"><\/div>\n<div class=\"brz-row brz-row--inner brz-css-fgkpjs\">\n<div class=\"brz-columns brz-css-1m9k4dj brz-css-jyfzj5\" data-brz-custom-id=\"khtjcilfgubaogudsgxwsjbyiysbdsqzjasj\">\n<div class=\"brz-bg\"><\/div>\n<div class=\"brz-column__items brz-css-1zecxw\">\n<div id=\"\" class=\"brz-css-16ksszk brz-wrapper\">\n<div class=\"brz-rich-text brz-rich-text__custom brz-css-lsf93b\" data-brz-custom-id=\"jkutxipxtcdxzbughjmmeqlydunqciruurcg\">\n<div data-brz-translate-text=\"1\">\n<p class=\"brz-lh-lg-1_9 brz-ls-lg-0 brz-fw-lg-400 brz-fss-lg-px brz-fs-lg-23 brz-ft-upload brz-ff-mruflzjvtzjxcnwqyqqtvvgobqvnixkyfskc brz-tp-lg-empty brz-text-xs-center brz-css-sBaNy\" data-generated-css=\"brz-css-kxvnq\" data-uniq-id=\"xxfxu\"><em>\u042d\u043b\u0435\u043a\u0442\u0440\u043e\u043d\u043d\u0430\u044f \u043f\u043e\u0447\u0442\u0430<\/em><\/p>\n<p class=\"brz-tp-lg-empty brz-ff-mruflzjvtzjxcnwqyqqtvvgobqvnixkyfskc brz-ft-upload brz-fs-lg-16 brz-fss-lg-px brz-fw-lg-400 brz-ls-lg-0 brz-lh-lg-1_9 brz-text-xs-center brz-css-pPh03\" data-generated-css=\"brz-css-osapq\" data-uniq-id=\"fgewz\"><span class=\"brz-cp-color2\">info@drmakclinic.com<\/span><\/p>\n<\/div>\n<\/div>\n<\/div>\n<\/div>\n<\/div>\n<\/div>\n<\/div>\n<div class=\"brz-row__container brz-css-r4c7b1\" data-brz-custom-id=\"pcirudfrhyrssaiqmcwhwqxzegfrpmxfgwtj\">\n<div class=\"brz-bg\"><\/div>\n<div class=\"brz-row brz-row--inner brz-css-fgkpjs\">\n<div class=\"brz-columns brz-css-1m9k4dj brz-css-ig4xls\" data-brz-custom-id=\"bpjnwobddqayobsakrjwjayjodxbxgkwdxhk\">\n<div class=\"brz-bg\"><\/div>\n<div class=\"brz-column__items brz-css-1zecxw\">\n<div id=\"\" class=\"brz-css-16ksszk brz-css-1802s1l brz-wrapper\">\n<div class=\"brz-rich-text brz-rich-text__custom brz-css-lsf93b\" data-brz-custom-id=\"almozwkblgzihbwazmgfjimtmlydirotwbaz\">\n<div data-brz-translate-text=\"1\">\n<p class=\"brz-mt-lg-0 brz-lh-lg-1_9 brz-ls-lg-0 brz-fw-lg-400 brz-fss-lg-px brz-fs-lg-23 brz-ft-upload brz-ff-mruflzjvtzjxcnwqyqqtvvgobqvnixkyfskc brz-tp-lg-empty brz-text-xs-center brz-css-reVem\" data-generated-css=\"brz-css-hfgnv\" data-uniq-id=\"pcmik\"><em>\u041d\u043e\u043c\u0435\u0440 \u0442\u0435\u043b\u0435\u0444\u043e\u043d\u0430<\/em><\/p>\n<p class=\"brz-mt-lg-0 brz-tp-lg-empty brz-ff-mruflzjvtzjxcnwqyqqtvvgobqvnixkyfskc brz-ft-upload brz-fs-lg-16 brz-fss-lg-px brz-fw-lg-400 brz-ls-lg-0 brz-lh-lg-1_9 brz-text-xs-center brz-css-ygGA9\" data-generated-css=\"brz-css-diwaz\" data-uniq-id=\"uxmtp\"><span class=\"brz-cp-color2\">+90 532 296 11 36<\/span><\/p>\n<\/div>\n<\/div>\n<\/div>\n<\/div>\n<\/div>\n<\/div>\n<\/div>\n<div class=\"brz-row__container brz-css-r4c7b1\" data-brz-custom-id=\"tlibbxryrehrcwezzocxmuajjxnzqyfmhgxb\">\n<div class=\"brz-bg\"><\/div>\n<div class=\"brz-row brz-row--inner brz-css-fgkpjs\">\n<div class=\"brz-columns brz-css-1m9k4dj brz-css-2mykid\" data-brz-custom-id=\"ztsxxeetwtyaobdhmtnugfkomdhpgtdjtaaz\">\n<div class=\"brz-bg\"><\/div>\n<div class=\"brz-column__items brz-css-1zecxw\">\n<div id=\"\" class=\"brz-css-16ksszk brz-css-1pnq9p8 brz-wrapper\">\n<div class=\"brz-rich-text brz-rich-text__custom brz-css-lsf93b\" data-brz-custom-id=\"uhqyjozmbzkriehupvelgjcjqepxuodstauc\">\n<div data-brz-translate-text=\"1\">\n<p class=\"brz-text-xs-center brz-mt-lg-0 brz-lh-lg-1_9 brz-ls-lg-0 brz-fw-lg-400 brz-fss-lg-px brz-fs-lg-23 brz-ft-upload brz-ff-mruflzjvtzjxcnwqyqqtvvgobqvnixkyfskc brz-tp-lg-empty brz-css-zCfnM\" data-generated-css=\"brz-css-rlzry\" data-uniq-id=\"zvdux\"><em>\u0410\u0434\u0440\u0435\u0441<\/em><\/p>\n<p class=\"brz-text-xs-center brz-tp-lg-empty brz-ff-mruflzjvtzjxcnwqyqqtvvgobqvnixkyfskc brz-ft-upload brz-fs-lg-16 brz-fss-lg-px brz-fw-lg-400 brz-ls-lg-0 brz-lh-lg-1_9 brz-text-lg-justify brz-mb-lg-0 brz-mt-lg-0 brz-css-wIBa9\" data-generated-css=\"brz-css-bhmqw\" data-uniq-id=\"enjsv\">Tevfik I\u015f\u0131k Cd. Ye\u015filbah\u00e7e Mh. \u00c7i\u00e7ek Sitesi A blok 2\/4 07100<\/p>\n<p class=\"brz-text-xs-center brz-tp-lg-empty brz-ff-mruflzjvtzjxcnwqyqqtvvgobqvnixkyfskc brz-ft-upload brz-fs-lg-16 brz-fss-lg-px brz-fw-lg-400 brz-ls-lg-0 brz-lh-lg-1_9 brz-text-lg-justify brz-mb-lg-0 brz-mt-lg-0 brz-css-zTNKg\" data-generated-css=\"brz-css-xkjxu\" data-uniq-id=\"aajpu\">Antalya, TURKEY<\/p>\n<\/div>\n<\/div>\n<\/div>\n<\/div>\n<\/div>\n<\/div>\n<\/div>\n<div id=\"\" class=\"brz-css-16ksszk brz-wrapper\">\n<div class=\"brz-line brz-line-text brz-css-1qcsotr brz-css-vae4jd\" data-brz-custom-id=\"rtqvjknlctbwovqcxpucntjsryqeyadhlilu\"><span class=\"brz-line-container\"><span data-brz-translate-text=\"1\" class=\"brz-line-content brz-span brz-text__editor\">\u0421\u043e\u0446\u0438\u0430\u043b\u044c\u043d\u044b\u0435 \u0441\u0435\u0442\u0438 <\/span><\/span><\/div>\n<\/div>\n<div class=\"brz-row__container brz-css-r4c7b1 brz-css-1kjgykk\" data-brz-custom-id=\"kujjtasyxibssnanovlpwhdoszhcknpfhxqp\">\n<div class=\"brz-bg\"><\/div>\n<div class=\"brz-row brz-row--inner brz-css-fgkpjs\">\n<div class=\"brz-columns brz-css-1m9k4dj brz-css-167jvd0\" data-brz-custom-id=\"qilhhytlshtwbemhcxgpzpqudbduffpdkfcx\">\n<div class=\"brz-bg\"><\/div>\n<div class=\"brz-column__items brz-css-1zecxw brz-css-1cxn0de\">\n<div class=\"brz-wrapper-clone brz-css-1of7dz4\">\n<div class=\"brz-d-xs-flex brz-flex-xs-wrap brz-css-1ou8dyq\" data-brz-custom-id=\"\">\n<div class=\"brz-wrapper-clone__item\" id=\"chnjjgirjxfpeiimsmifdmjbbjgadlbbukgb\">\n<div class=\"brz-icon__container\" data-brz-custom-id=\"chnjjgirjxfpeiimsmifdmjbbjgadlbbukgb\"><span class=\"brz-icon brz-span brz-css-1w5lfcm brz-css-1xpls4a\"><\/span><\/div>\n<\/div>\n<div class=\"brz-wrapper-clone__item\" id=\"ssakejlprdrzvyncmyuaeokrwegheiinavcr\">\n<div class=\"brz-icon__container\" data-brz-custom-id=\"ssakejlprdrzvyncmyuaeokrwegheiinavcr\"><span class=\"brz-icon brz-span brz-css-1w5lfcm brz-css-5y72gc\"><\/span><\/div>\n<\/div>\n<div class=\"brz-wrapper-clone__item\" id=\"mlrutdfuqeqqbmdkxcayhugpboizjdvdozhi\">\n<div class=\"brz-icon__container\" data-brz-custom-id=\"mlrutdfuqeqqbmdkxcayhugpboizjdvdozhi\"><span class=\"brz-icon brz-span brz-css-1w5lfcm brz-css-swc0le\"><\/span><\/div>\n<\/div>\n<\/div>\n<\/div>\n<\/div>\n<\/div>\n<\/div>\n<\/div>\n<\/div>\n<\/div>\n<\/div>\n<\/div>\n<div class=\"brz-row__container brz-css-r4c7b1\" data-brz-custom-id=\"sgzgoxeiqkhwwnewyemogbwodnbhsvdxcqvq\">\n<div class=\"brz-bg\"><\/div>\n<div class=\"brz-row brz-css-fgkpjs brz-css-1r215ov\">\n<div class=\"brz-columns brz-css-1m9k4dj brz-css-1fk09e0\" data-brz-custom-id=\"voyiukrpertxmzyupxbdiugemmnbiksxozlx\">\n<div class=\"brz-bg\"><\/div>\n<div class=\"brz-column__items brz-css-1zecxw\">\n<div id=\"\" class=\"brz-css-16ksszk brz-wrapper\">\n<div class=\"brz-map brz-map_styles brz-css-1ni9b3 brz-css-1l6sx0v\" data-brz-custom-id=\"xlpqgrdboygmndxcekullgvyqegcygnnqavf\">\n<div class=\"brz-ui-ed-map-content\"><\/div>\n<\/div>\n<\/div>\n<\/div>\n<\/div>\n<\/div>\n<\/div>\n<\/div>\n<\/div>\n<\/section>\n<\/div>\n<p>    <!-- version:1738211417 --><\/p>\n","protected":false},"excerpt":{"rendered":"<p>\u0417\u0434\u0440\u0430\u0432\u0441\u0442\u0432\u0443\u0439\u0442\u0435! \u041c\u044b \u0431\u0443\u0434\u0435\u043c \u0440\u0430\u0434\u044b \u0441\u043e\u043e\u0431\u0449\u0435\u043d\u0438\u044e \u043e\u0442 \u0412\u0430\u0441 \u041e\u0431\u0440\u0430\u0449\u0430\u0439\u0442\u0435\u0441\u044c, \u0435\u0441\u043b\u0438 \u0443 \u0412\u0430\u0441 \u0435\u0441\u0442\u044c \u043b\u044e\u0431\u044b\u0435 \u0432\u043e\u043f\u0440\u043e\u0441\u044b \u0421\u0412\u042f\u0417\u0410\u0422\u042c\u0421\u042f \u0421 \u041d\u0410\u041c\u0418 \u042d\u043b\u0435\u043a\u0442\u0440\u043e\u043d\u043d\u0430\u044f \u043f\u043e\u0447\u0442\u0430 info@drmakclinic.com \u041d\u043e\u043c\u0435\u0440 \u0442\u0435\u043b\u0435\u0444\u043e\u043d\u0430 +90 532 296 11 36 \u0410\u0434\u0440\u0435\u0441 Tevfik I\u015f\u0131k Cd. Ye\u015filbah\u00e7e Mh. \u00c7i\u00e7ek Sitesi A blok 2\/4 07100 Antalya, TURKEY \u0421\u043e\u0446\u0438\u0430\u043b\u044c\u043d\u044b\u0435 \u0441\u0435\u0442\u0438<\/p>\n","protected":false},"author":1,"featured_media":0,"parent":0,"menu_order":0,"comment_status":"closed","ping_status":"closed","template":"","meta":{"footnotes":""},"class_list":["post-103","page","type-page","status-publish","hentry"],"blocksy_meta":{"styles_descriptor":{"styles":{"desktop":"","tablet":"","mobile":""},"google_fonts":[],"version":6}},"_links":{"self":[{"href":"https:\/\/findushealth.com\/ru\/wp-json\/wp\/v2\/pages\/103","targetHints":{"allow":["GET"]}}],"collection":[{"href":"https:\/\/findushealth.com\/ru\/wp-json\/wp\/v2\/pages"}],"about":[{"href":"https:\/\/findushealth.com\/ru\/wp-json\/wp\/v2\/types\/page"}],"author":[{"embeddable":true,"href":"https:\/\/findushealth.com\/ru\/wp-json\/wp\/v2\/users\/1"}],"replies":[{"embeddable":true,"href":"https:\/\/findushealth.com\/ru\/wp-json\/wp\/v2\/comments?post=103"}],"version-history":[{"count":0,"href":"https:\/\/findushealth.com\/ru\/wp-json\/wp\/v2\/pages\/103\/revisions"}],"wp:attachment":[{"href":"https:\/\/findushealth.com\/ru\/wp-json\/wp\/v2\/media?parent=103"}],"curies":[{"name":"wp","href":"https:\/\/api.w.org\/{rel}","templated":true}]}}